{"id":68391,"date":"2026-03-19T13:20:01","date_gmt":"2026-03-19T11:20:01","guid":{"rendered":"https:\/\/showrooms.ggmgastro.com\/?page_id=68391"},"modified":"2026-03-19T13:20:01","modified_gmt":"2026-03-19T11:20:01","slug":"hostech_2026","status":"publish","type":"page","link":"https:\/\/showrooms.ggmgastro.com\/bg\/hostech_2026\/","title":{"rendered":"GGM Gastro \u043d\u0430 HOSTECH by TUSID"},"content":{"rendered":"<section class=\"l-section wpb_row height_large\"><div class=\"l-section-h i-cf\"><div class=\"g-cols vc_row via_grid cols_1 laptops-cols_inherit tablets-cols_inherit mobiles-cols_1 valign_top type_default stacking_default\"><div class=\"wpb_column vc_column_container\"><div class=\"vc_column-inner\"><div class=\"wpb_text_column\"><div class=\"wpb_wrapper\"><p> <strong>\u041e\u0442 10 \u0434\u043e 14 \u043d\u043e\u0435\u043c\u0432\u0440\u0438 2026 \u0433. GGM Gastro \u0449\u0435 \u0443\u0447\u0430\u0441\u0442\u0432\u0430 \u043d\u0430 HOSTECH by TUSID \u0432 \u0418\u0441\u0442\u0430\u043d\u0431\u0443\u043b, \u0435\u0434\u043d\u043e \u043e\u0442 \u0432\u043e\u0434\u0435\u0449\u0438\u0442\u0435 \u043c\u0435\u0436\u0434\u0443\u043d\u0430\u0440\u043e\u0434\u043d\u0438 \u0438\u0437\u043b\u043e\u0436\u0435\u043d\u0438\u044f \u0437\u0430 \u043e\u0431\u043e\u0440\u0443\u0434\u0432\u0430\u043d\u0435 \u0437\u0430 \u0445\u043e\u0442\u0435\u043b\u0438\u0435\u0440\u0441\u0442\u0432\u043e\u0442\u043e \u0438 \u0433\u0430\u0441\u0442\u0440\u043e\u043d\u043e\u043c\u0438\u044f\u0442\u0430.<\/strong><\/p>\n<p>\u041e\u0442\u043a\u0440\u0438\u0439\u0442\u0435 \u043f\u0440\u043e\u0444\u0435\u0441\u0438\u043e\u043d\u0430\u043b\u043d\u0438 \u043a\u0443\u0445\u043d\u0435\u043d\u0441\u043a\u0438 \u0440\u0435\u0448\u0435\u043d\u0438\u044f, \u0441\u044a\u0437\u0434\u0430\u0434\u0435\u043d\u0438 \u0434\u0430 \u043e\u0442\u0433\u043e\u0432\u043e\u0440\u044f\u0442 \u043d\u0430 \u0438\u0437\u0438\u0441\u043a\u0432\u0430\u043d\u0438\u044f\u0442\u0430 \u043d\u0430 \u0441\u044a\u0432\u0440\u0435\u043c\u0435\u043d\u043d\u0430\u0442\u0430 \u0433\u0430\u0441\u0442\u0440\u043e\u043d\u043e\u043c\u0438\u044f. \u041a\u0430\u0442\u043e \u0432\u043e\u0434\u0435\u0449 \u0435\u0432\u0440\u043e\u043f\u0435\u0439\u0441\u043a\u0438 \u0434\u043e\u0441\u0442\u0430\u0432\u0447\u0438\u043a \u043d\u0430 \u043e\u0431\u043e\u0440\u0443\u0434\u0432\u0430\u043d\u0435 \u0437\u0430 \u0433\u0430\u0441\u0442\u0440\u043e\u043d\u043e\u043c\u0438\u044f\u0442\u0430, GGM Gastro \u043f\u0440\u0435\u0434\u043b\u0430\u0433\u0430 \u0446\u044f\u043b\u043e\u0441\u0442\u043d\u043e \u043f\u043e\u0440\u0442\u0444\u043e\u043b\u0438\u043e \u2013 \u043e\u0442 \u0432\u0438\u0441\u043e\u043a\u043e\u0435\u0444\u0435\u043a\u0442\u0438\u0432\u043d\u0438 \u043e\u0442\u0434\u0435\u043b\u043d\u0438 \u0443\u0440\u0435\u0434\u0438 \u0434\u043e \u0446\u044f\u043b\u043e\u0441\u0442\u043d\u0438 \u043a\u0443\u0445\u043d\u0435\u043d\u0441\u043a\u0438 \u043a\u043e\u043d\u0446\u0435\u043f\u0446\u0438\u0438 \u0437\u0430 \u0440\u0435\u0441\u0442\u043e\u0440\u0430\u043d\u0442\u0438, \u0445\u043e\u0442\u0435\u043b\u0438, \u0432\u0435\u0440\u0438\u0433\u0438 \u0437\u0430 \u0445\u0440\u0430\u043d\u0435\u043d\u0435, \u043a\u0435\u0442\u044a\u0440\u0438\u043d\u0433 \u043a\u043e\u043c\u043f\u0430\u043d\u0438\u0438 \u0438 \u0442\u044a\u0440\u0433\u043e\u0432\u0438\u044f \u0441 \u0445\u0440\u0430\u043d\u0438.<\/p>\n<p>Odwied\u017a nasze stoisko i poznaj innowacyjne technologie, wydajne systemy kuchenne oraz niezawodne urz\u0105dzenia stworzone do codziennego profesjonalnego u\u017cytkowania. Nasz zesp\u00f3\u0142 b\u0119dzie na miejscu, aby zaprezentowa\u0107 praktyczne rozwi\u0105zania i om\u00f3wi\u0107, w jaki spos\u00f3b nasze produkty mog\u0105 wspiera\u0107 Tw\u00f3j biznes.<\/p>\n<p>\u041e\u0447\u0430\u043a\u0432\u0430\u043c\u0435 \u0432\u0438 \u0432 \u0418\u0441\u0442\u0430\u043d\u0431\u0443\u043b.<\/p>\n<p><strong>\u0417\u0430\u043b\u0430 12A, \u0449\u0430\u043d\u0434 23A<\/strong><\/p>\n<\/div><\/div><\/div><\/div><\/div><\/div><\/section>","protected":false},"excerpt":{"rendered":"From 10 to 14 November 2026, GGM Gastro will exhibit at HOSTECH by TUSID in Istanbul, one of the leading trade fairs for the hospitality and catering equipment industry. Discover professional kitchen solutions designed to meet the demands of modern gastronomy. As Europe\u2019s leading supplier of catering equipment, GGM Gastro offers a comprehensive portfolio ranging...","protected":false},"author":7,"featured_media":67883,"parent":0,"menu_order":0,"comment_status":"closed","ping_status":"closed","template":"","meta":{"_acf_changed":false,"iawp_total_views":394,"footnotes":""},"showroom_land":[],"seitentyp":[91],"class_list":["post-68391","page","type-page","status-publish","has-post-thumbnail","hentry","seitentyp-messe"],"acf":[],"yoast_head":"<!-- This site is optimized with the Yoast SEO plugin v26.9 - https:\/\/yoast.com\/product\/yoast-seo-wordpress\/ -->\n<title>GGM Gastro at Hostech - GGM Gastro Showrooms<\/title>\n<meta name=\"description\" content=\"Visit GGM Gastro at the Hostech in Istanbul and discover professional catering and retail solutions, powerful equipment and expert advice. Hall 12A, Booth: 23A.\" \/>\n<meta name=\"robots\" content=\"index, follow, max-snippet:-1, max-image-preview:large, max-video-preview:-1\" \/>\n<link rel=\"canonical\" href=\"https:\/\/showrooms.ggmgastro.com\/bg\/hostech_2026\/\" \/>\n<meta property=\"og:locale\" content=\"bg_BG\" \/>\n<meta property=\"og:type\" content=\"article\" \/>\n<meta property=\"og:title\" content=\"GGM Gastro at Hostech - GGM Gastro Showrooms\" \/>\n<meta property=\"og:description\" content=\"Visit GGM Gastro at the Hostech in Istanbul and discover professional catering and retail solutions, powerful equipment and expert advice. Hall 12A, Booth: 23A.\" \/>\n<meta property=\"og:url\" content=\"https:\/\/showrooms.ggmgastro.com\/bg\/hostech_2026\/\" \/>\n<meta property=\"og:site_name\" content=\"GGM Gastro Showrooms\" \/>\n<meta property=\"og:image\" content=\"https:\/\/showrooms.ggmgastro.com\/wp-content\/uploads\/hostech.jpg\" \/>\n\t<meta property=\"og:image:width\" content=\"1200\" \/>\n\t<meta property=\"og:image:height\" content=\"1200\" \/>\n\t<meta property=\"og:image:type\" content=\"image\/jpeg\" \/>\n<meta name=\"twitter:card\" content=\"summary_large_image\" \/>\n<meta name=\"twitter:label1\" content=\"Est. reading time\" \/>\n\t<meta name=\"twitter:data1\" content=\"1 \u043c\u0438\u043d\u0443\u0442\u0430\" \/>\n<script type=\"application\/ld+json\" class=\"yoast-schema-graph\">{\"@context\":\"https:\/\/schema.org\",\"@graph\":[{\"@type\":\"WebPage\",\"@id\":\"https:\/\/showrooms.ggmgastro.com\/hostech_2026\/\",\"url\":\"https:\/\/showrooms.ggmgastro.com\/hostech_2026\/\",\"name\":\"GGM Gastro at Hostech - GGM Gastro Showrooms\",\"isPartOf\":{\"@id\":\"https:\/\/showrooms.ggmgastro.com\/#website\"},\"primaryImageOfPage\":{\"@id\":\"https:\/\/showrooms.ggmgastro.com\/hostech_2026\/#primaryimage\"},\"image\":{\"@id\":\"https:\/\/showrooms.ggmgastro.com\/hostech_2026\/#primaryimage\"},\"thumbnailUrl\":\"https:\/\/showrooms.ggmgastro.com\/wp-content\/uploads\/hostech.jpg\",\"datePublished\":\"2026-03-19T11:20:01+00:00\",\"description\":\"Visit GGM Gastro at the Hostech in Istanbul and discover professional catering and retail solutions, powerful equipment and expert advice. Hall 12A, Booth: 23A.\",\"breadcrumb\":{\"@id\":\"https:\/\/showrooms.ggmgastro.com\/hostech_2026\/#breadcrumb\"},\"inLanguage\":\"bg-BG\",\"potentialAction\":[{\"@type\":\"ReadAction\",\"target\":[\"https:\/\/showrooms.ggmgastro.com\/hostech_2026\/\"]}]},{\"@type\":\"ImageObject\",\"inLanguage\":\"bg-BG\",\"@id\":\"https:\/\/showrooms.ggmgastro.com\/hostech_2026\/#primaryimage\",\"url\":\"https:\/\/showrooms.ggmgastro.com\/wp-content\/uploads\/hostech.jpg\",\"contentUrl\":\"https:\/\/showrooms.ggmgastro.com\/wp-content\/uploads\/hostech.jpg\",\"width\":1200,\"height\":1200},{\"@type\":\"BreadcrumbList\",\"@id\":\"https:\/\/showrooms.ggmgastro.com\/hostech_2026\/#breadcrumb\",\"itemListElement\":[{\"@type\":\"ListItem\",\"position\":1,\"name\":\"Startseite\",\"item\":\"https:\/\/showrooms.ggmgastro.com\/\"},{\"@type\":\"ListItem\",\"position\":2,\"name\":\"GGM Gastro at Hostech\"}]},{\"@type\":\"WebSite\",\"@id\":\"https:\/\/showrooms.ggmgastro.com\/#website\",\"url\":\"https:\/\/showrooms.ggmgastro.com\/\",\"name\":\"GGM Gastro Showrooms\",\"description\":\"\",\"publisher\":{\"@id\":\"https:\/\/showrooms.ggmgastro.com\/#organization\"},\"potentialAction\":[{\"@type\":\"SearchAction\",\"target\":{\"@type\":\"EntryPoint\",\"urlTemplate\":\"https:\/\/showrooms.ggmgastro.com\/?s={search_term_string}\"},\"query-input\":{\"@type\":\"PropertyValueSpecification\",\"valueRequired\":true,\"valueName\":\"search_term_string\"}}],\"inLanguage\":\"bg-BG\"},{\"@type\":\"Organization\",\"@id\":\"https:\/\/showrooms.ggmgastro.com\/#organization\",\"name\":\"GGM Gastro International GmbH\",\"url\":\"https:\/\/showrooms.ggmgastro.com\/\",\"logo\":{\"@type\":\"ImageObject\",\"inLanguage\":\"bg-BG\",\"@id\":\"https:\/\/showrooms.ggmgastro.com\/#\/schema\/logo\/image\/\",\"url\":\"https:\/\/showrooms.ggmgastro.com\/wp-content\/uploads\/ggmgastro-logo-dark-seo.jpg\",\"contentUrl\":\"https:\/\/showrooms.ggmgastro.com\/wp-content\/uploads\/ggmgastro-logo-dark-seo.jpg\",\"width\":696,\"height\":696,\"caption\":\"GGM Gastro International GmbH\"},\"image\":{\"@id\":\"https:\/\/showrooms.ggmgastro.com\/#\/schema\/logo\/image\/\"}}]}<\/script>\n<!-- \/ Yoast SEO plugin. -->","yoast_head_json":{"title":"GGM Gastro at Hostech - GGM Gastro Showrooms","description":"Visit GGM Gastro at the Hostech in Istanbul and discover professional catering and retail solutions, powerful equipment and expert advice. Hall 12A, Booth: 23A.","robots":{"index":"index","follow":"follow","max-snippet":"max-snippet:-1","max-image-preview":"max-image-preview:large","max-video-preview":"max-video-preview:-1"},"canonical":"https:\/\/showrooms.ggmgastro.com\/bg\/hostech_2026\/","og_locale":"bg_BG","og_type":"article","og_title":"GGM Gastro at Hostech - GGM Gastro Showrooms","og_description":"Visit GGM Gastro at the Hostech in Istanbul and discover professional catering and retail solutions, powerful equipment and expert advice. Hall 12A, Booth: 23A.","og_url":"https:\/\/showrooms.ggmgastro.com\/bg\/hostech_2026\/","og_site_name":"GGM Gastro Showrooms","og_image":[{"width":1200,"height":1200,"url":"https:\/\/showrooms.ggmgastro.com\/wp-content\/uploads\/hostech.jpg","type":"image\/jpeg"}],"twitter_card":"summary_large_image","twitter_misc":{"Est. reading time":"1 \u043c\u0438\u043d\u0443\u0442\u0430"},"schema":{"@context":"https:\/\/schema.org","@graph":[{"@type":"WebPage","@id":"https:\/\/showrooms.ggmgastro.com\/hostech_2026\/","url":"https:\/\/showrooms.ggmgastro.com\/hostech_2026\/","name":"GGM Gastro at Hostech - GGM Gastro Showrooms","isPartOf":{"@id":"https:\/\/showrooms.ggmgastro.com\/#website"},"primaryImageOfPage":{"@id":"https:\/\/showrooms.ggmgastro.com\/hostech_2026\/#primaryimage"},"image":{"@id":"https:\/\/showrooms.ggmgastro.com\/hostech_2026\/#primaryimage"},"thumbnailUrl":"https:\/\/showrooms.ggmgastro.com\/wp-content\/uploads\/hostech.jpg","datePublished":"2026-03-19T11:20:01+00:00","description":"Visit GGM Gastro at the Hostech in Istanbul and discover professional catering and retail solutions, powerful equipment and expert advice. Hall 12A, Booth: 23A.","breadcrumb":{"@id":"https:\/\/showrooms.ggmgastro.com\/hostech_2026\/#breadcrumb"},"inLanguage":"bg-BG","potentialAction":[{"@type":"ReadAction","target":["https:\/\/showrooms.ggmgastro.com\/hostech_2026\/"]}]},{"@type":"ImageObject","inLanguage":"bg-BG","@id":"https:\/\/showrooms.ggmgastro.com\/hostech_2026\/#primaryimage","url":"https:\/\/showrooms.ggmgastro.com\/wp-content\/uploads\/hostech.jpg","contentUrl":"https:\/\/showrooms.ggmgastro.com\/wp-content\/uploads\/hostech.jpg","width":1200,"height":1200},{"@type":"BreadcrumbList","@id":"https:\/\/showrooms.ggmgastro.com\/hostech_2026\/#breadcrumb","itemListElement":[{"@type":"ListItem","position":1,"name":"Startseite","item":"https:\/\/showrooms.ggmgastro.com\/"},{"@type":"ListItem","position":2,"name":"GGM Gastro at Hostech"}]},{"@type":"WebSite","@id":"https:\/\/showrooms.ggmgastro.com\/#website","url":"https:\/\/showrooms.ggmgastro.com\/","name":"GGM Gastro Showrooms","description":"","publisher":{"@id":"https:\/\/showrooms.ggmgastro.com\/#organization"},"potentialAction":[{"@type":"SearchAction","target":{"@type":"EntryPoint","urlTemplate":"https:\/\/showrooms.ggmgastro.com\/?s={search_term_string}"},"query-input":{"@type":"PropertyValueSpecification","valueRequired":true,"valueName":"search_term_string"}}],"inLanguage":"bg-BG"},{"@type":"Organization","@id":"https:\/\/showrooms.ggmgastro.com\/#organization","name":"GGM Gastro International GmbH","url":"https:\/\/showrooms.ggmgastro.com\/","logo":{"@type":"ImageObject","inLanguage":"bg-BG","@id":"https:\/\/showrooms.ggmgastro.com\/#\/schema\/logo\/image\/","url":"https:\/\/showrooms.ggmgastro.com\/wp-content\/uploads\/ggmgastro-logo-dark-seo.jpg","contentUrl":"https:\/\/showrooms.ggmgastro.com\/wp-content\/uploads\/ggmgastro-logo-dark-seo.jpg","width":696,"height":696,"caption":"GGM Gastro International GmbH"},"image":{"@id":"https:\/\/showrooms.ggmgastro.com\/#\/schema\/logo\/image\/"}}]}},"_links":{"self":[{"href":"https:\/\/showrooms.ggmgastro.com\/bg\/wp-json\/wp\/v2\/pages\/68391","targetHints":{"allow":["GET"]}}],"collection":[{"href":"https:\/\/showrooms.ggmgastro.com\/bg\/wp-json\/wp\/v2\/pages"}],"about":[{"href":"https:\/\/showrooms.ggmgastro.com\/bg\/wp-json\/wp\/v2\/types\/page"}],"author":[{"embeddable":true,"href":"https:\/\/showrooms.ggmgastro.com\/bg\/wp-json\/wp\/v2\/users\/7"}],"replies":[{"embeddable":true,"href":"https:\/\/showrooms.ggmgastro.com\/bg\/wp-json\/wp\/v2\/comments?post=68391"}],"version-history":[{"count":4,"href":"https:\/\/showrooms.ggmgastro.com\/bg\/wp-json\/wp\/v2\/pages\/68391\/revisions"}],"predecessor-version":[{"id":68564,"href":"https:\/\/showrooms.ggmgastro.com\/bg\/wp-json\/wp\/v2\/pages\/68391\/revisions\/68564"}],"wp:featuredmedia":[{"embeddable":true,"href":"https:\/\/showrooms.ggmgastro.com\/bg\/wp-json\/wp\/v2\/media\/67883"}],"wp:attachment":[{"href":"https:\/\/showrooms.ggmgastro.com\/bg\/wp-json\/wp\/v2\/media?parent=68391"}],"wp:term":[{"taxonomy":"showroom_land","embeddable":true,"href":"https:\/\/showrooms.ggmgastro.com\/bg\/wp-json\/wp\/v2\/showroom_land?post=68391"},{"taxonomy":"seitentyp","embeddable":true,"href":"https:\/\/showrooms.ggmgastro.com\/bg\/wp-json\/wp\/v2\/seitentyp?post=68391"}],"curies":[{"name":"wp","href":"https:\/\/api.w.org\/{rel}","templated":true}]}}