{"id":10510,"date":"2025-04-22T13:52:58","date_gmt":"2025-04-22T13:52:58","guid":{"rendered":"https:\/\/showrooms.ggmgastro.com\/?page_id=10510"},"modified":"2026-03-18T11:03:56","modified_gmt":"2026-03-18T09:03:56","slug":"legal","status":"publish","type":"page","link":"https:\/\/showrooms.ggmgastro.com\/de\/legal\/","title":{"rendered":"Impressum"},"content":{"rendered":"<section class=\"l-section wpb_row us_custom_d392eac1 height_auto\"><div class=\"l-section-h i-cf\"><div class=\"g-cols vc_row via_grid cols_1 laptops-cols_inherit tablets-cols_inherit mobiles-cols_1 valign_top type_default stacking_default\"><div class=\"wpb_column vc_column_container\"><div class=\"vc_column-inner\"><h1 class=\"w-text\"><span class=\"w-text-h\"><span class=\"w-text-value\">Impressum<\/span><\/span><\/h1><div class=\"w-separator size_custom\" style=\"height:30px\"><\/div><div class=\"g-cols wpb_row via_grid cols_2 laptops-cols_inherit tablets-cols_inherit mobiles-cols_1 valign_top type_default stacking_default\" style=\"--columns-gap:20px;--laptops-columns-gap:20px;--tablets-columns-gap:20px;--mobiles-columns-gap:0px;\"><div class=\"wpb_column vc_column_container us_custom_85f178cc has_bg_color\"><div class=\"vc_column-inner\"><div class=\"wpb_text_column\"><div class=\"wpb_wrapper\"><p>1. Pflichtangaben zum Diensteanbieter gem\u00e4\u00df \u00a7 5 Absatz 1 Digitale-Dienste-Gesetz (DDG).<\/p>\n<p>GGM Gastro International GmbH<\/p>\n<p>Gesch\u00e4ftsf\u00fchrer: Ferit Inan &amp; \u00d6mer Elma<\/p>\n<p>Weinerpark 16<br \/>\nD &#8211; 48607 Ochtrup<\/p>\n<p>Tel: +49 (0) 2553 \/ 722 01 00<br \/>\nFax: +49 (0) 2553 \/ 722 02 00<\/p>\n<p>www.ggmgastro.com<br \/>\ninfo@ggmgastro.com<\/p>\n<p>Bankverbindung:<\/p>\n<p>Volksbank Gronau-Ahaus eG<br \/>\nBankleitzahl: 401 640 24<br \/>\nKontonummer: 207 967 202<br \/>\nSWIFT\/BIC: GENODEM1GRN<br \/>\nIBAN-Nr: DE10 4016 4024 0207 9672 02<\/p>\n<p>UST-ID: DE815306247<br \/>\nZollnummer: DE 1867628<br \/>\nWEEE-Reg.-Nr.: DE38979212<\/p>\n<p>Verpackungsregistrierungsnummer : DE2529276527956<\/p>\n<p>Amtsgericht: HRB9637 &#8211; Steinfurt<\/p>\n<\/div><\/div><\/div><\/div><div class=\"wpb_column vc_column_container us_custom_85f178cc has_bg_color\"><div class=\"vc_column-inner\"><div class=\"wpb_text_column\"><div class=\"wpb_wrapper\"><p>2. Inhaltlich verantwortlich f\u00fcr journalistisch-redaktionell gestaltete Angebote:<\/p>\n<p>Gesch\u00e4ftsf\u00fchrer: Ferit Inan &amp; \u00d6mer Elma<br \/>\nWeinerpark 16<br \/>\nD &#8211; 48607 Ochtrup<\/p>\n<p>3. Alle Rechte vorbehalten. Die Informationen sind Eigentum der GGM Gastro International GmbH<br \/>\n(im Folgenden GGM genannt.)<br \/>\nSie stellen die zum Zeitpunkt der Publikation jeweils neusten Informationen dar.<\/p>\n<p>4. Eine Haftung oder Garantie f\u00fcr die Aktualit\u00e4t, Richtigkeit und Vollst\u00e4ndigkeit der zur Verf\u00fcgung<br \/>\ngestellten Informationen und Daten ist ausgeschlossen.<\/p>\n<p>Dies gilt ebenso f\u00fcr alle anderen Websites, auf die mittels eines Hyperlinks verwiesen wird.<br \/>\nF\u00fcr den Inhalt solcher Seiten ist GGM nicht verantwortlich.<\/p>\n<p>5. Die Informationen auf den Webseiten stellen in keinem Fall rechtliche Zusicherungen dar.<br \/>\nGGM beh\u00e4lt sich das Recht vor, bei Bedarf \u00c4nderungen oder Erg\u00e4nzungen der bereitgestellten<br \/>\nInformationen oder Daten durchzuf\u00fchren. Aus den hier beschriebenen Themenbereichen k\u00f6nnen<br \/>\nkeine Rechtsanspr\u00fcche abgeleitet werden. Angebote sind in allen Teilen unverbindlich.<\/p>\n<p>6. GGM haftet weder f\u00fcr direkte noch indirekte Sch\u00e4den, die durch die Nutzung der Informationen<br \/>\noder Daten entstehen, die auf dieser Website zu finden sind.<br \/>\nRechte und Pflichten zwischen GGM und dem Nutzer der Website oder Dritten bestehen nicht.<\/p>\n<p>7. Die Inhalte der GGM Website sind urheberrechtlich gesch\u00fctzt. Die Inhalte d\u00fcrfen weder ganz<br \/>\nnoch teilweise ohne vorherige schriftliche Genehmigung des Urhebers vervielf\u00e4ltigt und\/oder<br \/>\nver\u00f6ffentlicht oder in einem Informationssystem gespeichert werden.<\/p>\n<p>8. S\u00e4mtliche Informationen oder Daten, ihre Nutzung sowie s\u00e4mtliches mit der Website von GGM<br \/>\nzusammenh\u00e4ngendes Tun, Dulden oder Unterlassen unterliegen ausschlie\u00dflich deutschem Recht,<br \/>\nunter Ausschluss von internationalem Recht.<br \/>\nErf\u00fcllungsort und ausschlie\u00dflicher Gerichtsstand ist Steinfurt.<\/p>\n<\/div><\/div><\/div><\/div><\/div><\/div><\/div><\/div><\/div><\/section>","protected":false},"excerpt":{"rendered":"Imprint1. Pflichtangaben zum Diensteanbieter gem\u00e4\u00df \u00a7 5 Absatz 1 Digitale-Dienste-Gesetz (DDG). GGM Gastro International GmbH Gesch\u00e4ftsf\u00fchrer: Ferit Inan &amp; \u00d6mer Elma Weinerpark 16 D &#8211; 48607 Ochtrup Tel: +49 (0) 2553 \/ 722 01 00 Fax: +49 (0) 2553 \/ 722 02 00 www.ggmgastro.com info@ggmgastro.com Bankverbindung: Volksbank Gronau-Ahaus eG Bankleitzahl: 401 640 24 Kontonummer: 207...","protected":false},"author":1,"featured_media":0,"parent":0,"menu_order":100,"comment_status":"closed","ping_status":"closed","template":"","meta":{"_acf_changed":false,"iawp_total_views":6086,"footnotes":""},"showroom_land":[],"seitentyp":[],"class_list":["post-10510","page","type-page","status-publish","hentry"],"acf":[],"yoast_head":"<!-- This site is optimized with the Yoast SEO plugin v26.9 - https:\/\/yoast.com\/product\/yoast-seo-wordpress\/ -->\n<title>Legal - GGM Gastro Showrooms<\/title>\n<meta name=\"robots\" content=\"noindex, nofollow\" \/>\n<meta property=\"og:locale\" content=\"de_DE\" \/>\n<meta property=\"og:type\" content=\"article\" \/>\n<meta property=\"og:title\" content=\"Legal - GGM Gastro Showrooms\" \/>\n<meta property=\"og:url\" content=\"https:\/\/showrooms.ggmgastro.com\/de\/legal\/\" \/>\n<meta property=\"og:site_name\" content=\"GGM Gastro Showrooms\" \/>\n<meta property=\"article:modified_time\" content=\"2026-03-18T09:03:56+00:00\" \/>\n<meta property=\"og:image\" content=\"https:\/\/showrooms.ggmgastro.com\/wp-content\/uploads\/ggmgastro-logo-dark-seo-quer.jpg\" \/>\n\t<meta property=\"og:image:width\" content=\"1200\" \/>\n\t<meta property=\"og:image:height\" content=\"675\" \/>\n\t<meta property=\"og:image:type\" content=\"image\/jpeg\" \/>\n<meta name=\"twitter:card\" content=\"summary_large_image\" \/>\n<meta name=\"twitter:label1\" content=\"Gesch\u00e4tzte Lesezeit\" \/>\n\t<meta name=\"twitter:data1\" content=\"4\u00a0Minuten\" \/>\n<script type=\"application\/ld+json\" class=\"yoast-schema-graph\">{\"@context\":\"https:\/\/schema.org\",\"@graph\":[{\"@type\":\"WebPage\",\"@id\":\"https:\/\/showrooms.ggmgastro.com\/legal\/\",\"url\":\"https:\/\/showrooms.ggmgastro.com\/legal\/\",\"name\":\"Legal - GGM Gastro Showrooms\",\"isPartOf\":{\"@id\":\"https:\/\/showrooms.ggmgastro.com\/#website\"},\"datePublished\":\"2025-04-22T13:52:58+00:00\",\"dateModified\":\"2026-03-18T09:03:56+00:00\",\"breadcrumb\":{\"@id\":\"https:\/\/showrooms.ggmgastro.com\/legal\/#breadcrumb\"},\"inLanguage\":\"de\",\"potentialAction\":[{\"@type\":\"ReadAction\",\"target\":[\"https:\/\/showrooms.ggmgastro.com\/legal\/\"]}]},{\"@type\":\"BreadcrumbList\",\"@id\":\"https:\/\/showrooms.ggmgastro.com\/legal\/#breadcrumb\",\"itemListElement\":[{\"@type\":\"ListItem\",\"position\":1,\"name\":\"Startseite\",\"item\":\"https:\/\/showrooms.ggmgastro.com\/\"},{\"@type\":\"ListItem\",\"position\":2,\"name\":\"Legal\"}]},{\"@type\":\"WebSite\",\"@id\":\"https:\/\/showrooms.ggmgastro.com\/#website\",\"url\":\"https:\/\/showrooms.ggmgastro.com\/\",\"name\":\"GGM Gastro Showrooms\",\"description\":\"\",\"publisher\":{\"@id\":\"https:\/\/showrooms.ggmgastro.com\/#organization\"},\"potentialAction\":[{\"@type\":\"SearchAction\",\"target\":{\"@type\":\"EntryPoint\",\"urlTemplate\":\"https:\/\/showrooms.ggmgastro.com\/?s={search_term_string}\"},\"query-input\":{\"@type\":\"PropertyValueSpecification\",\"valueRequired\":true,\"valueName\":\"search_term_string\"}}],\"inLanguage\":\"de\"},{\"@type\":\"Organization\",\"@id\":\"https:\/\/showrooms.ggmgastro.com\/#organization\",\"name\":\"GGM Gastro International GmbH\",\"url\":\"https:\/\/showrooms.ggmgastro.com\/\",\"logo\":{\"@type\":\"ImageObject\",\"inLanguage\":\"de\",\"@id\":\"https:\/\/showrooms.ggmgastro.com\/#\/schema\/logo\/image\/\",\"url\":\"https:\/\/showrooms.ggmgastro.com\/wp-content\/uploads\/ggmgastro-logo-dark-seo.jpg\",\"contentUrl\":\"https:\/\/showrooms.ggmgastro.com\/wp-content\/uploads\/ggmgastro-logo-dark-seo.jpg\",\"width\":696,\"height\":696,\"caption\":\"GGM Gastro International GmbH\"},\"image\":{\"@id\":\"https:\/\/showrooms.ggmgastro.com\/#\/schema\/logo\/image\/\"}}]}<\/script>\n<!-- \/ Yoast SEO plugin. -->","yoast_head_json":{"title":"Legal - GGM Gastro Showrooms","robots":{"index":"noindex","follow":"nofollow"},"og_locale":"de_DE","og_type":"article","og_title":"Legal - GGM Gastro Showrooms","og_url":"https:\/\/showrooms.ggmgastro.com\/de\/legal\/","og_site_name":"GGM Gastro Showrooms","article_modified_time":"2026-03-18T09:03:56+00:00","og_image":[{"width":1200,"height":675,"url":"https:\/\/showrooms.ggmgastro.com\/wp-content\/uploads\/ggmgastro-logo-dark-seo-quer.jpg","type":"image\/jpeg"}],"twitter_card":"summary_large_image","twitter_misc":{"Gesch\u00e4tzte Lesezeit":"4\u00a0Minuten"},"schema":{"@context":"https:\/\/schema.org","@graph":[{"@type":"WebPage","@id":"https:\/\/showrooms.ggmgastro.com\/legal\/","url":"https:\/\/showrooms.ggmgastro.com\/legal\/","name":"Legal - GGM Gastro Showrooms","isPartOf":{"@id":"https:\/\/showrooms.ggmgastro.com\/#website"},"datePublished":"2025-04-22T13:52:58+00:00","dateModified":"2026-03-18T09:03:56+00:00","breadcrumb":{"@id":"https:\/\/showrooms.ggmgastro.com\/legal\/#breadcrumb"},"inLanguage":"de","potentialAction":[{"@type":"ReadAction","target":["https:\/\/showrooms.ggmgastro.com\/legal\/"]}]},{"@type":"BreadcrumbList","@id":"https:\/\/showrooms.ggmgastro.com\/legal\/#breadcrumb","itemListElement":[{"@type":"ListItem","position":1,"name":"Startseite","item":"https:\/\/showrooms.ggmgastro.com\/"},{"@type":"ListItem","position":2,"name":"Legal"}]},{"@type":"WebSite","@id":"https:\/\/showrooms.ggmgastro.com\/#website","url":"https:\/\/showrooms.ggmgastro.com\/","name":"GGM Gastro Showrooms","description":"","publisher":{"@id":"https:\/\/showrooms.ggmgastro.com\/#organization"},"potentialAction":[{"@type":"SearchAction","target":{"@type":"EntryPoint","urlTemplate":"https:\/\/showrooms.ggmgastro.com\/?s={search_term_string}"},"query-input":{"@type":"PropertyValueSpecification","valueRequired":true,"valueName":"search_term_string"}}],"inLanguage":"de"},{"@type":"Organization","@id":"https:\/\/showrooms.ggmgastro.com\/#organization","name":"GGM Gastro International GmbH","url":"https:\/\/showrooms.ggmgastro.com\/","logo":{"@type":"ImageObject","inLanguage":"de","@id":"https:\/\/showrooms.ggmgastro.com\/#\/schema\/logo\/image\/","url":"https:\/\/showrooms.ggmgastro.com\/wp-content\/uploads\/ggmgastro-logo-dark-seo.jpg","contentUrl":"https:\/\/showrooms.ggmgastro.com\/wp-content\/uploads\/ggmgastro-logo-dark-seo.jpg","width":696,"height":696,"caption":"GGM Gastro International GmbH"},"image":{"@id":"https:\/\/showrooms.ggmgastro.com\/#\/schema\/logo\/image\/"}}]}},"_links":{"self":[{"href":"https:\/\/showrooms.ggmgastro.com\/de\/wp-json\/wp\/v2\/pages\/10510","targetHints":{"allow":["GET"]}}],"collection":[{"href":"https:\/\/showrooms.ggmgastro.com\/de\/wp-json\/wp\/v2\/pages"}],"about":[{"href":"https:\/\/showrooms.ggmgastro.com\/de\/wp-json\/wp\/v2\/types\/page"}],"author":[{"embeddable":true,"href":"https:\/\/showrooms.ggmgastro.com\/de\/wp-json\/wp\/v2\/users\/1"}],"replies":[{"embeddable":true,"href":"https:\/\/showrooms.ggmgastro.com\/de\/wp-json\/wp\/v2\/comments?post=10510"}],"version-history":[{"count":19,"href":"https:\/\/showrooms.ggmgastro.com\/de\/wp-json\/wp\/v2\/pages\/10510\/revisions"}],"predecessor-version":[{"id":68523,"href":"https:\/\/showrooms.ggmgastro.com\/de\/wp-json\/wp\/v2\/pages\/10510\/revisions\/68523"}],"wp:attachment":[{"href":"https:\/\/showrooms.ggmgastro.com\/de\/wp-json\/wp\/v2\/media?parent=10510"}],"wp:term":[{"taxonomy":"showroom_land","embeddable":true,"href":"https:\/\/showrooms.ggmgastro.com\/de\/wp-json\/wp\/v2\/showroom_land?post=10510"},{"taxonomy":"seitentyp","embeddable":true,"href":"https:\/\/showrooms.ggmgastro.com\/de\/wp-json\/wp\/v2\/seitentyp?post=10510"}],"curies":[{"name":"wp","href":"https:\/\/api.w.org\/{rel}","templated":true}]}}