{"id":67909,"date":"2026-02-20T15:34:02","date_gmt":"2026-02-20T13:34:02","guid":{"rendered":"https:\/\/showrooms.ggmgastro.com\/?page_id=67909"},"modified":"2026-03-10T17:37:55","modified_gmt":"2026-03-10T15:37:55","slug":"ggm-gastro-at-internorga","status":"publish","type":"page","link":"https:\/\/showrooms.ggmgastro.com\/de\/ggm-gastro-at-internorga\/","title":{"rendered":"GGM Gastro auf der INTERNORGA"},"content":{"rendered":"<section class=\"l-section wpb_row height_large\"><div class=\"l-section-h i-cf\"><div class=\"g-cols vc_row via_grid cols_1 laptops-cols_inherit tablets-cols_inherit mobiles-cols_1 valign_top type_default stacking_default\"><div class=\"wpb_column vc_column_container\"><div class=\"vc_column-inner\"><div class=\"wpb_text_column\"><div class=\"wpb_wrapper\"><p><strong>Erleben Sie GGM Gastro auf der INTERNORGA und entdecken Sie moderne L\u00f6sungen f\u00fcr professionelle Gastronomie- und Retailkonzepte.<\/strong><\/p>\n<p>Als Europas Marktf\u00fchrer f\u00fcr Gastronomiebedarf pr\u00e4sentieren wir ein vielseitiges Produktsortiment \u2013 von leistungsstarken Einzelger\u00e4ten bis hin zu durchdachten Komplettl\u00f6sungen f\u00fcr unterschiedlichste Einsatzbereiche.<\/p>\n<p class=\"translation-block\">Ob Systemgastronomie, Au\u00dfer-Haus-Verkauf, Food-Konzepte im Handel oder klassische Gastronomie:\nGGM Gastro steht f\u00fcr praxisnahe Ausstattung, herausragende Qualit\u00e4t und L\u00f6sungen, die im t\u00e4glichen Betrieb zuverl\u00e4ssig \u00fcberzeugen.<\/p>\n<p>Lassen Sie sich inspirieren, entdecken Sie neue M\u00f6glichkeiten und treffen Sie unser erfahrenes Team pers\u00f6nlich vor Ort. Wir freuen uns auf Ihren Besuch!<\/p>\n<p><strong>Halle B6, Stand 520 &amp; 523<\/strong><\/p>\n<p>&nbsp;<\/p>\n<p><strong>Gratis-Tickets<\/strong><\/p>\n<p>Wir freuen uns, unseren Kunden und Partnern die M\u00f6glichkeit zu geben, uns auf der INTERNORGA pers\u00f6nlich zu besuchen und das Event gemeinsam zu erleben.<\/p>\n<p>Hierf\u00fcr haben wir ein begrenztes Kontingent an Gratis-Tickets reserviert. Diese stellen wir vorrangig unseren Bestands- und Gesch\u00e4ftskunden zur Verf\u00fcgung.<\/p>\n<p>Sollten nach dieser Vergabe noch Tickets verf\u00fcgbar sein und nicht vollst\u00e4ndig abgerufen werden, k\u00f6nnen diese selbstverst\u00e4ndlich auch an weitere Interessenten vergeben werden.<\/p>\n<p class=\"translation-block\">Wenn Sie dabei sein m\u00f6chten, senden Sie uns bitte eine E-Mail an events@ggmgastro.com mit Ihrem Namen und den vollst\u00e4ndigen Unternehmensdaten.<\/p>\n<p>Wir freuen uns darauf, Sie in Hamburg zu begr\u00fc\u00dfen und Ihnen unsere neuesten Produkte sowie Messe-Highlights pers\u00f6nlich zu pr\u00e4sentieren.<\/p>\n<p>Bitte haben Sie Verst\u00e4ndnis daf\u00fcr, dass unser Kontingent begrenzt ist. Sobald alle Tickets vergeben sind, ist keine weitere Ausgabe mehr m\u00f6glich.<span style=\"letter-spacing: 0em;\"><\/p>\n<\/div><\/div><\/div><\/div><\/div><\/div><\/section><\/span><\/p>","protected":false},"excerpt":{"rendered":"Experience GGM Gastro at INTERNORGA and discover modern solutions for professional gastronomy and retail concepts. As Europe\u2019s leading supplier of catering equipment, we present a versatile product portfolio \u2013 ranging from high-performance standalone appliances to well-designed complete solutions for a wide variety of applications. Whether system catering, out-of-home sales, food concepts in retail, or traditional...","protected":false},"author":7,"featured_media":0,"parent":0,"menu_order":0,"comment_status":"closed","ping_status":"closed","template":"","meta":{"_acf_changed":false,"iawp_total_views":4447,"footnotes":""},"showroom_land":[],"seitentyp":[91],"class_list":["post-67909","page","type-page","status-publish","hentry","seitentyp-messe"],"acf":[],"yoast_head":"<!-- This site is optimized with the Yoast SEO plugin v26.9 - https:\/\/yoast.com\/product\/yoast-seo-wordpress\/ -->\n<title>GGM Gastro at INTERNORGA - GGM Gastro Showrooms<\/title>\n<meta name=\"description\" content=\"Visit GGM Gastro at EuroShop and discover professional catering and retail solutions, powerful equipment and expert advice. Hall 13, Stand C60.\" \/>\n<meta name=\"robots\" content=\"index, follow, max-snippet:-1, max-image-preview:large, max-video-preview:-1\" \/>\n<link rel=\"canonical\" href=\"https:\/\/showrooms.ggmgastro.com\/de\/ggm-gastro-at-internorga\/\" \/>\n<meta property=\"og:locale\" content=\"de_DE\" \/>\n<meta property=\"og:type\" content=\"article\" \/>\n<meta property=\"og:title\" content=\"GGM Gastro at INTERNORGA - GGM Gastro Showrooms\" \/>\n<meta property=\"og:description\" content=\"Visit GGM Gastro at EuroShop and discover professional catering and retail solutions, powerful equipment and expert advice. Hall 13, Stand C60.\" \/>\n<meta property=\"og:url\" content=\"https:\/\/showrooms.ggmgastro.com\/de\/ggm-gastro-at-internorga\/\" \/>\n<meta property=\"og:site_name\" content=\"GGM Gastro Showrooms\" \/>\n<meta property=\"article:modified_time\" content=\"2026-03-10T15:37:55+00:00\" \/>\n<meta property=\"og:image\" content=\"https:\/\/showrooms.ggmgastro.com\/wp-content\/uploads\/Internorga.jpg\" \/>\n\t<meta property=\"og:image:width\" content=\"1200\" \/>\n\t<meta property=\"og:image:height\" content=\"1200\" \/>\n\t<meta property=\"og:image:type\" content=\"image\/jpeg\" \/>\n<meta name=\"twitter:card\" content=\"summary_large_image\" \/>\n<meta name=\"twitter:label1\" content=\"Gesch\u00e4tzte Lesezeit\" \/>\n\t<meta name=\"twitter:data1\" content=\"2\u00a0Minuten\" \/>\n<script type=\"application\/ld+json\" class=\"yoast-schema-graph\">{\"@context\":\"https:\/\/schema.org\",\"@graph\":[{\"@type\":\"WebPage\",\"@id\":\"https:\/\/showrooms.ggmgastro.com\/ggm-gastro-at-internorga\/\",\"url\":\"https:\/\/showrooms.ggmgastro.com\/ggm-gastro-at-internorga\/\",\"name\":\"GGM Gastro at INTERNORGA - GGM Gastro Showrooms\",\"isPartOf\":{\"@id\":\"https:\/\/showrooms.ggmgastro.com\/#website\"},\"datePublished\":\"2026-02-20T13:34:02+00:00\",\"dateModified\":\"2026-03-10T15:37:55+00:00\",\"description\":\"Visit GGM Gastro at EuroShop and discover professional catering and retail solutions, powerful equipment and expert advice. Hall 13, Stand C60.\",\"breadcrumb\":{\"@id\":\"https:\/\/showrooms.ggmgastro.com\/ggm-gastro-at-internorga\/#breadcrumb\"},\"inLanguage\":\"de\",\"potentialAction\":[{\"@type\":\"ReadAction\",\"target\":[\"https:\/\/showrooms.ggmgastro.com\/ggm-gastro-at-internorga\/\"]}]},{\"@type\":\"BreadcrumbList\",\"@id\":\"https:\/\/showrooms.ggmgastro.com\/ggm-gastro-at-internorga\/#breadcrumb\",\"itemListElement\":[{\"@type\":\"ListItem\",\"position\":1,\"name\":\"Startseite\",\"item\":\"https:\/\/showrooms.ggmgastro.com\/\"},{\"@type\":\"ListItem\",\"position\":2,\"name\":\"GGM Gastro at INTERNORGA\"}]},{\"@type\":\"WebSite\",\"@id\":\"https:\/\/showrooms.ggmgastro.com\/#website\",\"url\":\"https:\/\/showrooms.ggmgastro.com\/\",\"name\":\"GGM Gastro Showrooms\",\"description\":\"\",\"publisher\":{\"@id\":\"https:\/\/showrooms.ggmgastro.com\/#organization\"},\"potentialAction\":[{\"@type\":\"SearchAction\",\"target\":{\"@type\":\"EntryPoint\",\"urlTemplate\":\"https:\/\/showrooms.ggmgastro.com\/?s={search_term_string}\"},\"query-input\":{\"@type\":\"PropertyValueSpecification\",\"valueRequired\":true,\"valueName\":\"search_term_string\"}}],\"inLanguage\":\"de\"},{\"@type\":\"Organization\",\"@id\":\"https:\/\/showrooms.ggmgastro.com\/#organization\",\"name\":\"GGM Gastro International GmbH\",\"url\":\"https:\/\/showrooms.ggmgastro.com\/\",\"logo\":{\"@type\":\"ImageObject\",\"inLanguage\":\"de\",\"@id\":\"https:\/\/showrooms.ggmgastro.com\/#\/schema\/logo\/image\/\",\"url\":\"https:\/\/showrooms.ggmgastro.com\/wp-content\/uploads\/ggmgastro-logo-dark-seo.jpg\",\"contentUrl\":\"https:\/\/showrooms.ggmgastro.com\/wp-content\/uploads\/ggmgastro-logo-dark-seo.jpg\",\"width\":696,\"height\":696,\"caption\":\"GGM Gastro International GmbH\"},\"image\":{\"@id\":\"https:\/\/showrooms.ggmgastro.com\/#\/schema\/logo\/image\/\"}}]}<\/script>\n<!-- \/ Yoast SEO plugin. -->","yoast_head_json":{"title":"GGM Gastro at INTERNORGA - GGM Gastro Showrooms","description":"Visit GGM Gastro at EuroShop and discover professional catering and retail solutions, powerful equipment and expert advice. Hall 13, Stand C60.","robots":{"index":"index","follow":"follow","max-snippet":"max-snippet:-1","max-image-preview":"max-image-preview:large","max-video-preview":"max-video-preview:-1"},"canonical":"https:\/\/showrooms.ggmgastro.com\/de\/ggm-gastro-at-internorga\/","og_locale":"de_DE","og_type":"article","og_title":"GGM Gastro at INTERNORGA - GGM Gastro Showrooms","og_description":"Visit GGM Gastro at EuroShop and discover professional catering and retail solutions, powerful equipment and expert advice. Hall 13, Stand C60.","og_url":"https:\/\/showrooms.ggmgastro.com\/de\/ggm-gastro-at-internorga\/","og_site_name":"GGM Gastro Showrooms","article_modified_time":"2026-03-10T15:37:55+00:00","og_image":[{"width":1200,"height":1200,"url":"https:\/\/showrooms.ggmgastro.com\/wp-content\/uploads\/Internorga.jpg","type":"image\/jpeg"}],"twitter_card":"summary_large_image","twitter_misc":{"Gesch\u00e4tzte Lesezeit":"2\u00a0Minuten"},"schema":{"@context":"https:\/\/schema.org","@graph":[{"@type":"WebPage","@id":"https:\/\/showrooms.ggmgastro.com\/ggm-gastro-at-internorga\/","url":"https:\/\/showrooms.ggmgastro.com\/ggm-gastro-at-internorga\/","name":"GGM Gastro at INTERNORGA - GGM Gastro Showrooms","isPartOf":{"@id":"https:\/\/showrooms.ggmgastro.com\/#website"},"datePublished":"2026-02-20T13:34:02+00:00","dateModified":"2026-03-10T15:37:55+00:00","description":"Visit GGM Gastro at EuroShop and discover professional catering and retail solutions, powerful equipment and expert advice. Hall 13, Stand C60.","breadcrumb":{"@id":"https:\/\/showrooms.ggmgastro.com\/ggm-gastro-at-internorga\/#breadcrumb"},"inLanguage":"de","potentialAction":[{"@type":"ReadAction","target":["https:\/\/showrooms.ggmgastro.com\/ggm-gastro-at-internorga\/"]}]},{"@type":"BreadcrumbList","@id":"https:\/\/showrooms.ggmgastro.com\/ggm-gastro-at-internorga\/#breadcrumb","itemListElement":[{"@type":"ListItem","position":1,"name":"Startseite","item":"https:\/\/showrooms.ggmgastro.com\/"},{"@type":"ListItem","position":2,"name":"GGM Gastro at INTERNORGA"}]},{"@type":"WebSite","@id":"https:\/\/showrooms.ggmgastro.com\/#website","url":"https:\/\/showrooms.ggmgastro.com\/","name":"GGM Gastro Showrooms","description":"","publisher":{"@id":"https:\/\/showrooms.ggmgastro.com\/#organization"},"potentialAction":[{"@type":"SearchAction","target":{"@type":"EntryPoint","urlTemplate":"https:\/\/showrooms.ggmgastro.com\/?s={search_term_string}"},"query-input":{"@type":"PropertyValueSpecification","valueRequired":true,"valueName":"search_term_string"}}],"inLanguage":"de"},{"@type":"Organization","@id":"https:\/\/showrooms.ggmgastro.com\/#organization","name":"GGM Gastro International GmbH","url":"https:\/\/showrooms.ggmgastro.com\/","logo":{"@type":"ImageObject","inLanguage":"de","@id":"https:\/\/showrooms.ggmgastro.com\/#\/schema\/logo\/image\/","url":"https:\/\/showrooms.ggmgastro.com\/wp-content\/uploads\/ggmgastro-logo-dark-seo.jpg","contentUrl":"https:\/\/showrooms.ggmgastro.com\/wp-content\/uploads\/ggmgastro-logo-dark-seo.jpg","width":696,"height":696,"caption":"GGM Gastro International GmbH"},"image":{"@id":"https:\/\/showrooms.ggmgastro.com\/#\/schema\/logo\/image\/"}}]}},"_links":{"self":[{"href":"https:\/\/showrooms.ggmgastro.com\/de\/wp-json\/wp\/v2\/pages\/67909","targetHints":{"allow":["GET"]}}],"collection":[{"href":"https:\/\/showrooms.ggmgastro.com\/de\/wp-json\/wp\/v2\/pages"}],"about":[{"href":"https:\/\/showrooms.ggmgastro.com\/de\/wp-json\/wp\/v2\/types\/page"}],"author":[{"embeddable":true,"href":"https:\/\/showrooms.ggmgastro.com\/de\/wp-json\/wp\/v2\/users\/7"}],"replies":[{"embeddable":true,"href":"https:\/\/showrooms.ggmgastro.com\/de\/wp-json\/wp\/v2\/comments?post=67909"}],"version-history":[{"count":16,"href":"https:\/\/showrooms.ggmgastro.com\/de\/wp-json\/wp\/v2\/pages\/67909\/revisions"}],"predecessor-version":[{"id":68396,"href":"https:\/\/showrooms.ggmgastro.com\/de\/wp-json\/wp\/v2\/pages\/67909\/revisions\/68396"}],"wp:attachment":[{"href":"https:\/\/showrooms.ggmgastro.com\/de\/wp-json\/wp\/v2\/media?parent=67909"}],"wp:term":[{"taxonomy":"showroom_land","embeddable":true,"href":"https:\/\/showrooms.ggmgastro.com\/de\/wp-json\/wp\/v2\/showroom_land?post=67909"},{"taxonomy":"seitentyp","embeddable":true,"href":"https:\/\/showrooms.ggmgastro.com\/de\/wp-json\/wp\/v2\/seitentyp?post=67909"}],"curies":[{"name":"wp","href":"https:\/\/api.w.org\/{rel}","templated":true}]}}