{"id":68622,"date":"2026-03-24T08:26:35","date_gmt":"2026-03-24T06:26:35","guid":{"rendered":"https:\/\/showrooms.ggmgastro.com\/?page_id=68622"},"modified":"2026-05-06T11:31:14","modified_gmt":"2026-05-06T09:31:14","slug":"china-shanghai","status":"publish","type":"page","link":"https:\/\/showrooms.ggmgastro.com\/de\/china-shanghai\/","title":{"rendered":"GGM Gastro Shanghai | China"},"content":{"rendered":"<section class=\"l-section wpb_row height_large\"><div class=\"l-section-h i-cf\"><div class=\"g-cols vc_row via_grid cols_1 laptops-cols_inherit tablets-cols_inherit mobiles-cols_1 valign_top type_default stacking_default\"><div class=\"wpb_column vc_column_container\"><div class=\"vc_column-inner\"><div class=\"wpb_text_column\"><div class=\"wpb_wrapper\"><p class=\"p1\">Mit unserem Showroom in Shanghai setzen wir den n\u00e4chsten Meilenstein in China \u2013 als zweiter GGM Gastro Standort vor Ort. Auf \u00fcber 800 m\u00b2 pr\u00e4sentieren wir ein leistungsstarkes Portfolio an Premium-Ger\u00e4ten f\u00fcr Gastronomie und Foodservice, das keine W\u00fcnsche offenl\u00e4sst.<\/p>\n<p class=\"p1\">Erlebe unsere Produkte nicht nur online, sondern live im Einsatz, entdecke neueste Trends der Branche und finde genau die L\u00f6sungen, die dein Business effizienter, profitabler und zukunftssicher machen. Unser erfahrenes Team vor Ort begleitet dich dabei pers\u00f6nlich \u2013 von der ersten Idee bis zur optimalen Umsetzung.<\/p>\n<\/div><\/div><\/div><\/div><\/div><\/div><\/section>","protected":false},"excerpt":{"rendered":"With our showroom in Shanghai, we are setting the next milestone in China \u2013 as GGM Gastro\u2019s second location in the country. Spanning over 800 m\u00b2, we showcase a powerful portfolio of premium equipment for gastronomy and food service that leaves nothing to be desired. Experience our products not just online, but live in action....","protected":false},"author":6,"featured_media":68654,"parent":0,"menu_order":0,"comment_status":"closed","ping_status":"closed","template":"","meta":{"_acf_changed":false,"iawp_total_views":486,"footnotes":""},"showroom_land":[55],"seitentyp":[87],"class_list":["post-68622","page","type-page","status-publish","has-post-thumbnail","hentry","showroom_land-china","seitentyp-showroom"],"acf":[],"yoast_head":"<!-- This site is optimized with the Yoast SEO plugin v27.5 - https:\/\/yoast.com\/product\/yoast-seo-wordpress\/ -->\n<title>GGM Gastro Shanghai | China - GGM Gastro Showrooms<\/title>\n<meta name=\"robots\" content=\"index, follow, max-snippet:-1, max-image-preview:large, max-video-preview:-1\" \/>\n<link rel=\"canonical\" href=\"https:\/\/showrooms.ggmgastro.com\/de\/china-shanghai\/\" \/>\n<meta property=\"og:locale\" content=\"de_DE\" \/>\n<meta property=\"og:type\" content=\"article\" \/>\n<meta property=\"og:title\" content=\"GGM Gastro Shanghai | China - GGM Gastro Showrooms\" \/>\n<meta property=\"og:url\" content=\"https:\/\/showrooms.ggmgastro.com\/de\/china-shanghai\/\" \/>\n<meta property=\"og:site_name\" content=\"GGM Gastro Showrooms\" \/>\n<meta property=\"article:modified_time\" content=\"2026-05-06T09:31:14+00:00\" \/>\n<meta property=\"og:image\" content=\"https:\/\/showrooms.ggmgastro.com\/wp-content\/uploads\/Shanghai_Banner-1-scaled.jpg\" \/>\n\t<meta property=\"og:image:width\" content=\"1800\" \/>\n\t<meta property=\"og:image:height\" content=\"813\" \/>\n\t<meta property=\"og:image:type\" content=\"image\/jpeg\" \/>\n<meta name=\"twitter:card\" content=\"summary_large_image\" \/>\n<meta name=\"twitter:label1\" content=\"Gesch\u00e4tzte Lesezeit\" \/>\n\t<meta name=\"twitter:data1\" content=\"1\u00a0Minute\" \/>\n<script type=\"application\/ld+json\" class=\"yoast-schema-graph\">{\"@context\":\"https:\\\/\\\/schema.org\",\"@graph\":[{\"@type\":\"WebPage\",\"@id\":\"https:\\\/\\\/showrooms.ggmgastro.com\\\/china-shanghai\\\/\",\"url\":\"https:\\\/\\\/showrooms.ggmgastro.com\\\/china-shanghai\\\/\",\"name\":\"GGM Gastro Shanghai | China - GGM Gastro Showrooms\",\"isPartOf\":{\"@id\":\"https:\\\/\\\/showrooms.ggmgastro.com\\\/#website\"},\"primaryImageOfPage\":{\"@id\":\"https:\\\/\\\/showrooms.ggmgastro.com\\\/china-shanghai\\\/#primaryimage\"},\"image\":{\"@id\":\"https:\\\/\\\/showrooms.ggmgastro.com\\\/china-shanghai\\\/#primaryimage\"},\"thumbnailUrl\":\"https:\\\/\\\/showrooms.ggmgastro.com\\\/wp-content\\\/uploads\\\/Shanghai_Banner-1-scaled.jpg\",\"datePublished\":\"2026-03-24T06:26:35+00:00\",\"dateModified\":\"2026-05-06T09:31:14+00:00\",\"breadcrumb\":{\"@id\":\"https:\\\/\\\/showrooms.ggmgastro.com\\\/china-shanghai\\\/#breadcrumb\"},\"inLanguage\":\"de\",\"potentialAction\":[{\"@type\":\"ReadAction\",\"target\":[\"https:\\\/\\\/showrooms.ggmgastro.com\\\/china-shanghai\\\/\"]}]},{\"@type\":\"ImageObject\",\"inLanguage\":\"de\",\"@id\":\"https:\\\/\\\/showrooms.ggmgastro.com\\\/china-shanghai\\\/#primaryimage\",\"url\":\"https:\\\/\\\/showrooms.ggmgastro.com\\\/wp-content\\\/uploads\\\/Shanghai_Banner-1-scaled.jpg\",\"contentUrl\":\"https:\\\/\\\/showrooms.ggmgastro.com\\\/wp-content\\\/uploads\\\/Shanghai_Banner-1-scaled.jpg\",\"width\":1800,\"height\":813},{\"@type\":\"BreadcrumbList\",\"@id\":\"https:\\\/\\\/showrooms.ggmgastro.com\\\/china-shanghai\\\/#breadcrumb\",\"itemListElement\":[{\"@type\":\"ListItem\",\"position\":1,\"name\":\"Startseite\",\"item\":\"https:\\\/\\\/showrooms.ggmgastro.com\\\/\"},{\"@type\":\"ListItem\",\"position\":2,\"name\":\"GGM Gastro Shanghai | China\"}]},{\"@type\":\"WebSite\",\"@id\":\"https:\\\/\\\/showrooms.ggmgastro.com\\\/#website\",\"url\":\"https:\\\/\\\/showrooms.ggmgastro.com\\\/\",\"name\":\"GGM Gastro Showrooms\",\"description\":\"\",\"publisher\":{\"@id\":\"https:\\\/\\\/showrooms.ggmgastro.com\\\/#organization\"},\"potentialAction\":[{\"@type\":\"SearchAction\",\"target\":{\"@type\":\"EntryPoint\",\"urlTemplate\":\"https:\\\/\\\/showrooms.ggmgastro.com\\\/?s={search_term_string}\"},\"query-input\":{\"@type\":\"PropertyValueSpecification\",\"valueRequired\":true,\"valueName\":\"search_term_string\"}}],\"inLanguage\":\"de\"},{\"@type\":\"Organization\",\"@id\":\"https:\\\/\\\/showrooms.ggmgastro.com\\\/#organization\",\"name\":\"GGM Gastro International GmbH\",\"url\":\"https:\\\/\\\/showrooms.ggmgastro.com\\\/\",\"logo\":{\"@type\":\"ImageObject\",\"inLanguage\":\"de\",\"@id\":\"https:\\\/\\\/showrooms.ggmgastro.com\\\/#\\\/schema\\\/logo\\\/image\\\/\",\"url\":\"https:\\\/\\\/showrooms.ggmgastro.com\\\/wp-content\\\/uploads\\\/ggmgastro-logo-dark-seo.jpg\",\"contentUrl\":\"https:\\\/\\\/showrooms.ggmgastro.com\\\/wp-content\\\/uploads\\\/ggmgastro-logo-dark-seo.jpg\",\"width\":696,\"height\":696,\"caption\":\"GGM Gastro International GmbH\"},\"image\":{\"@id\":\"https:\\\/\\\/showrooms.ggmgastro.com\\\/#\\\/schema\\\/logo\\\/image\\\/\"}}]}<\/script>\n<!-- \/ Yoast SEO plugin. -->","yoast_head_json":{"title":"GGM Gastro Shanghai | China - GGM Gastro Showrooms","robots":{"index":"index","follow":"follow","max-snippet":"max-snippet:-1","max-image-preview":"max-image-preview:large","max-video-preview":"max-video-preview:-1"},"canonical":"https:\/\/showrooms.ggmgastro.com\/de\/china-shanghai\/","og_locale":"de_DE","og_type":"article","og_title":"GGM Gastro Shanghai | China - GGM Gastro Showrooms","og_url":"https:\/\/showrooms.ggmgastro.com\/de\/china-shanghai\/","og_site_name":"GGM Gastro Showrooms","article_modified_time":"2026-05-06T09:31:14+00:00","og_image":[{"width":1800,"height":813,"url":"https:\/\/showrooms.ggmgastro.com\/wp-content\/uploads\/Shanghai_Banner-1-scaled.jpg","type":"image\/jpeg"}],"twitter_card":"summary_large_image","twitter_misc":{"Gesch\u00e4tzte Lesezeit":"1\u00a0Minute"},"schema":{"@context":"https:\/\/schema.org","@graph":[{"@type":"WebPage","@id":"https:\/\/showrooms.ggmgastro.com\/china-shanghai\/","url":"https:\/\/showrooms.ggmgastro.com\/china-shanghai\/","name":"GGM Gastro Shanghai | China - GGM Gastro Showrooms","isPartOf":{"@id":"https:\/\/showrooms.ggmgastro.com\/#website"},"primaryImageOfPage":{"@id":"https:\/\/showrooms.ggmgastro.com\/china-shanghai\/#primaryimage"},"image":{"@id":"https:\/\/showrooms.ggmgastro.com\/china-shanghai\/#primaryimage"},"thumbnailUrl":"https:\/\/showrooms.ggmgastro.com\/wp-content\/uploads\/Shanghai_Banner-1-scaled.jpg","datePublished":"2026-03-24T06:26:35+00:00","dateModified":"2026-05-06T09:31:14+00:00","breadcrumb":{"@id":"https:\/\/showrooms.ggmgastro.com\/china-shanghai\/#breadcrumb"},"inLanguage":"de","potentialAction":[{"@type":"ReadAction","target":["https:\/\/showrooms.ggmgastro.com\/china-shanghai\/"]}]},{"@type":"ImageObject","inLanguage":"de","@id":"https:\/\/showrooms.ggmgastro.com\/china-shanghai\/#primaryimage","url":"https:\/\/showrooms.ggmgastro.com\/wp-content\/uploads\/Shanghai_Banner-1-scaled.jpg","contentUrl":"https:\/\/showrooms.ggmgastro.com\/wp-content\/uploads\/Shanghai_Banner-1-scaled.jpg","width":1800,"height":813},{"@type":"BreadcrumbList","@id":"https:\/\/showrooms.ggmgastro.com\/china-shanghai\/#breadcrumb","itemListElement":[{"@type":"ListItem","position":1,"name":"Startseite","item":"https:\/\/showrooms.ggmgastro.com\/"},{"@type":"ListItem","position":2,"name":"GGM Gastro Shanghai | China"}]},{"@type":"WebSite","@id":"https:\/\/showrooms.ggmgastro.com\/#website","url":"https:\/\/showrooms.ggmgastro.com\/","name":"GGM Gastro Showrooms","description":"","publisher":{"@id":"https:\/\/showrooms.ggmgastro.com\/#organization"},"potentialAction":[{"@type":"SearchAction","target":{"@type":"EntryPoint","urlTemplate":"https:\/\/showrooms.ggmgastro.com\/?s={search_term_string}"},"query-input":{"@type":"PropertyValueSpecification","valueRequired":true,"valueName":"search_term_string"}}],"inLanguage":"de"},{"@type":"Organization","@id":"https:\/\/showrooms.ggmgastro.com\/#organization","name":"GGM Gastro International GmbH","url":"https:\/\/showrooms.ggmgastro.com\/","logo":{"@type":"ImageObject","inLanguage":"de","@id":"https:\/\/showrooms.ggmgastro.com\/#\/schema\/logo\/image\/","url":"https:\/\/showrooms.ggmgastro.com\/wp-content\/uploads\/ggmgastro-logo-dark-seo.jpg","contentUrl":"https:\/\/showrooms.ggmgastro.com\/wp-content\/uploads\/ggmgastro-logo-dark-seo.jpg","width":696,"height":696,"caption":"GGM Gastro International GmbH"},"image":{"@id":"https:\/\/showrooms.ggmgastro.com\/#\/schema\/logo\/image\/"}}]}},"_links":{"self":[{"href":"https:\/\/showrooms.ggmgastro.com\/de\/wp-json\/wp\/v2\/pages\/68622","targetHints":{"allow":["GET"]}}],"collection":[{"href":"https:\/\/showrooms.ggmgastro.com\/de\/wp-json\/wp\/v2\/pages"}],"about":[{"href":"https:\/\/showrooms.ggmgastro.com\/de\/wp-json\/wp\/v2\/types\/page"}],"author":[{"embeddable":true,"href":"https:\/\/showrooms.ggmgastro.com\/de\/wp-json\/wp\/v2\/users\/6"}],"replies":[{"embeddable":true,"href":"https:\/\/showrooms.ggmgastro.com\/de\/wp-json\/wp\/v2\/comments?post=68622"}],"version-history":[{"count":21,"href":"https:\/\/showrooms.ggmgastro.com\/de\/wp-json\/wp\/v2\/pages\/68622\/revisions"}],"predecessor-version":[{"id":69984,"href":"https:\/\/showrooms.ggmgastro.com\/de\/wp-json\/wp\/v2\/pages\/68622\/revisions\/69984"}],"wp:featuredmedia":[{"embeddable":true,"href":"https:\/\/showrooms.ggmgastro.com\/de\/wp-json\/wp\/v2\/media\/68654"}],"wp:attachment":[{"href":"https:\/\/showrooms.ggmgastro.com\/de\/wp-json\/wp\/v2\/media?parent=68622"}],"wp:term":[{"taxonomy":"showroom_land","embeddable":true,"href":"https:\/\/showrooms.ggmgastro.com\/de\/wp-json\/wp\/v2\/showroom_land?post=68622"},{"taxonomy":"seitentyp","embeddable":true,"href":"https:\/\/showrooms.ggmgastro.com\/de\/wp-json\/wp\/v2\/seitentyp?post=68622"}],"curies":[{"name":"wp","href":"https:\/\/api.w.org\/{rel}","templated":true}]}}