{"id":63779,"date":"2026-02-17T15:21:49","date_gmt":"2026-02-17T13:21:49","guid":{"rendered":"https:\/\/showrooms.ggmgastro.com\/?page_id=63779"},"modified":"2026-02-20T12:11:13","modified_gmt":"2026-02-20T10:11:13","slug":"host-milano","status":"publish","type":"page","link":"https:\/\/showrooms.ggmgastro.com\/dk\/host-milano\/","title":{"rendered":"GGM Gastro auf der Host Milano"},"content":{"rendered":"<section class=\"l-section wpb_row height_large\"><div class=\"l-section-h i-cf\"><div class=\"g-cols vc_row via_grid cols_1 laptops-cols_inherit tablets-cols_inherit mobiles-cols_1 valign_top type_default stacking_default\"><div class=\"wpb_column vc_column_container\"><div class=\"vc_column-inner\"><div class=\"wpb_text_column\"><div class=\"wpb_wrapper\"><p><strong>Vi deltager for f\u00f8rste gang p\u00e5 Host Milano!<\/strong> Bes\u00f8g vores stand og oplev et eksklusivt udvalg af produkter og sp\u00e6ndende nyheder. Under messen f\u00e5r du attraktive s\u00e6rtilbud p\u00e5 alle ordrer afgivet direkte p\u00e5 stedet.<\/p>\n<p><strong>F\u00e5 fat i en af de 100 gratisbilletter nu.<\/strong> Kontakt os for at f\u00e5 din billet \u2013 vi gl\u00e6der os til en personlig snak!<\/p>\n<p><strong>Standnummer: Pav.1 \/ V06V10<\/strong><\/p>\n<\/div><\/div><\/div><\/div><\/div><\/div><\/section>","protected":false},"excerpt":{"rendered":"We\u2019re exhibiting at Host Milano for the first time! Visit our booth and discover an exclusive selection of products and exciting innovations. During the trade fair, enjoy attractive special discounts on all on-site orders. Secure one of 100 free trade fair tickets now. Contact us to get your ticket \u2013 we look forward to meeting...","protected":false},"author":3,"featured_media":67882,"parent":0,"menu_order":0,"comment_status":"closed","ping_status":"closed","template":"","meta":{"_acf_changed":false,"iawp_total_views":6817,"footnotes":""},"showroom_land":[43],"seitentyp":[91],"class_list":["post-63779","page","type-page","status-publish","has-post-thumbnail","hentry","showroom_land-deutschland","seitentyp-messe"],"acf":[],"yoast_head":"<!-- This site is optimized with the Yoast SEO plugin v26.9 - https:\/\/yoast.com\/product\/yoast-seo-wordpress\/ -->\n<title>GGM Gastro auf der Host Milano - GGM Gastro Showrooms<\/title>\n<meta name=\"description\" content=\"Secure one of 100 free trade fair tickets now!\" \/>\n<meta name=\"robots\" content=\"index, follow, max-snippet:-1, max-image-preview:large, max-video-preview:-1\" \/>\n<link rel=\"canonical\" href=\"https:\/\/showrooms.ggmgastro.com\/dk\/host-milano\/\" \/>\n<meta property=\"og:locale\" content=\"da_DK\" \/>\n<meta property=\"og:type\" content=\"article\" \/>\n<meta property=\"og:title\" content=\"GGM Gastro auf der Host Milano - GGM Gastro Showrooms\" \/>\n<meta property=\"og:description\" content=\"Secure one of 100 free trade fair tickets now!\" \/>\n<meta property=\"og:url\" content=\"https:\/\/showrooms.ggmgastro.com\/dk\/host-milano\/\" \/>\n<meta property=\"og:site_name\" content=\"GGM Gastro Showrooms\" \/>\n<meta property=\"article:modified_time\" content=\"2026-02-20T10:11:13+00:00\" \/>\n<meta property=\"og:image\" content=\"https:\/\/showrooms.ggmgastro.com\/wp-content\/uploads\/Host_Milano.jpg\" \/>\n\t<meta property=\"og:image:width\" content=\"1200\" \/>\n\t<meta property=\"og:image:height\" content=\"1200\" \/>\n\t<meta property=\"og:image:type\" content=\"image\/jpeg\" \/>\n<meta name=\"twitter:card\" content=\"summary_large_image\" \/>\n<meta name=\"twitter:label1\" content=\"Estimeret l\u00e6setid\" \/>\n\t<meta name=\"twitter:data1\" content=\"1 minut\" \/>\n<script type=\"application\/ld+json\" class=\"yoast-schema-graph\">{\"@context\":\"https:\/\/schema.org\",\"@graph\":[{\"@type\":\"WebPage\",\"@id\":\"https:\/\/showrooms.ggmgastro.com\/host-milano\/\",\"url\":\"https:\/\/showrooms.ggmgastro.com\/host-milano\/\",\"name\":\"GGM Gastro auf der Host Milano - GGM Gastro Showrooms\",\"isPartOf\":{\"@id\":\"https:\/\/showrooms.ggmgastro.com\/#website\"},\"primaryImageOfPage\":{\"@id\":\"https:\/\/showrooms.ggmgastro.com\/host-milano\/#primaryimage\"},\"image\":{\"@id\":\"https:\/\/showrooms.ggmgastro.com\/host-milano\/#primaryimage\"},\"thumbnailUrl\":\"https:\/\/showrooms.ggmgastro.com\/wp-content\/uploads\/Host_Milano.jpg\",\"datePublished\":\"2026-02-17T13:21:49+00:00\",\"dateModified\":\"2026-02-20T10:11:13+00:00\",\"description\":\"Secure one of 100 free trade fair tickets now!\",\"breadcrumb\":{\"@id\":\"https:\/\/showrooms.ggmgastro.com\/host-milano\/#breadcrumb\"},\"inLanguage\":\"da-DK\",\"potentialAction\":[{\"@type\":\"ReadAction\",\"target\":[\"https:\/\/showrooms.ggmgastro.com\/host-milano\/\"]}]},{\"@type\":\"ImageObject\",\"inLanguage\":\"da-DK\",\"@id\":\"https:\/\/showrooms.ggmgastro.com\/host-milano\/#primaryimage\",\"url\":\"https:\/\/showrooms.ggmgastro.com\/wp-content\/uploads\/Host_Milano.jpg\",\"contentUrl\":\"https:\/\/showrooms.ggmgastro.com\/wp-content\/uploads\/Host_Milano.jpg\",\"width\":1200,\"height\":1200},{\"@type\":\"BreadcrumbList\",\"@id\":\"https:\/\/showrooms.ggmgastro.com\/host-milano\/#breadcrumb\",\"itemListElement\":[{\"@type\":\"ListItem\",\"position\":1,\"name\":\"Startseite\",\"item\":\"https:\/\/showrooms.ggmgastro.com\/\"},{\"@type\":\"ListItem\",\"position\":2,\"name\":\"GGM Gastro auf der Host Milano\"}]},{\"@type\":\"WebSite\",\"@id\":\"https:\/\/showrooms.ggmgastro.com\/#website\",\"url\":\"https:\/\/showrooms.ggmgastro.com\/\",\"name\":\"GGM Gastro Showrooms\",\"description\":\"\",\"publisher\":{\"@id\":\"https:\/\/showrooms.ggmgastro.com\/#organization\"},\"potentialAction\":[{\"@type\":\"SearchAction\",\"target\":{\"@type\":\"EntryPoint\",\"urlTemplate\":\"https:\/\/showrooms.ggmgastro.com\/?s={search_term_string}\"},\"query-input\":{\"@type\":\"PropertyValueSpecification\",\"valueRequired\":true,\"valueName\":\"search_term_string\"}}],\"inLanguage\":\"da-DK\"},{\"@type\":\"Organization\",\"@id\":\"https:\/\/showrooms.ggmgastro.com\/#organization\",\"name\":\"GGM Gastro International GmbH\",\"url\":\"https:\/\/showrooms.ggmgastro.com\/\",\"logo\":{\"@type\":\"ImageObject\",\"inLanguage\":\"da-DK\",\"@id\":\"https:\/\/showrooms.ggmgastro.com\/#\/schema\/logo\/image\/\",\"url\":\"https:\/\/showrooms.ggmgastro.com\/wp-content\/uploads\/ggmgastro-logo-dark-seo.jpg\",\"contentUrl\":\"https:\/\/showrooms.ggmgastro.com\/wp-content\/uploads\/ggmgastro-logo-dark-seo.jpg\",\"width\":696,\"height\":696,\"caption\":\"GGM Gastro International GmbH\"},\"image\":{\"@id\":\"https:\/\/showrooms.ggmgastro.com\/#\/schema\/logo\/image\/\"}}]}<\/script>\n<!-- \/ Yoast SEO plugin. -->","yoast_head_json":{"title":"GGM Gastro auf der Host Milano - GGM Gastro Showrooms","description":"Secure one of 100 free trade fair tickets now!","robots":{"index":"index","follow":"follow","max-snippet":"max-snippet:-1","max-image-preview":"max-image-preview:large","max-video-preview":"max-video-preview:-1"},"canonical":"https:\/\/showrooms.ggmgastro.com\/dk\/host-milano\/","og_locale":"da_DK","og_type":"article","og_title":"GGM Gastro auf der Host Milano - GGM Gastro Showrooms","og_description":"Secure one of 100 free trade fair tickets now!","og_url":"https:\/\/showrooms.ggmgastro.com\/dk\/host-milano\/","og_site_name":"GGM Gastro Showrooms","article_modified_time":"2026-02-20T10:11:13+00:00","og_image":[{"width":1200,"height":1200,"url":"https:\/\/showrooms.ggmgastro.com\/wp-content\/uploads\/Host_Milano.jpg","type":"image\/jpeg"}],"twitter_card":"summary_large_image","twitter_misc":{"Estimeret l\u00e6setid":"1 minut"},"schema":{"@context":"https:\/\/schema.org","@graph":[{"@type":"WebPage","@id":"https:\/\/showrooms.ggmgastro.com\/host-milano\/","url":"https:\/\/showrooms.ggmgastro.com\/host-milano\/","name":"GGM Gastro auf der Host Milano - GGM Gastro Showrooms","isPartOf":{"@id":"https:\/\/showrooms.ggmgastro.com\/#website"},"primaryImageOfPage":{"@id":"https:\/\/showrooms.ggmgastro.com\/host-milano\/#primaryimage"},"image":{"@id":"https:\/\/showrooms.ggmgastro.com\/host-milano\/#primaryimage"},"thumbnailUrl":"https:\/\/showrooms.ggmgastro.com\/wp-content\/uploads\/Host_Milano.jpg","datePublished":"2026-02-17T13:21:49+00:00","dateModified":"2026-02-20T10:11:13+00:00","description":"Secure one of 100 free trade fair tickets now!","breadcrumb":{"@id":"https:\/\/showrooms.ggmgastro.com\/host-milano\/#breadcrumb"},"inLanguage":"da-DK","potentialAction":[{"@type":"ReadAction","target":["https:\/\/showrooms.ggmgastro.com\/host-milano\/"]}]},{"@type":"ImageObject","inLanguage":"da-DK","@id":"https:\/\/showrooms.ggmgastro.com\/host-milano\/#primaryimage","url":"https:\/\/showrooms.ggmgastro.com\/wp-content\/uploads\/Host_Milano.jpg","contentUrl":"https:\/\/showrooms.ggmgastro.com\/wp-content\/uploads\/Host_Milano.jpg","width":1200,"height":1200},{"@type":"BreadcrumbList","@id":"https:\/\/showrooms.ggmgastro.com\/host-milano\/#breadcrumb","itemListElement":[{"@type":"ListItem","position":1,"name":"Startseite","item":"https:\/\/showrooms.ggmgastro.com\/"},{"@type":"ListItem","position":2,"name":"GGM Gastro auf der Host Milano"}]},{"@type":"WebSite","@id":"https:\/\/showrooms.ggmgastro.com\/#website","url":"https:\/\/showrooms.ggmgastro.com\/","name":"GGM Gastro Showrooms","description":"","publisher":{"@id":"https:\/\/showrooms.ggmgastro.com\/#organization"},"potentialAction":[{"@type":"SearchAction","target":{"@type":"EntryPoint","urlTemplate":"https:\/\/showrooms.ggmgastro.com\/?s={search_term_string}"},"query-input":{"@type":"PropertyValueSpecification","valueRequired":true,"valueName":"search_term_string"}}],"inLanguage":"da-DK"},{"@type":"Organization","@id":"https:\/\/showrooms.ggmgastro.com\/#organization","name":"GGM Gastro International GmbH","url":"https:\/\/showrooms.ggmgastro.com\/","logo":{"@type":"ImageObject","inLanguage":"da-DK","@id":"https:\/\/showrooms.ggmgastro.com\/#\/schema\/logo\/image\/","url":"https:\/\/showrooms.ggmgastro.com\/wp-content\/uploads\/ggmgastro-logo-dark-seo.jpg","contentUrl":"https:\/\/showrooms.ggmgastro.com\/wp-content\/uploads\/ggmgastro-logo-dark-seo.jpg","width":696,"height":696,"caption":"GGM Gastro International GmbH"},"image":{"@id":"https:\/\/showrooms.ggmgastro.com\/#\/schema\/logo\/image\/"}}]}},"_links":{"self":[{"href":"https:\/\/showrooms.ggmgastro.com\/dk\/wp-json\/wp\/v2\/pages\/63779","targetHints":{"allow":["GET"]}}],"collection":[{"href":"https:\/\/showrooms.ggmgastro.com\/dk\/wp-json\/wp\/v2\/pages"}],"about":[{"href":"https:\/\/showrooms.ggmgastro.com\/dk\/wp-json\/wp\/v2\/types\/page"}],"author":[{"embeddable":true,"href":"https:\/\/showrooms.ggmgastro.com\/dk\/wp-json\/wp\/v2\/users\/3"}],"replies":[{"embeddable":true,"href":"https:\/\/showrooms.ggmgastro.com\/dk\/wp-json\/wp\/v2\/comments?post=63779"}],"version-history":[{"count":32,"href":"https:\/\/showrooms.ggmgastro.com\/dk\/wp-json\/wp\/v2\/pages\/63779\/revisions"}],"predecessor-version":[{"id":67978,"href":"https:\/\/showrooms.ggmgastro.com\/dk\/wp-json\/wp\/v2\/pages\/63779\/revisions\/67978"}],"wp:featuredmedia":[{"embeddable":true,"href":"https:\/\/showrooms.ggmgastro.com\/dk\/wp-json\/wp\/v2\/media\/67882"}],"wp:attachment":[{"href":"https:\/\/showrooms.ggmgastro.com\/dk\/wp-json\/wp\/v2\/media?parent=63779"}],"wp:term":[{"taxonomy":"showroom_land","embeddable":true,"href":"https:\/\/showrooms.ggmgastro.com\/dk\/wp-json\/wp\/v2\/showroom_land?post=63779"},{"taxonomy":"seitentyp","embeddable":true,"href":"https:\/\/showrooms.ggmgastro.com\/dk\/wp-json\/wp\/v2\/seitentyp?post=63779"}],"curies":[{"name":"wp","href":"https:\/\/api.w.org\/{rel}","templated":true}]}}