{"id":68389,"date":"2026-03-17T15:52:47","date_gmt":"2026-03-17T13:52:47","guid":{"rendered":"https:\/\/showrooms.ggmgastro.com\/?page_id=68389"},"modified":"2026-03-17T15:52:47","modified_gmt":"2026-03-17T13:52:47","slug":"foodexpo","status":"publish","type":"page","link":"https:\/\/showrooms.ggmgastro.com\/dk\/foodexpo\/","title":{"rendered":"GGM Gastro p\u00e5 Foodexpo"},"content":{"rendered":"<section class=\"l-section wpb_row height_large\"><div class=\"l-section-h i-cf\"><div class=\"g-cols vc_row via_grid cols_1 laptops-cols_inherit tablets-cols_inherit mobiles-cols_1 valign_top type_default stacking_default\"><div class=\"wpb_column vc_column_container\"><div class=\"vc_column-inner\"><div class=\"wpb_text_column\"><div class=\"wpb_wrapper\"><p><strong>M\u00f8d GGM Gastro p\u00e5 Foodexpo i Danmark og oplev innovative l\u00f8sninger til professionel gastronomi og moderne foodservicekoncepter.<\/strong><\/p>\n<p>Som Europas f\u00f8rende leverand\u00f8r af cateringudstyr pr\u00e6senterer vi et omfattende sortiment af produkter til mange anvendelser \u2013 fra kraftfulde enkeltapparater til komplette l\u00f8sninger til professionelle k\u00f8kkener, k\u00e6derestauranter, takeaway og detailhandel med f\u00f8devarer.<\/p>\n<p>Oplev praktisk teknologi, effektive k\u00f8kkensystemer og l\u00f8sninger tilpasset branchens daglige behov. Benyt lejligheden til at udveksle id\u00e9er med vores erfarne team og f\u00e5 v\u00e6rdifuld indsigt i optimering af processer og b\u00e6redygtig succes.<\/p>\n<p>Opdag nye muligheder for din virksomhed. Vi gl\u00e6der os til at byde dig velkommen.<\/p>\n<p><strong>Stand M 9630<\/strong><\/p>\n<\/div><\/div><\/div><\/div><\/div><\/div><\/section>","protected":false},"excerpt":{"rendered":"Meet GGM Gastro at Foodexpo in Denmark and discover innovative solutions for professional gastronomy and modern food service concepts. As Europe\u2019s leading supplier of catering equipment, we present a comprehensive range of products designed for a wide variety of applications \u2013 from high-performance individual appliances to well-designed complete solutions for professional kitchens, chain gastronomy, takeaway...","protected":false},"author":7,"featured_media":68474,"parent":0,"menu_order":0,"comment_status":"closed","ping_status":"closed","template":"","meta":{"_acf_changed":false,"iawp_total_views":750,"footnotes":""},"showroom_land":[],"seitentyp":[91],"class_list":["post-68389","page","type-page","status-publish","has-post-thumbnail","hentry","seitentyp-messe"],"acf":[],"yoast_head":"<!-- This site is optimized with the Yoast SEO plugin v26.9 - https:\/\/yoast.com\/product\/yoast-seo-wordpress\/ -->\n<title>GGM Gastro at Foodexpo - GGM Gastro Showrooms<\/title>\n<meta name=\"description\" content=\"Visit GGM Gastro at Foodexpo in Herning and discover professional catering and retail solutions, powerful equipment and expert advice.\" \/>\n<meta name=\"robots\" content=\"index, follow, max-snippet:-1, max-image-preview:large, max-video-preview:-1\" \/>\n<link rel=\"canonical\" href=\"https:\/\/showrooms.ggmgastro.com\/dk\/foodexpo\/\" \/>\n<meta property=\"og:locale\" content=\"da_DK\" \/>\n<meta property=\"og:type\" content=\"article\" \/>\n<meta property=\"og:title\" content=\"GGM Gastro at Foodexpo - GGM Gastro Showrooms\" \/>\n<meta property=\"og:description\" content=\"Visit GGM Gastro at Foodexpo in Herning and discover professional catering and retail solutions, powerful equipment and expert advice.\" \/>\n<meta property=\"og:url\" content=\"https:\/\/showrooms.ggmgastro.com\/dk\/foodexpo\/\" \/>\n<meta property=\"og:site_name\" content=\"GGM Gastro Showrooms\" \/>\n<meta property=\"og:image\" content=\"https:\/\/showrooms.ggmgastro.com\/wp-content\/uploads\/Logo_Foodexpo.jpg\" \/>\n\t<meta property=\"og:image:width\" content=\"1200\" \/>\n\t<meta property=\"og:image:height\" content=\"1200\" \/>\n\t<meta property=\"og:image:type\" content=\"image\/jpeg\" \/>\n<meta name=\"twitter:card\" content=\"summary_large_image\" \/>\n<meta name=\"twitter:label1\" content=\"Estimeret l\u00e6setid\" \/>\n\t<meta name=\"twitter:data1\" content=\"1 minut\" \/>\n<script type=\"application\/ld+json\" class=\"yoast-schema-graph\">{\"@context\":\"https:\/\/schema.org\",\"@graph\":[{\"@type\":\"WebPage\",\"@id\":\"https:\/\/showrooms.ggmgastro.com\/foodexpo\/\",\"url\":\"https:\/\/showrooms.ggmgastro.com\/foodexpo\/\",\"name\":\"GGM Gastro at Foodexpo - GGM Gastro Showrooms\",\"isPartOf\":{\"@id\":\"https:\/\/showrooms.ggmgastro.com\/#website\"},\"primaryImageOfPage\":{\"@id\":\"https:\/\/showrooms.ggmgastro.com\/foodexpo\/#primaryimage\"},\"image\":{\"@id\":\"https:\/\/showrooms.ggmgastro.com\/foodexpo\/#primaryimage\"},\"thumbnailUrl\":\"https:\/\/showrooms.ggmgastro.com\/wp-content\/uploads\/Logo_Foodexpo.jpg\",\"datePublished\":\"2026-03-17T13:52:47+00:00\",\"description\":\"Visit GGM Gastro at Foodexpo in Herning and discover professional catering and retail solutions, powerful equipment and expert advice.\",\"breadcrumb\":{\"@id\":\"https:\/\/showrooms.ggmgastro.com\/foodexpo\/#breadcrumb\"},\"inLanguage\":\"da-DK\",\"potentialAction\":[{\"@type\":\"ReadAction\",\"target\":[\"https:\/\/showrooms.ggmgastro.com\/foodexpo\/\"]}]},{\"@type\":\"ImageObject\",\"inLanguage\":\"da-DK\",\"@id\":\"https:\/\/showrooms.ggmgastro.com\/foodexpo\/#primaryimage\",\"url\":\"https:\/\/showrooms.ggmgastro.com\/wp-content\/uploads\/Logo_Foodexpo.jpg\",\"contentUrl\":\"https:\/\/showrooms.ggmgastro.com\/wp-content\/uploads\/Logo_Foodexpo.jpg\",\"width\":1200,\"height\":1200,\"caption\":\"Foodexpo_Logo\"},{\"@type\":\"BreadcrumbList\",\"@id\":\"https:\/\/showrooms.ggmgastro.com\/foodexpo\/#breadcrumb\",\"itemListElement\":[{\"@type\":\"ListItem\",\"position\":1,\"name\":\"Startseite\",\"item\":\"https:\/\/showrooms.ggmgastro.com\/\"},{\"@type\":\"ListItem\",\"position\":2,\"name\":\"GGM Gastro at Foodexpo\"}]},{\"@type\":\"WebSite\",\"@id\":\"https:\/\/showrooms.ggmgastro.com\/#website\",\"url\":\"https:\/\/showrooms.ggmgastro.com\/\",\"name\":\"GGM Gastro Showrooms\",\"description\":\"\",\"publisher\":{\"@id\":\"https:\/\/showrooms.ggmgastro.com\/#organization\"},\"potentialAction\":[{\"@type\":\"SearchAction\",\"target\":{\"@type\":\"EntryPoint\",\"urlTemplate\":\"https:\/\/showrooms.ggmgastro.com\/?s={search_term_string}\"},\"query-input\":{\"@type\":\"PropertyValueSpecification\",\"valueRequired\":true,\"valueName\":\"search_term_string\"}}],\"inLanguage\":\"da-DK\"},{\"@type\":\"Organization\",\"@id\":\"https:\/\/showrooms.ggmgastro.com\/#organization\",\"name\":\"GGM Gastro International GmbH\",\"url\":\"https:\/\/showrooms.ggmgastro.com\/\",\"logo\":{\"@type\":\"ImageObject\",\"inLanguage\":\"da-DK\",\"@id\":\"https:\/\/showrooms.ggmgastro.com\/#\/schema\/logo\/image\/\",\"url\":\"https:\/\/showrooms.ggmgastro.com\/wp-content\/uploads\/ggmgastro-logo-dark-seo.jpg\",\"contentUrl\":\"https:\/\/showrooms.ggmgastro.com\/wp-content\/uploads\/ggmgastro-logo-dark-seo.jpg\",\"width\":696,\"height\":696,\"caption\":\"GGM Gastro International GmbH\"},\"image\":{\"@id\":\"https:\/\/showrooms.ggmgastro.com\/#\/schema\/logo\/image\/\"}}]}<\/script>\n<!-- \/ Yoast SEO plugin. -->","yoast_head_json":{"title":"GGM Gastro at Foodexpo - GGM Gastro Showrooms","description":"Visit GGM Gastro at Foodexpo in Herning and discover professional catering and retail solutions, powerful equipment and expert advice.","robots":{"index":"index","follow":"follow","max-snippet":"max-snippet:-1","max-image-preview":"max-image-preview:large","max-video-preview":"max-video-preview:-1"},"canonical":"https:\/\/showrooms.ggmgastro.com\/dk\/foodexpo\/","og_locale":"da_DK","og_type":"article","og_title":"GGM Gastro at Foodexpo - GGM Gastro Showrooms","og_description":"Visit GGM Gastro at Foodexpo in Herning and discover professional catering and retail solutions, powerful equipment and expert advice.","og_url":"https:\/\/showrooms.ggmgastro.com\/dk\/foodexpo\/","og_site_name":"GGM Gastro Showrooms","og_image":[{"width":1200,"height":1200,"url":"https:\/\/showrooms.ggmgastro.com\/wp-content\/uploads\/Logo_Foodexpo.jpg","type":"image\/jpeg"}],"twitter_card":"summary_large_image","twitter_misc":{"Estimeret l\u00e6setid":"1 minut"},"schema":{"@context":"https:\/\/schema.org","@graph":[{"@type":"WebPage","@id":"https:\/\/showrooms.ggmgastro.com\/foodexpo\/","url":"https:\/\/showrooms.ggmgastro.com\/foodexpo\/","name":"GGM Gastro at Foodexpo - GGM Gastro Showrooms","isPartOf":{"@id":"https:\/\/showrooms.ggmgastro.com\/#website"},"primaryImageOfPage":{"@id":"https:\/\/showrooms.ggmgastro.com\/foodexpo\/#primaryimage"},"image":{"@id":"https:\/\/showrooms.ggmgastro.com\/foodexpo\/#primaryimage"},"thumbnailUrl":"https:\/\/showrooms.ggmgastro.com\/wp-content\/uploads\/Logo_Foodexpo.jpg","datePublished":"2026-03-17T13:52:47+00:00","description":"Visit GGM Gastro at Foodexpo in Herning and discover professional catering and retail solutions, powerful equipment and expert advice.","breadcrumb":{"@id":"https:\/\/showrooms.ggmgastro.com\/foodexpo\/#breadcrumb"},"inLanguage":"da-DK","potentialAction":[{"@type":"ReadAction","target":["https:\/\/showrooms.ggmgastro.com\/foodexpo\/"]}]},{"@type":"ImageObject","inLanguage":"da-DK","@id":"https:\/\/showrooms.ggmgastro.com\/foodexpo\/#primaryimage","url":"https:\/\/showrooms.ggmgastro.com\/wp-content\/uploads\/Logo_Foodexpo.jpg","contentUrl":"https:\/\/showrooms.ggmgastro.com\/wp-content\/uploads\/Logo_Foodexpo.jpg","width":1200,"height":1200,"caption":"Foodexpo_Logo"},{"@type":"BreadcrumbList","@id":"https:\/\/showrooms.ggmgastro.com\/foodexpo\/#breadcrumb","itemListElement":[{"@type":"ListItem","position":1,"name":"Startseite","item":"https:\/\/showrooms.ggmgastro.com\/"},{"@type":"ListItem","position":2,"name":"GGM Gastro at Foodexpo"}]},{"@type":"WebSite","@id":"https:\/\/showrooms.ggmgastro.com\/#website","url":"https:\/\/showrooms.ggmgastro.com\/","name":"GGM Gastro Showrooms","description":"","publisher":{"@id":"https:\/\/showrooms.ggmgastro.com\/#organization"},"potentialAction":[{"@type":"SearchAction","target":{"@type":"EntryPoint","urlTemplate":"https:\/\/showrooms.ggmgastro.com\/?s={search_term_string}"},"query-input":{"@type":"PropertyValueSpecification","valueRequired":true,"valueName":"search_term_string"}}],"inLanguage":"da-DK"},{"@type":"Organization","@id":"https:\/\/showrooms.ggmgastro.com\/#organization","name":"GGM Gastro International GmbH","url":"https:\/\/showrooms.ggmgastro.com\/","logo":{"@type":"ImageObject","inLanguage":"da-DK","@id":"https:\/\/showrooms.ggmgastro.com\/#\/schema\/logo\/image\/","url":"https:\/\/showrooms.ggmgastro.com\/wp-content\/uploads\/ggmgastro-logo-dark-seo.jpg","contentUrl":"https:\/\/showrooms.ggmgastro.com\/wp-content\/uploads\/ggmgastro-logo-dark-seo.jpg","width":696,"height":696,"caption":"GGM Gastro International GmbH"},"image":{"@id":"https:\/\/showrooms.ggmgastro.com\/#\/schema\/logo\/image\/"}}]}},"_links":{"self":[{"href":"https:\/\/showrooms.ggmgastro.com\/dk\/wp-json\/wp\/v2\/pages\/68389","targetHints":{"allow":["GET"]}}],"collection":[{"href":"https:\/\/showrooms.ggmgastro.com\/dk\/wp-json\/wp\/v2\/pages"}],"about":[{"href":"https:\/\/showrooms.ggmgastro.com\/dk\/wp-json\/wp\/v2\/types\/page"}],"author":[{"embeddable":true,"href":"https:\/\/showrooms.ggmgastro.com\/dk\/wp-json\/wp\/v2\/users\/7"}],"replies":[{"embeddable":true,"href":"https:\/\/showrooms.ggmgastro.com\/dk\/wp-json\/wp\/v2\/comments?post=68389"}],"version-history":[{"count":4,"href":"https:\/\/showrooms.ggmgastro.com\/dk\/wp-json\/wp\/v2\/pages\/68389\/revisions"}],"predecessor-version":[{"id":68505,"href":"https:\/\/showrooms.ggmgastro.com\/dk\/wp-json\/wp\/v2\/pages\/68389\/revisions\/68505"}],"wp:featuredmedia":[{"embeddable":true,"href":"https:\/\/showrooms.ggmgastro.com\/dk\/wp-json\/wp\/v2\/media\/68474"}],"wp:attachment":[{"href":"https:\/\/showrooms.ggmgastro.com\/dk\/wp-json\/wp\/v2\/media?parent=68389"}],"wp:term":[{"taxonomy":"showroom_land","embeddable":true,"href":"https:\/\/showrooms.ggmgastro.com\/dk\/wp-json\/wp\/v2\/showroom_land?post=68389"},{"taxonomy":"seitentyp","embeddable":true,"href":"https:\/\/showrooms.ggmgastro.com\/dk\/wp-json\/wp\/v2\/seitentyp?post=68389"}],"curies":[{"name":"wp","href":"https:\/\/api.w.org\/{rel}","templated":true}]}}