{"id":9744,"date":"2025-03-21T14:14:31","date_gmt":"2025-03-21T14:14:31","guid":{"rendered":"https:\/\/showrooms.ggmgastro.com\/?page_id=9744"},"modified":"2026-02-25T10:28:47","modified_gmt":"2026-02-25T08:28:47","slug":"netherlands-amsterdam","status":"publish","type":"page","link":"https:\/\/showrooms.ggmgastro.com\/dk\/netherlands-amsterdam\/","title":{"rendered":"GGM Gastro Amsterdam | Holland"},"content":{"rendered":"<p>Velkommen til en af GGM Gastros to afdelinger i Holland! Vores showroom i Amsterdam str\u00e6kker sig over to etager og mere end 700\u202fm\u00b2 udstillingsplads. Vores eksperter p\u00e5 stedet tilbyder personlig r\u00e5dgivning om de bedste l\u00f8sninger til dit professionelle k\u00f8kken.<\/p>","protected":false},"excerpt":{"rendered":"<p>Velkommen til en af GGM Gastros to afdelinger i Holland! Vores showroom i Amsterdam str\u00e6kker sig over to etager og mere end 700\u202fm\u00b2 udstillingsplads. Vores eksperter p\u00e5 stedet tilbyder personlig r\u00e5dgivning om de bedste l\u00f8sninger til dit professionelle k\u00f8kken.<\/p>","protected":false},"author":1,"featured_media":9749,"parent":0,"menu_order":0,"comment_status":"closed","ping_status":"closed","template":"","meta":{"_acf_changed":false,"iawp_total_views":47405,"footnotes":""},"showroom_land":[45],"seitentyp":[87],"class_list":["post-9744","page","type-page","status-publish","has-post-thumbnail","hentry","showroom_land-niederlande","seitentyp-showroom"],"acf":[],"yoast_head":"<!-- This site is optimized with the Yoast SEO plugin v26.9 - https:\/\/yoast.com\/product\/yoast-seo-wordpress\/ -->\n<title>GGM Gastro Amsterdam | Netherlands - GGM Gastro Showrooms<\/title>\n<meta name=\"robots\" content=\"index, follow, max-snippet:-1, max-image-preview:large, max-video-preview:-1\" \/>\n<link rel=\"canonical\" href=\"https:\/\/showrooms.ggmgastro.com\/dk\/netherlands-amsterdam\/\" \/>\n<meta property=\"og:locale\" content=\"da_DK\" \/>\n<meta property=\"og:type\" content=\"article\" \/>\n<meta property=\"og:title\" content=\"GGM Gastro Amsterdam | Netherlands - GGM Gastro Showrooms\" \/>\n<meta property=\"og:description\" content=\"Welcome to one of two GGM Gastro locations in the Netherlands! Our Amsterdam showroom extends over two floors with more than 700 m\u00b2 of display space. On the shop floor, our team of experts provides personalised advice on the best solutions for your commercial kitchen.\" \/>\n<meta property=\"og:url\" content=\"https:\/\/showrooms.ggmgastro.com\/dk\/netherlands-amsterdam\/\" \/>\n<meta property=\"og:site_name\" content=\"GGM Gastro Showrooms\" \/>\n<meta property=\"article:modified_time\" content=\"2026-02-25T08:28:47+00:00\" \/>\n<meta property=\"og:image\" content=\"https:\/\/showrooms.ggmgastro.com\/wp-content\/uploads\/Niederlande_Amsterdam.webp\" \/>\n\t<meta property=\"og:image:width\" content=\"900\" \/>\n\t<meta property=\"og:image:height\" content=\"900\" \/>\n\t<meta property=\"og:image:type\" content=\"image\/webp\" \/>\n<meta name=\"twitter:card\" content=\"summary_large_image\" \/>\n<meta name=\"twitter:label1\" content=\"Estimeret l\u00e6setid\" \/>\n\t<meta name=\"twitter:data1\" content=\"1 minut\" \/>\n<script type=\"application\/ld+json\" class=\"yoast-schema-graph\">{\"@context\":\"https:\/\/schema.org\",\"@graph\":[{\"@type\":\"WebPage\",\"@id\":\"https:\/\/showrooms.ggmgastro.com\/netherlands-amsterdam\/\",\"url\":\"https:\/\/showrooms.ggmgastro.com\/netherlands-amsterdam\/\",\"name\":\"GGM Gastro Amsterdam | Netherlands - GGM Gastro Showrooms\",\"isPartOf\":{\"@id\":\"https:\/\/showrooms.ggmgastro.com\/#website\"},\"primaryImageOfPage\":{\"@id\":\"https:\/\/showrooms.ggmgastro.com\/netherlands-amsterdam\/#primaryimage\"},\"image\":{\"@id\":\"https:\/\/showrooms.ggmgastro.com\/netherlands-amsterdam\/#primaryimage\"},\"thumbnailUrl\":\"https:\/\/showrooms.ggmgastro.com\/wp-content\/uploads\/Niederlande_Amsterdam.webp\",\"datePublished\":\"2025-03-21T14:14:31+00:00\",\"dateModified\":\"2026-02-25T08:28:47+00:00\",\"breadcrumb\":{\"@id\":\"https:\/\/showrooms.ggmgastro.com\/netherlands-amsterdam\/#breadcrumb\"},\"inLanguage\":\"da-DK\",\"potentialAction\":[{\"@type\":\"ReadAction\",\"target\":[\"https:\/\/showrooms.ggmgastro.com\/netherlands-amsterdam\/\"]}]},{\"@type\":\"ImageObject\",\"inLanguage\":\"da-DK\",\"@id\":\"https:\/\/showrooms.ggmgastro.com\/netherlands-amsterdam\/#primaryimage\",\"url\":\"https:\/\/showrooms.ggmgastro.com\/wp-content\/uploads\/Niederlande_Amsterdam.webp\",\"contentUrl\":\"https:\/\/showrooms.ggmgastro.com\/wp-content\/uploads\/Niederlande_Amsterdam.webp\",\"width\":900,\"height\":900},{\"@type\":\"BreadcrumbList\",\"@id\":\"https:\/\/showrooms.ggmgastro.com\/netherlands-amsterdam\/#breadcrumb\",\"itemListElement\":[{\"@type\":\"ListItem\",\"position\":1,\"name\":\"Startseite\",\"item\":\"https:\/\/showrooms.ggmgastro.com\/\"},{\"@type\":\"ListItem\",\"position\":2,\"name\":\"GGM Gastro Amsterdam | Netherlands\"}]},{\"@type\":\"WebSite\",\"@id\":\"https:\/\/showrooms.ggmgastro.com\/#website\",\"url\":\"https:\/\/showrooms.ggmgastro.com\/\",\"name\":\"GGM Gastro Showrooms\",\"description\":\"\",\"publisher\":{\"@id\":\"https:\/\/showrooms.ggmgastro.com\/#organization\"},\"potentialAction\":[{\"@type\":\"SearchAction\",\"target\":{\"@type\":\"EntryPoint\",\"urlTemplate\":\"https:\/\/showrooms.ggmgastro.com\/?s={search_term_string}\"},\"query-input\":{\"@type\":\"PropertyValueSpecification\",\"valueRequired\":true,\"valueName\":\"search_term_string\"}}],\"inLanguage\":\"da-DK\"},{\"@type\":\"Organization\",\"@id\":\"https:\/\/showrooms.ggmgastro.com\/#organization\",\"name\":\"GGM Gastro International GmbH\",\"url\":\"https:\/\/showrooms.ggmgastro.com\/\",\"logo\":{\"@type\":\"ImageObject\",\"inLanguage\":\"da-DK\",\"@id\":\"https:\/\/showrooms.ggmgastro.com\/#\/schema\/logo\/image\/\",\"url\":\"https:\/\/showrooms.ggmgastro.com\/wp-content\/uploads\/ggmgastro-logo-dark-seo.jpg\",\"contentUrl\":\"https:\/\/showrooms.ggmgastro.com\/wp-content\/uploads\/ggmgastro-logo-dark-seo.jpg\",\"width\":696,\"height\":696,\"caption\":\"GGM Gastro International GmbH\"},\"image\":{\"@id\":\"https:\/\/showrooms.ggmgastro.com\/#\/schema\/logo\/image\/\"}}]}<\/script>\n<!-- \/ Yoast SEO plugin. -->","yoast_head_json":{"title":"GGM Gastro Amsterdam | Netherlands - GGM Gastro Showrooms","robots":{"index":"index","follow":"follow","max-snippet":"max-snippet:-1","max-image-preview":"max-image-preview:large","max-video-preview":"max-video-preview:-1"},"canonical":"https:\/\/showrooms.ggmgastro.com\/dk\/netherlands-amsterdam\/","og_locale":"da_DK","og_type":"article","og_title":"GGM Gastro Amsterdam | Netherlands - GGM Gastro Showrooms","og_description":"Welcome to one of two GGM Gastro locations in the Netherlands! Our Amsterdam showroom extends over two floors with more than 700 m\u00b2 of display space. On the shop floor, our team of experts provides personalised advice on the best solutions for your commercial kitchen.","og_url":"https:\/\/showrooms.ggmgastro.com\/dk\/netherlands-amsterdam\/","og_site_name":"GGM Gastro Showrooms","article_modified_time":"2026-02-25T08:28:47+00:00","og_image":[{"width":900,"height":900,"url":"https:\/\/showrooms.ggmgastro.com\/wp-content\/uploads\/Niederlande_Amsterdam.webp","type":"image\/webp"}],"twitter_card":"summary_large_image","twitter_misc":{"Estimeret l\u00e6setid":"1 minut"},"schema":{"@context":"https:\/\/schema.org","@graph":[{"@type":"WebPage","@id":"https:\/\/showrooms.ggmgastro.com\/netherlands-amsterdam\/","url":"https:\/\/showrooms.ggmgastro.com\/netherlands-amsterdam\/","name":"GGM Gastro Amsterdam | Netherlands - GGM Gastro Showrooms","isPartOf":{"@id":"https:\/\/showrooms.ggmgastro.com\/#website"},"primaryImageOfPage":{"@id":"https:\/\/showrooms.ggmgastro.com\/netherlands-amsterdam\/#primaryimage"},"image":{"@id":"https:\/\/showrooms.ggmgastro.com\/netherlands-amsterdam\/#primaryimage"},"thumbnailUrl":"https:\/\/showrooms.ggmgastro.com\/wp-content\/uploads\/Niederlande_Amsterdam.webp","datePublished":"2025-03-21T14:14:31+00:00","dateModified":"2026-02-25T08:28:47+00:00","breadcrumb":{"@id":"https:\/\/showrooms.ggmgastro.com\/netherlands-amsterdam\/#breadcrumb"},"inLanguage":"da-DK","potentialAction":[{"@type":"ReadAction","target":["https:\/\/showrooms.ggmgastro.com\/netherlands-amsterdam\/"]}]},{"@type":"ImageObject","inLanguage":"da-DK","@id":"https:\/\/showrooms.ggmgastro.com\/netherlands-amsterdam\/#primaryimage","url":"https:\/\/showrooms.ggmgastro.com\/wp-content\/uploads\/Niederlande_Amsterdam.webp","contentUrl":"https:\/\/showrooms.ggmgastro.com\/wp-content\/uploads\/Niederlande_Amsterdam.webp","width":900,"height":900},{"@type":"BreadcrumbList","@id":"https:\/\/showrooms.ggmgastro.com\/netherlands-amsterdam\/#breadcrumb","itemListElement":[{"@type":"ListItem","position":1,"name":"Startseite","item":"https:\/\/showrooms.ggmgastro.com\/"},{"@type":"ListItem","position":2,"name":"GGM Gastro Amsterdam | Netherlands"}]},{"@type":"WebSite","@id":"https:\/\/showrooms.ggmgastro.com\/#website","url":"https:\/\/showrooms.ggmgastro.com\/","name":"GGM Gastro Showrooms","description":"","publisher":{"@id":"https:\/\/showrooms.ggmgastro.com\/#organization"},"potentialAction":[{"@type":"SearchAction","target":{"@type":"EntryPoint","urlTemplate":"https:\/\/showrooms.ggmgastro.com\/?s={search_term_string}"},"query-input":{"@type":"PropertyValueSpecification","valueRequired":true,"valueName":"search_term_string"}}],"inLanguage":"da-DK"},{"@type":"Organization","@id":"https:\/\/showrooms.ggmgastro.com\/#organization","name":"GGM Gastro International GmbH","url":"https:\/\/showrooms.ggmgastro.com\/","logo":{"@type":"ImageObject","inLanguage":"da-DK","@id":"https:\/\/showrooms.ggmgastro.com\/#\/schema\/logo\/image\/","url":"https:\/\/showrooms.ggmgastro.com\/wp-content\/uploads\/ggmgastro-logo-dark-seo.jpg","contentUrl":"https:\/\/showrooms.ggmgastro.com\/wp-content\/uploads\/ggmgastro-logo-dark-seo.jpg","width":696,"height":696,"caption":"GGM Gastro International GmbH"},"image":{"@id":"https:\/\/showrooms.ggmgastro.com\/#\/schema\/logo\/image\/"}}]}},"_links":{"self":[{"href":"https:\/\/showrooms.ggmgastro.com\/dk\/wp-json\/wp\/v2\/pages\/9744","targetHints":{"allow":["GET"]}}],"collection":[{"href":"https:\/\/showrooms.ggmgastro.com\/dk\/wp-json\/wp\/v2\/pages"}],"about":[{"href":"https:\/\/showrooms.ggmgastro.com\/dk\/wp-json\/wp\/v2\/types\/page"}],"author":[{"embeddable":true,"href":"https:\/\/showrooms.ggmgastro.com\/dk\/wp-json\/wp\/v2\/users\/1"}],"replies":[{"embeddable":true,"href":"https:\/\/showrooms.ggmgastro.com\/dk\/wp-json\/wp\/v2\/comments?post=9744"}],"version-history":[{"count":41,"href":"https:\/\/showrooms.ggmgastro.com\/dk\/wp-json\/wp\/v2\/pages\/9744\/revisions"}],"predecessor-version":[{"id":68093,"href":"https:\/\/showrooms.ggmgastro.com\/dk\/wp-json\/wp\/v2\/pages\/9744\/revisions\/68093"}],"wp:featuredmedia":[{"embeddable":true,"href":"https:\/\/showrooms.ggmgastro.com\/dk\/wp-json\/wp\/v2\/media\/9749"}],"wp:attachment":[{"href":"https:\/\/showrooms.ggmgastro.com\/dk\/wp-json\/wp\/v2\/media?parent=9744"}],"wp:term":[{"taxonomy":"showroom_land","embeddable":true,"href":"https:\/\/showrooms.ggmgastro.com\/dk\/wp-json\/wp\/v2\/showroom_land?post=9744"},{"taxonomy":"seitentyp","embeddable":true,"href":"https:\/\/showrooms.ggmgastro.com\/dk\/wp-json\/wp\/v2\/seitentyp?post=9744"}],"curies":[{"name":"wp","href":"https:\/\/api.w.org\/{rel}","templated":true}]}}