{"id":10185,"date":"2025-04-17T07:26:36","date_gmt":"2025-04-17T07:26:36","guid":{"rendered":"https:\/\/showrooms.ggmgastro.com\/?page_id=10185"},"modified":"2026-02-09T09:19:13","modified_gmt":"2026-02-09T07:19:13","slug":"germany-berlin-falkensee","status":"publish","type":"page","link":"https:\/\/showrooms.ggmgastro.com\/es\/germany-berlin-falkensee\/","title":{"rendered":"GGM Gastro Berl\u00edn Falkensee"},"content":{"rendered":"<p>Le invitamos a visitar nuestro Showroom GGM Gastro en Berl\u00edn Falkensee, uno de nuestros dos centros en la capital alemana. Aqu\u00ed encontrar\u00e1 m\u00e1s de 1.000 equipos de hosteler\u00eda de alta calidad en exposici\u00f3n.\n\nNuestro equipo estar\u00e1 encantado de ofrecerle un asesoramiento experto y personalizado, para que juntos encontremos las mejores soluciones para su establecimiento.\n\n\u00a1Estaremos encantados de recibirle pronto!<\/p>","protected":false},"excerpt":{"rendered":"<p>Le invitamos a visitar nuestro Showroom GGM Gastro en Berl\u00edn Falkensee, uno de nuestros dos centros en la capital alemana. Aqu\u00ed encontrar\u00e1 m\u00e1s de 1.000 equipos de hosteler\u00eda de alta calidad en exposici\u00f3n.\n\nNuestro equipo estar\u00e1 encantado de ofrecerle un asesoramiento experto y personalizado, para que juntos encontremos las mejores soluciones para su establecimiento.\n\n\u00a1Estaremos encantados de recibirle pronto!<\/p>","protected":false},"author":3,"featured_media":10186,"parent":0,"menu_order":0,"comment_status":"closed","ping_status":"closed","template":"","meta":{"_acf_changed":false,"iawp_total_views":34897,"footnotes":""},"showroom_land":[43],"seitentyp":[87],"class_list":["post-10185","page","type-page","status-publish","has-post-thumbnail","hentry","showroom_land-deutschland","seitentyp-showroom"],"acf":[],"yoast_head":"<!-- This site is optimized with the Yoast SEO plugin v26.9 - https:\/\/yoast.com\/product\/yoast-seo-wordpress\/ -->\n<title>GGM Gastro Berlin Falkensee - GGM Gastro Showrooms<\/title>\n<meta name=\"robots\" content=\"index, follow, max-snippet:-1, max-image-preview:large, max-video-preview:-1\" \/>\n<link rel=\"canonical\" href=\"https:\/\/showrooms.ggmgastro.com\/es\/germany-berlin-falkensee\/\" \/>\n<meta property=\"og:locale\" content=\"es_ES\" \/>\n<meta property=\"og:type\" content=\"article\" \/>\n<meta property=\"og:title\" content=\"GGM Gastro Berlin Falkensee - GGM Gastro Showrooms\" \/>\n<meta property=\"og:description\" content=\"As one of our two Berlin locations, the GGM Gastro showroom in Berlin Falkensee displays more than 1,000 items of high-quality catering &amp; food service equipment. A knowledgeable team provides professional advice on the best solution for your hospitality business. We look forward to your visit!\" \/>\n<meta property=\"og:url\" content=\"https:\/\/showrooms.ggmgastro.com\/es\/germany-berlin-falkensee\/\" \/>\n<meta property=\"og:site_name\" content=\"GGM Gastro Showrooms\" \/>\n<meta property=\"article:modified_time\" content=\"2026-02-09T07:19:13+00:00\" \/>\n<meta property=\"og:image\" content=\"https:\/\/showrooms.ggmgastro.com\/wp-content\/uploads\/2021-04-01.webp\" \/>\n\t<meta property=\"og:image:width\" content=\"680\" \/>\n\t<meta property=\"og:image:height\" content=\"433\" \/>\n\t<meta property=\"og:image:type\" content=\"image\/webp\" \/>\n<meta name=\"twitter:card\" content=\"summary_large_image\" \/>\n<meta name=\"twitter:label1\" content=\"Tiempo de lectura\" \/>\n\t<meta name=\"twitter:data1\" content=\"1 minuto\" \/>\n<script type=\"application\/ld+json\" class=\"yoast-schema-graph\">{\"@context\":\"https:\/\/schema.org\",\"@graph\":[{\"@type\":\"WebPage\",\"@id\":\"https:\/\/showrooms.ggmgastro.com\/germany-berlin-falkensee\/\",\"url\":\"https:\/\/showrooms.ggmgastro.com\/germany-berlin-falkensee\/\",\"name\":\"GGM Gastro Berlin Falkensee - GGM Gastro Showrooms\",\"isPartOf\":{\"@id\":\"https:\/\/showrooms.ggmgastro.com\/#website\"},\"primaryImageOfPage\":{\"@id\":\"https:\/\/showrooms.ggmgastro.com\/germany-berlin-falkensee\/#primaryimage\"},\"image\":{\"@id\":\"https:\/\/showrooms.ggmgastro.com\/germany-berlin-falkensee\/#primaryimage\"},\"thumbnailUrl\":\"https:\/\/showrooms.ggmgastro.com\/wp-content\/uploads\/2021-04-01.webp\",\"datePublished\":\"2025-04-17T07:26:36+00:00\",\"dateModified\":\"2026-02-09T07:19:13+00:00\",\"breadcrumb\":{\"@id\":\"https:\/\/showrooms.ggmgastro.com\/germany-berlin-falkensee\/#breadcrumb\"},\"inLanguage\":\"es\",\"potentialAction\":[{\"@type\":\"ReadAction\",\"target\":[\"https:\/\/showrooms.ggmgastro.com\/germany-berlin-falkensee\/\"]}]},{\"@type\":\"ImageObject\",\"inLanguage\":\"es\",\"@id\":\"https:\/\/showrooms.ggmgastro.com\/germany-berlin-falkensee\/#primaryimage\",\"url\":\"https:\/\/showrooms.ggmgastro.com\/wp-content\/uploads\/2021-04-01.webp\",\"contentUrl\":\"https:\/\/showrooms.ggmgastro.com\/wp-content\/uploads\/2021-04-01.webp\",\"width\":680,\"height\":433},{\"@type\":\"BreadcrumbList\",\"@id\":\"https:\/\/showrooms.ggmgastro.com\/germany-berlin-falkensee\/#breadcrumb\",\"itemListElement\":[{\"@type\":\"ListItem\",\"position\":1,\"name\":\"Startseite\",\"item\":\"https:\/\/showrooms.ggmgastro.com\/\"},{\"@type\":\"ListItem\",\"position\":2,\"name\":\"GGM Gastro Berlin Falkensee\"}]},{\"@type\":\"WebSite\",\"@id\":\"https:\/\/showrooms.ggmgastro.com\/#website\",\"url\":\"https:\/\/showrooms.ggmgastro.com\/\",\"name\":\"GGM Gastro Showrooms\",\"description\":\"\",\"publisher\":{\"@id\":\"https:\/\/showrooms.ggmgastro.com\/#organization\"},\"potentialAction\":[{\"@type\":\"SearchAction\",\"target\":{\"@type\":\"EntryPoint\",\"urlTemplate\":\"https:\/\/showrooms.ggmgastro.com\/?s={search_term_string}\"},\"query-input\":{\"@type\":\"PropertyValueSpecification\",\"valueRequired\":true,\"valueName\":\"search_term_string\"}}],\"inLanguage\":\"es\"},{\"@type\":\"Organization\",\"@id\":\"https:\/\/showrooms.ggmgastro.com\/#organization\",\"name\":\"GGM Gastro International GmbH\",\"url\":\"https:\/\/showrooms.ggmgastro.com\/\",\"logo\":{\"@type\":\"ImageObject\",\"inLanguage\":\"es\",\"@id\":\"https:\/\/showrooms.ggmgastro.com\/#\/schema\/logo\/image\/\",\"url\":\"https:\/\/showrooms.ggmgastro.com\/wp-content\/uploads\/ggmgastro-logo-dark-seo.jpg\",\"contentUrl\":\"https:\/\/showrooms.ggmgastro.com\/wp-content\/uploads\/ggmgastro-logo-dark-seo.jpg\",\"width\":696,\"height\":696,\"caption\":\"GGM Gastro International GmbH\"},\"image\":{\"@id\":\"https:\/\/showrooms.ggmgastro.com\/#\/schema\/logo\/image\/\"}}]}<\/script>\n<!-- \/ Yoast SEO plugin. -->","yoast_head_json":{"title":"GGM Gastro Berlin Falkensee - GGM Gastro Showrooms","robots":{"index":"index","follow":"follow","max-snippet":"max-snippet:-1","max-image-preview":"max-image-preview:large","max-video-preview":"max-video-preview:-1"},"canonical":"https:\/\/showrooms.ggmgastro.com\/es\/germany-berlin-falkensee\/","og_locale":"es_ES","og_type":"article","og_title":"GGM Gastro Berlin Falkensee - GGM Gastro Showrooms","og_description":"As one of our two Berlin locations, the GGM Gastro showroom in Berlin Falkensee displays more than 1,000 items of high-quality catering &amp; food service equipment. A knowledgeable team provides professional advice on the best solution for your hospitality business. We look forward to your visit!","og_url":"https:\/\/showrooms.ggmgastro.com\/es\/germany-berlin-falkensee\/","og_site_name":"GGM Gastro Showrooms","article_modified_time":"2026-02-09T07:19:13+00:00","og_image":[{"width":680,"height":433,"url":"https:\/\/showrooms.ggmgastro.com\/wp-content\/uploads\/2021-04-01.webp","type":"image\/webp"}],"twitter_card":"summary_large_image","twitter_misc":{"Tiempo de lectura":"1 minuto"},"schema":{"@context":"https:\/\/schema.org","@graph":[{"@type":"WebPage","@id":"https:\/\/showrooms.ggmgastro.com\/germany-berlin-falkensee\/","url":"https:\/\/showrooms.ggmgastro.com\/germany-berlin-falkensee\/","name":"GGM Gastro Berlin Falkensee - GGM Gastro Showrooms","isPartOf":{"@id":"https:\/\/showrooms.ggmgastro.com\/#website"},"primaryImageOfPage":{"@id":"https:\/\/showrooms.ggmgastro.com\/germany-berlin-falkensee\/#primaryimage"},"image":{"@id":"https:\/\/showrooms.ggmgastro.com\/germany-berlin-falkensee\/#primaryimage"},"thumbnailUrl":"https:\/\/showrooms.ggmgastro.com\/wp-content\/uploads\/2021-04-01.webp","datePublished":"2025-04-17T07:26:36+00:00","dateModified":"2026-02-09T07:19:13+00:00","breadcrumb":{"@id":"https:\/\/showrooms.ggmgastro.com\/germany-berlin-falkensee\/#breadcrumb"},"inLanguage":"es","potentialAction":[{"@type":"ReadAction","target":["https:\/\/showrooms.ggmgastro.com\/germany-berlin-falkensee\/"]}]},{"@type":"ImageObject","inLanguage":"es","@id":"https:\/\/showrooms.ggmgastro.com\/germany-berlin-falkensee\/#primaryimage","url":"https:\/\/showrooms.ggmgastro.com\/wp-content\/uploads\/2021-04-01.webp","contentUrl":"https:\/\/showrooms.ggmgastro.com\/wp-content\/uploads\/2021-04-01.webp","width":680,"height":433},{"@type":"BreadcrumbList","@id":"https:\/\/showrooms.ggmgastro.com\/germany-berlin-falkensee\/#breadcrumb","itemListElement":[{"@type":"ListItem","position":1,"name":"Startseite","item":"https:\/\/showrooms.ggmgastro.com\/"},{"@type":"ListItem","position":2,"name":"GGM Gastro Berlin Falkensee"}]},{"@type":"WebSite","@id":"https:\/\/showrooms.ggmgastro.com\/#website","url":"https:\/\/showrooms.ggmgastro.com\/","name":"GGM Gastro Showrooms","description":"","publisher":{"@id":"https:\/\/showrooms.ggmgastro.com\/#organization"},"potentialAction":[{"@type":"SearchAction","target":{"@type":"EntryPoint","urlTemplate":"https:\/\/showrooms.ggmgastro.com\/?s={search_term_string}"},"query-input":{"@type":"PropertyValueSpecification","valueRequired":true,"valueName":"search_term_string"}}],"inLanguage":"es"},{"@type":"Organization","@id":"https:\/\/showrooms.ggmgastro.com\/#organization","name":"GGM Gastro International GmbH","url":"https:\/\/showrooms.ggmgastro.com\/","logo":{"@type":"ImageObject","inLanguage":"es","@id":"https:\/\/showrooms.ggmgastro.com\/#\/schema\/logo\/image\/","url":"https:\/\/showrooms.ggmgastro.com\/wp-content\/uploads\/ggmgastro-logo-dark-seo.jpg","contentUrl":"https:\/\/showrooms.ggmgastro.com\/wp-content\/uploads\/ggmgastro-logo-dark-seo.jpg","width":696,"height":696,"caption":"GGM Gastro International GmbH"},"image":{"@id":"https:\/\/showrooms.ggmgastro.com\/#\/schema\/logo\/image\/"}}]}},"_links":{"self":[{"href":"https:\/\/showrooms.ggmgastro.com\/es\/wp-json\/wp\/v2\/pages\/10185","targetHints":{"allow":["GET"]}}],"collection":[{"href":"https:\/\/showrooms.ggmgastro.com\/es\/wp-json\/wp\/v2\/pages"}],"about":[{"href":"https:\/\/showrooms.ggmgastro.com\/es\/wp-json\/wp\/v2\/types\/page"}],"author":[{"embeddable":true,"href":"https:\/\/showrooms.ggmgastro.com\/es\/wp-json\/wp\/v2\/users\/3"}],"replies":[{"embeddable":true,"href":"https:\/\/showrooms.ggmgastro.com\/es\/wp-json\/wp\/v2\/comments?post=10185"}],"version-history":[{"count":27,"href":"https:\/\/showrooms.ggmgastro.com\/es\/wp-json\/wp\/v2\/pages\/10185\/revisions"}],"predecessor-version":[{"id":67612,"href":"https:\/\/showrooms.ggmgastro.com\/es\/wp-json\/wp\/v2\/pages\/10185\/revisions\/67612"}],"wp:featuredmedia":[{"embeddable":true,"href":"https:\/\/showrooms.ggmgastro.com\/es\/wp-json\/wp\/v2\/media\/10186"}],"wp:attachment":[{"href":"https:\/\/showrooms.ggmgastro.com\/es\/wp-json\/wp\/v2\/media?parent=10185"}],"wp:term":[{"taxonomy":"showroom_land","embeddable":true,"href":"https:\/\/showrooms.ggmgastro.com\/es\/wp-json\/wp\/v2\/showroom_land?post=10185"},{"taxonomy":"seitentyp","embeddable":true,"href":"https:\/\/showrooms.ggmgastro.com\/es\/wp-json\/wp\/v2\/seitentyp?post=10185"}],"curies":[{"name":"wp","href":"https:\/\/api.w.org\/{rel}","templated":true}]}}