{"id":10064,"date":"2025-04-16T09:02:27","date_gmt":"2025-04-16T09:02:27","guid":{"rendered":"https:\/\/showrooms.ggmgastro.com\/?page_id=10064"},"modified":"2026-02-25T10:23:57","modified_gmt":"2026-02-25T08:23:57","slug":"netherlands-hoogeveen","status":"publish","type":"page","link":"https:\/\/showrooms.ggmgastro.com\/fr\/netherlands-hoogeveen\/","title":{"rendered":"GGM Gastro Hoogeveen | Pays-Bas"},"content":{"rendered":"<p>Bienvenue dans l\u2019un de nos deux showrooms GGM Gastro aux Pays-Bas ! \u00c0 Hoogeveen, vous d\u00e9couvrirez une vaste exposition d\u2019\u00e9quipements gastronomiques modernes et de haute qualit\u00e9. Nos conseillers experts sont \u00e0 votre disposition pour vous aider \u00e0 trouver ensemble l\u2019\u00e9quipement id\u00e9al pour votre cuisine professionnelle.<\/p>","protected":false},"excerpt":{"rendered":"<p>Bienvenue dans l\u2019un de nos deux showrooms GGM Gastro aux Pays-Bas ! \u00c0 Hoogeveen, vous d\u00e9couvrirez une vaste exposition d\u2019\u00e9quipements gastronomiques modernes et de haute qualit\u00e9. Nos conseillers experts sont \u00e0 votre disposition pour vous aider \u00e0 trouver ensemble l\u2019\u00e9quipement id\u00e9al pour votre cuisine professionnelle.<\/p>","protected":false},"author":3,"featured_media":10080,"parent":0,"menu_order":0,"comment_status":"closed","ping_status":"closed","template":"","meta":{"_acf_changed":false,"iawp_total_views":52990,"footnotes":""},"showroom_land":[45],"seitentyp":[87],"class_list":["post-10064","page","type-page","status-publish","has-post-thumbnail","hentry","showroom_land-niederlande","seitentyp-showroom"],"acf":[],"yoast_head":"<!-- This site is optimized with the Yoast SEO plugin v26.9 - https:\/\/yoast.com\/product\/yoast-seo-wordpress\/ -->\n<title>GGM Gastro Hoogeveen | Netherlands - GGM Gastro Showrooms<\/title>\n<meta name=\"robots\" content=\"index, follow, max-snippet:-1, max-image-preview:large, max-video-preview:-1\" \/>\n<link rel=\"canonical\" href=\"https:\/\/showrooms.ggmgastro.com\/fr\/netherlands-hoogeveen\/\" \/>\n<meta property=\"og:locale\" content=\"fr_FR\" \/>\n<meta property=\"og:type\" content=\"article\" \/>\n<meta property=\"og:title\" content=\"GGM Gastro Hoogeveen | Netherlands - GGM Gastro Showrooms\" \/>\n<meta property=\"og:description\" content=\"Welcome to the second of our two GGM Gastro showrooms in the Netherlands! Our Hoogeveen location showcases an extensive display of modern, high-quality catering &amp; food service equipment. Speak to our knowledgeable on-site advisors for help finding the perfect setup for your hospitality establishment.\" \/>\n<meta property=\"og:url\" content=\"https:\/\/showrooms.ggmgastro.com\/fr\/netherlands-hoogeveen\/\" \/>\n<meta property=\"og:site_name\" content=\"GGM Gastro Showrooms\" \/>\n<meta property=\"article:modified_time\" content=\"2026-02-25T08:23:57+00:00\" \/>\n<meta property=\"og:image\" content=\"https:\/\/showrooms.ggmgastro.com\/wp-content\/uploads\/Hoogeveen-Aussenansicht.webp\" \/>\n\t<meta property=\"og:image:width\" content=\"680\" \/>\n\t<meta property=\"og:image:height\" content=\"420\" \/>\n\t<meta property=\"og:image:type\" content=\"image\/webp\" \/>\n<meta name=\"twitter:card\" content=\"summary_large_image\" \/>\n<meta name=\"twitter:label1\" content=\"Dur\u00e9e de lecture estim\u00e9e\" \/>\n\t<meta name=\"twitter:data1\" content=\"1 minute\" \/>\n<script type=\"application\/ld+json\" class=\"yoast-schema-graph\">{\"@context\":\"https:\/\/schema.org\",\"@graph\":[{\"@type\":\"WebPage\",\"@id\":\"https:\/\/showrooms.ggmgastro.com\/netherlands-hoogeveen\/\",\"url\":\"https:\/\/showrooms.ggmgastro.com\/netherlands-hoogeveen\/\",\"name\":\"GGM Gastro Hoogeveen | Netherlands - GGM Gastro Showrooms\",\"isPartOf\":{\"@id\":\"https:\/\/showrooms.ggmgastro.com\/#website\"},\"primaryImageOfPage\":{\"@id\":\"https:\/\/showrooms.ggmgastro.com\/netherlands-hoogeveen\/#primaryimage\"},\"image\":{\"@id\":\"https:\/\/showrooms.ggmgastro.com\/netherlands-hoogeveen\/#primaryimage\"},\"thumbnailUrl\":\"https:\/\/showrooms.ggmgastro.com\/wp-content\/uploads\/Hoogeveen-Aussenansicht.webp\",\"datePublished\":\"2025-04-16T09:02:27+00:00\",\"dateModified\":\"2026-02-25T08:23:57+00:00\",\"breadcrumb\":{\"@id\":\"https:\/\/showrooms.ggmgastro.com\/netherlands-hoogeveen\/#breadcrumb\"},\"inLanguage\":\"fr-FR\",\"potentialAction\":[{\"@type\":\"ReadAction\",\"target\":[\"https:\/\/showrooms.ggmgastro.com\/netherlands-hoogeveen\/\"]}]},{\"@type\":\"ImageObject\",\"inLanguage\":\"fr-FR\",\"@id\":\"https:\/\/showrooms.ggmgastro.com\/netherlands-hoogeveen\/#primaryimage\",\"url\":\"https:\/\/showrooms.ggmgastro.com\/wp-content\/uploads\/Hoogeveen-Aussenansicht.webp\",\"contentUrl\":\"https:\/\/showrooms.ggmgastro.com\/wp-content\/uploads\/Hoogeveen-Aussenansicht.webp\",\"width\":680,\"height\":420},{\"@type\":\"BreadcrumbList\",\"@id\":\"https:\/\/showrooms.ggmgastro.com\/netherlands-hoogeveen\/#breadcrumb\",\"itemListElement\":[{\"@type\":\"ListItem\",\"position\":1,\"name\":\"Startseite\",\"item\":\"https:\/\/showrooms.ggmgastro.com\/\"},{\"@type\":\"ListItem\",\"position\":2,\"name\":\"GGM Gastro Hoogeveen | Netherlands\"}]},{\"@type\":\"WebSite\",\"@id\":\"https:\/\/showrooms.ggmgastro.com\/#website\",\"url\":\"https:\/\/showrooms.ggmgastro.com\/\",\"name\":\"GGM Gastro Showrooms\",\"description\":\"\",\"publisher\":{\"@id\":\"https:\/\/showrooms.ggmgastro.com\/#organization\"},\"potentialAction\":[{\"@type\":\"SearchAction\",\"target\":{\"@type\":\"EntryPoint\",\"urlTemplate\":\"https:\/\/showrooms.ggmgastro.com\/?s={search_term_string}\"},\"query-input\":{\"@type\":\"PropertyValueSpecification\",\"valueRequired\":true,\"valueName\":\"search_term_string\"}}],\"inLanguage\":\"fr-FR\"},{\"@type\":\"Organization\",\"@id\":\"https:\/\/showrooms.ggmgastro.com\/#organization\",\"name\":\"GGM Gastro International GmbH\",\"url\":\"https:\/\/showrooms.ggmgastro.com\/\",\"logo\":{\"@type\":\"ImageObject\",\"inLanguage\":\"fr-FR\",\"@id\":\"https:\/\/showrooms.ggmgastro.com\/#\/schema\/logo\/image\/\",\"url\":\"https:\/\/showrooms.ggmgastro.com\/wp-content\/uploads\/ggmgastro-logo-dark-seo.jpg\",\"contentUrl\":\"https:\/\/showrooms.ggmgastro.com\/wp-content\/uploads\/ggmgastro-logo-dark-seo.jpg\",\"width\":696,\"height\":696,\"caption\":\"GGM Gastro International GmbH\"},\"image\":{\"@id\":\"https:\/\/showrooms.ggmgastro.com\/#\/schema\/logo\/image\/\"}}]}<\/script>\n<!-- \/ Yoast SEO plugin. -->","yoast_head_json":{"title":"GGM Gastro Hoogeveen | Netherlands - GGM Gastro Showrooms","robots":{"index":"index","follow":"follow","max-snippet":"max-snippet:-1","max-image-preview":"max-image-preview:large","max-video-preview":"max-video-preview:-1"},"canonical":"https:\/\/showrooms.ggmgastro.com\/fr\/netherlands-hoogeveen\/","og_locale":"fr_FR","og_type":"article","og_title":"GGM Gastro Hoogeveen | Netherlands - GGM Gastro Showrooms","og_description":"Welcome to the second of our two GGM Gastro showrooms in the Netherlands! Our Hoogeveen location showcases an extensive display of modern, high-quality catering &amp; food service equipment. Speak to our knowledgeable on-site advisors for help finding the perfect setup for your hospitality establishment.","og_url":"https:\/\/showrooms.ggmgastro.com\/fr\/netherlands-hoogeveen\/","og_site_name":"GGM Gastro Showrooms","article_modified_time":"2026-02-25T08:23:57+00:00","og_image":[{"width":680,"height":420,"url":"https:\/\/showrooms.ggmgastro.com\/wp-content\/uploads\/Hoogeveen-Aussenansicht.webp","type":"image\/webp"}],"twitter_card":"summary_large_image","twitter_misc":{"Dur\u00e9e de lecture estim\u00e9e":"1 minute"},"schema":{"@context":"https:\/\/schema.org","@graph":[{"@type":"WebPage","@id":"https:\/\/showrooms.ggmgastro.com\/netherlands-hoogeveen\/","url":"https:\/\/showrooms.ggmgastro.com\/netherlands-hoogeveen\/","name":"GGM Gastro Hoogeveen | Netherlands - GGM Gastro Showrooms","isPartOf":{"@id":"https:\/\/showrooms.ggmgastro.com\/#website"},"primaryImageOfPage":{"@id":"https:\/\/showrooms.ggmgastro.com\/netherlands-hoogeveen\/#primaryimage"},"image":{"@id":"https:\/\/showrooms.ggmgastro.com\/netherlands-hoogeveen\/#primaryimage"},"thumbnailUrl":"https:\/\/showrooms.ggmgastro.com\/wp-content\/uploads\/Hoogeveen-Aussenansicht.webp","datePublished":"2025-04-16T09:02:27+00:00","dateModified":"2026-02-25T08:23:57+00:00","breadcrumb":{"@id":"https:\/\/showrooms.ggmgastro.com\/netherlands-hoogeveen\/#breadcrumb"},"inLanguage":"fr-FR","potentialAction":[{"@type":"ReadAction","target":["https:\/\/showrooms.ggmgastro.com\/netherlands-hoogeveen\/"]}]},{"@type":"ImageObject","inLanguage":"fr-FR","@id":"https:\/\/showrooms.ggmgastro.com\/netherlands-hoogeveen\/#primaryimage","url":"https:\/\/showrooms.ggmgastro.com\/wp-content\/uploads\/Hoogeveen-Aussenansicht.webp","contentUrl":"https:\/\/showrooms.ggmgastro.com\/wp-content\/uploads\/Hoogeveen-Aussenansicht.webp","width":680,"height":420},{"@type":"BreadcrumbList","@id":"https:\/\/showrooms.ggmgastro.com\/netherlands-hoogeveen\/#breadcrumb","itemListElement":[{"@type":"ListItem","position":1,"name":"Startseite","item":"https:\/\/showrooms.ggmgastro.com\/"},{"@type":"ListItem","position":2,"name":"GGM Gastro Hoogeveen | Netherlands"}]},{"@type":"WebSite","@id":"https:\/\/showrooms.ggmgastro.com\/#website","url":"https:\/\/showrooms.ggmgastro.com\/","name":"GGM Gastro Showrooms","description":"","publisher":{"@id":"https:\/\/showrooms.ggmgastro.com\/#organization"},"potentialAction":[{"@type":"SearchAction","target":{"@type":"EntryPoint","urlTemplate":"https:\/\/showrooms.ggmgastro.com\/?s={search_term_string}"},"query-input":{"@type":"PropertyValueSpecification","valueRequired":true,"valueName":"search_term_string"}}],"inLanguage":"fr-FR"},{"@type":"Organization","@id":"https:\/\/showrooms.ggmgastro.com\/#organization","name":"GGM Gastro International GmbH","url":"https:\/\/showrooms.ggmgastro.com\/","logo":{"@type":"ImageObject","inLanguage":"fr-FR","@id":"https:\/\/showrooms.ggmgastro.com\/#\/schema\/logo\/image\/","url":"https:\/\/showrooms.ggmgastro.com\/wp-content\/uploads\/ggmgastro-logo-dark-seo.jpg","contentUrl":"https:\/\/showrooms.ggmgastro.com\/wp-content\/uploads\/ggmgastro-logo-dark-seo.jpg","width":696,"height":696,"caption":"GGM Gastro International GmbH"},"image":{"@id":"https:\/\/showrooms.ggmgastro.com\/#\/schema\/logo\/image\/"}}]}},"_links":{"self":[{"href":"https:\/\/showrooms.ggmgastro.com\/fr\/wp-json\/wp\/v2\/pages\/10064","targetHints":{"allow":["GET"]}}],"collection":[{"href":"https:\/\/showrooms.ggmgastro.com\/fr\/wp-json\/wp\/v2\/pages"}],"about":[{"href":"https:\/\/showrooms.ggmgastro.com\/fr\/wp-json\/wp\/v2\/types\/page"}],"author":[{"embeddable":true,"href":"https:\/\/showrooms.ggmgastro.com\/fr\/wp-json\/wp\/v2\/users\/3"}],"replies":[{"embeddable":true,"href":"https:\/\/showrooms.ggmgastro.com\/fr\/wp-json\/wp\/v2\/comments?post=10064"}],"version-history":[{"count":57,"href":"https:\/\/showrooms.ggmgastro.com\/fr\/wp-json\/wp\/v2\/pages\/10064\/revisions"}],"predecessor-version":[{"id":68091,"href":"https:\/\/showrooms.ggmgastro.com\/fr\/wp-json\/wp\/v2\/pages\/10064\/revisions\/68091"}],"wp:featuredmedia":[{"embeddable":true,"href":"https:\/\/showrooms.ggmgastro.com\/fr\/wp-json\/wp\/v2\/media\/10080"}],"wp:attachment":[{"href":"https:\/\/showrooms.ggmgastro.com\/fr\/wp-json\/wp\/v2\/media?parent=10064"}],"wp:term":[{"taxonomy":"showroom_land","embeddable":true,"href":"https:\/\/showrooms.ggmgastro.com\/fr\/wp-json\/wp\/v2\/showroom_land?post=10064"},{"taxonomy":"seitentyp","embeddable":true,"href":"https:\/\/showrooms.ggmgastro.com\/fr\/wp-json\/wp\/v2\/seitentyp?post=10064"}],"curies":[{"name":"wp","href":"https:\/\/api.w.org\/{rel}","templated":true}]}}