{"id":10106,"date":"2025-04-17T13:42:53","date_gmt":"2025-04-17T13:42:53","guid":{"rendered":"https:\/\/showrooms.ggmgastro.com\/?page_id=10106"},"modified":"2026-02-09T09:38:29","modified_gmt":"2026-02-09T07:38:29","slug":"italy-milan","status":"publish","type":"page","link":"https:\/\/showrooms.ggmgastro.com\/fr\/italy-milan\/","title":{"rendered":"GGM Gastro Milan | Italie"},"content":{"rendered":"<p><strong>Welkom bij GGM Gastro Milaan<\/strong><\/p>\n<p>Le showroom GGM Gastro de Milan est l'un des deux sites en Italie et vous offre un aper\u00e7u complet de notre gamme de produits sur une surface d'exposition de 800 m\u00b2. D\u00e9couvrez plus de 600 articles expos\u00e9s pour les besoins de la restauration professionnelle et constatez par vous-m\u00eame la qualit\u00e9, la fonctionnalit\u00e9 et la technologie de pointe propos\u00e9es.<\/p>\n<p>Notre \u00e9quipe d'experts est toujours disponible pour vous fournir des conseils personnalis\u00e9s et comp\u00e9tents et vous aider \u00e0 planifier et \u00e0 \u00e9quiper de mani\u00e8re optimale votre cuisine professionnelle.<\/p>","protected":false},"excerpt":{"rendered":"<p>Welcome to GGM Gastro Milan The GGM Gastro showroom in Milan is one of two locations in Italy and offers you a comprehensive insight into our product range across an 800 m\u00b2 exhibition space. Discover over 600 items on display for professional catering needs and see for yourself the quality, functionality, and state-of-the-art kitchen technology&#8230;<\/p>","protected":false},"author":3,"featured_media":10107,"parent":0,"menu_order":0,"comment_status":"closed","ping_status":"closed","template":"","meta":{"_acf_changed":false,"iawp_total_views":107005,"footnotes":""},"showroom_land":[47],"seitentyp":[87],"class_list":["post-10106","page","type-page","status-publish","has-post-thumbnail","hentry","showroom_land-italien","seitentyp-showroom"],"acf":[],"yoast_head":"<!-- This site is optimized with the Yoast SEO plugin v26.9 - https:\/\/yoast.com\/product\/yoast-seo-wordpress\/ -->\n<title>GGM Gastro Milan | Italy - GGM Gastro Showrooms<\/title>\n<meta name=\"robots\" content=\"index, follow, max-snippet:-1, max-image-preview:large, max-video-preview:-1\" \/>\n<link rel=\"canonical\" href=\"https:\/\/showrooms.ggmgastro.com\/fr\/italy-milan\/\" \/>\n<meta property=\"og:locale\" content=\"fr_FR\" \/>\n<meta property=\"og:type\" content=\"article\" \/>\n<meta property=\"og:title\" content=\"GGM Gastro Milan | Italy - GGM Gastro Showrooms\" \/>\n<meta property=\"og:description\" content=\"Welcome to GGM Gastro Milan The GGM Gastro showroom in Milan is one of two locations in Italy and offers you a comprehensive insight into our product range across an 800 m\u00b2 exhibition space. Discover over 600 items on display for professional catering needs and see for yourself the quality, functionality, and state-of-the-art kitchen technology...\" \/>\n<meta property=\"og:url\" content=\"https:\/\/showrooms.ggmgastro.com\/fr\/italy-milan\/\" \/>\n<meta property=\"og:site_name\" content=\"GGM Gastro Showrooms\" \/>\n<meta property=\"article:modified_time\" content=\"2026-02-09T07:38:29+00:00\" \/>\n<meta property=\"og:image\" content=\"https:\/\/showrooms.ggmgastro.com\/wp-content\/uploads\/Mailand.webp\" \/>\n\t<meta property=\"og:image:width\" content=\"680\" \/>\n\t<meta property=\"og:image:height\" content=\"453\" \/>\n\t<meta property=\"og:image:type\" content=\"image\/webp\" \/>\n<meta name=\"twitter:card\" content=\"summary_large_image\" \/>\n<meta name=\"twitter:label1\" content=\"Dur\u00e9e de lecture estim\u00e9e\" \/>\n\t<meta name=\"twitter:data1\" content=\"1 minute\" \/>\n<script type=\"application\/ld+json\" class=\"yoast-schema-graph\">{\"@context\":\"https:\/\/schema.org\",\"@graph\":[{\"@type\":\"WebPage\",\"@id\":\"https:\/\/showrooms.ggmgastro.com\/italy-milan\/\",\"url\":\"https:\/\/showrooms.ggmgastro.com\/italy-milan\/\",\"name\":\"GGM Gastro Milan | Italy - GGM Gastro Showrooms\",\"isPartOf\":{\"@id\":\"https:\/\/showrooms.ggmgastro.com\/#website\"},\"primaryImageOfPage\":{\"@id\":\"https:\/\/showrooms.ggmgastro.com\/italy-milan\/#primaryimage\"},\"image\":{\"@id\":\"https:\/\/showrooms.ggmgastro.com\/italy-milan\/#primaryimage\"},\"thumbnailUrl\":\"https:\/\/showrooms.ggmgastro.com\/wp-content\/uploads\/Mailand.webp\",\"datePublished\":\"2025-04-17T13:42:53+00:00\",\"dateModified\":\"2026-02-09T07:38:29+00:00\",\"breadcrumb\":{\"@id\":\"https:\/\/showrooms.ggmgastro.com\/italy-milan\/#breadcrumb\"},\"inLanguage\":\"fr-FR\",\"potentialAction\":[{\"@type\":\"ReadAction\",\"target\":[\"https:\/\/showrooms.ggmgastro.com\/italy-milan\/\"]}]},{\"@type\":\"ImageObject\",\"inLanguage\":\"fr-FR\",\"@id\":\"https:\/\/showrooms.ggmgastro.com\/italy-milan\/#primaryimage\",\"url\":\"https:\/\/showrooms.ggmgastro.com\/wp-content\/uploads\/Mailand.webp\",\"contentUrl\":\"https:\/\/showrooms.ggmgastro.com\/wp-content\/uploads\/Mailand.webp\",\"width\":680,\"height\":453},{\"@type\":\"BreadcrumbList\",\"@id\":\"https:\/\/showrooms.ggmgastro.com\/italy-milan\/#breadcrumb\",\"itemListElement\":[{\"@type\":\"ListItem\",\"position\":1,\"name\":\"Startseite\",\"item\":\"https:\/\/showrooms.ggmgastro.com\/\"},{\"@type\":\"ListItem\",\"position\":2,\"name\":\"GGM Gastro Milan | Italy\"}]},{\"@type\":\"WebSite\",\"@id\":\"https:\/\/showrooms.ggmgastro.com\/#website\",\"url\":\"https:\/\/showrooms.ggmgastro.com\/\",\"name\":\"GGM Gastro Showrooms\",\"description\":\"\",\"publisher\":{\"@id\":\"https:\/\/showrooms.ggmgastro.com\/#organization\"},\"potentialAction\":[{\"@type\":\"SearchAction\",\"target\":{\"@type\":\"EntryPoint\",\"urlTemplate\":\"https:\/\/showrooms.ggmgastro.com\/?s={search_term_string}\"},\"query-input\":{\"@type\":\"PropertyValueSpecification\",\"valueRequired\":true,\"valueName\":\"search_term_string\"}}],\"inLanguage\":\"fr-FR\"},{\"@type\":\"Organization\",\"@id\":\"https:\/\/showrooms.ggmgastro.com\/#organization\",\"name\":\"GGM Gastro International GmbH\",\"url\":\"https:\/\/showrooms.ggmgastro.com\/\",\"logo\":{\"@type\":\"ImageObject\",\"inLanguage\":\"fr-FR\",\"@id\":\"https:\/\/showrooms.ggmgastro.com\/#\/schema\/logo\/image\/\",\"url\":\"https:\/\/showrooms.ggmgastro.com\/wp-content\/uploads\/ggmgastro-logo-dark-seo.jpg\",\"contentUrl\":\"https:\/\/showrooms.ggmgastro.com\/wp-content\/uploads\/ggmgastro-logo-dark-seo.jpg\",\"width\":696,\"height\":696,\"caption\":\"GGM Gastro International GmbH\"},\"image\":{\"@id\":\"https:\/\/showrooms.ggmgastro.com\/#\/schema\/logo\/image\/\"}}]}<\/script>\n<!-- \/ Yoast SEO plugin. -->","yoast_head_json":{"title":"GGM Gastro Milan | Italy - GGM Gastro Showrooms","robots":{"index":"index","follow":"follow","max-snippet":"max-snippet:-1","max-image-preview":"max-image-preview:large","max-video-preview":"max-video-preview:-1"},"canonical":"https:\/\/showrooms.ggmgastro.com\/fr\/italy-milan\/","og_locale":"fr_FR","og_type":"article","og_title":"GGM Gastro Milan | Italy - GGM Gastro Showrooms","og_description":"Welcome to GGM Gastro Milan The GGM Gastro showroom in Milan is one of two locations in Italy and offers you a comprehensive insight into our product range across an 800 m\u00b2 exhibition space. Discover over 600 items on display for professional catering needs and see for yourself the quality, functionality, and state-of-the-art kitchen technology...","og_url":"https:\/\/showrooms.ggmgastro.com\/fr\/italy-milan\/","og_site_name":"GGM Gastro Showrooms","article_modified_time":"2026-02-09T07:38:29+00:00","og_image":[{"width":680,"height":453,"url":"https:\/\/showrooms.ggmgastro.com\/wp-content\/uploads\/Mailand.webp","type":"image\/webp"}],"twitter_card":"summary_large_image","twitter_misc":{"Dur\u00e9e de lecture estim\u00e9e":"1 minute"},"schema":{"@context":"https:\/\/schema.org","@graph":[{"@type":"WebPage","@id":"https:\/\/showrooms.ggmgastro.com\/italy-milan\/","url":"https:\/\/showrooms.ggmgastro.com\/italy-milan\/","name":"GGM Gastro Milan | Italy - GGM Gastro Showrooms","isPartOf":{"@id":"https:\/\/showrooms.ggmgastro.com\/#website"},"primaryImageOfPage":{"@id":"https:\/\/showrooms.ggmgastro.com\/italy-milan\/#primaryimage"},"image":{"@id":"https:\/\/showrooms.ggmgastro.com\/italy-milan\/#primaryimage"},"thumbnailUrl":"https:\/\/showrooms.ggmgastro.com\/wp-content\/uploads\/Mailand.webp","datePublished":"2025-04-17T13:42:53+00:00","dateModified":"2026-02-09T07:38:29+00:00","breadcrumb":{"@id":"https:\/\/showrooms.ggmgastro.com\/italy-milan\/#breadcrumb"},"inLanguage":"fr-FR","potentialAction":[{"@type":"ReadAction","target":["https:\/\/showrooms.ggmgastro.com\/italy-milan\/"]}]},{"@type":"ImageObject","inLanguage":"fr-FR","@id":"https:\/\/showrooms.ggmgastro.com\/italy-milan\/#primaryimage","url":"https:\/\/showrooms.ggmgastro.com\/wp-content\/uploads\/Mailand.webp","contentUrl":"https:\/\/showrooms.ggmgastro.com\/wp-content\/uploads\/Mailand.webp","width":680,"height":453},{"@type":"BreadcrumbList","@id":"https:\/\/showrooms.ggmgastro.com\/italy-milan\/#breadcrumb","itemListElement":[{"@type":"ListItem","position":1,"name":"Startseite","item":"https:\/\/showrooms.ggmgastro.com\/"},{"@type":"ListItem","position":2,"name":"GGM Gastro Milan | Italy"}]},{"@type":"WebSite","@id":"https:\/\/showrooms.ggmgastro.com\/#website","url":"https:\/\/showrooms.ggmgastro.com\/","name":"GGM Gastro Showrooms","description":"","publisher":{"@id":"https:\/\/showrooms.ggmgastro.com\/#organization"},"potentialAction":[{"@type":"SearchAction","target":{"@type":"EntryPoint","urlTemplate":"https:\/\/showrooms.ggmgastro.com\/?s={search_term_string}"},"query-input":{"@type":"PropertyValueSpecification","valueRequired":true,"valueName":"search_term_string"}}],"inLanguage":"fr-FR"},{"@type":"Organization","@id":"https:\/\/showrooms.ggmgastro.com\/#organization","name":"GGM Gastro International GmbH","url":"https:\/\/showrooms.ggmgastro.com\/","logo":{"@type":"ImageObject","inLanguage":"fr-FR","@id":"https:\/\/showrooms.ggmgastro.com\/#\/schema\/logo\/image\/","url":"https:\/\/showrooms.ggmgastro.com\/wp-content\/uploads\/ggmgastro-logo-dark-seo.jpg","contentUrl":"https:\/\/showrooms.ggmgastro.com\/wp-content\/uploads\/ggmgastro-logo-dark-seo.jpg","width":696,"height":696,"caption":"GGM Gastro International GmbH"},"image":{"@id":"https:\/\/showrooms.ggmgastro.com\/#\/schema\/logo\/image\/"}}]}},"_links":{"self":[{"href":"https:\/\/showrooms.ggmgastro.com\/fr\/wp-json\/wp\/v2\/pages\/10106","targetHints":{"allow":["GET"]}}],"collection":[{"href":"https:\/\/showrooms.ggmgastro.com\/fr\/wp-json\/wp\/v2\/pages"}],"about":[{"href":"https:\/\/showrooms.ggmgastro.com\/fr\/wp-json\/wp\/v2\/types\/page"}],"author":[{"embeddable":true,"href":"https:\/\/showrooms.ggmgastro.com\/fr\/wp-json\/wp\/v2\/users\/3"}],"replies":[{"embeddable":true,"href":"https:\/\/showrooms.ggmgastro.com\/fr\/wp-json\/wp\/v2\/comments?post=10106"}],"version-history":[{"count":55,"href":"https:\/\/showrooms.ggmgastro.com\/fr\/wp-json\/wp\/v2\/pages\/10106\/revisions"}],"predecessor-version":[{"id":67632,"href":"https:\/\/showrooms.ggmgastro.com\/fr\/wp-json\/wp\/v2\/pages\/10106\/revisions\/67632"}],"wp:featuredmedia":[{"embeddable":true,"href":"https:\/\/showrooms.ggmgastro.com\/fr\/wp-json\/wp\/v2\/media\/10107"}],"wp:attachment":[{"href":"https:\/\/showrooms.ggmgastro.com\/fr\/wp-json\/wp\/v2\/media?parent=10106"}],"wp:term":[{"taxonomy":"showroom_land","embeddable":true,"href":"https:\/\/showrooms.ggmgastro.com\/fr\/wp-json\/wp\/v2\/showroom_land?post=10106"},{"taxonomy":"seitentyp","embeddable":true,"href":"https:\/\/showrooms.ggmgastro.com\/fr\/wp-json\/wp\/v2\/seitentyp?post=10106"}],"curies":[{"name":"wp","href":"https:\/\/api.w.org\/{rel}","templated":true}]}}