{"id":10171,"date":"2025-04-17T09:33:36","date_gmt":"2025-04-17T09:33:36","guid":{"rendered":"https:\/\/showrooms.ggmgastro.com\/?page_id=10171"},"modified":"2026-02-09T09:17:47","modified_gmt":"2026-02-09T07:17:47","slug":"germany-berlin-mitte","status":"publish","type":"page","link":"https:\/\/showrooms.ggmgastro.com\/fr\/germany-berlin-mitte\/","title":{"rendered":"GGM Gastro Berlin Mitte"},"content":{"rendered":"<p>Bienvenue dans notre showroom situ\u00e9 en plein c\u0153ur de Berlin Mitte, l\u2019un des deux sites dans la capitale allemande. Nous vous proposons des \u00e9quipements gastronomiques pour porter votre cuisine \u00e0 un niveau sup\u00e9rieur \u2014 avec garantie du prix le plus bas ! Notre \u00e9quipe d\u2019experts se fera un plaisir de vous conseiller personnellement !<\/p>","protected":false},"excerpt":{"rendered":"<p>Bienvenue dans notre showroom situ\u00e9 en plein c\u0153ur de Berlin Mitte, l\u2019un des deux sites dans la capitale allemande. Nous vous proposons des \u00e9quipements gastronomiques pour porter votre cuisine \u00e0 un niveau sup\u00e9rieur \u2014 avec garantie du prix le plus bas ! Notre \u00e9quipe d\u2019experts se fera un plaisir de vous conseiller personnellement !<\/p>","protected":false},"author":3,"featured_media":10173,"parent":0,"menu_order":0,"comment_status":"closed","ping_status":"closed","template":"","meta":{"_acf_changed":false,"iawp_total_views":17708,"footnotes":""},"showroom_land":[43],"seitentyp":[87],"class_list":["post-10171","page","type-page","status-publish","has-post-thumbnail","hentry","showroom_land-deutschland","seitentyp-showroom"],"acf":[],"yoast_head":"<!-- This site is optimized with the Yoast SEO plugin v26.9 - https:\/\/yoast.com\/product\/yoast-seo-wordpress\/ -->\n<title>GGM Gastro Berlin Mitte - GGM Gastro Showrooms<\/title>\n<meta name=\"robots\" content=\"index, follow, max-snippet:-1, max-image-preview:large, max-video-preview:-1\" \/>\n<link rel=\"canonical\" href=\"https:\/\/showrooms.ggmgastro.com\/fr\/germany-berlin-mitte\/\" \/>\n<meta property=\"og:locale\" content=\"fr_FR\" \/>\n<meta property=\"og:type\" content=\"article\" \/>\n<meta property=\"og:title\" content=\"GGM Gastro Berlin Mitte - GGM Gastro Showrooms\" \/>\n<meta property=\"og:description\" content=\"Welcome to our centrally located showroom in Berlin Mitte, one of two locations in Germany\u2019s capital. Ready to elevate your professional kitchen? Browse a range of catering &amp; food service equipment with our lowest price guarantee and get personalised advice from our friendly team of experts.\" \/>\n<meta property=\"og:url\" content=\"https:\/\/showrooms.ggmgastro.com\/fr\/germany-berlin-mitte\/\" \/>\n<meta property=\"og:site_name\" content=\"GGM Gastro Showrooms\" \/>\n<meta property=\"article:modified_time\" content=\"2026-02-09T07:17:47+00:00\" \/>\n<meta property=\"og:image\" content=\"https:\/\/showrooms.ggmgastro.com\/wp-content\/uploads\/2024-05-03.webp\" \/>\n\t<meta property=\"og:image:width\" content=\"680\" \/>\n\t<meta property=\"og:image:height\" content=\"510\" \/>\n\t<meta property=\"og:image:type\" content=\"image\/webp\" \/>\n<meta name=\"twitter:card\" content=\"summary_large_image\" \/>\n<meta name=\"twitter:label1\" content=\"Dur\u00e9e de lecture estim\u00e9e\" \/>\n\t<meta name=\"twitter:data1\" content=\"1 minute\" \/>\n<script type=\"application\/ld+json\" class=\"yoast-schema-graph\">{\"@context\":\"https:\/\/schema.org\",\"@graph\":[{\"@type\":\"WebPage\",\"@id\":\"https:\/\/showrooms.ggmgastro.com\/germany-berlin-mitte\/\",\"url\":\"https:\/\/showrooms.ggmgastro.com\/germany-berlin-mitte\/\",\"name\":\"GGM Gastro Berlin Mitte - GGM Gastro Showrooms\",\"isPartOf\":{\"@id\":\"https:\/\/showrooms.ggmgastro.com\/#website\"},\"primaryImageOfPage\":{\"@id\":\"https:\/\/showrooms.ggmgastro.com\/germany-berlin-mitte\/#primaryimage\"},\"image\":{\"@id\":\"https:\/\/showrooms.ggmgastro.com\/germany-berlin-mitte\/#primaryimage\"},\"thumbnailUrl\":\"https:\/\/showrooms.ggmgastro.com\/wp-content\/uploads\/2024-05-03.webp\",\"datePublished\":\"2025-04-17T09:33:36+00:00\",\"dateModified\":\"2026-02-09T07:17:47+00:00\",\"breadcrumb\":{\"@id\":\"https:\/\/showrooms.ggmgastro.com\/germany-berlin-mitte\/#breadcrumb\"},\"inLanguage\":\"fr-FR\",\"potentialAction\":[{\"@type\":\"ReadAction\",\"target\":[\"https:\/\/showrooms.ggmgastro.com\/germany-berlin-mitte\/\"]}]},{\"@type\":\"ImageObject\",\"inLanguage\":\"fr-FR\",\"@id\":\"https:\/\/showrooms.ggmgastro.com\/germany-berlin-mitte\/#primaryimage\",\"url\":\"https:\/\/showrooms.ggmgastro.com\/wp-content\/uploads\/2024-05-03.webp\",\"contentUrl\":\"https:\/\/showrooms.ggmgastro.com\/wp-content\/uploads\/2024-05-03.webp\",\"width\":680,\"height\":510},{\"@type\":\"BreadcrumbList\",\"@id\":\"https:\/\/showrooms.ggmgastro.com\/germany-berlin-mitte\/#breadcrumb\",\"itemListElement\":[{\"@type\":\"ListItem\",\"position\":1,\"name\":\"Startseite\",\"item\":\"https:\/\/showrooms.ggmgastro.com\/\"},{\"@type\":\"ListItem\",\"position\":2,\"name\":\"GGM Gastro Berlin Mitte\"}]},{\"@type\":\"WebSite\",\"@id\":\"https:\/\/showrooms.ggmgastro.com\/#website\",\"url\":\"https:\/\/showrooms.ggmgastro.com\/\",\"name\":\"GGM Gastro Showrooms\",\"description\":\"\",\"publisher\":{\"@id\":\"https:\/\/showrooms.ggmgastro.com\/#organization\"},\"potentialAction\":[{\"@type\":\"SearchAction\",\"target\":{\"@type\":\"EntryPoint\",\"urlTemplate\":\"https:\/\/showrooms.ggmgastro.com\/?s={search_term_string}\"},\"query-input\":{\"@type\":\"PropertyValueSpecification\",\"valueRequired\":true,\"valueName\":\"search_term_string\"}}],\"inLanguage\":\"fr-FR\"},{\"@type\":\"Organization\",\"@id\":\"https:\/\/showrooms.ggmgastro.com\/#organization\",\"name\":\"GGM Gastro International GmbH\",\"url\":\"https:\/\/showrooms.ggmgastro.com\/\",\"logo\":{\"@type\":\"ImageObject\",\"inLanguage\":\"fr-FR\",\"@id\":\"https:\/\/showrooms.ggmgastro.com\/#\/schema\/logo\/image\/\",\"url\":\"https:\/\/showrooms.ggmgastro.com\/wp-content\/uploads\/ggmgastro-logo-dark-seo.jpg\",\"contentUrl\":\"https:\/\/showrooms.ggmgastro.com\/wp-content\/uploads\/ggmgastro-logo-dark-seo.jpg\",\"width\":696,\"height\":696,\"caption\":\"GGM Gastro International GmbH\"},\"image\":{\"@id\":\"https:\/\/showrooms.ggmgastro.com\/#\/schema\/logo\/image\/\"}}]}<\/script>\n<!-- \/ Yoast SEO plugin. -->","yoast_head_json":{"title":"GGM Gastro Berlin Mitte - GGM Gastro Showrooms","robots":{"index":"index","follow":"follow","max-snippet":"max-snippet:-1","max-image-preview":"max-image-preview:large","max-video-preview":"max-video-preview:-1"},"canonical":"https:\/\/showrooms.ggmgastro.com\/fr\/germany-berlin-mitte\/","og_locale":"fr_FR","og_type":"article","og_title":"GGM Gastro Berlin Mitte - GGM Gastro Showrooms","og_description":"Welcome to our centrally located showroom in Berlin Mitte, one of two locations in Germany\u2019s capital. Ready to elevate your professional kitchen? Browse a range of catering &amp; food service equipment with our lowest price guarantee and get personalised advice from our friendly team of experts.","og_url":"https:\/\/showrooms.ggmgastro.com\/fr\/germany-berlin-mitte\/","og_site_name":"GGM Gastro Showrooms","article_modified_time":"2026-02-09T07:17:47+00:00","og_image":[{"width":680,"height":510,"url":"https:\/\/showrooms.ggmgastro.com\/wp-content\/uploads\/2024-05-03.webp","type":"image\/webp"}],"twitter_card":"summary_large_image","twitter_misc":{"Dur\u00e9e de lecture estim\u00e9e":"1 minute"},"schema":{"@context":"https:\/\/schema.org","@graph":[{"@type":"WebPage","@id":"https:\/\/showrooms.ggmgastro.com\/germany-berlin-mitte\/","url":"https:\/\/showrooms.ggmgastro.com\/germany-berlin-mitte\/","name":"GGM Gastro Berlin Mitte - GGM Gastro Showrooms","isPartOf":{"@id":"https:\/\/showrooms.ggmgastro.com\/#website"},"primaryImageOfPage":{"@id":"https:\/\/showrooms.ggmgastro.com\/germany-berlin-mitte\/#primaryimage"},"image":{"@id":"https:\/\/showrooms.ggmgastro.com\/germany-berlin-mitte\/#primaryimage"},"thumbnailUrl":"https:\/\/showrooms.ggmgastro.com\/wp-content\/uploads\/2024-05-03.webp","datePublished":"2025-04-17T09:33:36+00:00","dateModified":"2026-02-09T07:17:47+00:00","breadcrumb":{"@id":"https:\/\/showrooms.ggmgastro.com\/germany-berlin-mitte\/#breadcrumb"},"inLanguage":"fr-FR","potentialAction":[{"@type":"ReadAction","target":["https:\/\/showrooms.ggmgastro.com\/germany-berlin-mitte\/"]}]},{"@type":"ImageObject","inLanguage":"fr-FR","@id":"https:\/\/showrooms.ggmgastro.com\/germany-berlin-mitte\/#primaryimage","url":"https:\/\/showrooms.ggmgastro.com\/wp-content\/uploads\/2024-05-03.webp","contentUrl":"https:\/\/showrooms.ggmgastro.com\/wp-content\/uploads\/2024-05-03.webp","width":680,"height":510},{"@type":"BreadcrumbList","@id":"https:\/\/showrooms.ggmgastro.com\/germany-berlin-mitte\/#breadcrumb","itemListElement":[{"@type":"ListItem","position":1,"name":"Startseite","item":"https:\/\/showrooms.ggmgastro.com\/"},{"@type":"ListItem","position":2,"name":"GGM Gastro Berlin Mitte"}]},{"@type":"WebSite","@id":"https:\/\/showrooms.ggmgastro.com\/#website","url":"https:\/\/showrooms.ggmgastro.com\/","name":"GGM Gastro Showrooms","description":"","publisher":{"@id":"https:\/\/showrooms.ggmgastro.com\/#organization"},"potentialAction":[{"@type":"SearchAction","target":{"@type":"EntryPoint","urlTemplate":"https:\/\/showrooms.ggmgastro.com\/?s={search_term_string}"},"query-input":{"@type":"PropertyValueSpecification","valueRequired":true,"valueName":"search_term_string"}}],"inLanguage":"fr-FR"},{"@type":"Organization","@id":"https:\/\/showrooms.ggmgastro.com\/#organization","name":"GGM Gastro International GmbH","url":"https:\/\/showrooms.ggmgastro.com\/","logo":{"@type":"ImageObject","inLanguage":"fr-FR","@id":"https:\/\/showrooms.ggmgastro.com\/#\/schema\/logo\/image\/","url":"https:\/\/showrooms.ggmgastro.com\/wp-content\/uploads\/ggmgastro-logo-dark-seo.jpg","contentUrl":"https:\/\/showrooms.ggmgastro.com\/wp-content\/uploads\/ggmgastro-logo-dark-seo.jpg","width":696,"height":696,"caption":"GGM Gastro International GmbH"},"image":{"@id":"https:\/\/showrooms.ggmgastro.com\/#\/schema\/logo\/image\/"}}]}},"_links":{"self":[{"href":"https:\/\/showrooms.ggmgastro.com\/fr\/wp-json\/wp\/v2\/pages\/10171","targetHints":{"allow":["GET"]}}],"collection":[{"href":"https:\/\/showrooms.ggmgastro.com\/fr\/wp-json\/wp\/v2\/pages"}],"about":[{"href":"https:\/\/showrooms.ggmgastro.com\/fr\/wp-json\/wp\/v2\/types\/page"}],"author":[{"embeddable":true,"href":"https:\/\/showrooms.ggmgastro.com\/fr\/wp-json\/wp\/v2\/users\/3"}],"replies":[{"embeddable":true,"href":"https:\/\/showrooms.ggmgastro.com\/fr\/wp-json\/wp\/v2\/comments?post=10171"}],"version-history":[{"count":38,"href":"https:\/\/showrooms.ggmgastro.com\/fr\/wp-json\/wp\/v2\/pages\/10171\/revisions"}],"predecessor-version":[{"id":67611,"href":"https:\/\/showrooms.ggmgastro.com\/fr\/wp-json\/wp\/v2\/pages\/10171\/revisions\/67611"}],"wp:featuredmedia":[{"embeddable":true,"href":"https:\/\/showrooms.ggmgastro.com\/fr\/wp-json\/wp\/v2\/media\/10173"}],"wp:attachment":[{"href":"https:\/\/showrooms.ggmgastro.com\/fr\/wp-json\/wp\/v2\/media?parent=10171"}],"wp:term":[{"taxonomy":"showroom_land","embeddable":true,"href":"https:\/\/showrooms.ggmgastro.com\/fr\/wp-json\/wp\/v2\/showroom_land?post=10171"},{"taxonomy":"seitentyp","embeddable":true,"href":"https:\/\/showrooms.ggmgastro.com\/fr\/wp-json\/wp\/v2\/seitentyp?post=10171"}],"curies":[{"name":"wp","href":"https:\/\/api.w.org\/{rel}","templated":true}]}}