{"id":10284,"date":"2025-04-22T06:36:41","date_gmt":"2025-04-22T06:36:41","guid":{"rendered":"https:\/\/showrooms.ggmgastro.com\/?page_id=10284"},"modified":"2026-02-09T09:27:11","modified_gmt":"2026-02-09T07:27:11","slug":"denmark-copenhagen","status":"publish","type":"page","link":"https:\/\/showrooms.ggmgastro.com\/fr\/denmark-copenhagen\/","title":{"rendered":"GGM Gastro Nordic Copenhague | Danemark"},"content":{"rendered":"<p>Le showroom de GGM Gastro Nordic est situ\u00e9 \u00e0 Copenhague et propose une s\u00e9lection de plus de 650 \u00e9quipements de gastronomie de haute qualit\u00e9. Sur ce site, notre \u00e9quipe est \u00e0 votre disposition pour vous offrir un conseil personnalis\u00e9. D\u00e9couvrez ici, au Danemark, les meilleures solutions pour votre activit\u00e9 gastronomique !<\/p>","protected":false},"excerpt":{"rendered":"<p>Le showroom de GGM Gastro Nordic est situ\u00e9 \u00e0 Copenhague et propose une s\u00e9lection de plus de 650 \u00e9quipements de gastronomie de haute qualit\u00e9. Sur ce site, notre \u00e9quipe est \u00e0 votre disposition pour vous offrir un conseil personnalis\u00e9. D\u00e9couvrez ici, au Danemark, les meilleures solutions pour votre activit\u00e9 gastronomique !<\/p>","protected":false},"author":3,"featured_media":10285,"parent":0,"menu_order":0,"comment_status":"closed","ping_status":"closed","template":"","meta":{"_acf_changed":false,"iawp_total_views":7479,"footnotes":""},"showroom_land":[49],"seitentyp":[87],"class_list":["post-10284","page","type-page","status-publish","has-post-thumbnail","hentry","showroom_land-daenemark","seitentyp-showroom"],"acf":[],"yoast_head":"<!-- This site is optimized with the Yoast SEO plugin v26.9 - https:\/\/yoast.com\/product\/yoast-seo-wordpress\/ -->\n<title>GGM Gastro Nordic Copenhagen | Denmark - GGM Gastro Showrooms<\/title>\n<meta name=\"robots\" content=\"index, follow, max-snippet:-1, max-image-preview:large, max-video-preview:-1\" \/>\n<link rel=\"canonical\" href=\"https:\/\/showrooms.ggmgastro.com\/fr\/denmark-copenhagen\/\" \/>\n<meta property=\"og:locale\" content=\"fr_FR\" \/>\n<meta property=\"og:type\" content=\"article\" \/>\n<meta property=\"og:title\" content=\"GGM Gastro Nordic Copenhagen | Denmark - GGM Gastro Showrooms\" \/>\n<meta property=\"og:description\" content=\"GGM Gastro Nordic displays over 650 items of high-quality catering &amp; food service equipment at its showroom in the Danish capital of Copenhagen. Speak to the knowledgeable advisors at our Danish location for tailored advice for your hospitality business!\" \/>\n<meta property=\"og:url\" content=\"https:\/\/showrooms.ggmgastro.com\/fr\/denmark-copenhagen\/\" \/>\n<meta property=\"og:site_name\" content=\"GGM Gastro Showrooms\" \/>\n<meta property=\"article:modified_time\" content=\"2026-02-09T07:27:11+00:00\" \/>\n<meta property=\"og:image\" content=\"https:\/\/showrooms.ggmgastro.com\/wp-content\/uploads\/zi20210412_130022_3973.webp\" \/>\n\t<meta property=\"og:image:width\" content=\"600\" \/>\n\t<meta property=\"og:image:height\" content=\"399\" \/>\n\t<meta property=\"og:image:type\" content=\"image\/webp\" \/>\n<meta name=\"twitter:card\" content=\"summary_large_image\" \/>\n<meta name=\"twitter:label1\" content=\"Dur\u00e9e de lecture estim\u00e9e\" \/>\n\t<meta name=\"twitter:data1\" content=\"1 minute\" \/>\n<script type=\"application\/ld+json\" class=\"yoast-schema-graph\">{\"@context\":\"https:\/\/schema.org\",\"@graph\":[{\"@type\":\"WebPage\",\"@id\":\"https:\/\/showrooms.ggmgastro.com\/denmark-copenhagen\/\",\"url\":\"https:\/\/showrooms.ggmgastro.com\/denmark-copenhagen\/\",\"name\":\"GGM Gastro Nordic Copenhagen | Denmark - GGM Gastro Showrooms\",\"isPartOf\":{\"@id\":\"https:\/\/showrooms.ggmgastro.com\/#website\"},\"primaryImageOfPage\":{\"@id\":\"https:\/\/showrooms.ggmgastro.com\/denmark-copenhagen\/#primaryimage\"},\"image\":{\"@id\":\"https:\/\/showrooms.ggmgastro.com\/denmark-copenhagen\/#primaryimage\"},\"thumbnailUrl\":\"https:\/\/showrooms.ggmgastro.com\/wp-content\/uploads\/zi20210412_130022_3973.webp\",\"datePublished\":\"2025-04-22T06:36:41+00:00\",\"dateModified\":\"2026-02-09T07:27:11+00:00\",\"breadcrumb\":{\"@id\":\"https:\/\/showrooms.ggmgastro.com\/denmark-copenhagen\/#breadcrumb\"},\"inLanguage\":\"fr-FR\",\"potentialAction\":[{\"@type\":\"ReadAction\",\"target\":[\"https:\/\/showrooms.ggmgastro.com\/denmark-copenhagen\/\"]}]},{\"@type\":\"ImageObject\",\"inLanguage\":\"fr-FR\",\"@id\":\"https:\/\/showrooms.ggmgastro.com\/denmark-copenhagen\/#primaryimage\",\"url\":\"https:\/\/showrooms.ggmgastro.com\/wp-content\/uploads\/zi20210412_130022_3973.webp\",\"contentUrl\":\"https:\/\/showrooms.ggmgastro.com\/wp-content\/uploads\/zi20210412_130022_3973.webp\",\"width\":600,\"height\":399},{\"@type\":\"BreadcrumbList\",\"@id\":\"https:\/\/showrooms.ggmgastro.com\/denmark-copenhagen\/#breadcrumb\",\"itemListElement\":[{\"@type\":\"ListItem\",\"position\":1,\"name\":\"Startseite\",\"item\":\"https:\/\/showrooms.ggmgastro.com\/\"},{\"@type\":\"ListItem\",\"position\":2,\"name\":\"GGM Gastro Nordic Copenhagen | Denmark\"}]},{\"@type\":\"WebSite\",\"@id\":\"https:\/\/showrooms.ggmgastro.com\/#website\",\"url\":\"https:\/\/showrooms.ggmgastro.com\/\",\"name\":\"GGM Gastro Showrooms\",\"description\":\"\",\"publisher\":{\"@id\":\"https:\/\/showrooms.ggmgastro.com\/#organization\"},\"potentialAction\":[{\"@type\":\"SearchAction\",\"target\":{\"@type\":\"EntryPoint\",\"urlTemplate\":\"https:\/\/showrooms.ggmgastro.com\/?s={search_term_string}\"},\"query-input\":{\"@type\":\"PropertyValueSpecification\",\"valueRequired\":true,\"valueName\":\"search_term_string\"}}],\"inLanguage\":\"fr-FR\"},{\"@type\":\"Organization\",\"@id\":\"https:\/\/showrooms.ggmgastro.com\/#organization\",\"name\":\"GGM Gastro International GmbH\",\"url\":\"https:\/\/showrooms.ggmgastro.com\/\",\"logo\":{\"@type\":\"ImageObject\",\"inLanguage\":\"fr-FR\",\"@id\":\"https:\/\/showrooms.ggmgastro.com\/#\/schema\/logo\/image\/\",\"url\":\"https:\/\/showrooms.ggmgastro.com\/wp-content\/uploads\/ggmgastro-logo-dark-seo.jpg\",\"contentUrl\":\"https:\/\/showrooms.ggmgastro.com\/wp-content\/uploads\/ggmgastro-logo-dark-seo.jpg\",\"width\":696,\"height\":696,\"caption\":\"GGM Gastro International GmbH\"},\"image\":{\"@id\":\"https:\/\/showrooms.ggmgastro.com\/#\/schema\/logo\/image\/\"}}]}<\/script>\n<!-- \/ Yoast SEO plugin. -->","yoast_head_json":{"title":"GGM Gastro Nordic Copenhagen | Denmark - GGM Gastro Showrooms","robots":{"index":"index","follow":"follow","max-snippet":"max-snippet:-1","max-image-preview":"max-image-preview:large","max-video-preview":"max-video-preview:-1"},"canonical":"https:\/\/showrooms.ggmgastro.com\/fr\/denmark-copenhagen\/","og_locale":"fr_FR","og_type":"article","og_title":"GGM Gastro Nordic Copenhagen | Denmark - GGM Gastro Showrooms","og_description":"GGM Gastro Nordic displays over 650 items of high-quality catering &amp; food service equipment at its showroom in the Danish capital of Copenhagen. Speak to the knowledgeable advisors at our Danish location for tailored advice for your hospitality business!","og_url":"https:\/\/showrooms.ggmgastro.com\/fr\/denmark-copenhagen\/","og_site_name":"GGM Gastro Showrooms","article_modified_time":"2026-02-09T07:27:11+00:00","og_image":[{"width":600,"height":399,"url":"https:\/\/showrooms.ggmgastro.com\/wp-content\/uploads\/zi20210412_130022_3973.webp","type":"image\/webp"}],"twitter_card":"summary_large_image","twitter_misc":{"Dur\u00e9e de lecture estim\u00e9e":"1 minute"},"schema":{"@context":"https:\/\/schema.org","@graph":[{"@type":"WebPage","@id":"https:\/\/showrooms.ggmgastro.com\/denmark-copenhagen\/","url":"https:\/\/showrooms.ggmgastro.com\/denmark-copenhagen\/","name":"GGM Gastro Nordic Copenhagen | Denmark - GGM Gastro Showrooms","isPartOf":{"@id":"https:\/\/showrooms.ggmgastro.com\/#website"},"primaryImageOfPage":{"@id":"https:\/\/showrooms.ggmgastro.com\/denmark-copenhagen\/#primaryimage"},"image":{"@id":"https:\/\/showrooms.ggmgastro.com\/denmark-copenhagen\/#primaryimage"},"thumbnailUrl":"https:\/\/showrooms.ggmgastro.com\/wp-content\/uploads\/zi20210412_130022_3973.webp","datePublished":"2025-04-22T06:36:41+00:00","dateModified":"2026-02-09T07:27:11+00:00","breadcrumb":{"@id":"https:\/\/showrooms.ggmgastro.com\/denmark-copenhagen\/#breadcrumb"},"inLanguage":"fr-FR","potentialAction":[{"@type":"ReadAction","target":["https:\/\/showrooms.ggmgastro.com\/denmark-copenhagen\/"]}]},{"@type":"ImageObject","inLanguage":"fr-FR","@id":"https:\/\/showrooms.ggmgastro.com\/denmark-copenhagen\/#primaryimage","url":"https:\/\/showrooms.ggmgastro.com\/wp-content\/uploads\/zi20210412_130022_3973.webp","contentUrl":"https:\/\/showrooms.ggmgastro.com\/wp-content\/uploads\/zi20210412_130022_3973.webp","width":600,"height":399},{"@type":"BreadcrumbList","@id":"https:\/\/showrooms.ggmgastro.com\/denmark-copenhagen\/#breadcrumb","itemListElement":[{"@type":"ListItem","position":1,"name":"Startseite","item":"https:\/\/showrooms.ggmgastro.com\/"},{"@type":"ListItem","position":2,"name":"GGM Gastro Nordic Copenhagen | Denmark"}]},{"@type":"WebSite","@id":"https:\/\/showrooms.ggmgastro.com\/#website","url":"https:\/\/showrooms.ggmgastro.com\/","name":"GGM Gastro Showrooms","description":"","publisher":{"@id":"https:\/\/showrooms.ggmgastro.com\/#organization"},"potentialAction":[{"@type":"SearchAction","target":{"@type":"EntryPoint","urlTemplate":"https:\/\/showrooms.ggmgastro.com\/?s={search_term_string}"},"query-input":{"@type":"PropertyValueSpecification","valueRequired":true,"valueName":"search_term_string"}}],"inLanguage":"fr-FR"},{"@type":"Organization","@id":"https:\/\/showrooms.ggmgastro.com\/#organization","name":"GGM Gastro International GmbH","url":"https:\/\/showrooms.ggmgastro.com\/","logo":{"@type":"ImageObject","inLanguage":"fr-FR","@id":"https:\/\/showrooms.ggmgastro.com\/#\/schema\/logo\/image\/","url":"https:\/\/showrooms.ggmgastro.com\/wp-content\/uploads\/ggmgastro-logo-dark-seo.jpg","contentUrl":"https:\/\/showrooms.ggmgastro.com\/wp-content\/uploads\/ggmgastro-logo-dark-seo.jpg","width":696,"height":696,"caption":"GGM Gastro International GmbH"},"image":{"@id":"https:\/\/showrooms.ggmgastro.com\/#\/schema\/logo\/image\/"}}]}},"_links":{"self":[{"href":"https:\/\/showrooms.ggmgastro.com\/fr\/wp-json\/wp\/v2\/pages\/10284","targetHints":{"allow":["GET"]}}],"collection":[{"href":"https:\/\/showrooms.ggmgastro.com\/fr\/wp-json\/wp\/v2\/pages"}],"about":[{"href":"https:\/\/showrooms.ggmgastro.com\/fr\/wp-json\/wp\/v2\/types\/page"}],"author":[{"embeddable":true,"href":"https:\/\/showrooms.ggmgastro.com\/fr\/wp-json\/wp\/v2\/users\/3"}],"replies":[{"embeddable":true,"href":"https:\/\/showrooms.ggmgastro.com\/fr\/wp-json\/wp\/v2\/comments?post=10284"}],"version-history":[{"count":28,"href":"https:\/\/showrooms.ggmgastro.com\/fr\/wp-json\/wp\/v2\/pages\/10284\/revisions"}],"predecessor-version":[{"id":67623,"href":"https:\/\/showrooms.ggmgastro.com\/fr\/wp-json\/wp\/v2\/pages\/10284\/revisions\/67623"}],"wp:featuredmedia":[{"embeddable":true,"href":"https:\/\/showrooms.ggmgastro.com\/fr\/wp-json\/wp\/v2\/media\/10285"}],"wp:attachment":[{"href":"https:\/\/showrooms.ggmgastro.com\/fr\/wp-json\/wp\/v2\/media?parent=10284"}],"wp:term":[{"taxonomy":"showroom_land","embeddable":true,"href":"https:\/\/showrooms.ggmgastro.com\/fr\/wp-json\/wp\/v2\/showroom_land?post=10284"},{"taxonomy":"seitentyp","embeddable":true,"href":"https:\/\/showrooms.ggmgastro.com\/fr\/wp-json\/wp\/v2\/seitentyp?post=10284"}],"curies":[{"name":"wp","href":"https:\/\/api.w.org\/{rel}","templated":true}]}}