{"id":10379,"date":"2025-04-22T06:36:17","date_gmt":"2025-04-22T06:36:17","guid":{"rendered":"https:\/\/showrooms.ggmgastro.com\/?page_id=10379"},"modified":"2026-02-09T09:26:15","modified_gmt":"2026-02-09T07:26:15","slug":"bulgaria-plovdiv","status":"publish","type":"page","link":"https:\/\/showrooms.ggmgastro.com\/fr\/bulgaria-plovdiv\/","title":{"rendered":"GGM Gastro Plovdiv | Bulgaria"},"content":{"rendered":"<p>Le showroom GGM Gastro \u00e0 Plovdiv est notre site principal en Bulgarie et vous propose une vaste s\u00e9lection d\u2019\u00e9quipements professionnels pour la restauration. D\u00e9couvrez les solutions parfaites pour votre \u00e9tablissement et profitez des conseils personnalis\u00e9s de nos expert\u00b7e\u00b7s. Nous prenons le temps de vous accompagner comme il se doit !<\/p>","protected":false},"excerpt":{"rendered":"<p>Le showroom GGM Gastro \u00e0 Plovdiv est notre site principal en Bulgarie et vous propose une vaste s\u00e9lection d\u2019\u00e9quipements professionnels pour la restauration. D\u00e9couvrez les solutions parfaites pour votre \u00e9tablissement et profitez des conseils personnalis\u00e9s de nos expert\u00b7e\u00b7s. Nous prenons le temps de vous accompagner comme il se doit !<\/p>","protected":false},"author":3,"featured_media":10380,"parent":0,"menu_order":20,"comment_status":"closed","ping_status":"closed","template":"","meta":{"_acf_changed":false,"iawp_total_views":1787,"footnotes":""},"showroom_land":[52],"seitentyp":[87],"class_list":["post-10379","page","type-page","status-publish","has-post-thumbnail","hentry","showroom_land-bulgarien","seitentyp-showroom"],"acf":[],"yoast_head":"<!-- This site is optimized with the Yoast SEO plugin v26.9 - https:\/\/yoast.com\/product\/yoast-seo-wordpress\/ -->\n<title>GGM Gastro Plovdiv | Bulgaria - GGM Gastro Showrooms<\/title>\n<meta name=\"robots\" content=\"index, follow, max-snippet:-1, max-image-preview:large, max-video-preview:-1\" \/>\n<link rel=\"canonical\" href=\"https:\/\/showrooms.ggmgastro.com\/fr\/bulgaria-plovdiv\/\" \/>\n<meta property=\"og:locale\" content=\"fr_FR\" \/>\n<meta property=\"og:type\" content=\"article\" \/>\n<meta property=\"og:title\" content=\"GGM Gastro Plovdiv | Bulgaria - GGM Gastro Showrooms\" \/>\n<meta property=\"og:description\" content=\"Welcome to the GGM Gastro showroom in Plovdiv! Our accessible central Bulgarian location displays a wide range of professional catering &amp; food service appliances. Ask our experts to discover the perfect solutions for your bar, restaurant, food stand or caf\u00e9 \u2013 no request too big or too small!\" \/>\n<meta property=\"og:url\" content=\"https:\/\/showrooms.ggmgastro.com\/fr\/bulgaria-plovdiv\/\" \/>\n<meta property=\"og:site_name\" content=\"GGM Gastro Showrooms\" \/>\n<meta property=\"article:modified_time\" content=\"2026-02-09T07:26:15+00:00\" \/>\n<meta property=\"og:image\" content=\"https:\/\/showrooms.ggmgastro.com\/wp-content\/uploads\/2022-12-09.jpg\" \/>\n\t<meta property=\"og:image:width\" content=\"680\" \/>\n\t<meta property=\"og:image:height\" content=\"382\" \/>\n\t<meta property=\"og:image:type\" content=\"image\/jpeg\" \/>\n<meta name=\"twitter:card\" content=\"summary_large_image\" \/>\n<meta name=\"twitter:label1\" content=\"Dur\u00e9e de lecture estim\u00e9e\" \/>\n\t<meta name=\"twitter:data1\" content=\"1 minute\" \/>\n<script type=\"application\/ld+json\" class=\"yoast-schema-graph\">{\"@context\":\"https:\/\/schema.org\",\"@graph\":[{\"@type\":\"WebPage\",\"@id\":\"https:\/\/showrooms.ggmgastro.com\/bulgaria-plovdiv\/\",\"url\":\"https:\/\/showrooms.ggmgastro.com\/bulgaria-plovdiv\/\",\"name\":\"GGM Gastro Plovdiv | Bulgaria - GGM Gastro Showrooms\",\"isPartOf\":{\"@id\":\"https:\/\/showrooms.ggmgastro.com\/#website\"},\"primaryImageOfPage\":{\"@id\":\"https:\/\/showrooms.ggmgastro.com\/bulgaria-plovdiv\/#primaryimage\"},\"image\":{\"@id\":\"https:\/\/showrooms.ggmgastro.com\/bulgaria-plovdiv\/#primaryimage\"},\"thumbnailUrl\":\"https:\/\/showrooms.ggmgastro.com\/wp-content\/uploads\/2022-12-09.jpg\",\"datePublished\":\"2025-04-22T06:36:17+00:00\",\"dateModified\":\"2026-02-09T07:26:15+00:00\",\"breadcrumb\":{\"@id\":\"https:\/\/showrooms.ggmgastro.com\/bulgaria-plovdiv\/#breadcrumb\"},\"inLanguage\":\"fr-FR\",\"potentialAction\":[{\"@type\":\"ReadAction\",\"target\":[\"https:\/\/showrooms.ggmgastro.com\/bulgaria-plovdiv\/\"]}]},{\"@type\":\"ImageObject\",\"inLanguage\":\"fr-FR\",\"@id\":\"https:\/\/showrooms.ggmgastro.com\/bulgaria-plovdiv\/#primaryimage\",\"url\":\"https:\/\/showrooms.ggmgastro.com\/wp-content\/uploads\/2022-12-09.jpg\",\"contentUrl\":\"https:\/\/showrooms.ggmgastro.com\/wp-content\/uploads\/2022-12-09.jpg\",\"width\":680,\"height\":382},{\"@type\":\"BreadcrumbList\",\"@id\":\"https:\/\/showrooms.ggmgastro.com\/bulgaria-plovdiv\/#breadcrumb\",\"itemListElement\":[{\"@type\":\"ListItem\",\"position\":1,\"name\":\"Startseite\",\"item\":\"https:\/\/showrooms.ggmgastro.com\/\"},{\"@type\":\"ListItem\",\"position\":2,\"name\":\"GGM Gastro Plovdiv | Bulgaria\"}]},{\"@type\":\"WebSite\",\"@id\":\"https:\/\/showrooms.ggmgastro.com\/#website\",\"url\":\"https:\/\/showrooms.ggmgastro.com\/\",\"name\":\"GGM Gastro Showrooms\",\"description\":\"\",\"publisher\":{\"@id\":\"https:\/\/showrooms.ggmgastro.com\/#organization\"},\"potentialAction\":[{\"@type\":\"SearchAction\",\"target\":{\"@type\":\"EntryPoint\",\"urlTemplate\":\"https:\/\/showrooms.ggmgastro.com\/?s={search_term_string}\"},\"query-input\":{\"@type\":\"PropertyValueSpecification\",\"valueRequired\":true,\"valueName\":\"search_term_string\"}}],\"inLanguage\":\"fr-FR\"},{\"@type\":\"Organization\",\"@id\":\"https:\/\/showrooms.ggmgastro.com\/#organization\",\"name\":\"GGM Gastro International GmbH\",\"url\":\"https:\/\/showrooms.ggmgastro.com\/\",\"logo\":{\"@type\":\"ImageObject\",\"inLanguage\":\"fr-FR\",\"@id\":\"https:\/\/showrooms.ggmgastro.com\/#\/schema\/logo\/image\/\",\"url\":\"https:\/\/showrooms.ggmgastro.com\/wp-content\/uploads\/ggmgastro-logo-dark-seo.jpg\",\"contentUrl\":\"https:\/\/showrooms.ggmgastro.com\/wp-content\/uploads\/ggmgastro-logo-dark-seo.jpg\",\"width\":696,\"height\":696,\"caption\":\"GGM Gastro International GmbH\"},\"image\":{\"@id\":\"https:\/\/showrooms.ggmgastro.com\/#\/schema\/logo\/image\/\"}}]}<\/script>\n<!-- \/ Yoast SEO plugin. -->","yoast_head_json":{"title":"GGM Gastro Plovdiv | Bulgaria - GGM Gastro Showrooms","robots":{"index":"index","follow":"follow","max-snippet":"max-snippet:-1","max-image-preview":"max-image-preview:large","max-video-preview":"max-video-preview:-1"},"canonical":"https:\/\/showrooms.ggmgastro.com\/fr\/bulgaria-plovdiv\/","og_locale":"fr_FR","og_type":"article","og_title":"GGM Gastro Plovdiv | Bulgaria - GGM Gastro Showrooms","og_description":"Welcome to the GGM Gastro showroom in Plovdiv! Our accessible central Bulgarian location displays a wide range of professional catering &amp; food service appliances. Ask our experts to discover the perfect solutions for your bar, restaurant, food stand or caf\u00e9 \u2013 no request too big or too small!","og_url":"https:\/\/showrooms.ggmgastro.com\/fr\/bulgaria-plovdiv\/","og_site_name":"GGM Gastro Showrooms","article_modified_time":"2026-02-09T07:26:15+00:00","og_image":[{"width":680,"height":382,"url":"https:\/\/showrooms.ggmgastro.com\/wp-content\/uploads\/2022-12-09.jpg","type":"image\/jpeg"}],"twitter_card":"summary_large_image","twitter_misc":{"Dur\u00e9e de lecture estim\u00e9e":"1 minute"},"schema":{"@context":"https:\/\/schema.org","@graph":[{"@type":"WebPage","@id":"https:\/\/showrooms.ggmgastro.com\/bulgaria-plovdiv\/","url":"https:\/\/showrooms.ggmgastro.com\/bulgaria-plovdiv\/","name":"GGM Gastro Plovdiv | Bulgaria - GGM Gastro Showrooms","isPartOf":{"@id":"https:\/\/showrooms.ggmgastro.com\/#website"},"primaryImageOfPage":{"@id":"https:\/\/showrooms.ggmgastro.com\/bulgaria-plovdiv\/#primaryimage"},"image":{"@id":"https:\/\/showrooms.ggmgastro.com\/bulgaria-plovdiv\/#primaryimage"},"thumbnailUrl":"https:\/\/showrooms.ggmgastro.com\/wp-content\/uploads\/2022-12-09.jpg","datePublished":"2025-04-22T06:36:17+00:00","dateModified":"2026-02-09T07:26:15+00:00","breadcrumb":{"@id":"https:\/\/showrooms.ggmgastro.com\/bulgaria-plovdiv\/#breadcrumb"},"inLanguage":"fr-FR","potentialAction":[{"@type":"ReadAction","target":["https:\/\/showrooms.ggmgastro.com\/bulgaria-plovdiv\/"]}]},{"@type":"ImageObject","inLanguage":"fr-FR","@id":"https:\/\/showrooms.ggmgastro.com\/bulgaria-plovdiv\/#primaryimage","url":"https:\/\/showrooms.ggmgastro.com\/wp-content\/uploads\/2022-12-09.jpg","contentUrl":"https:\/\/showrooms.ggmgastro.com\/wp-content\/uploads\/2022-12-09.jpg","width":680,"height":382},{"@type":"BreadcrumbList","@id":"https:\/\/showrooms.ggmgastro.com\/bulgaria-plovdiv\/#breadcrumb","itemListElement":[{"@type":"ListItem","position":1,"name":"Startseite","item":"https:\/\/showrooms.ggmgastro.com\/"},{"@type":"ListItem","position":2,"name":"GGM Gastro Plovdiv | Bulgaria"}]},{"@type":"WebSite","@id":"https:\/\/showrooms.ggmgastro.com\/#website","url":"https:\/\/showrooms.ggmgastro.com\/","name":"GGM Gastro Showrooms","description":"","publisher":{"@id":"https:\/\/showrooms.ggmgastro.com\/#organization"},"potentialAction":[{"@type":"SearchAction","target":{"@type":"EntryPoint","urlTemplate":"https:\/\/showrooms.ggmgastro.com\/?s={search_term_string}"},"query-input":{"@type":"PropertyValueSpecification","valueRequired":true,"valueName":"search_term_string"}}],"inLanguage":"fr-FR"},{"@type":"Organization","@id":"https:\/\/showrooms.ggmgastro.com\/#organization","name":"GGM Gastro International GmbH","url":"https:\/\/showrooms.ggmgastro.com\/","logo":{"@type":"ImageObject","inLanguage":"fr-FR","@id":"https:\/\/showrooms.ggmgastro.com\/#\/schema\/logo\/image\/","url":"https:\/\/showrooms.ggmgastro.com\/wp-content\/uploads\/ggmgastro-logo-dark-seo.jpg","contentUrl":"https:\/\/showrooms.ggmgastro.com\/wp-content\/uploads\/ggmgastro-logo-dark-seo.jpg","width":696,"height":696,"caption":"GGM Gastro International GmbH"},"image":{"@id":"https:\/\/showrooms.ggmgastro.com\/#\/schema\/logo\/image\/"}}]}},"_links":{"self":[{"href":"https:\/\/showrooms.ggmgastro.com\/fr\/wp-json\/wp\/v2\/pages\/10379","targetHints":{"allow":["GET"]}}],"collection":[{"href":"https:\/\/showrooms.ggmgastro.com\/fr\/wp-json\/wp\/v2\/pages"}],"about":[{"href":"https:\/\/showrooms.ggmgastro.com\/fr\/wp-json\/wp\/v2\/types\/page"}],"author":[{"embeddable":true,"href":"https:\/\/showrooms.ggmgastro.com\/fr\/wp-json\/wp\/v2\/users\/3"}],"replies":[{"embeddable":true,"href":"https:\/\/showrooms.ggmgastro.com\/fr\/wp-json\/wp\/v2\/comments?post=10379"}],"version-history":[{"count":27,"href":"https:\/\/showrooms.ggmgastro.com\/fr\/wp-json\/wp\/v2\/pages\/10379\/revisions"}],"predecessor-version":[{"id":67622,"href":"https:\/\/showrooms.ggmgastro.com\/fr\/wp-json\/wp\/v2\/pages\/10379\/revisions\/67622"}],"wp:featuredmedia":[{"embeddable":true,"href":"https:\/\/showrooms.ggmgastro.com\/fr\/wp-json\/wp\/v2\/media\/10380"}],"wp:attachment":[{"href":"https:\/\/showrooms.ggmgastro.com\/fr\/wp-json\/wp\/v2\/media?parent=10379"}],"wp:term":[{"taxonomy":"showroom_land","embeddable":true,"href":"https:\/\/showrooms.ggmgastro.com\/fr\/wp-json\/wp\/v2\/showroom_land?post=10379"},{"taxonomy":"seitentyp","embeddable":true,"href":"https:\/\/showrooms.ggmgastro.com\/fr\/wp-json\/wp\/v2\/seitentyp?post=10379"}],"curies":[{"name":"wp","href":"https:\/\/api.w.org\/{rel}","templated":true}]}}