{"id":10766,"date":"2025-04-25T09:46:30","date_gmt":"2025-04-25T09:46:30","guid":{"rendered":"https:\/\/showrooms.ggmgastro.com\/?page_id=10766"},"modified":"2025-10-23T09:15:27","modified_gmt":"2025-10-23T07:15:27","slug":"china-qingdao","status":"publish","type":"page","link":"https:\/\/showrooms.ggmgastro.com\/fr\/china-qingdao\/","title":{"rendered":"GGM Gastro Qingdao | Chine"},"content":{"rendered":"<p>Le Showroom GGM Gastro \u00e0 Qingdao est notre tout premier site en Chine, avec plus de 800 m\u00b2 d\u00e9di\u00e9s \u00e0 une large gamme d\u2019\u00e9quipements de restauration de haute qualit\u00e9. Nos experts sont \u00e0 votre disposition pour vous aider \u00e0 trouver les meilleures solutions pour votre activit\u00e9. Venez nous rendre visite \u00e0 Qingdao et d\u00e9couvrez par vous-m\u00eame la qualit\u00e9 de nos produits.<\/p>","protected":false},"excerpt":{"rendered":"<p>Le Showroom GGM Gastro \u00e0 Qingdao est notre tout premier site en Chine, avec plus de 800 m\u00b2 d\u00e9di\u00e9s \u00e0 une large gamme d\u2019\u00e9quipements de restauration de haute qualit\u00e9. Nos experts sont \u00e0 votre disposition pour vous aider \u00e0 trouver les meilleures solutions pour votre activit\u00e9. Venez nous rendre visite \u00e0 Qingdao et d\u00e9couvrez par vous-m\u00eame la qualit\u00e9 de nos produits.<\/p>","protected":false},"author":3,"featured_media":64638,"parent":0,"menu_order":0,"comment_status":"closed","ping_status":"closed","template":"","meta":{"_acf_changed":false,"iawp_total_views":2514,"footnotes":""},"showroom_land":[55],"seitentyp":[87],"class_list":["post-10766","page","type-page","status-publish","has-post-thumbnail","hentry","showroom_land-china","seitentyp-showroom"],"acf":[],"yoast_head":"<!-- This site is optimized with the Yoast SEO plugin v26.9 - https:\/\/yoast.com\/product\/yoast-seo-wordpress\/ -->\n<title>GGM Gastro Qingdao | China - GGM Gastro Showrooms<\/title>\n<meta name=\"robots\" content=\"index, follow, max-snippet:-1, max-image-preview:large, max-video-preview:-1\" \/>\n<link rel=\"canonical\" href=\"https:\/\/showrooms.ggmgastro.com\/fr\/china-qingdao\/\" \/>\n<meta property=\"og:locale\" content=\"fr_FR\" \/>\n<meta property=\"og:type\" content=\"article\" \/>\n<meta property=\"og:title\" content=\"GGM Gastro Qingdao | China - GGM Gastro Showrooms\" \/>\n<meta property=\"og:description\" content=\"The GGM Gastro showroom in Qingdao \u2013 our first Chinese location \u2013 offers over 800 m\u00b2 of display space packed with premium catering &amp; food service appliances. Ask our friendly experts on the shop floor about the right solution for your hospitality business.\" \/>\n<meta property=\"og:url\" content=\"https:\/\/showrooms.ggmgastro.com\/fr\/china-qingdao\/\" \/>\n<meta property=\"og:site_name\" content=\"GGM Gastro Showrooms\" \/>\n<meta property=\"article:modified_time\" content=\"2025-10-23T07:15:27+00:00\" \/>\n<meta property=\"og:image\" content=\"https:\/\/showrooms.ggmgastro.com\/wp-content\/uploads\/China-Detail-page-scaled.jpg\" \/>\n\t<meta property=\"og:image:width\" content=\"1800\" \/>\n\t<meta property=\"og:image:height\" content=\"865\" \/>\n\t<meta property=\"og:image:type\" content=\"image\/jpeg\" \/>\n<meta name=\"twitter:card\" content=\"summary_large_image\" \/>\n<meta name=\"twitter:label1\" content=\"Dur\u00e9e de lecture estim\u00e9e\" \/>\n\t<meta name=\"twitter:data1\" content=\"1 minute\" \/>\n<script type=\"application\/ld+json\" class=\"yoast-schema-graph\">{\"@context\":\"https:\/\/schema.org\",\"@graph\":[{\"@type\":\"WebPage\",\"@id\":\"https:\/\/showrooms.ggmgastro.com\/china-qingdao\/\",\"url\":\"https:\/\/showrooms.ggmgastro.com\/china-qingdao\/\",\"name\":\"GGM Gastro Qingdao | China - GGM Gastro Showrooms\",\"isPartOf\":{\"@id\":\"https:\/\/showrooms.ggmgastro.com\/#website\"},\"primaryImageOfPage\":{\"@id\":\"https:\/\/showrooms.ggmgastro.com\/china-qingdao\/#primaryimage\"},\"image\":{\"@id\":\"https:\/\/showrooms.ggmgastro.com\/china-qingdao\/#primaryimage\"},\"thumbnailUrl\":\"https:\/\/showrooms.ggmgastro.com\/wp-content\/uploads\/China-Detail-page-scaled.jpg\",\"datePublished\":\"2025-04-25T09:46:30+00:00\",\"dateModified\":\"2025-10-23T07:15:27+00:00\",\"breadcrumb\":{\"@id\":\"https:\/\/showrooms.ggmgastro.com\/china-qingdao\/#breadcrumb\"},\"inLanguage\":\"fr-FR\",\"potentialAction\":[{\"@type\":\"ReadAction\",\"target\":[\"https:\/\/showrooms.ggmgastro.com\/china-qingdao\/\"]}]},{\"@type\":\"ImageObject\",\"inLanguage\":\"fr-FR\",\"@id\":\"https:\/\/showrooms.ggmgastro.com\/china-qingdao\/#primaryimage\",\"url\":\"https:\/\/showrooms.ggmgastro.com\/wp-content\/uploads\/China-Detail-page-scaled.jpg\",\"contentUrl\":\"https:\/\/showrooms.ggmgastro.com\/wp-content\/uploads\/China-Detail-page-scaled.jpg\",\"width\":1800,\"height\":865},{\"@type\":\"BreadcrumbList\",\"@id\":\"https:\/\/showrooms.ggmgastro.com\/china-qingdao\/#breadcrumb\",\"itemListElement\":[{\"@type\":\"ListItem\",\"position\":1,\"name\":\"Startseite\",\"item\":\"https:\/\/showrooms.ggmgastro.com\/\"},{\"@type\":\"ListItem\",\"position\":2,\"name\":\"GGM Gastro Qingdao | China\"}]},{\"@type\":\"WebSite\",\"@id\":\"https:\/\/showrooms.ggmgastro.com\/#website\",\"url\":\"https:\/\/showrooms.ggmgastro.com\/\",\"name\":\"GGM Gastro Showrooms\",\"description\":\"\",\"publisher\":{\"@id\":\"https:\/\/showrooms.ggmgastro.com\/#organization\"},\"potentialAction\":[{\"@type\":\"SearchAction\",\"target\":{\"@type\":\"EntryPoint\",\"urlTemplate\":\"https:\/\/showrooms.ggmgastro.com\/?s={search_term_string}\"},\"query-input\":{\"@type\":\"PropertyValueSpecification\",\"valueRequired\":true,\"valueName\":\"search_term_string\"}}],\"inLanguage\":\"fr-FR\"},{\"@type\":\"Organization\",\"@id\":\"https:\/\/showrooms.ggmgastro.com\/#organization\",\"name\":\"GGM Gastro International GmbH\",\"url\":\"https:\/\/showrooms.ggmgastro.com\/\",\"logo\":{\"@type\":\"ImageObject\",\"inLanguage\":\"fr-FR\",\"@id\":\"https:\/\/showrooms.ggmgastro.com\/#\/schema\/logo\/image\/\",\"url\":\"https:\/\/showrooms.ggmgastro.com\/wp-content\/uploads\/ggmgastro-logo-dark-seo.jpg\",\"contentUrl\":\"https:\/\/showrooms.ggmgastro.com\/wp-content\/uploads\/ggmgastro-logo-dark-seo.jpg\",\"width\":696,\"height\":696,\"caption\":\"GGM Gastro International GmbH\"},\"image\":{\"@id\":\"https:\/\/showrooms.ggmgastro.com\/#\/schema\/logo\/image\/\"}}]}<\/script>\n<!-- \/ Yoast SEO plugin. -->","yoast_head_json":{"title":"GGM Gastro Qingdao | China - GGM Gastro Showrooms","robots":{"index":"index","follow":"follow","max-snippet":"max-snippet:-1","max-image-preview":"max-image-preview:large","max-video-preview":"max-video-preview:-1"},"canonical":"https:\/\/showrooms.ggmgastro.com\/fr\/china-qingdao\/","og_locale":"fr_FR","og_type":"article","og_title":"GGM Gastro Qingdao | China - GGM Gastro Showrooms","og_description":"The GGM Gastro showroom in Qingdao \u2013 our first Chinese location \u2013 offers over 800 m\u00b2 of display space packed with premium catering &amp; food service appliances. Ask our friendly experts on the shop floor about the right solution for your hospitality business.","og_url":"https:\/\/showrooms.ggmgastro.com\/fr\/china-qingdao\/","og_site_name":"GGM Gastro Showrooms","article_modified_time":"2025-10-23T07:15:27+00:00","og_image":[{"width":1800,"height":865,"url":"https:\/\/showrooms.ggmgastro.com\/wp-content\/uploads\/China-Detail-page-scaled.jpg","type":"image\/jpeg"}],"twitter_card":"summary_large_image","twitter_misc":{"Dur\u00e9e de lecture estim\u00e9e":"1 minute"},"schema":{"@context":"https:\/\/schema.org","@graph":[{"@type":"WebPage","@id":"https:\/\/showrooms.ggmgastro.com\/china-qingdao\/","url":"https:\/\/showrooms.ggmgastro.com\/china-qingdao\/","name":"GGM Gastro Qingdao | China - GGM Gastro Showrooms","isPartOf":{"@id":"https:\/\/showrooms.ggmgastro.com\/#website"},"primaryImageOfPage":{"@id":"https:\/\/showrooms.ggmgastro.com\/china-qingdao\/#primaryimage"},"image":{"@id":"https:\/\/showrooms.ggmgastro.com\/china-qingdao\/#primaryimage"},"thumbnailUrl":"https:\/\/showrooms.ggmgastro.com\/wp-content\/uploads\/China-Detail-page-scaled.jpg","datePublished":"2025-04-25T09:46:30+00:00","dateModified":"2025-10-23T07:15:27+00:00","breadcrumb":{"@id":"https:\/\/showrooms.ggmgastro.com\/china-qingdao\/#breadcrumb"},"inLanguage":"fr-FR","potentialAction":[{"@type":"ReadAction","target":["https:\/\/showrooms.ggmgastro.com\/china-qingdao\/"]}]},{"@type":"ImageObject","inLanguage":"fr-FR","@id":"https:\/\/showrooms.ggmgastro.com\/china-qingdao\/#primaryimage","url":"https:\/\/showrooms.ggmgastro.com\/wp-content\/uploads\/China-Detail-page-scaled.jpg","contentUrl":"https:\/\/showrooms.ggmgastro.com\/wp-content\/uploads\/China-Detail-page-scaled.jpg","width":1800,"height":865},{"@type":"BreadcrumbList","@id":"https:\/\/showrooms.ggmgastro.com\/china-qingdao\/#breadcrumb","itemListElement":[{"@type":"ListItem","position":1,"name":"Startseite","item":"https:\/\/showrooms.ggmgastro.com\/"},{"@type":"ListItem","position":2,"name":"GGM Gastro Qingdao | China"}]},{"@type":"WebSite","@id":"https:\/\/showrooms.ggmgastro.com\/#website","url":"https:\/\/showrooms.ggmgastro.com\/","name":"GGM Gastro Showrooms","description":"","publisher":{"@id":"https:\/\/showrooms.ggmgastro.com\/#organization"},"potentialAction":[{"@type":"SearchAction","target":{"@type":"EntryPoint","urlTemplate":"https:\/\/showrooms.ggmgastro.com\/?s={search_term_string}"},"query-input":{"@type":"PropertyValueSpecification","valueRequired":true,"valueName":"search_term_string"}}],"inLanguage":"fr-FR"},{"@type":"Organization","@id":"https:\/\/showrooms.ggmgastro.com\/#organization","name":"GGM Gastro International GmbH","url":"https:\/\/showrooms.ggmgastro.com\/","logo":{"@type":"ImageObject","inLanguage":"fr-FR","@id":"https:\/\/showrooms.ggmgastro.com\/#\/schema\/logo\/image\/","url":"https:\/\/showrooms.ggmgastro.com\/wp-content\/uploads\/ggmgastro-logo-dark-seo.jpg","contentUrl":"https:\/\/showrooms.ggmgastro.com\/wp-content\/uploads\/ggmgastro-logo-dark-seo.jpg","width":696,"height":696,"caption":"GGM Gastro International GmbH"},"image":{"@id":"https:\/\/showrooms.ggmgastro.com\/#\/schema\/logo\/image\/"}}]}},"_links":{"self":[{"href":"https:\/\/showrooms.ggmgastro.com\/fr\/wp-json\/wp\/v2\/pages\/10766","targetHints":{"allow":["GET"]}}],"collection":[{"href":"https:\/\/showrooms.ggmgastro.com\/fr\/wp-json\/wp\/v2\/pages"}],"about":[{"href":"https:\/\/showrooms.ggmgastro.com\/fr\/wp-json\/wp\/v2\/types\/page"}],"author":[{"embeddable":true,"href":"https:\/\/showrooms.ggmgastro.com\/fr\/wp-json\/wp\/v2\/users\/3"}],"replies":[{"embeddable":true,"href":"https:\/\/showrooms.ggmgastro.com\/fr\/wp-json\/wp\/v2\/comments?post=10766"}],"version-history":[{"count":31,"href":"https:\/\/showrooms.ggmgastro.com\/fr\/wp-json\/wp\/v2\/pages\/10766\/revisions"}],"predecessor-version":[{"id":64641,"href":"https:\/\/showrooms.ggmgastro.com\/fr\/wp-json\/wp\/v2\/pages\/10766\/revisions\/64641"}],"wp:featuredmedia":[{"embeddable":true,"href":"https:\/\/showrooms.ggmgastro.com\/fr\/wp-json\/wp\/v2\/media\/64638"}],"wp:attachment":[{"href":"https:\/\/showrooms.ggmgastro.com\/fr\/wp-json\/wp\/v2\/media?parent=10766"}],"wp:term":[{"taxonomy":"showroom_land","embeddable":true,"href":"https:\/\/showrooms.ggmgastro.com\/fr\/wp-json\/wp\/v2\/showroom_land?post=10766"},{"taxonomy":"seitentyp","embeddable":true,"href":"https:\/\/showrooms.ggmgastro.com\/fr\/wp-json\/wp\/v2\/seitentyp?post=10766"}],"curies":[{"name":"wp","href":"https:\/\/api.w.org\/{rel}","templated":true}]}}