{"id":62897,"date":"2025-09-18T15:54:55","date_gmt":"2025-09-18T13:54:55","guid":{"rendered":"https:\/\/showrooms.ggmgastro.com\/?page_id=62897"},"modified":"2026-04-23T14:59:16","modified_gmt":"2026-04-23T12:59:16","slug":"pt-portugal-lisboa","status":"publish","type":"page","link":"https:\/\/showrooms.ggmgastro.com\/fr\/pt-portugal-lisboa\/","title":{"rendered":"GGM Gastro Lisboa | Portugal"},"content":{"rendered":"<p><strong>Ouverture : nouveau showroom \u00e0 Lisbonne<\/strong><\/p>\n<p>Nous avons le plaisir de vous annoncer l'ouverture de notre nouveau showroom d\u00e9di\u00e9 au mat\u00e9riel de restauration et de restauration haut de gamme \u00e0 Lisbonne.<\/p>\n<p>Sur une surface d'exposition de 500 m\u00b2, nous pr\u00e9sentons environ 600 articles, allant des \u00e9quipements de cuisine modernes et du mat\u00e9riel pour caf\u00e9s et restaurants aux solutions pratiques pour la gestion quotidienne d'un \u00e9tablissement. Le tout sous un m\u00eame toit et avec la qualit\u00e9 que vous \u00eates en droit d'attendre de GGM.<\/p>\n<p>Notre showroom \u00e0 Lisbonne est synonyme de qualit\u00e9, de choix et de conseils d'experts, ce qui en fait l'endroit id\u00e9al pour d\u00e9couvrir des solutions sur mesure pour tout projet de restauration.<\/p>\n<p>Nous nous r\u00e9jouissons de vous accueillir en personne dans notre nouveau showroom \u00e0 Lisbonne.<\/p>","protected":false},"excerpt":{"rendered":"<p>Now Open: New Showroom in Lisbon We are pleased to announce that our new showroom for high-quality catering and restaurant equipment in Lisbon is now open. Across 500 m\u00b2 of exhibition space, we showcase approximately 600 items\u2014ranging from modern kitchen technology and caf\u00e9 and restaurant equipment to practical solutions for daily restaurant operations. All under&#8230;<\/p>","protected":false},"author":3,"featured_media":66725,"parent":0,"menu_order":0,"comment_status":"closed","ping_status":"closed","template":"","meta":{"_acf_changed":false,"iawp_total_views":16189,"footnotes":""},"showroom_land":[84],"seitentyp":[87],"class_list":["post-62897","page","type-page","status-publish","has-post-thumbnail","hentry","showroom_land-portugal","seitentyp-showroom"],"acf":[],"yoast_head":"<!-- This site is optimized with the Yoast SEO plugin v26.9 - https:\/\/yoast.com\/product\/yoast-seo-wordpress\/ -->\n<title>GGM Gastro Lisboa | Portugal - GGM Gastro Showrooms<\/title>\n<meta name=\"robots\" content=\"index, follow, max-snippet:-1, max-image-preview:large, max-video-preview:-1\" \/>\n<link rel=\"canonical\" href=\"https:\/\/showrooms.ggmgastro.com\/fr\/pt-portugal-lisboa\/\" \/>\n<meta property=\"og:locale\" content=\"fr_FR\" \/>\n<meta property=\"og:type\" content=\"article\" \/>\n<meta property=\"og:title\" content=\"GGM Gastro Lisboa | Portugal - GGM Gastro Showrooms\" \/>\n<meta property=\"og:description\" content=\"Now Open: New Showroom in Lisbon We are pleased to announce that our new showroom for high-quality catering and restaurant equipment in Lisbon is now open. Across 500 m\u00b2 of exhibition space, we showcase approximately 600 items\u2014ranging from modern kitchen technology and caf\u00e9 and restaurant equipment to practical solutions for daily restaurant operations. All under...\" \/>\n<meta property=\"og:url\" content=\"https:\/\/showrooms.ggmgastro.com\/fr\/pt-portugal-lisboa\/\" \/>\n<meta property=\"og:site_name\" content=\"GGM Gastro Showrooms\" \/>\n<meta property=\"article:modified_time\" content=\"2026-04-23T12:59:16+00:00\" \/>\n<meta property=\"og:image\" content=\"https:\/\/showrooms.ggmgastro.com\/wp-content\/uploads\/Lissabon_2-1-scaled.jpg\" \/>\n\t<meta property=\"og:image:width\" content=\"1800\" \/>\n\t<meta property=\"og:image:height\" content=\"1800\" \/>\n\t<meta property=\"og:image:type\" content=\"image\/jpeg\" \/>\n<meta name=\"twitter:card\" content=\"summary_large_image\" \/>\n<meta name=\"twitter:label1\" content=\"Dur\u00e9e de lecture estim\u00e9e\" \/>\n\t<meta name=\"twitter:data1\" content=\"1 minute\" \/>\n<script type=\"application\/ld+json\" class=\"yoast-schema-graph\">{\"@context\":\"https:\/\/schema.org\",\"@graph\":[{\"@type\":\"WebPage\",\"@id\":\"https:\/\/showrooms.ggmgastro.com\/pt-portugal-lisboa\/\",\"url\":\"https:\/\/showrooms.ggmgastro.com\/pt-portugal-lisboa\/\",\"name\":\"GGM Gastro Lisboa | Portugal - GGM Gastro Showrooms\",\"isPartOf\":{\"@id\":\"https:\/\/showrooms.ggmgastro.com\/#website\"},\"primaryImageOfPage\":{\"@id\":\"https:\/\/showrooms.ggmgastro.com\/pt-portugal-lisboa\/#primaryimage\"},\"image\":{\"@id\":\"https:\/\/showrooms.ggmgastro.com\/pt-portugal-lisboa\/#primaryimage\"},\"thumbnailUrl\":\"https:\/\/showrooms.ggmgastro.com\/wp-content\/uploads\/Lissabon_2-1-scaled.jpg\",\"datePublished\":\"2025-09-18T13:54:55+00:00\",\"dateModified\":\"2026-04-23T12:59:16+00:00\",\"breadcrumb\":{\"@id\":\"https:\/\/showrooms.ggmgastro.com\/pt-portugal-lisboa\/#breadcrumb\"},\"inLanguage\":\"fr-FR\",\"potentialAction\":[{\"@type\":\"ReadAction\",\"target\":[\"https:\/\/showrooms.ggmgastro.com\/pt-portugal-lisboa\/\"]}]},{\"@type\":\"ImageObject\",\"inLanguage\":\"fr-FR\",\"@id\":\"https:\/\/showrooms.ggmgastro.com\/pt-portugal-lisboa\/#primaryimage\",\"url\":\"https:\/\/showrooms.ggmgastro.com\/wp-content\/uploads\/Lissabon_2-1-scaled.jpg\",\"contentUrl\":\"https:\/\/showrooms.ggmgastro.com\/wp-content\/uploads\/Lissabon_2-1-scaled.jpg\",\"width\":1800,\"height\":1800},{\"@type\":\"BreadcrumbList\",\"@id\":\"https:\/\/showrooms.ggmgastro.com\/pt-portugal-lisboa\/#breadcrumb\",\"itemListElement\":[{\"@type\":\"ListItem\",\"position\":1,\"name\":\"Startseite\",\"item\":\"https:\/\/showrooms.ggmgastro.com\/\"},{\"@type\":\"ListItem\",\"position\":2,\"name\":\"GGM Gastro Lisboa | Portugal\"}]},{\"@type\":\"WebSite\",\"@id\":\"https:\/\/showrooms.ggmgastro.com\/#website\",\"url\":\"https:\/\/showrooms.ggmgastro.com\/\",\"name\":\"GGM Gastro Showrooms\",\"description\":\"\",\"publisher\":{\"@id\":\"https:\/\/showrooms.ggmgastro.com\/#organization\"},\"potentialAction\":[{\"@type\":\"SearchAction\",\"target\":{\"@type\":\"EntryPoint\",\"urlTemplate\":\"https:\/\/showrooms.ggmgastro.com\/?s={search_term_string}\"},\"query-input\":{\"@type\":\"PropertyValueSpecification\",\"valueRequired\":true,\"valueName\":\"search_term_string\"}}],\"inLanguage\":\"fr-FR\"},{\"@type\":\"Organization\",\"@id\":\"https:\/\/showrooms.ggmgastro.com\/#organization\",\"name\":\"GGM Gastro International GmbH\",\"url\":\"https:\/\/showrooms.ggmgastro.com\/\",\"logo\":{\"@type\":\"ImageObject\",\"inLanguage\":\"fr-FR\",\"@id\":\"https:\/\/showrooms.ggmgastro.com\/#\/schema\/logo\/image\/\",\"url\":\"https:\/\/showrooms.ggmgastro.com\/wp-content\/uploads\/ggmgastro-logo-dark-seo.jpg\",\"contentUrl\":\"https:\/\/showrooms.ggmgastro.com\/wp-content\/uploads\/ggmgastro-logo-dark-seo.jpg\",\"width\":696,\"height\":696,\"caption\":\"GGM Gastro International GmbH\"},\"image\":{\"@id\":\"https:\/\/showrooms.ggmgastro.com\/#\/schema\/logo\/image\/\"}}]}<\/script>\n<!-- \/ Yoast SEO plugin. -->","yoast_head_json":{"title":"GGM Gastro Lisboa | Portugal - GGM Gastro Showrooms","robots":{"index":"index","follow":"follow","max-snippet":"max-snippet:-1","max-image-preview":"max-image-preview:large","max-video-preview":"max-video-preview:-1"},"canonical":"https:\/\/showrooms.ggmgastro.com\/fr\/pt-portugal-lisboa\/","og_locale":"fr_FR","og_type":"article","og_title":"GGM Gastro Lisboa | Portugal - GGM Gastro Showrooms","og_description":"Now Open: New Showroom in Lisbon We are pleased to announce that our new showroom for high-quality catering and restaurant equipment in Lisbon is now open. Across 500 m\u00b2 of exhibition space, we showcase approximately 600 items\u2014ranging from modern kitchen technology and caf\u00e9 and restaurant equipment to practical solutions for daily restaurant operations. All under...","og_url":"https:\/\/showrooms.ggmgastro.com\/fr\/pt-portugal-lisboa\/","og_site_name":"GGM Gastro Showrooms","article_modified_time":"2026-04-23T12:59:16+00:00","og_image":[{"width":1800,"height":1800,"url":"https:\/\/showrooms.ggmgastro.com\/wp-content\/uploads\/Lissabon_2-1-scaled.jpg","type":"image\/jpeg"}],"twitter_card":"summary_large_image","twitter_misc":{"Dur\u00e9e de lecture estim\u00e9e":"1 minute"},"schema":{"@context":"https:\/\/schema.org","@graph":[{"@type":"WebPage","@id":"https:\/\/showrooms.ggmgastro.com\/pt-portugal-lisboa\/","url":"https:\/\/showrooms.ggmgastro.com\/pt-portugal-lisboa\/","name":"GGM Gastro Lisboa | Portugal - GGM Gastro Showrooms","isPartOf":{"@id":"https:\/\/showrooms.ggmgastro.com\/#website"},"primaryImageOfPage":{"@id":"https:\/\/showrooms.ggmgastro.com\/pt-portugal-lisboa\/#primaryimage"},"image":{"@id":"https:\/\/showrooms.ggmgastro.com\/pt-portugal-lisboa\/#primaryimage"},"thumbnailUrl":"https:\/\/showrooms.ggmgastro.com\/wp-content\/uploads\/Lissabon_2-1-scaled.jpg","datePublished":"2025-09-18T13:54:55+00:00","dateModified":"2026-04-23T12:59:16+00:00","breadcrumb":{"@id":"https:\/\/showrooms.ggmgastro.com\/pt-portugal-lisboa\/#breadcrumb"},"inLanguage":"fr-FR","potentialAction":[{"@type":"ReadAction","target":["https:\/\/showrooms.ggmgastro.com\/pt-portugal-lisboa\/"]}]},{"@type":"ImageObject","inLanguage":"fr-FR","@id":"https:\/\/showrooms.ggmgastro.com\/pt-portugal-lisboa\/#primaryimage","url":"https:\/\/showrooms.ggmgastro.com\/wp-content\/uploads\/Lissabon_2-1-scaled.jpg","contentUrl":"https:\/\/showrooms.ggmgastro.com\/wp-content\/uploads\/Lissabon_2-1-scaled.jpg","width":1800,"height":1800},{"@type":"BreadcrumbList","@id":"https:\/\/showrooms.ggmgastro.com\/pt-portugal-lisboa\/#breadcrumb","itemListElement":[{"@type":"ListItem","position":1,"name":"Startseite","item":"https:\/\/showrooms.ggmgastro.com\/"},{"@type":"ListItem","position":2,"name":"GGM Gastro Lisboa | Portugal"}]},{"@type":"WebSite","@id":"https:\/\/showrooms.ggmgastro.com\/#website","url":"https:\/\/showrooms.ggmgastro.com\/","name":"GGM Gastro Showrooms","description":"","publisher":{"@id":"https:\/\/showrooms.ggmgastro.com\/#organization"},"potentialAction":[{"@type":"SearchAction","target":{"@type":"EntryPoint","urlTemplate":"https:\/\/showrooms.ggmgastro.com\/?s={search_term_string}"},"query-input":{"@type":"PropertyValueSpecification","valueRequired":true,"valueName":"search_term_string"}}],"inLanguage":"fr-FR"},{"@type":"Organization","@id":"https:\/\/showrooms.ggmgastro.com\/#organization","name":"GGM Gastro International GmbH","url":"https:\/\/showrooms.ggmgastro.com\/","logo":{"@type":"ImageObject","inLanguage":"fr-FR","@id":"https:\/\/showrooms.ggmgastro.com\/#\/schema\/logo\/image\/","url":"https:\/\/showrooms.ggmgastro.com\/wp-content\/uploads\/ggmgastro-logo-dark-seo.jpg","contentUrl":"https:\/\/showrooms.ggmgastro.com\/wp-content\/uploads\/ggmgastro-logo-dark-seo.jpg","width":696,"height":696,"caption":"GGM Gastro International GmbH"},"image":{"@id":"https:\/\/showrooms.ggmgastro.com\/#\/schema\/logo\/image\/"}}]}},"_links":{"self":[{"href":"https:\/\/showrooms.ggmgastro.com\/fr\/wp-json\/wp\/v2\/pages\/62897","targetHints":{"allow":["GET"]}}],"collection":[{"href":"https:\/\/showrooms.ggmgastro.com\/fr\/wp-json\/wp\/v2\/pages"}],"about":[{"href":"https:\/\/showrooms.ggmgastro.com\/fr\/wp-json\/wp\/v2\/types\/page"}],"author":[{"embeddable":true,"href":"https:\/\/showrooms.ggmgastro.com\/fr\/wp-json\/wp\/v2\/users\/3"}],"replies":[{"embeddable":true,"href":"https:\/\/showrooms.ggmgastro.com\/fr\/wp-json\/wp\/v2\/comments?post=62897"}],"version-history":[{"count":47,"href":"https:\/\/showrooms.ggmgastro.com\/fr\/wp-json\/wp\/v2\/pages\/62897\/revisions"}],"predecessor-version":[{"id":69531,"href":"https:\/\/showrooms.ggmgastro.com\/fr\/wp-json\/wp\/v2\/pages\/62897\/revisions\/69531"}],"wp:featuredmedia":[{"embeddable":true,"href":"https:\/\/showrooms.ggmgastro.com\/fr\/wp-json\/wp\/v2\/media\/66725"}],"wp:attachment":[{"href":"https:\/\/showrooms.ggmgastro.com\/fr\/wp-json\/wp\/v2\/media?parent=62897"}],"wp:term":[{"taxonomy":"showroom_land","embeddable":true,"href":"https:\/\/showrooms.ggmgastro.com\/fr\/wp-json\/wp\/v2\/showroom_land?post=62897"},{"taxonomy":"seitentyp","embeddable":true,"href":"https:\/\/showrooms.ggmgastro.com\/fr\/wp-json\/wp\/v2\/seitentyp?post=62897"}],"curies":[{"name":"wp","href":"https:\/\/api.w.org\/{rel}","templated":true}]}}