{"id":62909,"date":"2025-10-13T10:52:08","date_gmt":"2025-10-13T08:52:08","guid":{"rendered":"https:\/\/showrooms.ggmgastro.com\/?page_id=62909"},"modified":"2026-04-08T10:11:52","modified_gmt":"2026-04-08T08:11:52","slug":"italy-roma","status":"publish","type":"page","link":"https:\/\/showrooms.ggmgastro.com\/fr\/italy-roma\/","title":{"rendered":"GGM Gastro Roma | Italy"},"content":{"rendered":"<p><b>Nous sommes ouverts ! Notre nouveau showroom \u00e0 Rome est d\u00e9sormais officiellement \u00e0 votre disposition.<\/b>.<\/p>\n<p>Nous sommes heureux d'annoncer l'ouverture de notre nouveau si\u00e8ge social d\u00e9di\u00e9 aux \u00e9quipements de restauration haut de gamme.<\/p>\n<p>D\u00e9couvrez une large gamme de produits professionnels : des technologies modernes pour la cuisine aux \u00e9quipements de bar, en passant par des accessoires pratiques pour r\u00e9pondre aux besoins quotidiens de la restauration. Tout cela sous un m\u00eame toit et avec la qualit\u00e9 \u00e9prouv\u00e9e de GGM.<\/p>\n<p>Notre showroom est synonyme de qualit\u00e9, de vari\u00e9t\u00e9 et d'excellent service : l'environnement id\u00e9al pour trouver les solutions adapt\u00e9es \u00e0 chaque projet de restauration.<\/p>\n<p>Dans les jours et les semaines \u00e0 venir, nous vous tiendrons inform\u00e9s des derni\u00e8res nouvelles concernant l'inauguration.<\/p>\n<p>Nous sommes impatients d'accueillir de nombreux visiteurs et de nous lancer dans cette nouvelle aventure.<\/p>","protected":false},"excerpt":{"rendered":"<p>We are open! Our new showroom in Rome is now officially at your disposal. We are pleased to announce the opening of our new headquarters dedicated to high-quality catering equipment. Discover a wide range of professional products: from modern kitchen technologies to bar equipment and practical accessory solutions for everyday catering needs. All under one&#8230;<\/p>","protected":false},"author":3,"featured_media":64277,"parent":0,"menu_order":0,"comment_status":"closed","ping_status":"closed","template":"","meta":{"_acf_changed":false,"iawp_total_views":259939,"footnotes":""},"showroom_land":[46],"seitentyp":[87],"class_list":["post-62909","page","type-page","status-publish","has-post-thumbnail","hentry","showroom_land-frankreich","seitentyp-showroom"],"acf":[],"yoast_head":"<!-- This site is optimized with the Yoast SEO plugin v26.9 - https:\/\/yoast.com\/product\/yoast-seo-wordpress\/ -->\n<title>GGM Gastro Roma | Italy - GGM Gastro Showrooms<\/title>\n<meta name=\"robots\" content=\"index, follow, max-snippet:-1, max-image-preview:large, max-video-preview:-1\" \/>\n<link rel=\"canonical\" href=\"https:\/\/showrooms.ggmgastro.com\/fr\/italy-roma\/\" \/>\n<meta property=\"og:locale\" content=\"fr_FR\" \/>\n<meta property=\"og:type\" content=\"article\" \/>\n<meta property=\"og:title\" content=\"GGM Gastro Roma | Italy - GGM Gastro Showrooms\" \/>\n<meta property=\"og:description\" content=\"We are open! Our new showroom in Rome is now officially at your disposal. We are pleased to announce the opening of our new headquarters dedicated to high-quality catering equipment. Discover a wide range of professional products: from modern kitchen technologies to bar equipment and practical accessory solutions for everyday catering needs. All under one...\" \/>\n<meta property=\"og:url\" content=\"https:\/\/showrooms.ggmgastro.com\/fr\/italy-roma\/\" \/>\n<meta property=\"og:site_name\" content=\"GGM Gastro Showrooms\" \/>\n<meta property=\"article:modified_time\" content=\"2026-04-08T08:11:52+00:00\" \/>\n<meta property=\"og:image\" content=\"https:\/\/showrooms.ggmgastro.com\/wp-content\/uploads\/b76c0665-de99-4747-84b3-e729e206d44e_medium.jpg\" \/>\n\t<meta property=\"og:image:width\" content=\"400\" \/>\n\t<meta property=\"og:image:height\" content=\"300\" \/>\n\t<meta property=\"og:image:type\" content=\"image\/jpeg\" \/>\n<meta name=\"twitter:card\" content=\"summary_large_image\" \/>\n<meta name=\"twitter:label1\" content=\"Dur\u00e9e de lecture estim\u00e9e\" \/>\n\t<meta name=\"twitter:data1\" content=\"1 minute\" \/>\n<script type=\"application\/ld+json\" class=\"yoast-schema-graph\">{\"@context\":\"https:\/\/schema.org\",\"@graph\":[{\"@type\":\"WebPage\",\"@id\":\"https:\/\/showrooms.ggmgastro.com\/italy-roma\/\",\"url\":\"https:\/\/showrooms.ggmgastro.com\/italy-roma\/\",\"name\":\"GGM Gastro Roma | Italy - GGM Gastro Showrooms\",\"isPartOf\":{\"@id\":\"https:\/\/showrooms.ggmgastro.com\/#website\"},\"primaryImageOfPage\":{\"@id\":\"https:\/\/showrooms.ggmgastro.com\/italy-roma\/#primaryimage\"},\"image\":{\"@id\":\"https:\/\/showrooms.ggmgastro.com\/italy-roma\/#primaryimage\"},\"thumbnailUrl\":\"https:\/\/showrooms.ggmgastro.com\/wp-content\/uploads\/b76c0665-de99-4747-84b3-e729e206d44e_medium.jpg\",\"datePublished\":\"2025-10-13T08:52:08+00:00\",\"dateModified\":\"2026-04-08T08:11:52+00:00\",\"breadcrumb\":{\"@id\":\"https:\/\/showrooms.ggmgastro.com\/italy-roma\/#breadcrumb\"},\"inLanguage\":\"fr-FR\",\"potentialAction\":[{\"@type\":\"ReadAction\",\"target\":[\"https:\/\/showrooms.ggmgastro.com\/italy-roma\/\"]}]},{\"@type\":\"ImageObject\",\"inLanguage\":\"fr-FR\",\"@id\":\"https:\/\/showrooms.ggmgastro.com\/italy-roma\/#primaryimage\",\"url\":\"https:\/\/showrooms.ggmgastro.com\/wp-content\/uploads\/b76c0665-de99-4747-84b3-e729e206d44e_medium.jpg\",\"contentUrl\":\"https:\/\/showrooms.ggmgastro.com\/wp-content\/uploads\/b76c0665-de99-4747-84b3-e729e206d44e_medium.jpg\",\"width\":400,\"height\":300},{\"@type\":\"BreadcrumbList\",\"@id\":\"https:\/\/showrooms.ggmgastro.com\/italy-roma\/#breadcrumb\",\"itemListElement\":[{\"@type\":\"ListItem\",\"position\":1,\"name\":\"Startseite\",\"item\":\"https:\/\/showrooms.ggmgastro.com\/\"},{\"@type\":\"ListItem\",\"position\":2,\"name\":\"GGM Gastro Roma | Italy\"}]},{\"@type\":\"WebSite\",\"@id\":\"https:\/\/showrooms.ggmgastro.com\/#website\",\"url\":\"https:\/\/showrooms.ggmgastro.com\/\",\"name\":\"GGM Gastro Showrooms\",\"description\":\"\",\"publisher\":{\"@id\":\"https:\/\/showrooms.ggmgastro.com\/#organization\"},\"potentialAction\":[{\"@type\":\"SearchAction\",\"target\":{\"@type\":\"EntryPoint\",\"urlTemplate\":\"https:\/\/showrooms.ggmgastro.com\/?s={search_term_string}\"},\"query-input\":{\"@type\":\"PropertyValueSpecification\",\"valueRequired\":true,\"valueName\":\"search_term_string\"}}],\"inLanguage\":\"fr-FR\"},{\"@type\":\"Organization\",\"@id\":\"https:\/\/showrooms.ggmgastro.com\/#organization\",\"name\":\"GGM Gastro International GmbH\",\"url\":\"https:\/\/showrooms.ggmgastro.com\/\",\"logo\":{\"@type\":\"ImageObject\",\"inLanguage\":\"fr-FR\",\"@id\":\"https:\/\/showrooms.ggmgastro.com\/#\/schema\/logo\/image\/\",\"url\":\"https:\/\/showrooms.ggmgastro.com\/wp-content\/uploads\/ggmgastro-logo-dark-seo.jpg\",\"contentUrl\":\"https:\/\/showrooms.ggmgastro.com\/wp-content\/uploads\/ggmgastro-logo-dark-seo.jpg\",\"width\":696,\"height\":696,\"caption\":\"GGM Gastro International GmbH\"},\"image\":{\"@id\":\"https:\/\/showrooms.ggmgastro.com\/#\/schema\/logo\/image\/\"}}]}<\/script>\n<!-- \/ Yoast SEO plugin. -->","yoast_head_json":{"title":"GGM Gastro Roma | Italy - GGM Gastro Showrooms","robots":{"index":"index","follow":"follow","max-snippet":"max-snippet:-1","max-image-preview":"max-image-preview:large","max-video-preview":"max-video-preview:-1"},"canonical":"https:\/\/showrooms.ggmgastro.com\/fr\/italy-roma\/","og_locale":"fr_FR","og_type":"article","og_title":"GGM Gastro Roma | Italy - GGM Gastro Showrooms","og_description":"We are open! Our new showroom in Rome is now officially at your disposal. We are pleased to announce the opening of our new headquarters dedicated to high-quality catering equipment. Discover a wide range of professional products: from modern kitchen technologies to bar equipment and practical accessory solutions for everyday catering needs. All under one...","og_url":"https:\/\/showrooms.ggmgastro.com\/fr\/italy-roma\/","og_site_name":"GGM Gastro Showrooms","article_modified_time":"2026-04-08T08:11:52+00:00","og_image":[{"width":400,"height":300,"url":"https:\/\/showrooms.ggmgastro.com\/wp-content\/uploads\/b76c0665-de99-4747-84b3-e729e206d44e_medium.jpg","type":"image\/jpeg"}],"twitter_card":"summary_large_image","twitter_misc":{"Dur\u00e9e de lecture estim\u00e9e":"1 minute"},"schema":{"@context":"https:\/\/schema.org","@graph":[{"@type":"WebPage","@id":"https:\/\/showrooms.ggmgastro.com\/italy-roma\/","url":"https:\/\/showrooms.ggmgastro.com\/italy-roma\/","name":"GGM Gastro Roma | Italy - GGM Gastro Showrooms","isPartOf":{"@id":"https:\/\/showrooms.ggmgastro.com\/#website"},"primaryImageOfPage":{"@id":"https:\/\/showrooms.ggmgastro.com\/italy-roma\/#primaryimage"},"image":{"@id":"https:\/\/showrooms.ggmgastro.com\/italy-roma\/#primaryimage"},"thumbnailUrl":"https:\/\/showrooms.ggmgastro.com\/wp-content\/uploads\/b76c0665-de99-4747-84b3-e729e206d44e_medium.jpg","datePublished":"2025-10-13T08:52:08+00:00","dateModified":"2026-04-08T08:11:52+00:00","breadcrumb":{"@id":"https:\/\/showrooms.ggmgastro.com\/italy-roma\/#breadcrumb"},"inLanguage":"fr-FR","potentialAction":[{"@type":"ReadAction","target":["https:\/\/showrooms.ggmgastro.com\/italy-roma\/"]}]},{"@type":"ImageObject","inLanguage":"fr-FR","@id":"https:\/\/showrooms.ggmgastro.com\/italy-roma\/#primaryimage","url":"https:\/\/showrooms.ggmgastro.com\/wp-content\/uploads\/b76c0665-de99-4747-84b3-e729e206d44e_medium.jpg","contentUrl":"https:\/\/showrooms.ggmgastro.com\/wp-content\/uploads\/b76c0665-de99-4747-84b3-e729e206d44e_medium.jpg","width":400,"height":300},{"@type":"BreadcrumbList","@id":"https:\/\/showrooms.ggmgastro.com\/italy-roma\/#breadcrumb","itemListElement":[{"@type":"ListItem","position":1,"name":"Startseite","item":"https:\/\/showrooms.ggmgastro.com\/"},{"@type":"ListItem","position":2,"name":"GGM Gastro Roma | Italy"}]},{"@type":"WebSite","@id":"https:\/\/showrooms.ggmgastro.com\/#website","url":"https:\/\/showrooms.ggmgastro.com\/","name":"GGM Gastro Showrooms","description":"","publisher":{"@id":"https:\/\/showrooms.ggmgastro.com\/#organization"},"potentialAction":[{"@type":"SearchAction","target":{"@type":"EntryPoint","urlTemplate":"https:\/\/showrooms.ggmgastro.com\/?s={search_term_string}"},"query-input":{"@type":"PropertyValueSpecification","valueRequired":true,"valueName":"search_term_string"}}],"inLanguage":"fr-FR"},{"@type":"Organization","@id":"https:\/\/showrooms.ggmgastro.com\/#organization","name":"GGM Gastro International GmbH","url":"https:\/\/showrooms.ggmgastro.com\/","logo":{"@type":"ImageObject","inLanguage":"fr-FR","@id":"https:\/\/showrooms.ggmgastro.com\/#\/schema\/logo\/image\/","url":"https:\/\/showrooms.ggmgastro.com\/wp-content\/uploads\/ggmgastro-logo-dark-seo.jpg","contentUrl":"https:\/\/showrooms.ggmgastro.com\/wp-content\/uploads\/ggmgastro-logo-dark-seo.jpg","width":696,"height":696,"caption":"GGM Gastro International GmbH"},"image":{"@id":"https:\/\/showrooms.ggmgastro.com\/#\/schema\/logo\/image\/"}}]}},"_links":{"self":[{"href":"https:\/\/showrooms.ggmgastro.com\/fr\/wp-json\/wp\/v2\/pages\/62909","targetHints":{"allow":["GET"]}}],"collection":[{"href":"https:\/\/showrooms.ggmgastro.com\/fr\/wp-json\/wp\/v2\/pages"}],"about":[{"href":"https:\/\/showrooms.ggmgastro.com\/fr\/wp-json\/wp\/v2\/types\/page"}],"author":[{"embeddable":true,"href":"https:\/\/showrooms.ggmgastro.com\/fr\/wp-json\/wp\/v2\/users\/3"}],"replies":[{"embeddable":true,"href":"https:\/\/showrooms.ggmgastro.com\/fr\/wp-json\/wp\/v2\/comments?post=62909"}],"version-history":[{"count":35,"href":"https:\/\/showrooms.ggmgastro.com\/fr\/wp-json\/wp\/v2\/pages\/62909\/revisions"}],"predecessor-version":[{"id":68994,"href":"https:\/\/showrooms.ggmgastro.com\/fr\/wp-json\/wp\/v2\/pages\/62909\/revisions\/68994"}],"wp:featuredmedia":[{"embeddable":true,"href":"https:\/\/showrooms.ggmgastro.com\/fr\/wp-json\/wp\/v2\/media\/64277"}],"wp:attachment":[{"href":"https:\/\/showrooms.ggmgastro.com\/fr\/wp-json\/wp\/v2\/media?parent=62909"}],"wp:term":[{"taxonomy":"showroom_land","embeddable":true,"href":"https:\/\/showrooms.ggmgastro.com\/fr\/wp-json\/wp\/v2\/showroom_land?post=62909"},{"taxonomy":"seitentyp","embeddable":true,"href":"https:\/\/showrooms.ggmgastro.com\/fr\/wp-json\/wp\/v2\/seitentyp?post=62909"}],"curies":[{"name":"wp","href":"https:\/\/api.w.org\/{rel}","templated":true}]}}