{"id":67909,"date":"2026-02-20T15:34:02","date_gmt":"2026-02-20T13:34:02","guid":{"rendered":"https:\/\/showrooms.ggmgastro.com\/?page_id=67909"},"modified":"2026-03-10T17:37:55","modified_gmt":"2026-03-10T15:37:55","slug":"ggm-gastro-at-internorga","status":"publish","type":"page","link":"https:\/\/showrooms.ggmgastro.com\/fr\/ggm-gastro-at-internorga\/","title":{"rendered":"GGM Gastro at INTERNORGA"},"content":{"rendered":"<section class=\"l-section wpb_row height_large\"><div class=\"l-section-h i-cf\"><div class=\"g-cols vc_row via_grid cols_1 laptops-cols_inherit tablets-cols_inherit mobiles-cols_1 valign_top type_default stacking_default\"><div class=\"wpb_column vc_column_container\"><div class=\"vc_column-inner\"><div class=\"wpb_text_column\"><div class=\"wpb_wrapper\"><p><strong>Experience GGM Gastro at INTERNORGA and discover modern solutions for professional gastronomy and retail concepts.<\/strong><\/p>\n<p>D\u00e9couvrez GGM Gastro \u00e0 l\u2019INTERNORGA et explorez des solutions modernes pour la restauration professionnelle et les concepts retail.\nEn tant que leader europ\u00e9en des \u00e9quipements de restauration, nous pr\u00e9sentons un portefeuille de produits polyvalent \u2013 des appareils autonomes haute performance aux solutions compl\u00e8tes et bien pens\u00e9es pour de nombreuses applications.<\/p>\n<p class=\"translation-block\">Whether system catering, out-of-home sales, food concepts in retail, or traditional gastronomy:<br>\r\nGGM Gastro stands for practical equipment, outstanding quality, and solutions that deliver reliable performance in day-to-day operations.<\/p>\n<p>Laissez-vous inspirer, d\u00e9couvrez de nouvelles opportunit\u00e9s et rencontrez personnellement notre \u00e9quipe exp\u00e9riment\u00e9e. Nous serons ravis de vous accueillir.<\/p>\n<p><strong>Hall B6, Stand 520 &amp; 523<\/strong><\/p>\n<p>&nbsp;<\/p>\n<p><strong>Billets gratuits<\/strong><\/p>\n<p>Nous sommes heureux d\u2019offrir \u00e0 nos clients et partenaires la possibilit\u00e9 de nous rendre visite \u00e0 l\u2019INTERNORGA et de vivre l\u2019\u00e9v\u00e9nement ensemble.<\/p>\n<p>Nous avons r\u00e9serv\u00e9 un nombre limit\u00e9 de billets gratuits, principalement destin\u00e9s \u00e0 nos clients existants et professionnels.<\/p>\n<p>Si des billets restent disponibles apr\u00e8s cette attribution, ils pourront bien entendu \u00eatre propos\u00e9s \u00e0 d\u2019autres personnes int\u00e9ress\u00e9es.<\/p>\n<p class=\"translation-block\">If you would like to attend, please send an email to <strong>events@ggmgastro.com<\/strong>, including your name and full company details.<\/p>\n<p>Nous nous r\u00e9jouissons de vous accueillir \u00e0 Hambourg et de vous pr\u00e9senter personnellement nos nouveaux produits et temps forts du salon.<\/p>\n<p>Veuillez noter que le nombre de billets est limit\u00e9. Une fois tous les billets distribu\u00e9s, aucun billet gratuit suppl\u00e9mentaire ne pourra \u00eatre d\u00e9livr\u00e9.<span style=\"letter-spacing: 0em;\"><\/p>\n<\/div><\/div><\/div><\/div><\/div><\/div><\/section><\/span><\/p>","protected":false},"excerpt":{"rendered":"Experience GGM Gastro at INTERNORGA and discover modern solutions for professional gastronomy and retail concepts. As Europe\u2019s leading supplier of catering equipment, we present a versatile product portfolio \u2013 ranging from high-performance standalone appliances to well-designed complete solutions for a wide variety of applications. Whether system catering, out-of-home sales, food concepts in retail, or traditional...","protected":false},"author":7,"featured_media":0,"parent":0,"menu_order":0,"comment_status":"closed","ping_status":"closed","template":"","meta":{"_acf_changed":false,"iawp_total_views":4447,"footnotes":""},"showroom_land":[],"seitentyp":[91],"class_list":["post-67909","page","type-page","status-publish","hentry","seitentyp-messe"],"acf":[],"yoast_head":"<!-- This site is optimized with the Yoast SEO plugin v26.9 - https:\/\/yoast.com\/product\/yoast-seo-wordpress\/ -->\n<title>GGM Gastro at INTERNORGA - GGM Gastro Showrooms<\/title>\n<meta name=\"description\" content=\"Visit GGM Gastro at EuroShop and discover professional catering and retail solutions, powerful equipment and expert advice. Hall 13, Stand C60.\" \/>\n<meta name=\"robots\" content=\"index, follow, max-snippet:-1, max-image-preview:large, max-video-preview:-1\" \/>\n<link rel=\"canonical\" href=\"https:\/\/showrooms.ggmgastro.com\/fr\/ggm-gastro-at-internorga\/\" \/>\n<meta property=\"og:locale\" content=\"fr_FR\" \/>\n<meta property=\"og:type\" content=\"article\" \/>\n<meta property=\"og:title\" content=\"GGM Gastro at INTERNORGA - GGM Gastro Showrooms\" \/>\n<meta property=\"og:description\" content=\"Visit GGM Gastro at EuroShop and discover professional catering and retail solutions, powerful equipment and expert advice. Hall 13, Stand C60.\" \/>\n<meta property=\"og:url\" content=\"https:\/\/showrooms.ggmgastro.com\/fr\/ggm-gastro-at-internorga\/\" \/>\n<meta property=\"og:site_name\" content=\"GGM Gastro Showrooms\" \/>\n<meta property=\"article:modified_time\" content=\"2026-03-10T15:37:55+00:00\" \/>\n<meta property=\"og:image\" content=\"https:\/\/showrooms.ggmgastro.com\/wp-content\/uploads\/Internorga.jpg\" \/>\n\t<meta property=\"og:image:width\" content=\"1200\" \/>\n\t<meta property=\"og:image:height\" content=\"1200\" \/>\n\t<meta property=\"og:image:type\" content=\"image\/jpeg\" \/>\n<meta name=\"twitter:card\" content=\"summary_large_image\" \/>\n<meta name=\"twitter:label1\" content=\"Dur\u00e9e de lecture estim\u00e9e\" \/>\n\t<meta name=\"twitter:data1\" content=\"2 minutes\" \/>\n<script type=\"application\/ld+json\" class=\"yoast-schema-graph\">{\"@context\":\"https:\/\/schema.org\",\"@graph\":[{\"@type\":\"WebPage\",\"@id\":\"https:\/\/showrooms.ggmgastro.com\/ggm-gastro-at-internorga\/\",\"url\":\"https:\/\/showrooms.ggmgastro.com\/ggm-gastro-at-internorga\/\",\"name\":\"GGM Gastro at INTERNORGA - GGM Gastro Showrooms\",\"isPartOf\":{\"@id\":\"https:\/\/showrooms.ggmgastro.com\/#website\"},\"datePublished\":\"2026-02-20T13:34:02+00:00\",\"dateModified\":\"2026-03-10T15:37:55+00:00\",\"description\":\"Visit GGM Gastro at EuroShop and discover professional catering and retail solutions, powerful equipment and expert advice. Hall 13, Stand C60.\",\"breadcrumb\":{\"@id\":\"https:\/\/showrooms.ggmgastro.com\/ggm-gastro-at-internorga\/#breadcrumb\"},\"inLanguage\":\"fr-FR\",\"potentialAction\":[{\"@type\":\"ReadAction\",\"target\":[\"https:\/\/showrooms.ggmgastro.com\/ggm-gastro-at-internorga\/\"]}]},{\"@type\":\"BreadcrumbList\",\"@id\":\"https:\/\/showrooms.ggmgastro.com\/ggm-gastro-at-internorga\/#breadcrumb\",\"itemListElement\":[{\"@type\":\"ListItem\",\"position\":1,\"name\":\"Startseite\",\"item\":\"https:\/\/showrooms.ggmgastro.com\/\"},{\"@type\":\"ListItem\",\"position\":2,\"name\":\"GGM Gastro at INTERNORGA\"}]},{\"@type\":\"WebSite\",\"@id\":\"https:\/\/showrooms.ggmgastro.com\/#website\",\"url\":\"https:\/\/showrooms.ggmgastro.com\/\",\"name\":\"GGM Gastro Showrooms\",\"description\":\"\",\"publisher\":{\"@id\":\"https:\/\/showrooms.ggmgastro.com\/#organization\"},\"potentialAction\":[{\"@type\":\"SearchAction\",\"target\":{\"@type\":\"EntryPoint\",\"urlTemplate\":\"https:\/\/showrooms.ggmgastro.com\/?s={search_term_string}\"},\"query-input\":{\"@type\":\"PropertyValueSpecification\",\"valueRequired\":true,\"valueName\":\"search_term_string\"}}],\"inLanguage\":\"fr-FR\"},{\"@type\":\"Organization\",\"@id\":\"https:\/\/showrooms.ggmgastro.com\/#organization\",\"name\":\"GGM Gastro International GmbH\",\"url\":\"https:\/\/showrooms.ggmgastro.com\/\",\"logo\":{\"@type\":\"ImageObject\",\"inLanguage\":\"fr-FR\",\"@id\":\"https:\/\/showrooms.ggmgastro.com\/#\/schema\/logo\/image\/\",\"url\":\"https:\/\/showrooms.ggmgastro.com\/wp-content\/uploads\/ggmgastro-logo-dark-seo.jpg\",\"contentUrl\":\"https:\/\/showrooms.ggmgastro.com\/wp-content\/uploads\/ggmgastro-logo-dark-seo.jpg\",\"width\":696,\"height\":696,\"caption\":\"GGM Gastro International GmbH\"},\"image\":{\"@id\":\"https:\/\/showrooms.ggmgastro.com\/#\/schema\/logo\/image\/\"}}]}<\/script>\n<!-- \/ Yoast SEO plugin. -->","yoast_head_json":{"title":"GGM Gastro at INTERNORGA - GGM Gastro Showrooms","description":"Visit GGM Gastro at EuroShop and discover professional catering and retail solutions, powerful equipment and expert advice. Hall 13, Stand C60.","robots":{"index":"index","follow":"follow","max-snippet":"max-snippet:-1","max-image-preview":"max-image-preview:large","max-video-preview":"max-video-preview:-1"},"canonical":"https:\/\/showrooms.ggmgastro.com\/fr\/ggm-gastro-at-internorga\/","og_locale":"fr_FR","og_type":"article","og_title":"GGM Gastro at INTERNORGA - GGM Gastro Showrooms","og_description":"Visit GGM Gastro at EuroShop and discover professional catering and retail solutions, powerful equipment and expert advice. Hall 13, Stand C60.","og_url":"https:\/\/showrooms.ggmgastro.com\/fr\/ggm-gastro-at-internorga\/","og_site_name":"GGM Gastro Showrooms","article_modified_time":"2026-03-10T15:37:55+00:00","og_image":[{"width":1200,"height":1200,"url":"https:\/\/showrooms.ggmgastro.com\/wp-content\/uploads\/Internorga.jpg","type":"image\/jpeg"}],"twitter_card":"summary_large_image","twitter_misc":{"Dur\u00e9e de lecture estim\u00e9e":"2 minutes"},"schema":{"@context":"https:\/\/schema.org","@graph":[{"@type":"WebPage","@id":"https:\/\/showrooms.ggmgastro.com\/ggm-gastro-at-internorga\/","url":"https:\/\/showrooms.ggmgastro.com\/ggm-gastro-at-internorga\/","name":"GGM Gastro at INTERNORGA - GGM Gastro Showrooms","isPartOf":{"@id":"https:\/\/showrooms.ggmgastro.com\/#website"},"datePublished":"2026-02-20T13:34:02+00:00","dateModified":"2026-03-10T15:37:55+00:00","description":"Visit GGM Gastro at EuroShop and discover professional catering and retail solutions, powerful equipment and expert advice. Hall 13, Stand C60.","breadcrumb":{"@id":"https:\/\/showrooms.ggmgastro.com\/ggm-gastro-at-internorga\/#breadcrumb"},"inLanguage":"fr-FR","potentialAction":[{"@type":"ReadAction","target":["https:\/\/showrooms.ggmgastro.com\/ggm-gastro-at-internorga\/"]}]},{"@type":"BreadcrumbList","@id":"https:\/\/showrooms.ggmgastro.com\/ggm-gastro-at-internorga\/#breadcrumb","itemListElement":[{"@type":"ListItem","position":1,"name":"Startseite","item":"https:\/\/showrooms.ggmgastro.com\/"},{"@type":"ListItem","position":2,"name":"GGM Gastro at INTERNORGA"}]},{"@type":"WebSite","@id":"https:\/\/showrooms.ggmgastro.com\/#website","url":"https:\/\/showrooms.ggmgastro.com\/","name":"GGM Gastro Showrooms","description":"","publisher":{"@id":"https:\/\/showrooms.ggmgastro.com\/#organization"},"potentialAction":[{"@type":"SearchAction","target":{"@type":"EntryPoint","urlTemplate":"https:\/\/showrooms.ggmgastro.com\/?s={search_term_string}"},"query-input":{"@type":"PropertyValueSpecification","valueRequired":true,"valueName":"search_term_string"}}],"inLanguage":"fr-FR"},{"@type":"Organization","@id":"https:\/\/showrooms.ggmgastro.com\/#organization","name":"GGM Gastro International GmbH","url":"https:\/\/showrooms.ggmgastro.com\/","logo":{"@type":"ImageObject","inLanguage":"fr-FR","@id":"https:\/\/showrooms.ggmgastro.com\/#\/schema\/logo\/image\/","url":"https:\/\/showrooms.ggmgastro.com\/wp-content\/uploads\/ggmgastro-logo-dark-seo.jpg","contentUrl":"https:\/\/showrooms.ggmgastro.com\/wp-content\/uploads\/ggmgastro-logo-dark-seo.jpg","width":696,"height":696,"caption":"GGM Gastro International GmbH"},"image":{"@id":"https:\/\/showrooms.ggmgastro.com\/#\/schema\/logo\/image\/"}}]}},"_links":{"self":[{"href":"https:\/\/showrooms.ggmgastro.com\/fr\/wp-json\/wp\/v2\/pages\/67909","targetHints":{"allow":["GET"]}}],"collection":[{"href":"https:\/\/showrooms.ggmgastro.com\/fr\/wp-json\/wp\/v2\/pages"}],"about":[{"href":"https:\/\/showrooms.ggmgastro.com\/fr\/wp-json\/wp\/v2\/types\/page"}],"author":[{"embeddable":true,"href":"https:\/\/showrooms.ggmgastro.com\/fr\/wp-json\/wp\/v2\/users\/7"}],"replies":[{"embeddable":true,"href":"https:\/\/showrooms.ggmgastro.com\/fr\/wp-json\/wp\/v2\/comments?post=67909"}],"version-history":[{"count":16,"href":"https:\/\/showrooms.ggmgastro.com\/fr\/wp-json\/wp\/v2\/pages\/67909\/revisions"}],"predecessor-version":[{"id":68396,"href":"https:\/\/showrooms.ggmgastro.com\/fr\/wp-json\/wp\/v2\/pages\/67909\/revisions\/68396"}],"wp:attachment":[{"href":"https:\/\/showrooms.ggmgastro.com\/fr\/wp-json\/wp\/v2\/media?parent=67909"}],"wp:term":[{"taxonomy":"showroom_land","embeddable":true,"href":"https:\/\/showrooms.ggmgastro.com\/fr\/wp-json\/wp\/v2\/showroom_land?post=67909"},{"taxonomy":"seitentyp","embeddable":true,"href":"https:\/\/showrooms.ggmgastro.com\/fr\/wp-json\/wp\/v2\/seitentyp?post=67909"}],"curies":[{"name":"wp","href":"https:\/\/api.w.org\/{rel}","templated":true}]}}