{"id":10106,"date":"2025-04-17T13:42:53","date_gmt":"2025-04-17T13:42:53","guid":{"rendered":"https:\/\/showrooms.ggmgastro.com\/?page_id=10106"},"modified":"2026-02-09T09:38:29","modified_gmt":"2026-02-09T07:38:29","slug":"italy-milan","status":"publish","type":"page","link":"https:\/\/showrooms.ggmgastro.com\/pl\/italy-milan\/","title":{"rendered":"GGM Gastro Mediolan | W\u0142ochy"},"content":{"rendered":"<p><strong>Witamy w GGM Gastro Milan<\/strong><\/p>\n<p>Salon wystawowy GGM Gastro w Mediolanie jest jednym z dw\u00f3ch salon\u00f3w we W\u0142oszech i oferuje kompleksowy wgl\u0105d w nasz\u0105 ofert\u0119 produkt\u00f3w na powierzchni wystawowej o powierzchni 800 m\u00b2. Odkryj ponad 600 eksponat\u00f3w przeznaczonych do profesjonalnego cateringu i przekonaj si\u0119 sam o jako\u015bci, funkcjonalno\u015bci i najnowocze\u015bniejszej technologii kuchennej, jak\u0105 mamy do zaoferowania.<\/p>\n<p>Nasz zesp\u00f3\u0142 ekspert\u00f3w jest zawsze do Pa\u0144stwa dyspozycji, aby zapewni\u0107 Pa\u0144stwu spersonalizowane i kompetentne doradztwo oraz wsparcie w optymalnym planowaniu i wyposa\u017ceniu Pa\u0144stwa kuchni komercyjnej.<\/p>","protected":false},"excerpt":{"rendered":"<p>Welcome to GGM Gastro Milan The GGM Gastro showroom in Milan is one of two locations in Italy and offers you a comprehensive insight into our product range across an 800 m\u00b2 exhibition space. Discover over 600 items on display for professional catering needs and see for yourself the quality, functionality, and state-of-the-art kitchen technology&#8230;<\/p>","protected":false},"author":3,"featured_media":10107,"parent":0,"menu_order":0,"comment_status":"closed","ping_status":"closed","template":"","meta":{"_acf_changed":false,"iawp_total_views":107342,"footnotes":""},"showroom_land":[47],"seitentyp":[87],"class_list":["post-10106","page","type-page","status-publish","has-post-thumbnail","hentry","showroom_land-italien","seitentyp-showroom"],"acf":[],"yoast_head":"<!-- This site is optimized with the Yoast SEO plugin v26.9 - https:\/\/yoast.com\/product\/yoast-seo-wordpress\/ -->\n<title>GGM Gastro Milan | Italy - GGM Gastro Showrooms<\/title>\n<meta name=\"robots\" content=\"index, follow, max-snippet:-1, max-image-preview:large, max-video-preview:-1\" \/>\n<link rel=\"canonical\" href=\"https:\/\/showrooms.ggmgastro.com\/pl\/italy-milan\/\" \/>\n<meta property=\"og:locale\" content=\"pl_PL\" \/>\n<meta property=\"og:type\" content=\"article\" \/>\n<meta property=\"og:title\" content=\"GGM Gastro Milan | Italy - GGM Gastro Showrooms\" \/>\n<meta property=\"og:description\" content=\"Welcome to GGM Gastro Milan The GGM Gastro showroom in Milan is one of two locations in Italy and offers you a comprehensive insight into our product range across an 800 m\u00b2 exhibition space. Discover over 600 items on display for professional catering needs and see for yourself the quality, functionality, and state-of-the-art kitchen technology...\" \/>\n<meta property=\"og:url\" content=\"https:\/\/showrooms.ggmgastro.com\/pl\/italy-milan\/\" \/>\n<meta property=\"og:site_name\" content=\"GGM Gastro Showrooms\" \/>\n<meta property=\"article:modified_time\" content=\"2026-02-09T07:38:29+00:00\" \/>\n<meta property=\"og:image\" content=\"https:\/\/showrooms.ggmgastro.com\/wp-content\/uploads\/Mailand.webp\" \/>\n\t<meta property=\"og:image:width\" content=\"680\" \/>\n\t<meta property=\"og:image:height\" content=\"453\" \/>\n\t<meta property=\"og:image:type\" content=\"image\/webp\" \/>\n<meta name=\"twitter:card\" content=\"summary_large_image\" \/>\n<meta name=\"twitter:label1\" content=\"Szacowany czas czytania\" \/>\n\t<meta name=\"twitter:data1\" content=\"1 minuta\" \/>\n<script type=\"application\/ld+json\" class=\"yoast-schema-graph\">{\"@context\":\"https:\/\/schema.org\",\"@graph\":[{\"@type\":\"WebPage\",\"@id\":\"https:\/\/showrooms.ggmgastro.com\/italy-milan\/\",\"url\":\"https:\/\/showrooms.ggmgastro.com\/italy-milan\/\",\"name\":\"GGM Gastro Milan | Italy - GGM Gastro Showrooms\",\"isPartOf\":{\"@id\":\"https:\/\/showrooms.ggmgastro.com\/#website\"},\"primaryImageOfPage\":{\"@id\":\"https:\/\/showrooms.ggmgastro.com\/italy-milan\/#primaryimage\"},\"image\":{\"@id\":\"https:\/\/showrooms.ggmgastro.com\/italy-milan\/#primaryimage\"},\"thumbnailUrl\":\"https:\/\/showrooms.ggmgastro.com\/wp-content\/uploads\/Mailand.webp\",\"datePublished\":\"2025-04-17T13:42:53+00:00\",\"dateModified\":\"2026-02-09T07:38:29+00:00\",\"breadcrumb\":{\"@id\":\"https:\/\/showrooms.ggmgastro.com\/italy-milan\/#breadcrumb\"},\"inLanguage\":\"pl-PL\",\"potentialAction\":[{\"@type\":\"ReadAction\",\"target\":[\"https:\/\/showrooms.ggmgastro.com\/italy-milan\/\"]}]},{\"@type\":\"ImageObject\",\"inLanguage\":\"pl-PL\",\"@id\":\"https:\/\/showrooms.ggmgastro.com\/italy-milan\/#primaryimage\",\"url\":\"https:\/\/showrooms.ggmgastro.com\/wp-content\/uploads\/Mailand.webp\",\"contentUrl\":\"https:\/\/showrooms.ggmgastro.com\/wp-content\/uploads\/Mailand.webp\",\"width\":680,\"height\":453},{\"@type\":\"BreadcrumbList\",\"@id\":\"https:\/\/showrooms.ggmgastro.com\/italy-milan\/#breadcrumb\",\"itemListElement\":[{\"@type\":\"ListItem\",\"position\":1,\"name\":\"Startseite\",\"item\":\"https:\/\/showrooms.ggmgastro.com\/\"},{\"@type\":\"ListItem\",\"position\":2,\"name\":\"GGM Gastro Milan | Italy\"}]},{\"@type\":\"WebSite\",\"@id\":\"https:\/\/showrooms.ggmgastro.com\/#website\",\"url\":\"https:\/\/showrooms.ggmgastro.com\/\",\"name\":\"GGM Gastro Showrooms\",\"description\":\"\",\"publisher\":{\"@id\":\"https:\/\/showrooms.ggmgastro.com\/#organization\"},\"potentialAction\":[{\"@type\":\"SearchAction\",\"target\":{\"@type\":\"EntryPoint\",\"urlTemplate\":\"https:\/\/showrooms.ggmgastro.com\/?s={search_term_string}\"},\"query-input\":{\"@type\":\"PropertyValueSpecification\",\"valueRequired\":true,\"valueName\":\"search_term_string\"}}],\"inLanguage\":\"pl-PL\"},{\"@type\":\"Organization\",\"@id\":\"https:\/\/showrooms.ggmgastro.com\/#organization\",\"name\":\"GGM Gastro International GmbH\",\"url\":\"https:\/\/showrooms.ggmgastro.com\/\",\"logo\":{\"@type\":\"ImageObject\",\"inLanguage\":\"pl-PL\",\"@id\":\"https:\/\/showrooms.ggmgastro.com\/#\/schema\/logo\/image\/\",\"url\":\"https:\/\/showrooms.ggmgastro.com\/wp-content\/uploads\/ggmgastro-logo-dark-seo.jpg\",\"contentUrl\":\"https:\/\/showrooms.ggmgastro.com\/wp-content\/uploads\/ggmgastro-logo-dark-seo.jpg\",\"width\":696,\"height\":696,\"caption\":\"GGM Gastro International GmbH\"},\"image\":{\"@id\":\"https:\/\/showrooms.ggmgastro.com\/#\/schema\/logo\/image\/\"}}]}<\/script>\n<!-- \/ Yoast SEO plugin. -->","yoast_head_json":{"title":"GGM Gastro Milan | Italy - GGM Gastro Showrooms","robots":{"index":"index","follow":"follow","max-snippet":"max-snippet:-1","max-image-preview":"max-image-preview:large","max-video-preview":"max-video-preview:-1"},"canonical":"https:\/\/showrooms.ggmgastro.com\/pl\/italy-milan\/","og_locale":"pl_PL","og_type":"article","og_title":"GGM Gastro Milan | Italy - GGM Gastro Showrooms","og_description":"Welcome to GGM Gastro Milan The GGM Gastro showroom in Milan is one of two locations in Italy and offers you a comprehensive insight into our product range across an 800 m\u00b2 exhibition space. Discover over 600 items on display for professional catering needs and see for yourself the quality, functionality, and state-of-the-art kitchen technology...","og_url":"https:\/\/showrooms.ggmgastro.com\/pl\/italy-milan\/","og_site_name":"GGM Gastro Showrooms","article_modified_time":"2026-02-09T07:38:29+00:00","og_image":[{"width":680,"height":453,"url":"https:\/\/showrooms.ggmgastro.com\/wp-content\/uploads\/Mailand.webp","type":"image\/webp"}],"twitter_card":"summary_large_image","twitter_misc":{"Szacowany czas czytania":"1 minuta"},"schema":{"@context":"https:\/\/schema.org","@graph":[{"@type":"WebPage","@id":"https:\/\/showrooms.ggmgastro.com\/italy-milan\/","url":"https:\/\/showrooms.ggmgastro.com\/italy-milan\/","name":"GGM Gastro Milan | Italy - GGM Gastro Showrooms","isPartOf":{"@id":"https:\/\/showrooms.ggmgastro.com\/#website"},"primaryImageOfPage":{"@id":"https:\/\/showrooms.ggmgastro.com\/italy-milan\/#primaryimage"},"image":{"@id":"https:\/\/showrooms.ggmgastro.com\/italy-milan\/#primaryimage"},"thumbnailUrl":"https:\/\/showrooms.ggmgastro.com\/wp-content\/uploads\/Mailand.webp","datePublished":"2025-04-17T13:42:53+00:00","dateModified":"2026-02-09T07:38:29+00:00","breadcrumb":{"@id":"https:\/\/showrooms.ggmgastro.com\/italy-milan\/#breadcrumb"},"inLanguage":"pl-PL","potentialAction":[{"@type":"ReadAction","target":["https:\/\/showrooms.ggmgastro.com\/italy-milan\/"]}]},{"@type":"ImageObject","inLanguage":"pl-PL","@id":"https:\/\/showrooms.ggmgastro.com\/italy-milan\/#primaryimage","url":"https:\/\/showrooms.ggmgastro.com\/wp-content\/uploads\/Mailand.webp","contentUrl":"https:\/\/showrooms.ggmgastro.com\/wp-content\/uploads\/Mailand.webp","width":680,"height":453},{"@type":"BreadcrumbList","@id":"https:\/\/showrooms.ggmgastro.com\/italy-milan\/#breadcrumb","itemListElement":[{"@type":"ListItem","position":1,"name":"Startseite","item":"https:\/\/showrooms.ggmgastro.com\/"},{"@type":"ListItem","position":2,"name":"GGM Gastro Milan | Italy"}]},{"@type":"WebSite","@id":"https:\/\/showrooms.ggmgastro.com\/#website","url":"https:\/\/showrooms.ggmgastro.com\/","name":"GGM Gastro Showrooms","description":"","publisher":{"@id":"https:\/\/showrooms.ggmgastro.com\/#organization"},"potentialAction":[{"@type":"SearchAction","target":{"@type":"EntryPoint","urlTemplate":"https:\/\/showrooms.ggmgastro.com\/?s={search_term_string}"},"query-input":{"@type":"PropertyValueSpecification","valueRequired":true,"valueName":"search_term_string"}}],"inLanguage":"pl-PL"},{"@type":"Organization","@id":"https:\/\/showrooms.ggmgastro.com\/#organization","name":"GGM Gastro International GmbH","url":"https:\/\/showrooms.ggmgastro.com\/","logo":{"@type":"ImageObject","inLanguage":"pl-PL","@id":"https:\/\/showrooms.ggmgastro.com\/#\/schema\/logo\/image\/","url":"https:\/\/showrooms.ggmgastro.com\/wp-content\/uploads\/ggmgastro-logo-dark-seo.jpg","contentUrl":"https:\/\/showrooms.ggmgastro.com\/wp-content\/uploads\/ggmgastro-logo-dark-seo.jpg","width":696,"height":696,"caption":"GGM Gastro International GmbH"},"image":{"@id":"https:\/\/showrooms.ggmgastro.com\/#\/schema\/logo\/image\/"}}]}},"_links":{"self":[{"href":"https:\/\/showrooms.ggmgastro.com\/pl\/wp-json\/wp\/v2\/pages\/10106","targetHints":{"allow":["GET"]}}],"collection":[{"href":"https:\/\/showrooms.ggmgastro.com\/pl\/wp-json\/wp\/v2\/pages"}],"about":[{"href":"https:\/\/showrooms.ggmgastro.com\/pl\/wp-json\/wp\/v2\/types\/page"}],"author":[{"embeddable":true,"href":"https:\/\/showrooms.ggmgastro.com\/pl\/wp-json\/wp\/v2\/users\/3"}],"replies":[{"embeddable":true,"href":"https:\/\/showrooms.ggmgastro.com\/pl\/wp-json\/wp\/v2\/comments?post=10106"}],"version-history":[{"count":55,"href":"https:\/\/showrooms.ggmgastro.com\/pl\/wp-json\/wp\/v2\/pages\/10106\/revisions"}],"predecessor-version":[{"id":67632,"href":"https:\/\/showrooms.ggmgastro.com\/pl\/wp-json\/wp\/v2\/pages\/10106\/revisions\/67632"}],"wp:featuredmedia":[{"embeddable":true,"href":"https:\/\/showrooms.ggmgastro.com\/pl\/wp-json\/wp\/v2\/media\/10107"}],"wp:attachment":[{"href":"https:\/\/showrooms.ggmgastro.com\/pl\/wp-json\/wp\/v2\/media?parent=10106"}],"wp:term":[{"taxonomy":"showroom_land","embeddable":true,"href":"https:\/\/showrooms.ggmgastro.com\/pl\/wp-json\/wp\/v2\/showroom_land?post=10106"},{"taxonomy":"seitentyp","embeddable":true,"href":"https:\/\/showrooms.ggmgastro.com\/pl\/wp-json\/wp\/v2\/seitentyp?post=10106"}],"curies":[{"name":"wp","href":"https:\/\/api.w.org\/{rel}","templated":true}]}}