{"id":66798,"date":"2026-01-15T17:51:26","date_gmt":"2026-01-15T15:51:26","guid":{"rendered":"https:\/\/showrooms.ggmgastro.com\/?page_id=66798"},"modified":"2026-02-20T12:10:34","modified_gmt":"2026-02-20T10:10:34","slug":"intergastra","status":"publish","type":"page","link":"https:\/\/showrooms.ggmgastro.com\/pl\/intergastra\/","title":{"rendered":"GGM Gastro na targach INTERGASTRA"},"content":{"rendered":"<section class=\"l-section wpb_row height_large\"><div class=\"l-section-h i-cf\"><div class=\"g-cols vc_row via_grid cols_1 laptops-cols_inherit tablets-cols_inherit mobiles-cols_1 valign_top type_default stacking_default\"><div class=\"wpb_column vc_column_container\"><div class=\"vc_column-inner\"><div class=\"wpb_text_column\"><div class=\"wpb_wrapper\"><p><strong>Poznaj pe\u0142n\u0105 ofert\u0119 nowoczesnej gastronomii profesjonalnej z GGM Gastro na targach INTERGASTRA 2026 w Stuttgarcie.<\/strong><\/p>\n<p>Odkryj wydajn\u0105 technologi\u0119, przemy\u015blane koncepcje oraz asortyment, kt\u00f3ry spe\u0142nia wszystkie oczekiwania \u2013 od pojedynczych rozwi\u0105za\u0144 po kompleksowe wyposa\u017cenie lokali gastronomicznych ka\u017cdej wielko\u015bci.<\/p>\n<p>Kawiarnia, pizzeria, restauracja, hotel czy gastronomia na wynos:<\/p>\n<p>W GGM Gastro znajdziesz odpowiednie wyposa\u017cenie dla ka\u017cdego wymogu gastronomicznego. Zainspiruj si\u0119, poznaj nowe rozwi\u0105zania i porozmawiaj bezpo\u015brednio na miejscu z naszym zespo\u0142em ekspert\u00f3w.<\/p>\n<p>Zapraszamy do odwiedzin! Znajdziesz nas w<\/p>\n<p><strong>Hali 5, Stoisko 5B37<\/strong><span style=\"letter-spacing: 0em;\"><\/p>\n<\/div><\/div><\/div><\/div><\/div><\/div><\/section><\/span><\/p>","protected":false},"excerpt":{"rendered":"Experience the full range of modern professional gastronomy with GGM Gastro at INTERGASTRA 2026 in Stuttgart. Discover powerful technology, well-designed concepts and a product portfolio that leaves nothing to be desired \u2013 from individual solutions to complete equipment packages for catering businesses of all sizes. Whether caf\u00e9, pizzeria, restaurant, hotel or out-of-home catering: At GGM...","protected":false},"author":7,"featured_media":67885,"parent":0,"menu_order":0,"comment_status":"closed","ping_status":"closed","template":"","meta":{"_acf_changed":false,"iawp_total_views":10715,"footnotes":""},"showroom_land":[],"seitentyp":[91],"class_list":["post-66798","page","type-page","status-publish","has-post-thumbnail","hentry","seitentyp-messe"],"acf":[],"yoast_head":"<!-- This site is optimized with the Yoast SEO plugin v26.9 - https:\/\/yoast.com\/product\/yoast-seo-wordpress\/ -->\n<title>GGM Gastro at INTERGASTRA - GGM Gastro Showrooms<\/title>\n<meta name=\"description\" content=\"Visit GGM Gastro at INTERGASTRA 2026 in Stuttgart. We look forward to seeing you there!\" \/>\n<meta name=\"robots\" content=\"index, follow, max-snippet:-1, max-image-preview:large, max-video-preview:-1\" \/>\n<link rel=\"canonical\" href=\"https:\/\/showrooms.ggmgastro.com\/pl\/intergastra\/\" \/>\n<meta property=\"og:locale\" content=\"pl_PL\" \/>\n<meta property=\"og:type\" content=\"article\" \/>\n<meta property=\"og:title\" content=\"GGM Gastro at INTERGASTRA - GGM Gastro Showrooms\" \/>\n<meta property=\"og:description\" content=\"Visit GGM Gastro at INTERGASTRA 2026 in Stuttgart. We look forward to seeing you there!\" \/>\n<meta property=\"og:url\" content=\"https:\/\/showrooms.ggmgastro.com\/pl\/intergastra\/\" \/>\n<meta property=\"og:site_name\" content=\"GGM Gastro Showrooms\" \/>\n<meta property=\"article:modified_time\" content=\"2026-02-20T10:10:34+00:00\" \/>\n<meta property=\"og:image\" content=\"https:\/\/showrooms.ggmgastro.com\/wp-content\/uploads\/Intergastra.jpg\" \/>\n\t<meta property=\"og:image:width\" content=\"1200\" \/>\n\t<meta property=\"og:image:height\" content=\"1200\" \/>\n\t<meta property=\"og:image:type\" content=\"image\/jpeg\" \/>\n<meta name=\"twitter:card\" content=\"summary_large_image\" \/>\n<meta name=\"twitter:label1\" content=\"Szacowany czas czytania\" \/>\n\t<meta name=\"twitter:data1\" content=\"1 minuta\" \/>\n<script type=\"application\/ld+json\" class=\"yoast-schema-graph\">{\"@context\":\"https:\/\/schema.org\",\"@graph\":[{\"@type\":\"WebPage\",\"@id\":\"https:\/\/showrooms.ggmgastro.com\/intergastra\/\",\"url\":\"https:\/\/showrooms.ggmgastro.com\/intergastra\/\",\"name\":\"GGM Gastro at INTERGASTRA - GGM Gastro Showrooms\",\"isPartOf\":{\"@id\":\"https:\/\/showrooms.ggmgastro.com\/#website\"},\"primaryImageOfPage\":{\"@id\":\"https:\/\/showrooms.ggmgastro.com\/intergastra\/#primaryimage\"},\"image\":{\"@id\":\"https:\/\/showrooms.ggmgastro.com\/intergastra\/#primaryimage\"},\"thumbnailUrl\":\"https:\/\/showrooms.ggmgastro.com\/wp-content\/uploads\/Intergastra.jpg\",\"datePublished\":\"2026-01-15T15:51:26+00:00\",\"dateModified\":\"2026-02-20T10:10:34+00:00\",\"description\":\"Visit GGM Gastro at INTERGASTRA 2026 in Stuttgart. We look forward to seeing you there!\",\"breadcrumb\":{\"@id\":\"https:\/\/showrooms.ggmgastro.com\/intergastra\/#breadcrumb\"},\"inLanguage\":\"pl-PL\",\"potentialAction\":[{\"@type\":\"ReadAction\",\"target\":[\"https:\/\/showrooms.ggmgastro.com\/intergastra\/\"]}]},{\"@type\":\"ImageObject\",\"inLanguage\":\"pl-PL\",\"@id\":\"https:\/\/showrooms.ggmgastro.com\/intergastra\/#primaryimage\",\"url\":\"https:\/\/showrooms.ggmgastro.com\/wp-content\/uploads\/Intergastra.jpg\",\"contentUrl\":\"https:\/\/showrooms.ggmgastro.com\/wp-content\/uploads\/Intergastra.jpg\",\"width\":1200,\"height\":1200},{\"@type\":\"BreadcrumbList\",\"@id\":\"https:\/\/showrooms.ggmgastro.com\/intergastra\/#breadcrumb\",\"itemListElement\":[{\"@type\":\"ListItem\",\"position\":1,\"name\":\"Startseite\",\"item\":\"https:\/\/showrooms.ggmgastro.com\/\"},{\"@type\":\"ListItem\",\"position\":2,\"name\":\"GGM Gastro at INTERGASTRA\"}]},{\"@type\":\"WebSite\",\"@id\":\"https:\/\/showrooms.ggmgastro.com\/#website\",\"url\":\"https:\/\/showrooms.ggmgastro.com\/\",\"name\":\"GGM Gastro Showrooms\",\"description\":\"\",\"publisher\":{\"@id\":\"https:\/\/showrooms.ggmgastro.com\/#organization\"},\"potentialAction\":[{\"@type\":\"SearchAction\",\"target\":{\"@type\":\"EntryPoint\",\"urlTemplate\":\"https:\/\/showrooms.ggmgastro.com\/?s={search_term_string}\"},\"query-input\":{\"@type\":\"PropertyValueSpecification\",\"valueRequired\":true,\"valueName\":\"search_term_string\"}}],\"inLanguage\":\"pl-PL\"},{\"@type\":\"Organization\",\"@id\":\"https:\/\/showrooms.ggmgastro.com\/#organization\",\"name\":\"GGM Gastro International GmbH\",\"url\":\"https:\/\/showrooms.ggmgastro.com\/\",\"logo\":{\"@type\":\"ImageObject\",\"inLanguage\":\"pl-PL\",\"@id\":\"https:\/\/showrooms.ggmgastro.com\/#\/schema\/logo\/image\/\",\"url\":\"https:\/\/showrooms.ggmgastro.com\/wp-content\/uploads\/ggmgastro-logo-dark-seo.jpg\",\"contentUrl\":\"https:\/\/showrooms.ggmgastro.com\/wp-content\/uploads\/ggmgastro-logo-dark-seo.jpg\",\"width\":696,\"height\":696,\"caption\":\"GGM Gastro International GmbH\"},\"image\":{\"@id\":\"https:\/\/showrooms.ggmgastro.com\/#\/schema\/logo\/image\/\"}}]}<\/script>\n<!-- \/ Yoast SEO plugin. -->","yoast_head_json":{"title":"GGM Gastro at INTERGASTRA - GGM Gastro Showrooms","description":"Visit GGM Gastro at INTERGASTRA 2026 in Stuttgart. We look forward to seeing you there!","robots":{"index":"index","follow":"follow","max-snippet":"max-snippet:-1","max-image-preview":"max-image-preview:large","max-video-preview":"max-video-preview:-1"},"canonical":"https:\/\/showrooms.ggmgastro.com\/pl\/intergastra\/","og_locale":"pl_PL","og_type":"article","og_title":"GGM Gastro at INTERGASTRA - GGM Gastro Showrooms","og_description":"Visit GGM Gastro at INTERGASTRA 2026 in Stuttgart. We look forward to seeing you there!","og_url":"https:\/\/showrooms.ggmgastro.com\/pl\/intergastra\/","og_site_name":"GGM Gastro Showrooms","article_modified_time":"2026-02-20T10:10:34+00:00","og_image":[{"width":1200,"height":1200,"url":"https:\/\/showrooms.ggmgastro.com\/wp-content\/uploads\/Intergastra.jpg","type":"image\/jpeg"}],"twitter_card":"summary_large_image","twitter_misc":{"Szacowany czas czytania":"1 minuta"},"schema":{"@context":"https:\/\/schema.org","@graph":[{"@type":"WebPage","@id":"https:\/\/showrooms.ggmgastro.com\/intergastra\/","url":"https:\/\/showrooms.ggmgastro.com\/intergastra\/","name":"GGM Gastro at INTERGASTRA - GGM Gastro Showrooms","isPartOf":{"@id":"https:\/\/showrooms.ggmgastro.com\/#website"},"primaryImageOfPage":{"@id":"https:\/\/showrooms.ggmgastro.com\/intergastra\/#primaryimage"},"image":{"@id":"https:\/\/showrooms.ggmgastro.com\/intergastra\/#primaryimage"},"thumbnailUrl":"https:\/\/showrooms.ggmgastro.com\/wp-content\/uploads\/Intergastra.jpg","datePublished":"2026-01-15T15:51:26+00:00","dateModified":"2026-02-20T10:10:34+00:00","description":"Visit GGM Gastro at INTERGASTRA 2026 in Stuttgart. We look forward to seeing you there!","breadcrumb":{"@id":"https:\/\/showrooms.ggmgastro.com\/intergastra\/#breadcrumb"},"inLanguage":"pl-PL","potentialAction":[{"@type":"ReadAction","target":["https:\/\/showrooms.ggmgastro.com\/intergastra\/"]}]},{"@type":"ImageObject","inLanguage":"pl-PL","@id":"https:\/\/showrooms.ggmgastro.com\/intergastra\/#primaryimage","url":"https:\/\/showrooms.ggmgastro.com\/wp-content\/uploads\/Intergastra.jpg","contentUrl":"https:\/\/showrooms.ggmgastro.com\/wp-content\/uploads\/Intergastra.jpg","width":1200,"height":1200},{"@type":"BreadcrumbList","@id":"https:\/\/showrooms.ggmgastro.com\/intergastra\/#breadcrumb","itemListElement":[{"@type":"ListItem","position":1,"name":"Startseite","item":"https:\/\/showrooms.ggmgastro.com\/"},{"@type":"ListItem","position":2,"name":"GGM Gastro at INTERGASTRA"}]},{"@type":"WebSite","@id":"https:\/\/showrooms.ggmgastro.com\/#website","url":"https:\/\/showrooms.ggmgastro.com\/","name":"GGM Gastro Showrooms","description":"","publisher":{"@id":"https:\/\/showrooms.ggmgastro.com\/#organization"},"potentialAction":[{"@type":"SearchAction","target":{"@type":"EntryPoint","urlTemplate":"https:\/\/showrooms.ggmgastro.com\/?s={search_term_string}"},"query-input":{"@type":"PropertyValueSpecification","valueRequired":true,"valueName":"search_term_string"}}],"inLanguage":"pl-PL"},{"@type":"Organization","@id":"https:\/\/showrooms.ggmgastro.com\/#organization","name":"GGM Gastro International GmbH","url":"https:\/\/showrooms.ggmgastro.com\/","logo":{"@type":"ImageObject","inLanguage":"pl-PL","@id":"https:\/\/showrooms.ggmgastro.com\/#\/schema\/logo\/image\/","url":"https:\/\/showrooms.ggmgastro.com\/wp-content\/uploads\/ggmgastro-logo-dark-seo.jpg","contentUrl":"https:\/\/showrooms.ggmgastro.com\/wp-content\/uploads\/ggmgastro-logo-dark-seo.jpg","width":696,"height":696,"caption":"GGM Gastro International GmbH"},"image":{"@id":"https:\/\/showrooms.ggmgastro.com\/#\/schema\/logo\/image\/"}}]}},"_links":{"self":[{"href":"https:\/\/showrooms.ggmgastro.com\/pl\/wp-json\/wp\/v2\/pages\/66798","targetHints":{"allow":["GET"]}}],"collection":[{"href":"https:\/\/showrooms.ggmgastro.com\/pl\/wp-json\/wp\/v2\/pages"}],"about":[{"href":"https:\/\/showrooms.ggmgastro.com\/pl\/wp-json\/wp\/v2\/types\/page"}],"author":[{"embeddable":true,"href":"https:\/\/showrooms.ggmgastro.com\/pl\/wp-json\/wp\/v2\/users\/7"}],"replies":[{"embeddable":true,"href":"https:\/\/showrooms.ggmgastro.com\/pl\/wp-json\/wp\/v2\/comments?post=66798"}],"version-history":[{"count":22,"href":"https:\/\/showrooms.ggmgastro.com\/pl\/wp-json\/wp\/v2\/pages\/66798\/revisions"}],"predecessor-version":[{"id":67976,"href":"https:\/\/showrooms.ggmgastro.com\/pl\/wp-json\/wp\/v2\/pages\/66798\/revisions\/67976"}],"wp:featuredmedia":[{"embeddable":true,"href":"https:\/\/showrooms.ggmgastro.com\/pl\/wp-json\/wp\/v2\/media\/67885"}],"wp:attachment":[{"href":"https:\/\/showrooms.ggmgastro.com\/pl\/wp-json\/wp\/v2\/media?parent=66798"}],"wp:term":[{"taxonomy":"showroom_land","embeddable":true,"href":"https:\/\/showrooms.ggmgastro.com\/pl\/wp-json\/wp\/v2\/showroom_land?post=66798"},{"taxonomy":"seitentyp","embeddable":true,"href":"https:\/\/showrooms.ggmgastro.com\/pl\/wp-json\/wp\/v2\/seitentyp?post=66798"}],"curies":[{"name":"wp","href":"https:\/\/api.w.org\/{rel}","templated":true}]}}