{"id":64487,"date":"2026-04-08T10:12:50","date_gmt":"2026-04-08T08:12:50","guid":{"rendered":"https:\/\/showrooms.ggmgastro.com\/?page_id=64487"},"modified":"2026-04-08T15:11:28","modified_gmt":"2026-04-08T13:11:28","slug":"ggm-gastro-nimes-france","status":"publish","type":"page","link":"https:\/\/showrooms.ggmgastro.com\/pt\/ggm-gastro-nimes-france\/","title":{"rendered":"GGM Gastro N\u00eemes | France"},"content":{"rendered":"<p><strong>Coming Soon: New Showroom in N\u00eemes<\/strong><\/p>\n<p><span>We are pleased to announce that our new showroom for high-quality catering and restaurant equipment will soon be opening its doors in N\u00eemes.<\/span><\/p>\n<p><span>Em breve, apresentaremos uma sele\u00e7\u00e3o diversificada de produtos profissionais em nossa nova localiza\u00e7\u00e3o \u2013 desde tecnologia moderna para cozinhas e equipamentos para caf\u00e9s e restaurantes at\u00e9 solu\u00e7\u00f5es pr\u00e1ticas para opera\u00e7\u00f5es di\u00e1rias de catering. Tudo sob o mesmo teto e com a qualidade habitual da GGM.<\/span><br aria-hidden=\"true\" \/><span>Our showroom in N\u00eemes will stand for quality, choice, and expert advice, making it the ideal place to discover tailor-made solutions for any catering project.<\/span><\/p>\n<p><span>Manteremos voc\u00ea atualizado com mais informa\u00e7\u00f5es sobre a inaugura\u00e7\u00e3o nos pr\u00f3ximos dias e semanas.<\/span><br aria-hidden=\"true\" \/><span>We look forward to welcoming you to our new showroom in N\u00eemes soon.<\/span><\/p>","protected":false},"excerpt":{"rendered":"<p>Coming Soon: New Showroom in N\u00eemes We are pleased to announce that our new showroom for high-quality catering and restaurant equipment will soon be opening its doors in N\u00eemes. We will soon be presenting a diverse selection of professional products at our new location \u2013 from modern kitchen technology and caf\u00e9 and restaurant equipment to&#8230;<\/p>","protected":false},"author":3,"featured_media":64488,"parent":0,"menu_order":0,"comment_status":"closed","ping_status":"closed","template":"","meta":{"_acf_changed":false,"iawp_total_views":46,"footnotes":""},"showroom_land":[46],"seitentyp":[87],"class_list":["post-64487","page","type-page","status-publish","has-post-thumbnail","hentry","showroom_land-frankreich","seitentyp-showroom"],"acf":[],"yoast_head":"<!-- This site is optimized with the Yoast SEO plugin v26.9 - https:\/\/yoast.com\/product\/yoast-seo-wordpress\/ -->\n<title>GGM Gastro N\u00eemes | France - GGM Gastro Showrooms<\/title>\n<meta name=\"robots\" content=\"index, follow, max-snippet:-1, max-image-preview:large, max-video-preview:-1\" \/>\n<link rel=\"canonical\" href=\"https:\/\/showrooms.ggmgastro.com\/pt\/ggm-gastro-nimes-france\/\" \/>\n<meta property=\"og:locale\" content=\"pt_PT\" \/>\n<meta property=\"og:type\" content=\"article\" \/>\n<meta property=\"og:title\" content=\"GGM Gastro N\u00eemes | France - GGM Gastro Showrooms\" \/>\n<meta property=\"og:description\" content=\"Coming Soon: New Showroom in N\u00eemes We are pleased to announce that our new showroom for high-quality catering and restaurant equipment will soon be opening its doors in N\u00eemes. We will soon be presenting a diverse selection of professional products at our new location \u2013 from modern kitchen technology and caf\u00e9 and restaurant equipment to...\" \/>\n<meta property=\"og:url\" content=\"https:\/\/showrooms.ggmgastro.com\/pt\/ggm-gastro-nimes-france\/\" \/>\n<meta property=\"og:site_name\" content=\"GGM Gastro Showrooms\" \/>\n<meta property=\"article:modified_time\" content=\"2026-04-08T13:11:28+00:00\" \/>\n<meta property=\"og:image\" content=\"https:\/\/showrooms.ggmgastro.com\/wp-content\/uploads\/Sudfrankreich_3-2.jpg\" \/>\n\t<meta property=\"og:image:width\" content=\"1385\" \/>\n\t<meta property=\"og:image:height\" content=\"1232\" \/>\n\t<meta property=\"og:image:type\" content=\"image\/jpeg\" \/>\n<meta name=\"twitter:card\" content=\"summary_large_image\" \/>\n<meta name=\"twitter:label1\" content=\"Tempo estimado de leitura\" \/>\n\t<meta name=\"twitter:data1\" content=\"1 minuto\" \/>\n<script type=\"application\/ld+json\" class=\"yoast-schema-graph\">{\"@context\":\"https:\/\/schema.org\",\"@graph\":[{\"@type\":\"WebPage\",\"@id\":\"https:\/\/showrooms.ggmgastro.com\/ggm-gastro-nimes-france\/\",\"url\":\"https:\/\/showrooms.ggmgastro.com\/ggm-gastro-nimes-france\/\",\"name\":\"GGM Gastro N\u00eemes | France - GGM Gastro Showrooms\",\"isPartOf\":{\"@id\":\"https:\/\/showrooms.ggmgastro.com\/#website\"},\"primaryImageOfPage\":{\"@id\":\"https:\/\/showrooms.ggmgastro.com\/ggm-gastro-nimes-france\/#primaryimage\"},\"image\":{\"@id\":\"https:\/\/showrooms.ggmgastro.com\/ggm-gastro-nimes-france\/#primaryimage\"},\"thumbnailUrl\":\"https:\/\/showrooms.ggmgastro.com\/wp-content\/uploads\/Sudfrankreich_3-2.jpg\",\"datePublished\":\"2026-04-08T08:12:50+00:00\",\"dateModified\":\"2026-04-08T13:11:28+00:00\",\"breadcrumb\":{\"@id\":\"https:\/\/showrooms.ggmgastro.com\/ggm-gastro-nimes-france\/#breadcrumb\"},\"inLanguage\":\"pt-PT\",\"potentialAction\":[{\"@type\":\"ReadAction\",\"target\":[\"https:\/\/showrooms.ggmgastro.com\/ggm-gastro-nimes-france\/\"]}]},{\"@type\":\"ImageObject\",\"inLanguage\":\"pt-PT\",\"@id\":\"https:\/\/showrooms.ggmgastro.com\/ggm-gastro-nimes-france\/#primaryimage\",\"url\":\"https:\/\/showrooms.ggmgastro.com\/wp-content\/uploads\/Sudfrankreich_3-2.jpg\",\"contentUrl\":\"https:\/\/showrooms.ggmgastro.com\/wp-content\/uploads\/Sudfrankreich_3-2.jpg\",\"width\":1385,\"height\":1232},{\"@type\":\"BreadcrumbList\",\"@id\":\"https:\/\/showrooms.ggmgastro.com\/ggm-gastro-nimes-france\/#breadcrumb\",\"itemListElement\":[{\"@type\":\"ListItem\",\"position\":1,\"name\":\"Startseite\",\"item\":\"https:\/\/showrooms.ggmgastro.com\/\"},{\"@type\":\"ListItem\",\"position\":2,\"name\":\"GGM Gastro N\u00eemes | France\"}]},{\"@type\":\"WebSite\",\"@id\":\"https:\/\/showrooms.ggmgastro.com\/#website\",\"url\":\"https:\/\/showrooms.ggmgastro.com\/\",\"name\":\"GGM Gastro Showrooms\",\"description\":\"\",\"publisher\":{\"@id\":\"https:\/\/showrooms.ggmgastro.com\/#organization\"},\"potentialAction\":[{\"@type\":\"SearchAction\",\"target\":{\"@type\":\"EntryPoint\",\"urlTemplate\":\"https:\/\/showrooms.ggmgastro.com\/?s={search_term_string}\"},\"query-input\":{\"@type\":\"PropertyValueSpecification\",\"valueRequired\":true,\"valueName\":\"search_term_string\"}}],\"inLanguage\":\"pt-PT\"},{\"@type\":\"Organization\",\"@id\":\"https:\/\/showrooms.ggmgastro.com\/#organization\",\"name\":\"GGM Gastro International GmbH\",\"url\":\"https:\/\/showrooms.ggmgastro.com\/\",\"logo\":{\"@type\":\"ImageObject\",\"inLanguage\":\"pt-PT\",\"@id\":\"https:\/\/showrooms.ggmgastro.com\/#\/schema\/logo\/image\/\",\"url\":\"https:\/\/showrooms.ggmgastro.com\/wp-content\/uploads\/ggmgastro-logo-dark-seo.jpg\",\"contentUrl\":\"https:\/\/showrooms.ggmgastro.com\/wp-content\/uploads\/ggmgastro-logo-dark-seo.jpg\",\"width\":696,\"height\":696,\"caption\":\"GGM Gastro International GmbH\"},\"image\":{\"@id\":\"https:\/\/showrooms.ggmgastro.com\/#\/schema\/logo\/image\/\"}}]}<\/script>\n<!-- \/ Yoast SEO plugin. -->","yoast_head_json":{"title":"GGM Gastro N\u00eemes | France - GGM Gastro Showrooms","robots":{"index":"index","follow":"follow","max-snippet":"max-snippet:-1","max-image-preview":"max-image-preview:large","max-video-preview":"max-video-preview:-1"},"canonical":"https:\/\/showrooms.ggmgastro.com\/pt\/ggm-gastro-nimes-france\/","og_locale":"pt_PT","og_type":"article","og_title":"GGM Gastro N\u00eemes | France - GGM Gastro Showrooms","og_description":"Coming Soon: New Showroom in N\u00eemes We are pleased to announce that our new showroom for high-quality catering and restaurant equipment will soon be opening its doors in N\u00eemes. We will soon be presenting a diverse selection of professional products at our new location \u2013 from modern kitchen technology and caf\u00e9 and restaurant equipment to...","og_url":"https:\/\/showrooms.ggmgastro.com\/pt\/ggm-gastro-nimes-france\/","og_site_name":"GGM Gastro Showrooms","article_modified_time":"2026-04-08T13:11:28+00:00","og_image":[{"width":1385,"height":1232,"url":"https:\/\/showrooms.ggmgastro.com\/wp-content\/uploads\/Sudfrankreich_3-2.jpg","type":"image\/jpeg"}],"twitter_card":"summary_large_image","twitter_misc":{"Tempo estimado de leitura":"1 minuto"},"schema":{"@context":"https:\/\/schema.org","@graph":[{"@type":"WebPage","@id":"https:\/\/showrooms.ggmgastro.com\/ggm-gastro-nimes-france\/","url":"https:\/\/showrooms.ggmgastro.com\/ggm-gastro-nimes-france\/","name":"GGM Gastro N\u00eemes | France - GGM Gastro Showrooms","isPartOf":{"@id":"https:\/\/showrooms.ggmgastro.com\/#website"},"primaryImageOfPage":{"@id":"https:\/\/showrooms.ggmgastro.com\/ggm-gastro-nimes-france\/#primaryimage"},"image":{"@id":"https:\/\/showrooms.ggmgastro.com\/ggm-gastro-nimes-france\/#primaryimage"},"thumbnailUrl":"https:\/\/showrooms.ggmgastro.com\/wp-content\/uploads\/Sudfrankreich_3-2.jpg","datePublished":"2026-04-08T08:12:50+00:00","dateModified":"2026-04-08T13:11:28+00:00","breadcrumb":{"@id":"https:\/\/showrooms.ggmgastro.com\/ggm-gastro-nimes-france\/#breadcrumb"},"inLanguage":"pt-PT","potentialAction":[{"@type":"ReadAction","target":["https:\/\/showrooms.ggmgastro.com\/ggm-gastro-nimes-france\/"]}]},{"@type":"ImageObject","inLanguage":"pt-PT","@id":"https:\/\/showrooms.ggmgastro.com\/ggm-gastro-nimes-france\/#primaryimage","url":"https:\/\/showrooms.ggmgastro.com\/wp-content\/uploads\/Sudfrankreich_3-2.jpg","contentUrl":"https:\/\/showrooms.ggmgastro.com\/wp-content\/uploads\/Sudfrankreich_3-2.jpg","width":1385,"height":1232},{"@type":"BreadcrumbList","@id":"https:\/\/showrooms.ggmgastro.com\/ggm-gastro-nimes-france\/#breadcrumb","itemListElement":[{"@type":"ListItem","position":1,"name":"Startseite","item":"https:\/\/showrooms.ggmgastro.com\/"},{"@type":"ListItem","position":2,"name":"GGM Gastro N\u00eemes | France"}]},{"@type":"WebSite","@id":"https:\/\/showrooms.ggmgastro.com\/#website","url":"https:\/\/showrooms.ggmgastro.com\/","name":"GGM Gastro Showrooms","description":"","publisher":{"@id":"https:\/\/showrooms.ggmgastro.com\/#organization"},"potentialAction":[{"@type":"SearchAction","target":{"@type":"EntryPoint","urlTemplate":"https:\/\/showrooms.ggmgastro.com\/?s={search_term_string}"},"query-input":{"@type":"PropertyValueSpecification","valueRequired":true,"valueName":"search_term_string"}}],"inLanguage":"pt-PT"},{"@type":"Organization","@id":"https:\/\/showrooms.ggmgastro.com\/#organization","name":"GGM Gastro International GmbH","url":"https:\/\/showrooms.ggmgastro.com\/","logo":{"@type":"ImageObject","inLanguage":"pt-PT","@id":"https:\/\/showrooms.ggmgastro.com\/#\/schema\/logo\/image\/","url":"https:\/\/showrooms.ggmgastro.com\/wp-content\/uploads\/ggmgastro-logo-dark-seo.jpg","contentUrl":"https:\/\/showrooms.ggmgastro.com\/wp-content\/uploads\/ggmgastro-logo-dark-seo.jpg","width":696,"height":696,"caption":"GGM Gastro International GmbH"},"image":{"@id":"https:\/\/showrooms.ggmgastro.com\/#\/schema\/logo\/image\/"}}]}},"_links":{"self":[{"href":"https:\/\/showrooms.ggmgastro.com\/pt\/wp-json\/wp\/v2\/pages\/64487","targetHints":{"allow":["GET"]}}],"collection":[{"href":"https:\/\/showrooms.ggmgastro.com\/pt\/wp-json\/wp\/v2\/pages"}],"about":[{"href":"https:\/\/showrooms.ggmgastro.com\/pt\/wp-json\/wp\/v2\/types\/page"}],"author":[{"embeddable":true,"href":"https:\/\/showrooms.ggmgastro.com\/pt\/wp-json\/wp\/v2\/users\/3"}],"replies":[{"embeddable":true,"href":"https:\/\/showrooms.ggmgastro.com\/pt\/wp-json\/wp\/v2\/comments?post=64487"}],"version-history":[{"count":20,"href":"https:\/\/showrooms.ggmgastro.com\/pt\/wp-json\/wp\/v2\/pages\/64487\/revisions"}],"predecessor-version":[{"id":69026,"href":"https:\/\/showrooms.ggmgastro.com\/pt\/wp-json\/wp\/v2\/pages\/64487\/revisions\/69026"}],"wp:featuredmedia":[{"embeddable":true,"href":"https:\/\/showrooms.ggmgastro.com\/pt\/wp-json\/wp\/v2\/media\/64488"}],"wp:attachment":[{"href":"https:\/\/showrooms.ggmgastro.com\/pt\/wp-json\/wp\/v2\/media?parent=64487"}],"wp:term":[{"taxonomy":"showroom_land","embeddable":true,"href":"https:\/\/showrooms.ggmgastro.com\/pt\/wp-json\/wp\/v2\/showroom_land?post=64487"},{"taxonomy":"seitentyp","embeddable":true,"href":"https:\/\/showrooms.ggmgastro.com\/pt\/wp-json\/wp\/v2\/seitentyp?post=64487"}],"curies":[{"name":"wp","href":"https:\/\/api.w.org\/{rel}","templated":true}]}}