{"id":68391,"date":"2026-03-19T13:20:01","date_gmt":"2026-03-19T11:20:01","guid":{"rendered":"https:\/\/showrooms.ggmgastro.com\/?page_id=68391"},"modified":"2026-03-19T13:20:01","modified_gmt":"2026-03-19T11:20:01","slug":"hostech_2026","status":"publish","type":"page","link":"https:\/\/showrooms.ggmgastro.com\/pt\/hostech_2026\/","title":{"rendered":"GGM Gastro na HOSTECH by TUSID"},"content":{"rendered":"<section class=\"l-section wpb_row height_large\"><div class=\"l-section-h i-cf\"><div class=\"g-cols vc_row via_grid cols_1 laptops-cols_inherit tablets-cols_inherit mobiles-cols_1 valign_top type_default stacking_default\"><div class=\"wpb_column vc_column_container\"><div class=\"vc_column-inner\"><div class=\"wpb_text_column\"><div class=\"wpb_wrapper\"><p> <strong>De 10 a 14 de novembro de 2026, a GGM Gastro estar\u00e1 presente na HOSTECH by TUSID em Istambul, uma das principais feiras internacionais do setor de equipamentos para hotelaria e restaura\u00e7\u00e3o.<\/strong><\/p>\n<p>Descubra solu\u00e7\u00f5es profissionais de cozinha concebidas para responder \u00e0s exig\u00eancias da gastronomia moderna. Como principal fornecedor europeu de equipamentos para restaura\u00e7\u00e3o, a GGM Gastro oferece um portf\u00f3lio completo \u2013 desde equipamentos individuais de alto desempenho at\u00e9 conceitos completos de cozinha para restaurantes, hot\u00e9is, cadeias de restaura\u00e7\u00e3o, servi\u00e7os de catering e com\u00e9rcio alimentar.<\/p>\n<p>Visite o nosso stand para descobrir tecnologias inovadoras, sistemas de cozinha eficientes e equipamentos fi\u00e1veis desenvolvidos para o uso profissional di\u00e1rio. A nossa equipa estar\u00e1 presente para apresentar solu\u00e7\u00f5es pr\u00e1ticas e discutir como os nossos produtos podem apoiar o seu neg\u00f3cio.<\/p>\n<p>Esperamos receb\u00ea-lo em Istambul.<\/p>\n<p><strong>Pavilh\u00e3o 12A, stand 23A<\/strong><\/p>\n<\/div><\/div><\/div><\/div><\/div><\/div><\/section>","protected":false},"excerpt":{"rendered":"From 10 to 14 November 2026, GGM Gastro will exhibit at HOSTECH by TUSID in Istanbul, one of the leading trade fairs for the hospitality and catering equipment industry. Discover professional kitchen solutions designed to meet the demands of modern gastronomy. As Europe\u2019s leading supplier of catering equipment, GGM Gastro offers a comprehensive portfolio ranging...","protected":false},"author":7,"featured_media":67883,"parent":0,"menu_order":0,"comment_status":"closed","ping_status":"closed","template":"","meta":{"_acf_changed":false,"iawp_total_views":394,"footnotes":""},"showroom_land":[],"seitentyp":[91],"class_list":["post-68391","page","type-page","status-publish","has-post-thumbnail","hentry","seitentyp-messe"],"acf":[],"yoast_head":"<!-- This site is optimized with the Yoast SEO plugin v26.9 - https:\/\/yoast.com\/product\/yoast-seo-wordpress\/ -->\n<title>GGM Gastro at Hostech - GGM Gastro Showrooms<\/title>\n<meta name=\"description\" content=\"Visit GGM Gastro at the Hostech in Istanbul and discover professional catering and retail solutions, powerful equipment and expert advice. Hall 12A, Booth: 23A.\" \/>\n<meta name=\"robots\" content=\"index, follow, max-snippet:-1, max-image-preview:large, max-video-preview:-1\" \/>\n<link rel=\"canonical\" href=\"https:\/\/showrooms.ggmgastro.com\/pt\/hostech_2026\/\" \/>\n<meta property=\"og:locale\" content=\"pt_PT\" \/>\n<meta property=\"og:type\" content=\"article\" \/>\n<meta property=\"og:title\" content=\"GGM Gastro at Hostech - GGM Gastro Showrooms\" \/>\n<meta property=\"og:description\" content=\"Visit GGM Gastro at the Hostech in Istanbul and discover professional catering and retail solutions, powerful equipment and expert advice. Hall 12A, Booth: 23A.\" \/>\n<meta property=\"og:url\" content=\"https:\/\/showrooms.ggmgastro.com\/pt\/hostech_2026\/\" \/>\n<meta property=\"og:site_name\" content=\"GGM Gastro Showrooms\" \/>\n<meta property=\"og:image\" content=\"https:\/\/showrooms.ggmgastro.com\/wp-content\/uploads\/hostech.jpg\" \/>\n\t<meta property=\"og:image:width\" content=\"1200\" \/>\n\t<meta property=\"og:image:height\" content=\"1200\" \/>\n\t<meta property=\"og:image:type\" content=\"image\/jpeg\" \/>\n<meta name=\"twitter:card\" content=\"summary_large_image\" \/>\n<meta name=\"twitter:label1\" content=\"Tempo estimado de leitura\" \/>\n\t<meta name=\"twitter:data1\" content=\"1 minuto\" \/>\n<script type=\"application\/ld+json\" class=\"yoast-schema-graph\">{\"@context\":\"https:\/\/schema.org\",\"@graph\":[{\"@type\":\"WebPage\",\"@id\":\"https:\/\/showrooms.ggmgastro.com\/hostech_2026\/\",\"url\":\"https:\/\/showrooms.ggmgastro.com\/hostech_2026\/\",\"name\":\"GGM Gastro at Hostech - GGM Gastro Showrooms\",\"isPartOf\":{\"@id\":\"https:\/\/showrooms.ggmgastro.com\/#website\"},\"primaryImageOfPage\":{\"@id\":\"https:\/\/showrooms.ggmgastro.com\/hostech_2026\/#primaryimage\"},\"image\":{\"@id\":\"https:\/\/showrooms.ggmgastro.com\/hostech_2026\/#primaryimage\"},\"thumbnailUrl\":\"https:\/\/showrooms.ggmgastro.com\/wp-content\/uploads\/hostech.jpg\",\"datePublished\":\"2026-03-19T11:20:01+00:00\",\"description\":\"Visit GGM Gastro at the Hostech in Istanbul and discover professional catering and retail solutions, powerful equipment and expert advice. Hall 12A, Booth: 23A.\",\"breadcrumb\":{\"@id\":\"https:\/\/showrooms.ggmgastro.com\/hostech_2026\/#breadcrumb\"},\"inLanguage\":\"pt-PT\",\"potentialAction\":[{\"@type\":\"ReadAction\",\"target\":[\"https:\/\/showrooms.ggmgastro.com\/hostech_2026\/\"]}]},{\"@type\":\"ImageObject\",\"inLanguage\":\"pt-PT\",\"@id\":\"https:\/\/showrooms.ggmgastro.com\/hostech_2026\/#primaryimage\",\"url\":\"https:\/\/showrooms.ggmgastro.com\/wp-content\/uploads\/hostech.jpg\",\"contentUrl\":\"https:\/\/showrooms.ggmgastro.com\/wp-content\/uploads\/hostech.jpg\",\"width\":1200,\"height\":1200},{\"@type\":\"BreadcrumbList\",\"@id\":\"https:\/\/showrooms.ggmgastro.com\/hostech_2026\/#breadcrumb\",\"itemListElement\":[{\"@type\":\"ListItem\",\"position\":1,\"name\":\"Startseite\",\"item\":\"https:\/\/showrooms.ggmgastro.com\/\"},{\"@type\":\"ListItem\",\"position\":2,\"name\":\"GGM Gastro at Hostech\"}]},{\"@type\":\"WebSite\",\"@id\":\"https:\/\/showrooms.ggmgastro.com\/#website\",\"url\":\"https:\/\/showrooms.ggmgastro.com\/\",\"name\":\"GGM Gastro Showrooms\",\"description\":\"\",\"publisher\":{\"@id\":\"https:\/\/showrooms.ggmgastro.com\/#organization\"},\"potentialAction\":[{\"@type\":\"SearchAction\",\"target\":{\"@type\":\"EntryPoint\",\"urlTemplate\":\"https:\/\/showrooms.ggmgastro.com\/?s={search_term_string}\"},\"query-input\":{\"@type\":\"PropertyValueSpecification\",\"valueRequired\":true,\"valueName\":\"search_term_string\"}}],\"inLanguage\":\"pt-PT\"},{\"@type\":\"Organization\",\"@id\":\"https:\/\/showrooms.ggmgastro.com\/#organization\",\"name\":\"GGM Gastro International GmbH\",\"url\":\"https:\/\/showrooms.ggmgastro.com\/\",\"logo\":{\"@type\":\"ImageObject\",\"inLanguage\":\"pt-PT\",\"@id\":\"https:\/\/showrooms.ggmgastro.com\/#\/schema\/logo\/image\/\",\"url\":\"https:\/\/showrooms.ggmgastro.com\/wp-content\/uploads\/ggmgastro-logo-dark-seo.jpg\",\"contentUrl\":\"https:\/\/showrooms.ggmgastro.com\/wp-content\/uploads\/ggmgastro-logo-dark-seo.jpg\",\"width\":696,\"height\":696,\"caption\":\"GGM Gastro International GmbH\"},\"image\":{\"@id\":\"https:\/\/showrooms.ggmgastro.com\/#\/schema\/logo\/image\/\"}}]}<\/script>\n<!-- \/ Yoast SEO plugin. -->","yoast_head_json":{"title":"GGM Gastro at Hostech - GGM Gastro Showrooms","description":"Visit GGM Gastro at the Hostech in Istanbul and discover professional catering and retail solutions, powerful equipment and expert advice. Hall 12A, Booth: 23A.","robots":{"index":"index","follow":"follow","max-snippet":"max-snippet:-1","max-image-preview":"max-image-preview:large","max-video-preview":"max-video-preview:-1"},"canonical":"https:\/\/showrooms.ggmgastro.com\/pt\/hostech_2026\/","og_locale":"pt_PT","og_type":"article","og_title":"GGM Gastro at Hostech - GGM Gastro Showrooms","og_description":"Visit GGM Gastro at the Hostech in Istanbul and discover professional catering and retail solutions, powerful equipment and expert advice. Hall 12A, Booth: 23A.","og_url":"https:\/\/showrooms.ggmgastro.com\/pt\/hostech_2026\/","og_site_name":"GGM Gastro Showrooms","og_image":[{"width":1200,"height":1200,"url":"https:\/\/showrooms.ggmgastro.com\/wp-content\/uploads\/hostech.jpg","type":"image\/jpeg"}],"twitter_card":"summary_large_image","twitter_misc":{"Tempo estimado de leitura":"1 minuto"},"schema":{"@context":"https:\/\/schema.org","@graph":[{"@type":"WebPage","@id":"https:\/\/showrooms.ggmgastro.com\/hostech_2026\/","url":"https:\/\/showrooms.ggmgastro.com\/hostech_2026\/","name":"GGM Gastro at Hostech - GGM Gastro Showrooms","isPartOf":{"@id":"https:\/\/showrooms.ggmgastro.com\/#website"},"primaryImageOfPage":{"@id":"https:\/\/showrooms.ggmgastro.com\/hostech_2026\/#primaryimage"},"image":{"@id":"https:\/\/showrooms.ggmgastro.com\/hostech_2026\/#primaryimage"},"thumbnailUrl":"https:\/\/showrooms.ggmgastro.com\/wp-content\/uploads\/hostech.jpg","datePublished":"2026-03-19T11:20:01+00:00","description":"Visit GGM Gastro at the Hostech in Istanbul and discover professional catering and retail solutions, powerful equipment and expert advice. Hall 12A, Booth: 23A.","breadcrumb":{"@id":"https:\/\/showrooms.ggmgastro.com\/hostech_2026\/#breadcrumb"},"inLanguage":"pt-PT","potentialAction":[{"@type":"ReadAction","target":["https:\/\/showrooms.ggmgastro.com\/hostech_2026\/"]}]},{"@type":"ImageObject","inLanguage":"pt-PT","@id":"https:\/\/showrooms.ggmgastro.com\/hostech_2026\/#primaryimage","url":"https:\/\/showrooms.ggmgastro.com\/wp-content\/uploads\/hostech.jpg","contentUrl":"https:\/\/showrooms.ggmgastro.com\/wp-content\/uploads\/hostech.jpg","width":1200,"height":1200},{"@type":"BreadcrumbList","@id":"https:\/\/showrooms.ggmgastro.com\/hostech_2026\/#breadcrumb","itemListElement":[{"@type":"ListItem","position":1,"name":"Startseite","item":"https:\/\/showrooms.ggmgastro.com\/"},{"@type":"ListItem","position":2,"name":"GGM Gastro at Hostech"}]},{"@type":"WebSite","@id":"https:\/\/showrooms.ggmgastro.com\/#website","url":"https:\/\/showrooms.ggmgastro.com\/","name":"GGM Gastro Showrooms","description":"","publisher":{"@id":"https:\/\/showrooms.ggmgastro.com\/#organization"},"potentialAction":[{"@type":"SearchAction","target":{"@type":"EntryPoint","urlTemplate":"https:\/\/showrooms.ggmgastro.com\/?s={search_term_string}"},"query-input":{"@type":"PropertyValueSpecification","valueRequired":true,"valueName":"search_term_string"}}],"inLanguage":"pt-PT"},{"@type":"Organization","@id":"https:\/\/showrooms.ggmgastro.com\/#organization","name":"GGM Gastro International GmbH","url":"https:\/\/showrooms.ggmgastro.com\/","logo":{"@type":"ImageObject","inLanguage":"pt-PT","@id":"https:\/\/showrooms.ggmgastro.com\/#\/schema\/logo\/image\/","url":"https:\/\/showrooms.ggmgastro.com\/wp-content\/uploads\/ggmgastro-logo-dark-seo.jpg","contentUrl":"https:\/\/showrooms.ggmgastro.com\/wp-content\/uploads\/ggmgastro-logo-dark-seo.jpg","width":696,"height":696,"caption":"GGM Gastro International GmbH"},"image":{"@id":"https:\/\/showrooms.ggmgastro.com\/#\/schema\/logo\/image\/"}}]}},"_links":{"self":[{"href":"https:\/\/showrooms.ggmgastro.com\/pt\/wp-json\/wp\/v2\/pages\/68391","targetHints":{"allow":["GET"]}}],"collection":[{"href":"https:\/\/showrooms.ggmgastro.com\/pt\/wp-json\/wp\/v2\/pages"}],"about":[{"href":"https:\/\/showrooms.ggmgastro.com\/pt\/wp-json\/wp\/v2\/types\/page"}],"author":[{"embeddable":true,"href":"https:\/\/showrooms.ggmgastro.com\/pt\/wp-json\/wp\/v2\/users\/7"}],"replies":[{"embeddable":true,"href":"https:\/\/showrooms.ggmgastro.com\/pt\/wp-json\/wp\/v2\/comments?post=68391"}],"version-history":[{"count":4,"href":"https:\/\/showrooms.ggmgastro.com\/pt\/wp-json\/wp\/v2\/pages\/68391\/revisions"}],"predecessor-version":[{"id":68564,"href":"https:\/\/showrooms.ggmgastro.com\/pt\/wp-json\/wp\/v2\/pages\/68391\/revisions\/68564"}],"wp:featuredmedia":[{"embeddable":true,"href":"https:\/\/showrooms.ggmgastro.com\/pt\/wp-json\/wp\/v2\/media\/67883"}],"wp:attachment":[{"href":"https:\/\/showrooms.ggmgastro.com\/pt\/wp-json\/wp\/v2\/media?parent=68391"}],"wp:term":[{"taxonomy":"showroom_land","embeddable":true,"href":"https:\/\/showrooms.ggmgastro.com\/pt\/wp-json\/wp\/v2\/showroom_land?post=68391"},{"taxonomy":"seitentyp","embeddable":true,"href":"https:\/\/showrooms.ggmgastro.com\/pt\/wp-json\/wp\/v2\/seitentyp?post=68391"}],"curies":[{"name":"wp","href":"https:\/\/api.w.org\/{rel}","templated":true}]}}