{"id":10221,"date":"2025-04-16T18:54:33","date_gmt":"2025-04-16T18:54:33","guid":{"rendered":"https:\/\/showrooms.ggmgastro.com\/?page_id=10221"},"modified":"2026-03-26T11:22:24","modified_gmt":"2026-03-26T09:22:24","slug":"belgium-mechelen","status":"publish","type":"page","link":"https:\/\/showrooms.ggmgastro.com\/ro\/belgium-mechelen\/","title":{"rendered":"GGM Gastro Mechelen | Belgia"},"content":{"rendered":"<p>Bine a\u021bi venit la Mechelen, una dintre cele dou\u0103 loca\u021bii GGM Gastro din Belgia. Acest showroom situat central, u\u0219or accesibil, prezint\u0103 o gam\u0103 larg\u0103 de echipamente de catering de \u00eenalt\u0103 calitate, cu o echip\u0103 prietenoas\u0103 de exper\u021bi la \u00eendem\u00e2n\u0103 pentru a oferi sfaturi profesionale pentru afacerea dumneavoastr\u0103. A\u0219tept\u0103m cu ner\u0103bdare s\u0103 v\u0103 vizit\u0103m!<\/p>","protected":false},"excerpt":{"rendered":"<p>Bine a\u021bi venit la Mechelen, una dintre cele dou\u0103 loca\u021bii GGM Gastro din Belgia. Acest showroom situat central, u\u0219or accesibil, prezint\u0103 o gam\u0103 larg\u0103 de echipamente de catering de \u00eenalt\u0103 calitate, cu o echip\u0103 prietenoas\u0103 de exper\u021bi la \u00eendem\u00e2n\u0103 pentru a oferi sfaturi profesionale pentru afacerea dumneavoastr\u0103. A\u0219tept\u0103m cu ner\u0103bdare s\u0103 v\u0103 vizit\u0103m!<\/p>","protected":false},"author":3,"featured_media":10258,"parent":0,"menu_order":0,"comment_status":"closed","ping_status":"closed","template":"","meta":{"_acf_changed":false,"iawp_total_views":79275,"footnotes":""},"showroom_land":[57],"seitentyp":[87],"class_list":["post-10221","page","type-page","status-publish","has-post-thumbnail","hentry","showroom_land-belgien","seitentyp-showroom"],"acf":[],"yoast_head":"<!-- This site is optimized with the Yoast SEO plugin v26.9 - https:\/\/yoast.com\/product\/yoast-seo-wordpress\/ -->\n<title>GGM Gastro Mechelen | Belgium - GGM Gastro Showrooms<\/title>\n<meta name=\"robots\" content=\"index, follow, max-snippet:-1, max-image-preview:large, max-video-preview:-1\" \/>\n<link rel=\"canonical\" href=\"https:\/\/showrooms.ggmgastro.com\/ro\/belgium-mechelen\/\" \/>\n<meta property=\"og:locale\" content=\"ro_RO\" \/>\n<meta property=\"og:type\" content=\"article\" \/>\n<meta property=\"og:title\" content=\"GGM Gastro Mechelen | Belgium - GGM Gastro Showrooms\" \/>\n<meta property=\"og:description\" content=\"Welcome to Mechelen, one of GGM Gastro\u2019s two locations in Belgium. This centrally located, easily accessible showroom displays a wide range of high-quality catering &amp; food service equipment, with a friendly team of experts on hand to offer professional advice for your business. We look forward to your visit!\" \/>\n<meta property=\"og:url\" content=\"https:\/\/showrooms.ggmgastro.com\/ro\/belgium-mechelen\/\" \/>\n<meta property=\"og:site_name\" content=\"GGM Gastro Showrooms\" \/>\n<meta property=\"article:modified_time\" content=\"2026-03-26T09:22:24+00:00\" \/>\n<meta property=\"og:image\" content=\"https:\/\/showrooms.ggmgastro.com\/wp-content\/uploads\/unnamed.webp\" \/>\n\t<meta property=\"og:image:width\" content=\"680\" \/>\n\t<meta property=\"og:image:height\" content=\"494\" \/>\n\t<meta property=\"og:image:type\" content=\"image\/webp\" \/>\n<meta name=\"twitter:card\" content=\"summary_large_image\" \/>\n<meta name=\"twitter:label1\" content=\"Timp estimat pentru citire\" \/>\n\t<meta name=\"twitter:data1\" content=\"1 minut\" \/>\n<script type=\"application\/ld+json\" class=\"yoast-schema-graph\">{\"@context\":\"https:\/\/schema.org\",\"@graph\":[{\"@type\":\"WebPage\",\"@id\":\"https:\/\/showrooms.ggmgastro.com\/belgium-mechelen\/\",\"url\":\"https:\/\/showrooms.ggmgastro.com\/belgium-mechelen\/\",\"name\":\"GGM Gastro Mechelen | Belgium - GGM Gastro Showrooms\",\"isPartOf\":{\"@id\":\"https:\/\/showrooms.ggmgastro.com\/#website\"},\"primaryImageOfPage\":{\"@id\":\"https:\/\/showrooms.ggmgastro.com\/belgium-mechelen\/#primaryimage\"},\"image\":{\"@id\":\"https:\/\/showrooms.ggmgastro.com\/belgium-mechelen\/#primaryimage\"},\"thumbnailUrl\":\"https:\/\/showrooms.ggmgastro.com\/wp-content\/uploads\/unnamed.webp\",\"datePublished\":\"2025-04-16T18:54:33+00:00\",\"dateModified\":\"2026-03-26T09:22:24+00:00\",\"breadcrumb\":{\"@id\":\"https:\/\/showrooms.ggmgastro.com\/belgium-mechelen\/#breadcrumb\"},\"inLanguage\":\"ro-RO\",\"potentialAction\":[{\"@type\":\"ReadAction\",\"target\":[\"https:\/\/showrooms.ggmgastro.com\/belgium-mechelen\/\"]}]},{\"@type\":\"ImageObject\",\"inLanguage\":\"ro-RO\",\"@id\":\"https:\/\/showrooms.ggmgastro.com\/belgium-mechelen\/#primaryimage\",\"url\":\"https:\/\/showrooms.ggmgastro.com\/wp-content\/uploads\/unnamed.webp\",\"contentUrl\":\"https:\/\/showrooms.ggmgastro.com\/wp-content\/uploads\/unnamed.webp\",\"width\":680,\"height\":494},{\"@type\":\"BreadcrumbList\",\"@id\":\"https:\/\/showrooms.ggmgastro.com\/belgium-mechelen\/#breadcrumb\",\"itemListElement\":[{\"@type\":\"ListItem\",\"position\":1,\"name\":\"Startseite\",\"item\":\"https:\/\/showrooms.ggmgastro.com\/\"},{\"@type\":\"ListItem\",\"position\":2,\"name\":\"GGM Gastro Mechelen | Belgium\"}]},{\"@type\":\"WebSite\",\"@id\":\"https:\/\/showrooms.ggmgastro.com\/#website\",\"url\":\"https:\/\/showrooms.ggmgastro.com\/\",\"name\":\"GGM Gastro Showrooms\",\"description\":\"\",\"publisher\":{\"@id\":\"https:\/\/showrooms.ggmgastro.com\/#organization\"},\"potentialAction\":[{\"@type\":\"SearchAction\",\"target\":{\"@type\":\"EntryPoint\",\"urlTemplate\":\"https:\/\/showrooms.ggmgastro.com\/?s={search_term_string}\"},\"query-input\":{\"@type\":\"PropertyValueSpecification\",\"valueRequired\":true,\"valueName\":\"search_term_string\"}}],\"inLanguage\":\"ro-RO\"},{\"@type\":\"Organization\",\"@id\":\"https:\/\/showrooms.ggmgastro.com\/#organization\",\"name\":\"GGM Gastro International GmbH\",\"url\":\"https:\/\/showrooms.ggmgastro.com\/\",\"logo\":{\"@type\":\"ImageObject\",\"inLanguage\":\"ro-RO\",\"@id\":\"https:\/\/showrooms.ggmgastro.com\/#\/schema\/logo\/image\/\",\"url\":\"https:\/\/showrooms.ggmgastro.com\/wp-content\/uploads\/ggmgastro-logo-dark-seo.jpg\",\"contentUrl\":\"https:\/\/showrooms.ggmgastro.com\/wp-content\/uploads\/ggmgastro-logo-dark-seo.jpg\",\"width\":696,\"height\":696,\"caption\":\"GGM Gastro International GmbH\"},\"image\":{\"@id\":\"https:\/\/showrooms.ggmgastro.com\/#\/schema\/logo\/image\/\"}}]}<\/script>\n<!-- \/ Yoast SEO plugin. -->","yoast_head_json":{"title":"GGM Gastro Mechelen | Belgium - GGM Gastro Showrooms","robots":{"index":"index","follow":"follow","max-snippet":"max-snippet:-1","max-image-preview":"max-image-preview:large","max-video-preview":"max-video-preview:-1"},"canonical":"https:\/\/showrooms.ggmgastro.com\/ro\/belgium-mechelen\/","og_locale":"ro_RO","og_type":"article","og_title":"GGM Gastro Mechelen | Belgium - GGM Gastro Showrooms","og_description":"Welcome to Mechelen, one of GGM Gastro\u2019s two locations in Belgium. This centrally located, easily accessible showroom displays a wide range of high-quality catering &amp; food service equipment, with a friendly team of experts on hand to offer professional advice for your business. We look forward to your visit!","og_url":"https:\/\/showrooms.ggmgastro.com\/ro\/belgium-mechelen\/","og_site_name":"GGM Gastro Showrooms","article_modified_time":"2026-03-26T09:22:24+00:00","og_image":[{"width":680,"height":494,"url":"https:\/\/showrooms.ggmgastro.com\/wp-content\/uploads\/unnamed.webp","type":"image\/webp"}],"twitter_card":"summary_large_image","twitter_misc":{"Timp estimat pentru citire":"1 minut"},"schema":{"@context":"https:\/\/schema.org","@graph":[{"@type":"WebPage","@id":"https:\/\/showrooms.ggmgastro.com\/belgium-mechelen\/","url":"https:\/\/showrooms.ggmgastro.com\/belgium-mechelen\/","name":"GGM Gastro Mechelen | Belgium - GGM Gastro Showrooms","isPartOf":{"@id":"https:\/\/showrooms.ggmgastro.com\/#website"},"primaryImageOfPage":{"@id":"https:\/\/showrooms.ggmgastro.com\/belgium-mechelen\/#primaryimage"},"image":{"@id":"https:\/\/showrooms.ggmgastro.com\/belgium-mechelen\/#primaryimage"},"thumbnailUrl":"https:\/\/showrooms.ggmgastro.com\/wp-content\/uploads\/unnamed.webp","datePublished":"2025-04-16T18:54:33+00:00","dateModified":"2026-03-26T09:22:24+00:00","breadcrumb":{"@id":"https:\/\/showrooms.ggmgastro.com\/belgium-mechelen\/#breadcrumb"},"inLanguage":"ro-RO","potentialAction":[{"@type":"ReadAction","target":["https:\/\/showrooms.ggmgastro.com\/belgium-mechelen\/"]}]},{"@type":"ImageObject","inLanguage":"ro-RO","@id":"https:\/\/showrooms.ggmgastro.com\/belgium-mechelen\/#primaryimage","url":"https:\/\/showrooms.ggmgastro.com\/wp-content\/uploads\/unnamed.webp","contentUrl":"https:\/\/showrooms.ggmgastro.com\/wp-content\/uploads\/unnamed.webp","width":680,"height":494},{"@type":"BreadcrumbList","@id":"https:\/\/showrooms.ggmgastro.com\/belgium-mechelen\/#breadcrumb","itemListElement":[{"@type":"ListItem","position":1,"name":"Startseite","item":"https:\/\/showrooms.ggmgastro.com\/"},{"@type":"ListItem","position":2,"name":"GGM Gastro Mechelen | Belgium"}]},{"@type":"WebSite","@id":"https:\/\/showrooms.ggmgastro.com\/#website","url":"https:\/\/showrooms.ggmgastro.com\/","name":"GGM Gastro Showrooms","description":"","publisher":{"@id":"https:\/\/showrooms.ggmgastro.com\/#organization"},"potentialAction":[{"@type":"SearchAction","target":{"@type":"EntryPoint","urlTemplate":"https:\/\/showrooms.ggmgastro.com\/?s={search_term_string}"},"query-input":{"@type":"PropertyValueSpecification","valueRequired":true,"valueName":"search_term_string"}}],"inLanguage":"ro-RO"},{"@type":"Organization","@id":"https:\/\/showrooms.ggmgastro.com\/#organization","name":"GGM Gastro International GmbH","url":"https:\/\/showrooms.ggmgastro.com\/","logo":{"@type":"ImageObject","inLanguage":"ro-RO","@id":"https:\/\/showrooms.ggmgastro.com\/#\/schema\/logo\/image\/","url":"https:\/\/showrooms.ggmgastro.com\/wp-content\/uploads\/ggmgastro-logo-dark-seo.jpg","contentUrl":"https:\/\/showrooms.ggmgastro.com\/wp-content\/uploads\/ggmgastro-logo-dark-seo.jpg","width":696,"height":696,"caption":"GGM Gastro International GmbH"},"image":{"@id":"https:\/\/showrooms.ggmgastro.com\/#\/schema\/logo\/image\/"}}]}},"_links":{"self":[{"href":"https:\/\/showrooms.ggmgastro.com\/ro\/wp-json\/wp\/v2\/pages\/10221","targetHints":{"allow":["GET"]}}],"collection":[{"href":"https:\/\/showrooms.ggmgastro.com\/ro\/wp-json\/wp\/v2\/pages"}],"about":[{"href":"https:\/\/showrooms.ggmgastro.com\/ro\/wp-json\/wp\/v2\/types\/page"}],"author":[{"embeddable":true,"href":"https:\/\/showrooms.ggmgastro.com\/ro\/wp-json\/wp\/v2\/users\/3"}],"replies":[{"embeddable":true,"href":"https:\/\/showrooms.ggmgastro.com\/ro\/wp-json\/wp\/v2\/comments?post=10221"}],"version-history":[{"count":35,"href":"https:\/\/showrooms.ggmgastro.com\/ro\/wp-json\/wp\/v2\/pages\/10221\/revisions"}],"predecessor-version":[{"id":68724,"href":"https:\/\/showrooms.ggmgastro.com\/ro\/wp-json\/wp\/v2\/pages\/10221\/revisions\/68724"}],"wp:featuredmedia":[{"embeddable":true,"href":"https:\/\/showrooms.ggmgastro.com\/ro\/wp-json\/wp\/v2\/media\/10258"}],"wp:attachment":[{"href":"https:\/\/showrooms.ggmgastro.com\/ro\/wp-json\/wp\/v2\/media?parent=10221"}],"wp:term":[{"taxonomy":"showroom_land","embeddable":true,"href":"https:\/\/showrooms.ggmgastro.com\/ro\/wp-json\/wp\/v2\/showroom_land?post=10221"},{"taxonomy":"seitentyp","embeddable":true,"href":"https:\/\/showrooms.ggmgastro.com\/ro\/wp-json\/wp\/v2\/seitentyp?post=10221"}],"curies":[{"name":"wp","href":"https:\/\/api.w.org\/{rel}","templated":true}]}}