{"id":10358,"date":"2025-04-22T06:37:01","date_gmt":"2025-04-22T06:37:01","guid":{"rendered":"https:\/\/showrooms.ggmgastro.com\/?page_id=10358"},"modified":"2026-02-09T09:29:33","modified_gmt":"2026-02-09T07:29:33","slug":"romania-bucuresti","status":"publish","type":"page","link":"https:\/\/showrooms.ggmgastro.com\/ro\/romania-bucharest\/","title":{"rendered":"GGM Gastro Bucure\u0219ti | Rom\u00e2nia"},"content":{"rendered":"<p>Showroom-ul GGM Gastro din Bucure\u0219ti v\u0103 ofer\u0103 o gam\u0103 larg\u0103 de echipamente de gastronomie de \u00eenalt\u0103 calitate, aici v\u0103 a\u0219teapt\u0103 echipa noastr\u0103 ce v\u0103 st\u0103 la dispozi\u021bie cu sfaturi \u0219i consultan\u021b\u0103. Vizita\u021bi-ne \u00een Bucure\u0219ti \u0219i descoperi\u021bi cele mai bune solu\u021bii pentru afacerea dumneavoastr\u0103 din domeniul HoReCa.<\/p>","protected":false},"excerpt":{"rendered":"<p>Showroom-ul GGM Gastro din Bucure\u0219ti v\u0103 ofer\u0103 o gam\u0103 larg\u0103 de echipamente de gastronomie de \u00eenalt\u0103 calitate, aici v\u0103 a\u0219teapt\u0103 echipa noastr\u0103 ce v\u0103 st\u0103 la dispozi\u021bie cu sfaturi \u0219i consultan\u021b\u0103. Vizita\u021bi-ne \u00een Bucure\u0219ti \u0219i descoperi\u021bi cele mai bune solu\u021bii pentru afacerea dumneavoastr\u0103 din domeniul HoReCa.<\/p>","protected":false},"author":3,"featured_media":10370,"parent":0,"menu_order":0,"comment_status":"closed","ping_status":"closed","template":"","meta":{"_acf_changed":false,"iawp_total_views":15974,"footnotes":""},"showroom_land":[53],"seitentyp":[87],"class_list":["post-10358","page","type-page","status-publish","has-post-thumbnail","hentry","showroom_land-rumaenien","seitentyp-showroom"],"acf":[],"yoast_head":"<!-- This site is optimized with the Yoast SEO plugin v26.9 - https:\/\/yoast.com\/product\/yoast-seo-wordpress\/ -->\n<title>GGM Gastro Bucharest | Romania - GGM Gastro Showrooms<\/title>\n<meta name=\"robots\" content=\"index, follow, max-snippet:-1, max-image-preview:large, max-video-preview:-1\" \/>\n<link rel=\"canonical\" href=\"https:\/\/showrooms.ggmgastro.com\/ro\/romania-bucuresti\/\" \/>\n<meta property=\"og:locale\" content=\"ro_RO\" \/>\n<meta property=\"og:type\" content=\"article\" \/>\n<meta property=\"og:title\" content=\"GGM Gastro Bucharest | Romania - GGM Gastro Showrooms\" \/>\n<meta property=\"og:description\" content=\"The GGM Gastro showroom in Bucharest offers a varied display of high-quality catering &amp; food service equipment and a friendly team of experts serving up personalised advice. Visit us in the Romanian capital to level up your hospitality business!\" \/>\n<meta property=\"og:url\" content=\"https:\/\/showrooms.ggmgastro.com\/ro\/romania-bucuresti\/\" \/>\n<meta property=\"og:site_name\" content=\"GGM Gastro Showrooms\" \/>\n<meta property=\"article:modified_time\" content=\"2026-02-09T07:29:33+00:00\" \/>\n<meta property=\"og:image\" content=\"https:\/\/showrooms.ggmgastro.com\/wp-content\/uploads\/Standort_RO_Bukarest.webp\" \/>\n\t<meta property=\"og:image:width\" content=\"1200\" \/>\n\t<meta property=\"og:image:height\" content=\"900\" \/>\n\t<meta property=\"og:image:type\" content=\"image\/webp\" \/>\n<meta name=\"twitter:card\" content=\"summary_large_image\" \/>\n<meta name=\"twitter:label1\" content=\"Timp estimat pentru citire\" \/>\n\t<meta name=\"twitter:data1\" content=\"1 minut\" \/>\n<script type=\"application\/ld+json\" class=\"yoast-schema-graph\">{\"@context\":\"https:\/\/schema.org\",\"@graph\":[{\"@type\":\"WebPage\",\"@id\":\"https:\/\/showrooms.ggmgastro.com\/romania-bucharest\/\",\"url\":\"https:\/\/showrooms.ggmgastro.com\/romania-bucharest\/\",\"name\":\"GGM Gastro Bucharest | Romania - GGM Gastro Showrooms\",\"isPartOf\":{\"@id\":\"https:\/\/showrooms.ggmgastro.com\/#website\"},\"primaryImageOfPage\":{\"@id\":\"https:\/\/showrooms.ggmgastro.com\/romania-bucharest\/#primaryimage\"},\"image\":{\"@id\":\"https:\/\/showrooms.ggmgastro.com\/romania-bucharest\/#primaryimage\"},\"thumbnailUrl\":\"https:\/\/showrooms.ggmgastro.com\/wp-content\/uploads\/Standort_RO_Bukarest.webp\",\"datePublished\":\"2025-04-22T06:37:01+00:00\",\"dateModified\":\"2026-02-09T07:29:33+00:00\",\"breadcrumb\":{\"@id\":\"https:\/\/showrooms.ggmgastro.com\/romania-bucharest\/#breadcrumb\"},\"inLanguage\":\"ro-RO\",\"potentialAction\":[{\"@type\":\"ReadAction\",\"target\":[\"https:\/\/showrooms.ggmgastro.com\/romania-bucharest\/\"]}]},{\"@type\":\"ImageObject\",\"inLanguage\":\"ro-RO\",\"@id\":\"https:\/\/showrooms.ggmgastro.com\/romania-bucharest\/#primaryimage\",\"url\":\"https:\/\/showrooms.ggmgastro.com\/wp-content\/uploads\/Standort_RO_Bukarest.webp\",\"contentUrl\":\"https:\/\/showrooms.ggmgastro.com\/wp-content\/uploads\/Standort_RO_Bukarest.webp\",\"width\":1200,\"height\":900},{\"@type\":\"BreadcrumbList\",\"@id\":\"https:\/\/showrooms.ggmgastro.com\/romania-bucharest\/#breadcrumb\",\"itemListElement\":[{\"@type\":\"ListItem\",\"position\":1,\"name\":\"Startseite\",\"item\":\"https:\/\/showrooms.ggmgastro.com\/\"},{\"@type\":\"ListItem\",\"position\":2,\"name\":\"GGM Gastro Bucharest | Romania\"}]},{\"@type\":\"WebSite\",\"@id\":\"https:\/\/showrooms.ggmgastro.com\/#website\",\"url\":\"https:\/\/showrooms.ggmgastro.com\/\",\"name\":\"GGM Gastro Showrooms\",\"description\":\"\",\"publisher\":{\"@id\":\"https:\/\/showrooms.ggmgastro.com\/#organization\"},\"potentialAction\":[{\"@type\":\"SearchAction\",\"target\":{\"@type\":\"EntryPoint\",\"urlTemplate\":\"https:\/\/showrooms.ggmgastro.com\/?s={search_term_string}\"},\"query-input\":{\"@type\":\"PropertyValueSpecification\",\"valueRequired\":true,\"valueName\":\"search_term_string\"}}],\"inLanguage\":\"ro-RO\"},{\"@type\":\"Organization\",\"@id\":\"https:\/\/showrooms.ggmgastro.com\/#organization\",\"name\":\"GGM Gastro International GmbH\",\"url\":\"https:\/\/showrooms.ggmgastro.com\/\",\"logo\":{\"@type\":\"ImageObject\",\"inLanguage\":\"ro-RO\",\"@id\":\"https:\/\/showrooms.ggmgastro.com\/#\/schema\/logo\/image\/\",\"url\":\"https:\/\/showrooms.ggmgastro.com\/wp-content\/uploads\/ggmgastro-logo-dark-seo.jpg\",\"contentUrl\":\"https:\/\/showrooms.ggmgastro.com\/wp-content\/uploads\/ggmgastro-logo-dark-seo.jpg\",\"width\":696,\"height\":696,\"caption\":\"GGM Gastro International GmbH\"},\"image\":{\"@id\":\"https:\/\/showrooms.ggmgastro.com\/#\/schema\/logo\/image\/\"}}]}<\/script>\n<!-- \/ Yoast SEO plugin. -->","yoast_head_json":{"title":"GGM Gastro Bucharest | Romania - GGM Gastro Showrooms","robots":{"index":"index","follow":"follow","max-snippet":"max-snippet:-1","max-image-preview":"max-image-preview:large","max-video-preview":"max-video-preview:-1"},"canonical":"https:\/\/showrooms.ggmgastro.com\/ro\/romania-bucuresti\/","og_locale":"ro_RO","og_type":"article","og_title":"GGM Gastro Bucharest | Romania - GGM Gastro Showrooms","og_description":"The GGM Gastro showroom in Bucharest offers a varied display of high-quality catering &amp; food service equipment and a friendly team of experts serving up personalised advice. Visit us in the Romanian capital to level up your hospitality business!","og_url":"https:\/\/showrooms.ggmgastro.com\/ro\/romania-bucuresti\/","og_site_name":"GGM Gastro Showrooms","article_modified_time":"2026-02-09T07:29:33+00:00","og_image":[{"width":1200,"height":900,"url":"https:\/\/showrooms.ggmgastro.com\/wp-content\/uploads\/Standort_RO_Bukarest.webp","type":"image\/webp"}],"twitter_card":"summary_large_image","twitter_misc":{"Timp estimat pentru citire":"1 minut"},"schema":{"@context":"https:\/\/schema.org","@graph":[{"@type":"WebPage","@id":"https:\/\/showrooms.ggmgastro.com\/romania-bucharest\/","url":"https:\/\/showrooms.ggmgastro.com\/romania-bucharest\/","name":"GGM Gastro Bucharest | Romania - GGM Gastro Showrooms","isPartOf":{"@id":"https:\/\/showrooms.ggmgastro.com\/#website"},"primaryImageOfPage":{"@id":"https:\/\/showrooms.ggmgastro.com\/romania-bucharest\/#primaryimage"},"image":{"@id":"https:\/\/showrooms.ggmgastro.com\/romania-bucharest\/#primaryimage"},"thumbnailUrl":"https:\/\/showrooms.ggmgastro.com\/wp-content\/uploads\/Standort_RO_Bukarest.webp","datePublished":"2025-04-22T06:37:01+00:00","dateModified":"2026-02-09T07:29:33+00:00","breadcrumb":{"@id":"https:\/\/showrooms.ggmgastro.com\/romania-bucharest\/#breadcrumb"},"inLanguage":"ro-RO","potentialAction":[{"@type":"ReadAction","target":["https:\/\/showrooms.ggmgastro.com\/romania-bucharest\/"]}]},{"@type":"ImageObject","inLanguage":"ro-RO","@id":"https:\/\/showrooms.ggmgastro.com\/romania-bucharest\/#primaryimage","url":"https:\/\/showrooms.ggmgastro.com\/wp-content\/uploads\/Standort_RO_Bukarest.webp","contentUrl":"https:\/\/showrooms.ggmgastro.com\/wp-content\/uploads\/Standort_RO_Bukarest.webp","width":1200,"height":900},{"@type":"BreadcrumbList","@id":"https:\/\/showrooms.ggmgastro.com\/romania-bucharest\/#breadcrumb","itemListElement":[{"@type":"ListItem","position":1,"name":"Startseite","item":"https:\/\/showrooms.ggmgastro.com\/"},{"@type":"ListItem","position":2,"name":"GGM Gastro Bucharest | Romania"}]},{"@type":"WebSite","@id":"https:\/\/showrooms.ggmgastro.com\/#website","url":"https:\/\/showrooms.ggmgastro.com\/","name":"GGM Gastro Showrooms","description":"","publisher":{"@id":"https:\/\/showrooms.ggmgastro.com\/#organization"},"potentialAction":[{"@type":"SearchAction","target":{"@type":"EntryPoint","urlTemplate":"https:\/\/showrooms.ggmgastro.com\/?s={search_term_string}"},"query-input":{"@type":"PropertyValueSpecification","valueRequired":true,"valueName":"search_term_string"}}],"inLanguage":"ro-RO"},{"@type":"Organization","@id":"https:\/\/showrooms.ggmgastro.com\/#organization","name":"GGM Gastro International GmbH","url":"https:\/\/showrooms.ggmgastro.com\/","logo":{"@type":"ImageObject","inLanguage":"ro-RO","@id":"https:\/\/showrooms.ggmgastro.com\/#\/schema\/logo\/image\/","url":"https:\/\/showrooms.ggmgastro.com\/wp-content\/uploads\/ggmgastro-logo-dark-seo.jpg","contentUrl":"https:\/\/showrooms.ggmgastro.com\/wp-content\/uploads\/ggmgastro-logo-dark-seo.jpg","width":696,"height":696,"caption":"GGM Gastro International GmbH"},"image":{"@id":"https:\/\/showrooms.ggmgastro.com\/#\/schema\/logo\/image\/"}}]}},"_links":{"self":[{"href":"https:\/\/showrooms.ggmgastro.com\/ro\/wp-json\/wp\/v2\/pages\/10358","targetHints":{"allow":["GET"]}}],"collection":[{"href":"https:\/\/showrooms.ggmgastro.com\/ro\/wp-json\/wp\/v2\/pages"}],"about":[{"href":"https:\/\/showrooms.ggmgastro.com\/ro\/wp-json\/wp\/v2\/types\/page"}],"author":[{"embeddable":true,"href":"https:\/\/showrooms.ggmgastro.com\/ro\/wp-json\/wp\/v2\/users\/3"}],"replies":[{"embeddable":true,"href":"https:\/\/showrooms.ggmgastro.com\/ro\/wp-json\/wp\/v2\/comments?post=10358"}],"version-history":[{"count":30,"href":"https:\/\/showrooms.ggmgastro.com\/ro\/wp-json\/wp\/v2\/pages\/10358\/revisions"}],"predecessor-version":[{"id":67626,"href":"https:\/\/showrooms.ggmgastro.com\/ro\/wp-json\/wp\/v2\/pages\/10358\/revisions\/67626"}],"wp:featuredmedia":[{"embeddable":true,"href":"https:\/\/showrooms.ggmgastro.com\/ro\/wp-json\/wp\/v2\/media\/10370"}],"wp:attachment":[{"href":"https:\/\/showrooms.ggmgastro.com\/ro\/wp-json\/wp\/v2\/media?parent=10358"}],"wp:term":[{"taxonomy":"showroom_land","embeddable":true,"href":"https:\/\/showrooms.ggmgastro.com\/ro\/wp-json\/wp\/v2\/showroom_land?post=10358"},{"taxonomy":"seitentyp","embeddable":true,"href":"https:\/\/showrooms.ggmgastro.com\/ro\/wp-json\/wp\/v2\/seitentyp?post=10358"}],"curies":[{"name":"wp","href":"https:\/\/api.w.org\/{rel}","templated":true}]}}