{"id":10756,"date":"2025-04-25T09:24:29","date_gmt":"2025-04-25T09:24:29","guid":{"rendered":"https:\/\/showrooms.ggmgastro.com\/?page_id=10756"},"modified":"2026-01-14T08:35:02","modified_gmt":"2026-01-14T06:35:02","slug":"germany-ochtrup","status":"publish","type":"page","link":"https:\/\/showrooms.ggmgastro.com\/ro\/germany-ochtrup\/","title":{"rendered":"GGM Gastro Ochtrup"},"content":{"rendered":"<p>Bine a\u021bi venit la showroom-ul Ochtrup la sediul companiei GGM Gastro. Aceast\u0103 loca\u021bie prezint\u0103 peste 1.000 de produse - de la produse noi p\u00e2n\u0103 la produse B-ware - \u00eentins pe o suprafa\u021b\u0103 de 2.000 m\u00b2, inclusiv multe produse care pot fi luate pe loc. Echipa noastr\u0103 de exper\u021bi de la fa\u021ba locului va fi bucuroas\u0103 s\u0103 v\u0103 ofere consultan\u021b\u0103 cu privire la cea mai bun\u0103 solu\u021bie pentru afacerea dumneavoastr\u0103.<\/p>","protected":false},"excerpt":{"rendered":"<p>Welcome to the Ochtrup showroom at GGM Gastro&#8217;s company headquarters. This location displays more than 1,000 products &#8211; from new to B-stock goods &#8211; over 2,000\u202fm\u00b2 of shop floor, including many products that can be taken away on the day. Our team of on-site experts will be happy to advise you on the best solution&#8230;<\/p>","protected":false},"author":3,"featured_media":64637,"parent":0,"menu_order":0,"comment_status":"closed","ping_status":"closed","template":"","meta":{"_acf_changed":false,"iawp_total_views":126927,"footnotes":""},"showroom_land":[43],"seitentyp":[87],"class_list":["post-10756","page","type-page","status-publish","has-post-thumbnail","hentry","showroom_land-deutschland","seitentyp-showroom"],"acf":[],"yoast_head":"<!-- This site is optimized with the Yoast SEO plugin v26.9 - https:\/\/yoast.com\/product\/yoast-seo-wordpress\/ -->\n<title>GGM Gastro Ochtrup - GGM Gastro Showrooms<\/title>\n<meta name=\"robots\" content=\"index, follow, max-snippet:-1, max-image-preview:large, max-video-preview:-1\" \/>\n<link rel=\"canonical\" href=\"https:\/\/showrooms.ggmgastro.com\/ro\/germany-ochtrup\/\" \/>\n<meta property=\"og:locale\" content=\"ro_RO\" \/>\n<meta property=\"og:type\" content=\"article\" \/>\n<meta property=\"og:title\" content=\"GGM Gastro Ochtrup - GGM Gastro Showrooms\" \/>\n<meta property=\"og:description\" content=\"Welcome to the Ochtrup showroom at GGM Gastro&#8217;s company headquarters. This location displays more than 1,000 products &#8211; from new to B-stock goods &#8211; over 2,000\u202fm\u00b2 of shop floor, including many products that can be taken away on the day. Our team of on-site experts will be happy to advise you on the best solution...\" \/>\n<meta property=\"og:url\" content=\"https:\/\/showrooms.ggmgastro.com\/ro\/germany-ochtrup\/\" \/>\n<meta property=\"og:site_name\" content=\"GGM Gastro Showrooms\" \/>\n<meta property=\"article:modified_time\" content=\"2026-01-14T06:35:02+00:00\" \/>\n<meta property=\"og:image\" content=\"https:\/\/showrooms.ggmgastro.com\/wp-content\/uploads\/Ochtrup-Home-Page-scaled.jpg\" \/>\n\t<meta property=\"og:image:width\" content=\"1800\" \/>\n\t<meta property=\"og:image:height\" content=\"1800\" \/>\n\t<meta property=\"og:image:type\" content=\"image\/jpeg\" \/>\n<meta name=\"twitter:card\" content=\"summary_large_image\" \/>\n<meta name=\"twitter:label1\" content=\"Timp estimat pentru citire\" \/>\n\t<meta name=\"twitter:data1\" content=\"1 minut\" \/>\n<script type=\"application\/ld+json\" class=\"yoast-schema-graph\">{\"@context\":\"https:\/\/schema.org\",\"@graph\":[{\"@type\":\"WebPage\",\"@id\":\"https:\/\/showrooms.ggmgastro.com\/germany-ochtrup\/\",\"url\":\"https:\/\/showrooms.ggmgastro.com\/germany-ochtrup\/\",\"name\":\"GGM Gastro Ochtrup - GGM Gastro Showrooms\",\"isPartOf\":{\"@id\":\"https:\/\/showrooms.ggmgastro.com\/#website\"},\"primaryImageOfPage\":{\"@id\":\"https:\/\/showrooms.ggmgastro.com\/germany-ochtrup\/#primaryimage\"},\"image\":{\"@id\":\"https:\/\/showrooms.ggmgastro.com\/germany-ochtrup\/#primaryimage\"},\"thumbnailUrl\":\"https:\/\/showrooms.ggmgastro.com\/wp-content\/uploads\/Ochtrup-Home-Page-scaled.jpg\",\"datePublished\":\"2025-04-25T09:24:29+00:00\",\"dateModified\":\"2026-01-14T06:35:02+00:00\",\"breadcrumb\":{\"@id\":\"https:\/\/showrooms.ggmgastro.com\/germany-ochtrup\/#breadcrumb\"},\"inLanguage\":\"ro-RO\",\"potentialAction\":[{\"@type\":\"ReadAction\",\"target\":[\"https:\/\/showrooms.ggmgastro.com\/germany-ochtrup\/\"]}]},{\"@type\":\"ImageObject\",\"inLanguage\":\"ro-RO\",\"@id\":\"https:\/\/showrooms.ggmgastro.com\/germany-ochtrup\/#primaryimage\",\"url\":\"https:\/\/showrooms.ggmgastro.com\/wp-content\/uploads\/Ochtrup-Home-Page-scaled.jpg\",\"contentUrl\":\"https:\/\/showrooms.ggmgastro.com\/wp-content\/uploads\/Ochtrup-Home-Page-scaled.jpg\",\"width\":1800,\"height\":1800},{\"@type\":\"BreadcrumbList\",\"@id\":\"https:\/\/showrooms.ggmgastro.com\/germany-ochtrup\/#breadcrumb\",\"itemListElement\":[{\"@type\":\"ListItem\",\"position\":1,\"name\":\"Startseite\",\"item\":\"https:\/\/showrooms.ggmgastro.com\/\"},{\"@type\":\"ListItem\",\"position\":2,\"name\":\"GGM Gastro Ochtrup\"}]},{\"@type\":\"WebSite\",\"@id\":\"https:\/\/showrooms.ggmgastro.com\/#website\",\"url\":\"https:\/\/showrooms.ggmgastro.com\/\",\"name\":\"GGM Gastro Showrooms\",\"description\":\"\",\"publisher\":{\"@id\":\"https:\/\/showrooms.ggmgastro.com\/#organization\"},\"potentialAction\":[{\"@type\":\"SearchAction\",\"target\":{\"@type\":\"EntryPoint\",\"urlTemplate\":\"https:\/\/showrooms.ggmgastro.com\/?s={search_term_string}\"},\"query-input\":{\"@type\":\"PropertyValueSpecification\",\"valueRequired\":true,\"valueName\":\"search_term_string\"}}],\"inLanguage\":\"ro-RO\"},{\"@type\":\"Organization\",\"@id\":\"https:\/\/showrooms.ggmgastro.com\/#organization\",\"name\":\"GGM Gastro International GmbH\",\"url\":\"https:\/\/showrooms.ggmgastro.com\/\",\"logo\":{\"@type\":\"ImageObject\",\"inLanguage\":\"ro-RO\",\"@id\":\"https:\/\/showrooms.ggmgastro.com\/#\/schema\/logo\/image\/\",\"url\":\"https:\/\/showrooms.ggmgastro.com\/wp-content\/uploads\/ggmgastro-logo-dark-seo.jpg\",\"contentUrl\":\"https:\/\/showrooms.ggmgastro.com\/wp-content\/uploads\/ggmgastro-logo-dark-seo.jpg\",\"width\":696,\"height\":696,\"caption\":\"GGM Gastro International GmbH\"},\"image\":{\"@id\":\"https:\/\/showrooms.ggmgastro.com\/#\/schema\/logo\/image\/\"}}]}<\/script>\n<!-- \/ Yoast SEO plugin. -->","yoast_head_json":{"title":"GGM Gastro Ochtrup - GGM Gastro Showrooms","robots":{"index":"index","follow":"follow","max-snippet":"max-snippet:-1","max-image-preview":"max-image-preview:large","max-video-preview":"max-video-preview:-1"},"canonical":"https:\/\/showrooms.ggmgastro.com\/ro\/germany-ochtrup\/","og_locale":"ro_RO","og_type":"article","og_title":"GGM Gastro Ochtrup - GGM Gastro Showrooms","og_description":"Welcome to the Ochtrup showroom at GGM Gastro&#8217;s company headquarters. This location displays more than 1,000 products &#8211; from new to B-stock goods &#8211; over 2,000\u202fm\u00b2 of shop floor, including many products that can be taken away on the day. Our team of on-site experts will be happy to advise you on the best solution...","og_url":"https:\/\/showrooms.ggmgastro.com\/ro\/germany-ochtrup\/","og_site_name":"GGM Gastro Showrooms","article_modified_time":"2026-01-14T06:35:02+00:00","og_image":[{"width":1800,"height":1800,"url":"https:\/\/showrooms.ggmgastro.com\/wp-content\/uploads\/Ochtrup-Home-Page-scaled.jpg","type":"image\/jpeg"}],"twitter_card":"summary_large_image","twitter_misc":{"Timp estimat pentru citire":"1 minut"},"schema":{"@context":"https:\/\/schema.org","@graph":[{"@type":"WebPage","@id":"https:\/\/showrooms.ggmgastro.com\/germany-ochtrup\/","url":"https:\/\/showrooms.ggmgastro.com\/germany-ochtrup\/","name":"GGM Gastro Ochtrup - GGM Gastro Showrooms","isPartOf":{"@id":"https:\/\/showrooms.ggmgastro.com\/#website"},"primaryImageOfPage":{"@id":"https:\/\/showrooms.ggmgastro.com\/germany-ochtrup\/#primaryimage"},"image":{"@id":"https:\/\/showrooms.ggmgastro.com\/germany-ochtrup\/#primaryimage"},"thumbnailUrl":"https:\/\/showrooms.ggmgastro.com\/wp-content\/uploads\/Ochtrup-Home-Page-scaled.jpg","datePublished":"2025-04-25T09:24:29+00:00","dateModified":"2026-01-14T06:35:02+00:00","breadcrumb":{"@id":"https:\/\/showrooms.ggmgastro.com\/germany-ochtrup\/#breadcrumb"},"inLanguage":"ro-RO","potentialAction":[{"@type":"ReadAction","target":["https:\/\/showrooms.ggmgastro.com\/germany-ochtrup\/"]}]},{"@type":"ImageObject","inLanguage":"ro-RO","@id":"https:\/\/showrooms.ggmgastro.com\/germany-ochtrup\/#primaryimage","url":"https:\/\/showrooms.ggmgastro.com\/wp-content\/uploads\/Ochtrup-Home-Page-scaled.jpg","contentUrl":"https:\/\/showrooms.ggmgastro.com\/wp-content\/uploads\/Ochtrup-Home-Page-scaled.jpg","width":1800,"height":1800},{"@type":"BreadcrumbList","@id":"https:\/\/showrooms.ggmgastro.com\/germany-ochtrup\/#breadcrumb","itemListElement":[{"@type":"ListItem","position":1,"name":"Startseite","item":"https:\/\/showrooms.ggmgastro.com\/"},{"@type":"ListItem","position":2,"name":"GGM Gastro Ochtrup"}]},{"@type":"WebSite","@id":"https:\/\/showrooms.ggmgastro.com\/#website","url":"https:\/\/showrooms.ggmgastro.com\/","name":"GGM Gastro Showrooms","description":"","publisher":{"@id":"https:\/\/showrooms.ggmgastro.com\/#organization"},"potentialAction":[{"@type":"SearchAction","target":{"@type":"EntryPoint","urlTemplate":"https:\/\/showrooms.ggmgastro.com\/?s={search_term_string}"},"query-input":{"@type":"PropertyValueSpecification","valueRequired":true,"valueName":"search_term_string"}}],"inLanguage":"ro-RO"},{"@type":"Organization","@id":"https:\/\/showrooms.ggmgastro.com\/#organization","name":"GGM Gastro International GmbH","url":"https:\/\/showrooms.ggmgastro.com\/","logo":{"@type":"ImageObject","inLanguage":"ro-RO","@id":"https:\/\/showrooms.ggmgastro.com\/#\/schema\/logo\/image\/","url":"https:\/\/showrooms.ggmgastro.com\/wp-content\/uploads\/ggmgastro-logo-dark-seo.jpg","contentUrl":"https:\/\/showrooms.ggmgastro.com\/wp-content\/uploads\/ggmgastro-logo-dark-seo.jpg","width":696,"height":696,"caption":"GGM Gastro International GmbH"},"image":{"@id":"https:\/\/showrooms.ggmgastro.com\/#\/schema\/logo\/image\/"}}]}},"_links":{"self":[{"href":"https:\/\/showrooms.ggmgastro.com\/ro\/wp-json\/wp\/v2\/pages\/10756","targetHints":{"allow":["GET"]}}],"collection":[{"href":"https:\/\/showrooms.ggmgastro.com\/ro\/wp-json\/wp\/v2\/pages"}],"about":[{"href":"https:\/\/showrooms.ggmgastro.com\/ro\/wp-json\/wp\/v2\/types\/page"}],"author":[{"embeddable":true,"href":"https:\/\/showrooms.ggmgastro.com\/ro\/wp-json\/wp\/v2\/users\/3"}],"replies":[{"embeddable":true,"href":"https:\/\/showrooms.ggmgastro.com\/ro\/wp-json\/wp\/v2\/comments?post=10756"}],"version-history":[{"count":27,"href":"https:\/\/showrooms.ggmgastro.com\/ro\/wp-json\/wp\/v2\/pages\/10756\/revisions"}],"predecessor-version":[{"id":66723,"href":"https:\/\/showrooms.ggmgastro.com\/ro\/wp-json\/wp\/v2\/pages\/10756\/revisions\/66723"}],"wp:featuredmedia":[{"embeddable":true,"href":"https:\/\/showrooms.ggmgastro.com\/ro\/wp-json\/wp\/v2\/media\/64637"}],"wp:attachment":[{"href":"https:\/\/showrooms.ggmgastro.com\/ro\/wp-json\/wp\/v2\/media?parent=10756"}],"wp:term":[{"taxonomy":"showroom_land","embeddable":true,"href":"https:\/\/showrooms.ggmgastro.com\/ro\/wp-json\/wp\/v2\/showroom_land?post=10756"},{"taxonomy":"seitentyp","embeddable":true,"href":"https:\/\/showrooms.ggmgastro.com\/ro\/wp-json\/wp\/v2\/seitentyp?post=10756"}],"curies":[{"name":"wp","href":"https:\/\/api.w.org\/{rel}","templated":true}]}}