{"id":68192,"date":"2026-03-04T17:36:46","date_gmt":"2026-03-04T15:36:46","guid":{"rendered":"https:\/\/showrooms.ggmgastro.com\/?page_id=68192"},"modified":"2026-03-04T17:38:30","modified_gmt":"2026-03-04T15:38:30","slug":"hotelex","status":"publish","type":"page","link":"https:\/\/showrooms.ggmgastro.com\/ro\/hotelex\/","title":{"rendered":"GGM Gastro la HOTELEX"},"content":{"rendered":"<section class=\"l-section wpb_row height_large\"><div class=\"l-section-h i-cf\"><div class=\"g-cols vc_row via_grid cols_1 laptops-cols_inherit tablets-cols_inherit mobiles-cols_1 valign_top type_default stacking_default\"><div class=\"wpb_column vc_column_container\"><div class=\"vc_column-inner\"><div class=\"wpb_text_column\"><div class=\"wpb_wrapper\"><p><strong>Descoperi\u021bi GGM Gastro la HOTELEX Shanghai 2026 \u0219i explora\u021bi solu\u021bii orientate spre viitor pentru concepte profesionale de gastronomie \u0219i retail.<\/strong><\/p>\n<p>\u00cen calitate de lider al pie\u021bei europene \u00een echipamente pentru gastronomie, prezent\u0103m un portofoliu care \u00ee\u0219i dovede\u0219te eficien\u021ba \u00een activitatea zilnic\u0103: peste 120.000 de produse, dintre care 35.000 sunt disponibile pentru livrare imediat\u0103. De la echipamente individuale de \u00eenalt\u0103 performan\u021b\u0103 p\u00e2n\u0103 la solu\u021bii complete bine g\u00e2ndite, oferim tehnologie profesional\u0103 pentru lan\u021buri de restaurante, hoteluri, concepte takeaway, retail alimentar \u0219i gastronomia tradi\u021bional\u0103.<\/p>\n<p>Profita\u021bi de HOTELEX ca platform\u0103 interna\u021bional\u0103 pentru schimb personal. Descoperi\u021bi cele mai noi inova\u021bii de produs, tehnologii eficiente de buc\u0103t\u0103rie \u0219i concepte economice de echipare concepute pentru a optimiza sustenabil activitatea dumneavoastr\u0103 zilnic\u0103.<\/p>\n<p>Echipa noastr\u0103 experimentat\u0103 v\u0103 va oferi cu pl\u0103cere consultan\u021b\u0103 individual\u0103 \u0219i solu\u021bii practice pentru o gam\u0103 larg\u0103 de cerin\u021be profesionale.<\/p>\n<p>V\u0103 a\u0219tept\u0103m cu pl\u0103cere!<\/p>\n<p><strong>Hala 3, Stand G05<\/strong><span style=\"letter-spacing: 0em;\"><\/p>\n<\/div><\/div><\/div><\/div><\/div><\/div><\/section><\/span><\/p>","protected":false},"excerpt":{"rendered":"Experience GGM Gastro at HOTELEX Shanghai 2026 and discover forward-looking solutions for professional catering and retail concepts. As Europe\u2019s market leader in catering equipment, we present a portfolio that proves itself in daily operations: over 120,000 products, 35,000 of which are available for immediate delivery. From high-performance standalone units to well-designed complete solutions, we offer...","protected":false},"author":7,"featured_media":67884,"parent":0,"menu_order":0,"comment_status":"closed","ping_status":"closed","template":"","meta":{"_acf_changed":false,"iawp_total_views":774,"footnotes":""},"showroom_land":[],"seitentyp":[91],"class_list":["post-68192","page","type-page","status-publish","has-post-thumbnail","hentry","seitentyp-messe"],"acf":[],"yoast_head":"<!-- This site is optimized with the Yoast SEO plugin v26.9 - https:\/\/yoast.com\/product\/yoast-seo-wordpress\/ -->\n<title>GGM Gastro at HOTELEX - GGM Gastro Showrooms<\/title>\n<meta name=\"description\" content=\"Visit GGM Gastro at EuroShop and discover professional catering and retail solutions, powerful equipment and expert advice.\" \/>\n<meta name=\"robots\" content=\"index, follow, max-snippet:-1, max-image-preview:large, max-video-preview:-1\" \/>\n<link rel=\"canonical\" href=\"https:\/\/showrooms.ggmgastro.com\/ro\/hotelex\/\" \/>\n<meta property=\"og:locale\" content=\"ro_RO\" \/>\n<meta property=\"og:type\" content=\"article\" \/>\n<meta property=\"og:title\" content=\"GGM Gastro at HOTELEX - GGM Gastro Showrooms\" \/>\n<meta property=\"og:description\" content=\"Visit GGM Gastro at EuroShop and discover professional catering and retail solutions, powerful equipment and expert advice.\" \/>\n<meta property=\"og:url\" content=\"https:\/\/showrooms.ggmgastro.com\/ro\/hotelex\/\" \/>\n<meta property=\"og:site_name\" content=\"GGM Gastro Showrooms\" \/>\n<meta property=\"article:modified_time\" content=\"2026-03-04T15:38:30+00:00\" \/>\n<meta property=\"og:image\" content=\"https:\/\/showrooms.ggmgastro.com\/wp-content\/uploads\/Hotelex.jpg\" \/>\n\t<meta property=\"og:image:width\" content=\"1200\" \/>\n\t<meta property=\"og:image:height\" content=\"1200\" \/>\n\t<meta property=\"og:image:type\" content=\"image\/jpeg\" \/>\n<meta name=\"twitter:card\" content=\"summary_large_image\" \/>\n<meta name=\"twitter:label1\" content=\"Timp estimat pentru citire\" \/>\n\t<meta name=\"twitter:data1\" content=\"1 minut\" \/>\n<script type=\"application\/ld+json\" class=\"yoast-schema-graph\">{\"@context\":\"https:\/\/schema.org\",\"@graph\":[{\"@type\":\"WebPage\",\"@id\":\"https:\/\/showrooms.ggmgastro.com\/hotelex\/\",\"url\":\"https:\/\/showrooms.ggmgastro.com\/hotelex\/\",\"name\":\"GGM Gastro at HOTELEX - GGM Gastro Showrooms\",\"isPartOf\":{\"@id\":\"https:\/\/showrooms.ggmgastro.com\/#website\"},\"primaryImageOfPage\":{\"@id\":\"https:\/\/showrooms.ggmgastro.com\/hotelex\/#primaryimage\"},\"image\":{\"@id\":\"https:\/\/showrooms.ggmgastro.com\/hotelex\/#primaryimage\"},\"thumbnailUrl\":\"https:\/\/showrooms.ggmgastro.com\/wp-content\/uploads\/Hotelex.jpg\",\"datePublished\":\"2026-03-04T15:36:46+00:00\",\"dateModified\":\"2026-03-04T15:38:30+00:00\",\"description\":\"Visit GGM Gastro at EuroShop and discover professional catering and retail solutions, powerful equipment and expert advice.\",\"breadcrumb\":{\"@id\":\"https:\/\/showrooms.ggmgastro.com\/hotelex\/#breadcrumb\"},\"inLanguage\":\"ro-RO\",\"potentialAction\":[{\"@type\":\"ReadAction\",\"target\":[\"https:\/\/showrooms.ggmgastro.com\/hotelex\/\"]}]},{\"@type\":\"ImageObject\",\"inLanguage\":\"ro-RO\",\"@id\":\"https:\/\/showrooms.ggmgastro.com\/hotelex\/#primaryimage\",\"url\":\"https:\/\/showrooms.ggmgastro.com\/wp-content\/uploads\/Hotelex.jpg\",\"contentUrl\":\"https:\/\/showrooms.ggmgastro.com\/wp-content\/uploads\/Hotelex.jpg\",\"width\":1200,\"height\":1200},{\"@type\":\"BreadcrumbList\",\"@id\":\"https:\/\/showrooms.ggmgastro.com\/hotelex\/#breadcrumb\",\"itemListElement\":[{\"@type\":\"ListItem\",\"position\":1,\"name\":\"Startseite\",\"item\":\"https:\/\/showrooms.ggmgastro.com\/\"},{\"@type\":\"ListItem\",\"position\":2,\"name\":\"GGM Gastro at HOTELEX\"}]},{\"@type\":\"WebSite\",\"@id\":\"https:\/\/showrooms.ggmgastro.com\/#website\",\"url\":\"https:\/\/showrooms.ggmgastro.com\/\",\"name\":\"GGM Gastro Showrooms\",\"description\":\"\",\"publisher\":{\"@id\":\"https:\/\/showrooms.ggmgastro.com\/#organization\"},\"potentialAction\":[{\"@type\":\"SearchAction\",\"target\":{\"@type\":\"EntryPoint\",\"urlTemplate\":\"https:\/\/showrooms.ggmgastro.com\/?s={search_term_string}\"},\"query-input\":{\"@type\":\"PropertyValueSpecification\",\"valueRequired\":true,\"valueName\":\"search_term_string\"}}],\"inLanguage\":\"ro-RO\"},{\"@type\":\"Organization\",\"@id\":\"https:\/\/showrooms.ggmgastro.com\/#organization\",\"name\":\"GGM Gastro International GmbH\",\"url\":\"https:\/\/showrooms.ggmgastro.com\/\",\"logo\":{\"@type\":\"ImageObject\",\"inLanguage\":\"ro-RO\",\"@id\":\"https:\/\/showrooms.ggmgastro.com\/#\/schema\/logo\/image\/\",\"url\":\"https:\/\/showrooms.ggmgastro.com\/wp-content\/uploads\/ggmgastro-logo-dark-seo.jpg\",\"contentUrl\":\"https:\/\/showrooms.ggmgastro.com\/wp-content\/uploads\/ggmgastro-logo-dark-seo.jpg\",\"width\":696,\"height\":696,\"caption\":\"GGM Gastro International GmbH\"},\"image\":{\"@id\":\"https:\/\/showrooms.ggmgastro.com\/#\/schema\/logo\/image\/\"}}]}<\/script>\n<!-- \/ Yoast SEO plugin. -->","yoast_head_json":{"title":"GGM Gastro at HOTELEX - GGM Gastro Showrooms","description":"Visit GGM Gastro at EuroShop and discover professional catering and retail solutions, powerful equipment and expert advice.","robots":{"index":"index","follow":"follow","max-snippet":"max-snippet:-1","max-image-preview":"max-image-preview:large","max-video-preview":"max-video-preview:-1"},"canonical":"https:\/\/showrooms.ggmgastro.com\/ro\/hotelex\/","og_locale":"ro_RO","og_type":"article","og_title":"GGM Gastro at HOTELEX - GGM Gastro Showrooms","og_description":"Visit GGM Gastro at EuroShop and discover professional catering and retail solutions, powerful equipment and expert advice.","og_url":"https:\/\/showrooms.ggmgastro.com\/ro\/hotelex\/","og_site_name":"GGM Gastro Showrooms","article_modified_time":"2026-03-04T15:38:30+00:00","og_image":[{"width":1200,"height":1200,"url":"https:\/\/showrooms.ggmgastro.com\/wp-content\/uploads\/Hotelex.jpg","type":"image\/jpeg"}],"twitter_card":"summary_large_image","twitter_misc":{"Timp estimat pentru citire":"1 minut"},"schema":{"@context":"https:\/\/schema.org","@graph":[{"@type":"WebPage","@id":"https:\/\/showrooms.ggmgastro.com\/hotelex\/","url":"https:\/\/showrooms.ggmgastro.com\/hotelex\/","name":"GGM Gastro at HOTELEX - GGM Gastro Showrooms","isPartOf":{"@id":"https:\/\/showrooms.ggmgastro.com\/#website"},"primaryImageOfPage":{"@id":"https:\/\/showrooms.ggmgastro.com\/hotelex\/#primaryimage"},"image":{"@id":"https:\/\/showrooms.ggmgastro.com\/hotelex\/#primaryimage"},"thumbnailUrl":"https:\/\/showrooms.ggmgastro.com\/wp-content\/uploads\/Hotelex.jpg","datePublished":"2026-03-04T15:36:46+00:00","dateModified":"2026-03-04T15:38:30+00:00","description":"Visit GGM Gastro at EuroShop and discover professional catering and retail solutions, powerful equipment and expert advice.","breadcrumb":{"@id":"https:\/\/showrooms.ggmgastro.com\/hotelex\/#breadcrumb"},"inLanguage":"ro-RO","potentialAction":[{"@type":"ReadAction","target":["https:\/\/showrooms.ggmgastro.com\/hotelex\/"]}]},{"@type":"ImageObject","inLanguage":"ro-RO","@id":"https:\/\/showrooms.ggmgastro.com\/hotelex\/#primaryimage","url":"https:\/\/showrooms.ggmgastro.com\/wp-content\/uploads\/Hotelex.jpg","contentUrl":"https:\/\/showrooms.ggmgastro.com\/wp-content\/uploads\/Hotelex.jpg","width":1200,"height":1200},{"@type":"BreadcrumbList","@id":"https:\/\/showrooms.ggmgastro.com\/hotelex\/#breadcrumb","itemListElement":[{"@type":"ListItem","position":1,"name":"Startseite","item":"https:\/\/showrooms.ggmgastro.com\/"},{"@type":"ListItem","position":2,"name":"GGM Gastro at HOTELEX"}]},{"@type":"WebSite","@id":"https:\/\/showrooms.ggmgastro.com\/#website","url":"https:\/\/showrooms.ggmgastro.com\/","name":"GGM Gastro Showrooms","description":"","publisher":{"@id":"https:\/\/showrooms.ggmgastro.com\/#organization"},"potentialAction":[{"@type":"SearchAction","target":{"@type":"EntryPoint","urlTemplate":"https:\/\/showrooms.ggmgastro.com\/?s={search_term_string}"},"query-input":{"@type":"PropertyValueSpecification","valueRequired":true,"valueName":"search_term_string"}}],"inLanguage":"ro-RO"},{"@type":"Organization","@id":"https:\/\/showrooms.ggmgastro.com\/#organization","name":"GGM Gastro International GmbH","url":"https:\/\/showrooms.ggmgastro.com\/","logo":{"@type":"ImageObject","inLanguage":"ro-RO","@id":"https:\/\/showrooms.ggmgastro.com\/#\/schema\/logo\/image\/","url":"https:\/\/showrooms.ggmgastro.com\/wp-content\/uploads\/ggmgastro-logo-dark-seo.jpg","contentUrl":"https:\/\/showrooms.ggmgastro.com\/wp-content\/uploads\/ggmgastro-logo-dark-seo.jpg","width":696,"height":696,"caption":"GGM Gastro International GmbH"},"image":{"@id":"https:\/\/showrooms.ggmgastro.com\/#\/schema\/logo\/image\/"}}]}},"_links":{"self":[{"href":"https:\/\/showrooms.ggmgastro.com\/ro\/wp-json\/wp\/v2\/pages\/68192","targetHints":{"allow":["GET"]}}],"collection":[{"href":"https:\/\/showrooms.ggmgastro.com\/ro\/wp-json\/wp\/v2\/pages"}],"about":[{"href":"https:\/\/showrooms.ggmgastro.com\/ro\/wp-json\/wp\/v2\/types\/page"}],"author":[{"embeddable":true,"href":"https:\/\/showrooms.ggmgastro.com\/ro\/wp-json\/wp\/v2\/users\/7"}],"replies":[{"embeddable":true,"href":"https:\/\/showrooms.ggmgastro.com\/ro\/wp-json\/wp\/v2\/comments?post=68192"}],"version-history":[{"count":9,"href":"https:\/\/showrooms.ggmgastro.com\/ro\/wp-json\/wp\/v2\/pages\/68192\/revisions"}],"predecessor-version":[{"id":68256,"href":"https:\/\/showrooms.ggmgastro.com\/ro\/wp-json\/wp\/v2\/pages\/68192\/revisions\/68256"}],"wp:featuredmedia":[{"embeddable":true,"href":"https:\/\/showrooms.ggmgastro.com\/ro\/wp-json\/wp\/v2\/media\/67884"}],"wp:attachment":[{"href":"https:\/\/showrooms.ggmgastro.com\/ro\/wp-json\/wp\/v2\/media?parent=68192"}],"wp:term":[{"taxonomy":"showroom_land","embeddable":true,"href":"https:\/\/showrooms.ggmgastro.com\/ro\/wp-json\/wp\/v2\/showroom_land?post=68192"},{"taxonomy":"seitentyp","embeddable":true,"href":"https:\/\/showrooms.ggmgastro.com\/ro\/wp-json\/wp\/v2\/seitentyp?post=68192"}],"curies":[{"name":"wp","href":"https:\/\/api.w.org\/{rel}","templated":true}]}}