{"id":9490,"date":"2025-03-15T09:19:12","date_gmt":"2025-03-15T09:19:12","guid":{"rendered":"https:\/\/showrooms.ggmgastro.com\/?page_id=9490"},"modified":"2026-03-02T09:04:31","modified_gmt":"2026-03-02T07:04:31","slug":"austria-vienna","status":"publish","type":"page","link":"https:\/\/showrooms.ggmgastro.com\/ro\/austria-vienna\/","title":{"rendered":"GGM Gastro Wien | Austria"},"content":{"rendered":"<p>GGM Gastro este reprezentat\u0103 \u00een Austria de showroom-ul s\u0103u spa\u021bios din Viena, unde ve\u021bi g\u0103si o selec\u021bie variat\u0103 de peste 600 de aparate profesionale pentru catering, pentru a r\u0103spunde cerin\u021belor buc\u0103t\u0103riilor comerciale moderne. Echipa noastr\u0103 din magazin va fi bucuroas\u0103 s\u0103 v\u0103 ajute cu sfaturi personalizate de specialitate.<\/p>","protected":false},"excerpt":{"rendered":"<p>GGM Gastro este reprezentat\u0103 \u00een Austria de showroom-ul s\u0103u spa\u021bios din Viena, unde ve\u021bi g\u0103si o selec\u021bie variat\u0103 de peste 600 de aparate profesionale pentru catering, pentru a r\u0103spunde cerin\u021belor buc\u0103t\u0103riilor comerciale moderne. Echipa noastr\u0103 din magazin va fi bucuroas\u0103 s\u0103 v\u0103 ajute cu sfaturi personalizate de specialitate.<\/p>","protected":false},"author":1,"featured_media":63269,"parent":0,"menu_order":0,"comment_status":"closed","ping_status":"closed","template":"","meta":{"_acf_changed":false,"iawp_total_views":60328,"footnotes":""},"showroom_land":[44],"seitentyp":[87],"class_list":["post-9490","page","type-page","status-publish","has-post-thumbnail","hentry","showroom_land-oesterreich","seitentyp-showroom"],"acf":[],"yoast_head":"<!-- This site is optimized with the Yoast SEO plugin v26.9 - https:\/\/yoast.com\/product\/yoast-seo-wordpress\/ -->\n<title>GGM Gastro Vienna | Austria - GGM Gastro Showrooms<\/title>\n<meta name=\"robots\" content=\"index, follow, max-snippet:-1, max-image-preview:large, max-video-preview:-1\" \/>\n<link rel=\"canonical\" href=\"https:\/\/showrooms.ggmgastro.com\/ro\/austria-vienna\/\" \/>\n<meta property=\"og:locale\" content=\"ro_RO\" \/>\n<meta property=\"og:type\" content=\"article\" \/>\n<meta property=\"og:title\" content=\"GGM Gastro Vienna | Austria - GGM Gastro Showrooms\" \/>\n<meta property=\"og:description\" content=\"GGM Gastro is represented in Austria by its spacious Vienna showroom, where you&#8217;ll find a varied selection of over 600 professional catering &amp; food service appliances to suit the demands of modern commercial kitchens. Our team on the shop floor will be happy to assist you with personalised expert advice.\" \/>\n<meta property=\"og:url\" content=\"https:\/\/showrooms.ggmgastro.com\/ro\/austria-vienna\/\" \/>\n<meta property=\"og:site_name\" content=\"GGM Gastro Showrooms\" \/>\n<meta property=\"article:modified_time\" content=\"2026-03-02T07:04:31+00:00\" \/>\n<meta property=\"og:image\" content=\"https:\/\/showrooms.ggmgastro.com\/wp-content\/uploads\/Oesterreich_Wien.jpg\" \/>\n\t<meta property=\"og:image:width\" content=\"900\" \/>\n\t<meta property=\"og:image:height\" content=\"900\" \/>\n\t<meta property=\"og:image:type\" content=\"image\/jpeg\" \/>\n<meta name=\"twitter:card\" content=\"summary_large_image\" \/>\n<meta name=\"twitter:label1\" content=\"Timp estimat pentru citire\" \/>\n\t<meta name=\"twitter:data1\" content=\"1 minut\" \/>\n<script type=\"application\/ld+json\" class=\"yoast-schema-graph\">{\"@context\":\"https:\/\/schema.org\",\"@graph\":[{\"@type\":\"WebPage\",\"@id\":\"https:\/\/showrooms.ggmgastro.com\/austria-vienna\/\",\"url\":\"https:\/\/showrooms.ggmgastro.com\/de\/oestereich-wien\/\",\"name\":\"GGM Gastro Vienna | Austria - GGM Gastro Showrooms\",\"isPartOf\":{\"@id\":\"https:\/\/showrooms.ggmgastro.com\/#website\"},\"primaryImageOfPage\":{\"@id\":\"https:\/\/showrooms.ggmgastro.com\/de\/oestereich-wien\/#primaryimage\"},\"image\":{\"@id\":\"https:\/\/showrooms.ggmgastro.com\/de\/oestereich-wien\/#primaryimage\"},\"thumbnailUrl\":\"https:\/\/showrooms.ggmgastro.com\/wp-content\/uploads\/Oesterreich_Wien.jpg\",\"datePublished\":\"2025-03-15T09:19:12+00:00\",\"dateModified\":\"2026-03-02T07:04:31+00:00\",\"breadcrumb\":{\"@id\":\"https:\/\/showrooms.ggmgastro.com\/de\/oestereich-wien\/#breadcrumb\"},\"inLanguage\":\"ro-RO\",\"potentialAction\":[{\"@type\":\"ReadAction\",\"target\":[\"https:\/\/showrooms.ggmgastro.com\/de\/oestereich-wien\/\"]}]},{\"@type\":\"ImageObject\",\"inLanguage\":\"ro-RO\",\"@id\":\"https:\/\/showrooms.ggmgastro.com\/de\/oestereich-wien\/#primaryimage\",\"url\":\"https:\/\/showrooms.ggmgastro.com\/wp-content\/uploads\/Oesterreich_Wien.jpg\",\"contentUrl\":\"https:\/\/showrooms.ggmgastro.com\/wp-content\/uploads\/Oesterreich_Wien.jpg\",\"width\":900,\"height\":900},{\"@type\":\"BreadcrumbList\",\"@id\":\"https:\/\/showrooms.ggmgastro.com\/de\/oestereich-wien\/#breadcrumb\",\"itemListElement\":[{\"@type\":\"ListItem\",\"position\":1,\"name\":\"Startseite\",\"item\":\"https:\/\/showrooms.ggmgastro.com\/\"},{\"@type\":\"ListItem\",\"position\":2,\"name\":\"GGM Gastro Vienna | Austria\"}]},{\"@type\":\"WebSite\",\"@id\":\"https:\/\/showrooms.ggmgastro.com\/#website\",\"url\":\"https:\/\/showrooms.ggmgastro.com\/\",\"name\":\"GGM Gastro Showrooms\",\"description\":\"\",\"publisher\":{\"@id\":\"https:\/\/showrooms.ggmgastro.com\/#organization\"},\"potentialAction\":[{\"@type\":\"SearchAction\",\"target\":{\"@type\":\"EntryPoint\",\"urlTemplate\":\"https:\/\/showrooms.ggmgastro.com\/?s={search_term_string}\"},\"query-input\":{\"@type\":\"PropertyValueSpecification\",\"valueRequired\":true,\"valueName\":\"search_term_string\"}}],\"inLanguage\":\"ro-RO\"},{\"@type\":\"Organization\",\"@id\":\"https:\/\/showrooms.ggmgastro.com\/#organization\",\"name\":\"GGM Gastro International GmbH\",\"url\":\"https:\/\/showrooms.ggmgastro.com\/\",\"logo\":{\"@type\":\"ImageObject\",\"inLanguage\":\"ro-RO\",\"@id\":\"https:\/\/showrooms.ggmgastro.com\/#\/schema\/logo\/image\/\",\"url\":\"https:\/\/showrooms.ggmgastro.com\/wp-content\/uploads\/ggmgastro-logo-dark-seo.jpg\",\"contentUrl\":\"https:\/\/showrooms.ggmgastro.com\/wp-content\/uploads\/ggmgastro-logo-dark-seo.jpg\",\"width\":696,\"height\":696,\"caption\":\"GGM Gastro International GmbH\"},\"image\":{\"@id\":\"https:\/\/showrooms.ggmgastro.com\/#\/schema\/logo\/image\/\"}}]}<\/script>\n<!-- \/ Yoast SEO plugin. -->","yoast_head_json":{"title":"GGM Gastro Vienna | Austria - GGM Gastro Showrooms","robots":{"index":"index","follow":"follow","max-snippet":"max-snippet:-1","max-image-preview":"max-image-preview:large","max-video-preview":"max-video-preview:-1"},"canonical":"https:\/\/showrooms.ggmgastro.com\/ro\/austria-vienna\/","og_locale":"ro_RO","og_type":"article","og_title":"GGM Gastro Vienna | Austria - GGM Gastro Showrooms","og_description":"GGM Gastro is represented in Austria by its spacious Vienna showroom, where you&#8217;ll find a varied selection of over 600 professional catering &amp; food service appliances to suit the demands of modern commercial kitchens. Our team on the shop floor will be happy to assist you with personalised expert advice.","og_url":"https:\/\/showrooms.ggmgastro.com\/ro\/austria-vienna\/","og_site_name":"GGM Gastro Showrooms","article_modified_time":"2026-03-02T07:04:31+00:00","og_image":[{"width":900,"height":900,"url":"https:\/\/showrooms.ggmgastro.com\/wp-content\/uploads\/Oesterreich_Wien.jpg","type":"image\/jpeg"}],"twitter_card":"summary_large_image","twitter_misc":{"Timp estimat pentru citire":"1 minut"},"schema":{"@context":"https:\/\/schema.org","@graph":[{"@type":"WebPage","@id":"https:\/\/showrooms.ggmgastro.com\/austria-vienna\/","url":"https:\/\/showrooms.ggmgastro.com\/de\/oestereich-wien\/","name":"GGM Gastro Vienna | Austria - GGM Gastro Showrooms","isPartOf":{"@id":"https:\/\/showrooms.ggmgastro.com\/#website"},"primaryImageOfPage":{"@id":"https:\/\/showrooms.ggmgastro.com\/de\/oestereich-wien\/#primaryimage"},"image":{"@id":"https:\/\/showrooms.ggmgastro.com\/de\/oestereich-wien\/#primaryimage"},"thumbnailUrl":"https:\/\/showrooms.ggmgastro.com\/wp-content\/uploads\/Oesterreich_Wien.jpg","datePublished":"2025-03-15T09:19:12+00:00","dateModified":"2026-03-02T07:04:31+00:00","breadcrumb":{"@id":"https:\/\/showrooms.ggmgastro.com\/de\/oestereich-wien\/#breadcrumb"},"inLanguage":"ro-RO","potentialAction":[{"@type":"ReadAction","target":["https:\/\/showrooms.ggmgastro.com\/de\/oestereich-wien\/"]}]},{"@type":"ImageObject","inLanguage":"ro-RO","@id":"https:\/\/showrooms.ggmgastro.com\/de\/oestereich-wien\/#primaryimage","url":"https:\/\/showrooms.ggmgastro.com\/wp-content\/uploads\/Oesterreich_Wien.jpg","contentUrl":"https:\/\/showrooms.ggmgastro.com\/wp-content\/uploads\/Oesterreich_Wien.jpg","width":900,"height":900},{"@type":"BreadcrumbList","@id":"https:\/\/showrooms.ggmgastro.com\/de\/oestereich-wien\/#breadcrumb","itemListElement":[{"@type":"ListItem","position":1,"name":"Startseite","item":"https:\/\/showrooms.ggmgastro.com\/"},{"@type":"ListItem","position":2,"name":"GGM Gastro Vienna | Austria"}]},{"@type":"WebSite","@id":"https:\/\/showrooms.ggmgastro.com\/#website","url":"https:\/\/showrooms.ggmgastro.com\/","name":"GGM Gastro Showrooms","description":"","publisher":{"@id":"https:\/\/showrooms.ggmgastro.com\/#organization"},"potentialAction":[{"@type":"SearchAction","target":{"@type":"EntryPoint","urlTemplate":"https:\/\/showrooms.ggmgastro.com\/?s={search_term_string}"},"query-input":{"@type":"PropertyValueSpecification","valueRequired":true,"valueName":"search_term_string"}}],"inLanguage":"ro-RO"},{"@type":"Organization","@id":"https:\/\/showrooms.ggmgastro.com\/#organization","name":"GGM Gastro International GmbH","url":"https:\/\/showrooms.ggmgastro.com\/","logo":{"@type":"ImageObject","inLanguage":"ro-RO","@id":"https:\/\/showrooms.ggmgastro.com\/#\/schema\/logo\/image\/","url":"https:\/\/showrooms.ggmgastro.com\/wp-content\/uploads\/ggmgastro-logo-dark-seo.jpg","contentUrl":"https:\/\/showrooms.ggmgastro.com\/wp-content\/uploads\/ggmgastro-logo-dark-seo.jpg","width":696,"height":696,"caption":"GGM Gastro International GmbH"},"image":{"@id":"https:\/\/showrooms.ggmgastro.com\/#\/schema\/logo\/image\/"}}]}},"_links":{"self":[{"href":"https:\/\/showrooms.ggmgastro.com\/ro\/wp-json\/wp\/v2\/pages\/9490","targetHints":{"allow":["GET"]}}],"collection":[{"href":"https:\/\/showrooms.ggmgastro.com\/ro\/wp-json\/wp\/v2\/pages"}],"about":[{"href":"https:\/\/showrooms.ggmgastro.com\/ro\/wp-json\/wp\/v2\/types\/page"}],"author":[{"embeddable":true,"href":"https:\/\/showrooms.ggmgastro.com\/ro\/wp-json\/wp\/v2\/users\/1"}],"replies":[{"embeddable":true,"href":"https:\/\/showrooms.ggmgastro.com\/ro\/wp-json\/wp\/v2\/comments?post=9490"}],"version-history":[{"count":62,"href":"https:\/\/showrooms.ggmgastro.com\/ro\/wp-json\/wp\/v2\/pages\/9490\/revisions"}],"predecessor-version":[{"id":68166,"href":"https:\/\/showrooms.ggmgastro.com\/ro\/wp-json\/wp\/v2\/pages\/9490\/revisions\/68166"}],"wp:featuredmedia":[{"embeddable":true,"href":"https:\/\/showrooms.ggmgastro.com\/ro\/wp-json\/wp\/v2\/media\/63269"}],"wp:attachment":[{"href":"https:\/\/showrooms.ggmgastro.com\/ro\/wp-json\/wp\/v2\/media?parent=9490"}],"wp:term":[{"taxonomy":"showroom_land","embeddable":true,"href":"https:\/\/showrooms.ggmgastro.com\/ro\/wp-json\/wp\/v2\/showroom_land?post=9490"},{"taxonomy":"seitentyp","embeddable":true,"href":"https:\/\/showrooms.ggmgastro.com\/ro\/wp-json\/wp\/v2\/seitentyp?post=9490"}],"curies":[{"name":"wp","href":"https:\/\/api.w.org\/{rel}","templated":true}]}}