{"id":10270,"date":"2025-04-22T06:38:22","date_gmt":"2025-04-22T06:38:22","guid":{"rendered":"https:\/\/showrooms.ggmgastro.com\/?page_id=10270"},"modified":"2026-03-25T08:56:41","modified_gmt":"2026-03-25T06:56:41","slug":"sverige-goteborg","status":"publish","type":"page","link":"https:\/\/showrooms.ggmgastro.com\/se\/sweden-gothenburg\/","title":{"rendered":"GGM Gastro G\u00f6teborg | Sverige"},"content":{"rendered":"<p><strong>Snart: Ny showroom i G\u00f6teborg<\/strong><\/p>\n<p><span>Vi \u00e4r glada att kunna meddela att v\u00e5r nya showroom f\u00f6r h\u00f6gkvalitativ catering- och restaurangutrustning snart \u00f6ppnar sina d\u00f6rrar i G\u00f6teborg.<\/span><\/p>\n<p><span>We will soon be presenting a diverse selection of professional products at our new location \u2013 from modern kitchen technology and caf\u00e9 and restaurant equipment to practical solutions for everyday catering operations. Everything under one roof and in the usual GGM quality.<\/span><br aria-hidden=\"true\" \/><span>V\u00e5r showroom i G\u00f6teborg st\u00e5r f\u00f6r kvalitet, urval och expertr\u00e5dgivning, vilket g\u00f6r den till den perfekta platsen f\u00f6r att uppt\u00e4cka skr\u00e4ddarsydda l\u00f6sningar f\u00f6r alla cateringprojekt.<\/span><\/p>\n<p><span>We will keep you up to date with further information about the opening in the coming days and weeks.<\/span><br aria-hidden=\"true\" \/><span>Vi ser fram emot att snart v\u00e4lkomna dig till v\u00e5r nya showroom i G\u00f6teborg.<\/span><\/p>","protected":false},"excerpt":{"rendered":"<p>Coming Soon: New Showroom in Gothenburg We are pleased to announce that our new showroom for high-quality catering and restaurant equipment will soon be opening its doors in Gothenburg. We will soon be presenting a diverse selection of professional products at our new location \u2013 from modern kitchen technology and caf\u00e9 and restaurant equipment to&#8230;<\/p>","protected":false},"author":3,"featured_media":67765,"parent":0,"menu_order":0,"comment_status":"closed","ping_status":"closed","template":"","meta":{"_acf_changed":false,"iawp_total_views":6298,"footnotes":""},"showroom_land":[50],"seitentyp":[87],"class_list":["post-10270","page","type-page","status-publish","has-post-thumbnail","hentry","showroom_land-schweden","seitentyp-showroom"],"acf":[],"yoast_head":"<!-- This site is optimized with the Yoast SEO plugin v26.9 - https:\/\/yoast.com\/product\/yoast-seo-wordpress\/ -->\n<title>GGM Gastro Gothenburg | Sweden - GGM Gastro Showrooms<\/title>\n<meta name=\"robots\" content=\"index, follow, max-snippet:-1, max-image-preview:large, max-video-preview:-1\" \/>\n<link rel=\"canonical\" href=\"https:\/\/showrooms.ggmgastro.com\/se\/sverige-goteborg\/\" \/>\n<meta property=\"og:locale\" content=\"sv_SE\" \/>\n<meta property=\"og:type\" content=\"article\" \/>\n<meta property=\"og:title\" content=\"GGM Gastro Gothenburg | Sweden - GGM Gastro Showrooms\" \/>\n<meta property=\"og:description\" content=\"Coming Soon: New Showroom in Gothenburg We are pleased to announce that our new showroom for high-quality catering and restaurant equipment will soon be opening its doors in Gothenburg. We will soon be presenting a diverse selection of professional products at our new location \u2013 from modern kitchen technology and caf\u00e9 and restaurant equipment to...\" \/>\n<meta property=\"og:url\" content=\"https:\/\/showrooms.ggmgastro.com\/se\/sverige-goteborg\/\" \/>\n<meta property=\"og:site_name\" content=\"GGM Gastro Showrooms\" \/>\n<meta property=\"article:modified_time\" content=\"2026-03-25T06:56:41+00:00\" \/>\n<meta property=\"og:image\" content=\"https:\/\/showrooms.ggmgastro.com\/wp-content\/uploads\/Goteborg_v1_-scaled-e1770903027667.jpeg\" \/>\n\t<meta property=\"og:image:width\" content=\"1340\" \/>\n\t<meta property=\"og:image:height\" content=\"1340\" \/>\n\t<meta property=\"og:image:type\" content=\"image\/jpeg\" \/>\n<meta name=\"twitter:card\" content=\"summary_large_image\" \/>\n<meta name=\"twitter:label1\" content=\"Ber\u00e4knad l\u00e4stid\" \/>\n\t<meta name=\"twitter:data1\" content=\"1 minut\" \/>\n<script type=\"application\/ld+json\" class=\"yoast-schema-graph\">{\"@context\":\"https:\/\/schema.org\",\"@graph\":[{\"@type\":\"WebPage\",\"@id\":\"https:\/\/showrooms.ggmgastro.com\/sweden-gothenburg\/\",\"url\":\"https:\/\/showrooms.ggmgastro.com\/sweden-gothenburg\/\",\"name\":\"GGM Gastro Gothenburg | Sweden - GGM Gastro Showrooms\",\"isPartOf\":{\"@id\":\"https:\/\/showrooms.ggmgastro.com\/#website\"},\"primaryImageOfPage\":{\"@id\":\"https:\/\/showrooms.ggmgastro.com\/sweden-gothenburg\/#primaryimage\"},\"image\":{\"@id\":\"https:\/\/showrooms.ggmgastro.com\/sweden-gothenburg\/#primaryimage\"},\"thumbnailUrl\":\"https:\/\/showrooms.ggmgastro.com\/wp-content\/uploads\/Goteborg_v1_-scaled-e1770903027667.jpeg\",\"datePublished\":\"2025-04-22T06:38:22+00:00\",\"dateModified\":\"2026-03-25T06:56:41+00:00\",\"breadcrumb\":{\"@id\":\"https:\/\/showrooms.ggmgastro.com\/sweden-gothenburg\/#breadcrumb\"},\"inLanguage\":\"sv-SE\",\"potentialAction\":[{\"@type\":\"ReadAction\",\"target\":[\"https:\/\/showrooms.ggmgastro.com\/sweden-gothenburg\/\"]}]},{\"@type\":\"ImageObject\",\"inLanguage\":\"sv-SE\",\"@id\":\"https:\/\/showrooms.ggmgastro.com\/sweden-gothenburg\/#primaryimage\",\"url\":\"https:\/\/showrooms.ggmgastro.com\/wp-content\/uploads\/Goteborg_v1_-scaled-e1770903027667.jpeg\",\"contentUrl\":\"https:\/\/showrooms.ggmgastro.com\/wp-content\/uploads\/Goteborg_v1_-scaled-e1770903027667.jpeg\",\"width\":1340,\"height\":1340},{\"@type\":\"BreadcrumbList\",\"@id\":\"https:\/\/showrooms.ggmgastro.com\/sweden-gothenburg\/#breadcrumb\",\"itemListElement\":[{\"@type\":\"ListItem\",\"position\":1,\"name\":\"Startseite\",\"item\":\"https:\/\/showrooms.ggmgastro.com\/\"},{\"@type\":\"ListItem\",\"position\":2,\"name\":\"GGM Gastro Gothenburg | Sweden\"}]},{\"@type\":\"WebSite\",\"@id\":\"https:\/\/showrooms.ggmgastro.com\/#website\",\"url\":\"https:\/\/showrooms.ggmgastro.com\/\",\"name\":\"GGM Gastro Showrooms\",\"description\":\"\",\"publisher\":{\"@id\":\"https:\/\/showrooms.ggmgastro.com\/#organization\"},\"potentialAction\":[{\"@type\":\"SearchAction\",\"target\":{\"@type\":\"EntryPoint\",\"urlTemplate\":\"https:\/\/showrooms.ggmgastro.com\/?s={search_term_string}\"},\"query-input\":{\"@type\":\"PropertyValueSpecification\",\"valueRequired\":true,\"valueName\":\"search_term_string\"}}],\"inLanguage\":\"sv-SE\"},{\"@type\":\"Organization\",\"@id\":\"https:\/\/showrooms.ggmgastro.com\/#organization\",\"name\":\"GGM Gastro International GmbH\",\"url\":\"https:\/\/showrooms.ggmgastro.com\/\",\"logo\":{\"@type\":\"ImageObject\",\"inLanguage\":\"sv-SE\",\"@id\":\"https:\/\/showrooms.ggmgastro.com\/#\/schema\/logo\/image\/\",\"url\":\"https:\/\/showrooms.ggmgastro.com\/wp-content\/uploads\/ggmgastro-logo-dark-seo.jpg\",\"contentUrl\":\"https:\/\/showrooms.ggmgastro.com\/wp-content\/uploads\/ggmgastro-logo-dark-seo.jpg\",\"width\":696,\"height\":696,\"caption\":\"GGM Gastro International GmbH\"},\"image\":{\"@id\":\"https:\/\/showrooms.ggmgastro.com\/#\/schema\/logo\/image\/\"}}]}<\/script>\n<!-- \/ Yoast SEO plugin. -->","yoast_head_json":{"title":"GGM Gastro Gothenburg | Sweden - GGM Gastro Showrooms","robots":{"index":"index","follow":"follow","max-snippet":"max-snippet:-1","max-image-preview":"max-image-preview:large","max-video-preview":"max-video-preview:-1"},"canonical":"https:\/\/showrooms.ggmgastro.com\/se\/sverige-goteborg\/","og_locale":"sv_SE","og_type":"article","og_title":"GGM Gastro Gothenburg | Sweden - GGM Gastro Showrooms","og_description":"Coming Soon: New Showroom in Gothenburg We are pleased to announce that our new showroom for high-quality catering and restaurant equipment will soon be opening its doors in Gothenburg. We will soon be presenting a diverse selection of professional products at our new location \u2013 from modern kitchen technology and caf\u00e9 and restaurant equipment to...","og_url":"https:\/\/showrooms.ggmgastro.com\/se\/sverige-goteborg\/","og_site_name":"GGM Gastro Showrooms","article_modified_time":"2026-03-25T06:56:41+00:00","og_image":[{"width":1340,"height":1340,"url":"https:\/\/showrooms.ggmgastro.com\/wp-content\/uploads\/Goteborg_v1_-scaled-e1770903027667.jpeg","type":"image\/jpeg"}],"twitter_card":"summary_large_image","twitter_misc":{"Ber\u00e4knad l\u00e4stid":"1 minut"},"schema":{"@context":"https:\/\/schema.org","@graph":[{"@type":"WebPage","@id":"https:\/\/showrooms.ggmgastro.com\/sweden-gothenburg\/","url":"https:\/\/showrooms.ggmgastro.com\/sweden-gothenburg\/","name":"GGM Gastro Gothenburg | Sweden - GGM Gastro Showrooms","isPartOf":{"@id":"https:\/\/showrooms.ggmgastro.com\/#website"},"primaryImageOfPage":{"@id":"https:\/\/showrooms.ggmgastro.com\/sweden-gothenburg\/#primaryimage"},"image":{"@id":"https:\/\/showrooms.ggmgastro.com\/sweden-gothenburg\/#primaryimage"},"thumbnailUrl":"https:\/\/showrooms.ggmgastro.com\/wp-content\/uploads\/Goteborg_v1_-scaled-e1770903027667.jpeg","datePublished":"2025-04-22T06:38:22+00:00","dateModified":"2026-03-25T06:56:41+00:00","breadcrumb":{"@id":"https:\/\/showrooms.ggmgastro.com\/sweden-gothenburg\/#breadcrumb"},"inLanguage":"sv-SE","potentialAction":[{"@type":"ReadAction","target":["https:\/\/showrooms.ggmgastro.com\/sweden-gothenburg\/"]}]},{"@type":"ImageObject","inLanguage":"sv-SE","@id":"https:\/\/showrooms.ggmgastro.com\/sweden-gothenburg\/#primaryimage","url":"https:\/\/showrooms.ggmgastro.com\/wp-content\/uploads\/Goteborg_v1_-scaled-e1770903027667.jpeg","contentUrl":"https:\/\/showrooms.ggmgastro.com\/wp-content\/uploads\/Goteborg_v1_-scaled-e1770903027667.jpeg","width":1340,"height":1340},{"@type":"BreadcrumbList","@id":"https:\/\/showrooms.ggmgastro.com\/sweden-gothenburg\/#breadcrumb","itemListElement":[{"@type":"ListItem","position":1,"name":"Startseite","item":"https:\/\/showrooms.ggmgastro.com\/"},{"@type":"ListItem","position":2,"name":"GGM Gastro Gothenburg | Sweden"}]},{"@type":"WebSite","@id":"https:\/\/showrooms.ggmgastro.com\/#website","url":"https:\/\/showrooms.ggmgastro.com\/","name":"GGM Gastro Showrooms","description":"","publisher":{"@id":"https:\/\/showrooms.ggmgastro.com\/#organization"},"potentialAction":[{"@type":"SearchAction","target":{"@type":"EntryPoint","urlTemplate":"https:\/\/showrooms.ggmgastro.com\/?s={search_term_string}"},"query-input":{"@type":"PropertyValueSpecification","valueRequired":true,"valueName":"search_term_string"}}],"inLanguage":"sv-SE"},{"@type":"Organization","@id":"https:\/\/showrooms.ggmgastro.com\/#organization","name":"GGM Gastro International GmbH","url":"https:\/\/showrooms.ggmgastro.com\/","logo":{"@type":"ImageObject","inLanguage":"sv-SE","@id":"https:\/\/showrooms.ggmgastro.com\/#\/schema\/logo\/image\/","url":"https:\/\/showrooms.ggmgastro.com\/wp-content\/uploads\/ggmgastro-logo-dark-seo.jpg","contentUrl":"https:\/\/showrooms.ggmgastro.com\/wp-content\/uploads\/ggmgastro-logo-dark-seo.jpg","width":696,"height":696,"caption":"GGM Gastro International GmbH"},"image":{"@id":"https:\/\/showrooms.ggmgastro.com\/#\/schema\/logo\/image\/"}}]}},"_links":{"self":[{"href":"https:\/\/showrooms.ggmgastro.com\/se\/wp-json\/wp\/v2\/pages\/10270","targetHints":{"allow":["GET"]}}],"collection":[{"href":"https:\/\/showrooms.ggmgastro.com\/se\/wp-json\/wp\/v2\/pages"}],"about":[{"href":"https:\/\/showrooms.ggmgastro.com\/se\/wp-json\/wp\/v2\/types\/page"}],"author":[{"embeddable":true,"href":"https:\/\/showrooms.ggmgastro.com\/se\/wp-json\/wp\/v2\/users\/3"}],"replies":[{"embeddable":true,"href":"https:\/\/showrooms.ggmgastro.com\/se\/wp-json\/wp\/v2\/comments?post=10270"}],"version-history":[{"count":59,"href":"https:\/\/showrooms.ggmgastro.com\/se\/wp-json\/wp\/v2\/pages\/10270\/revisions"}],"predecessor-version":[{"id":68691,"href":"https:\/\/showrooms.ggmgastro.com\/se\/wp-json\/wp\/v2\/pages\/10270\/revisions\/68691"}],"wp:featuredmedia":[{"embeddable":true,"href":"https:\/\/showrooms.ggmgastro.com\/se\/wp-json\/wp\/v2\/media\/67765"}],"wp:attachment":[{"href":"https:\/\/showrooms.ggmgastro.com\/se\/wp-json\/wp\/v2\/media?parent=10270"}],"wp:term":[{"taxonomy":"showroom_land","embeddable":true,"href":"https:\/\/showrooms.ggmgastro.com\/se\/wp-json\/wp\/v2\/showroom_land?post=10270"},{"taxonomy":"seitentyp","embeddable":true,"href":"https:\/\/showrooms.ggmgastro.com\/se\/wp-json\/wp\/v2\/seitentyp?post=10270"}],"curies":[{"name":"wp","href":"https:\/\/api.w.org\/{rel}","templated":true}]}}