{"id":9284,"date":"2025-03-04T16:35:53","date_gmt":"2025-03-04T16:35:53","guid":{"rendered":"https:\/\/showrooms.ggmgastro.com\/?page_id=9284"},"modified":"2026-02-09T09:13:54","modified_gmt":"2026-02-09T07:13:54","slug":"germany-munich","status":"publish","type":"page","link":"https:\/\/showrooms.ggmgastro.com\/se\/germany-munich\/","title":{"rendered":"GGM Gastro M\u00fcnchen"},"content":{"rendered":"<p>I v\u00e5rt showroom i M\u00fcnchen-F\u00fcrstenfeldbruck hittar du \u00f6ver 500 h\u00f6gkvalitativa gastronomimaskiner p\u00e5 gener\u00f6s yta.\nShowroomet \u00e4r l\u00e4ttillg\u00e4ngligt med goda parkeringsm\u00f6jligheter.\nV\u00e5rt kunniga team ger dig personlig r\u00e5dgivning f\u00f6r att du ska hitta den perfekta l\u00f6sningen f\u00f6r din restaurangverksamhet.<\/p>","protected":false},"excerpt":{"rendered":"<p>I v\u00e5rt showroom i M\u00fcnchen-F\u00fcrstenfeldbruck hittar du \u00f6ver 500 h\u00f6gkvalitativa gastronomimaskiner p\u00e5 gener\u00f6s yta.\nShowroomet \u00e4r l\u00e4ttillg\u00e4ngligt med goda parkeringsm\u00f6jligheter.\nV\u00e5rt kunniga team ger dig personlig r\u00e5dgivning f\u00f6r att du ska hitta den perfekta l\u00f6sningen f\u00f6r din restaurangverksamhet.<\/p>","protected":false},"author":1,"featured_media":9728,"parent":0,"menu_order":2,"comment_status":"closed","ping_status":"closed","template":"","meta":{"_acf_changed":false,"iawp_total_views":62110,"footnotes":""},"showroom_land":[43],"seitentyp":[87],"class_list":["post-9284","page","type-page","status-publish","has-post-thumbnail","hentry","showroom_land-deutschland","seitentyp-showroom"],"acf":[],"yoast_head":"<!-- This site is optimized with the Yoast SEO plugin v26.9 - https:\/\/yoast.com\/product\/yoast-seo-wordpress\/ -->\n<title>GGM Gastro Munich - GGM Gastro Showrooms<\/title>\n<meta name=\"robots\" content=\"index, follow, max-snippet:-1, max-image-preview:large, max-video-preview:-1\" \/>\n<link rel=\"canonical\" href=\"https:\/\/showrooms.ggmgastro.com\/se\/germany-munich\/\" \/>\n<meta property=\"og:locale\" content=\"sv_SE\" \/>\n<meta property=\"og:type\" content=\"article\" \/>\n<meta property=\"og:title\" content=\"GGM Gastro Munich - GGM Gastro Showrooms\" \/>\n<meta property=\"og:description\" content=\"GGM Gastro&#8217;s showroom in Munich-F\u00fcrstenfeldbruck showcases over 500 high-quality items of catering &amp; food service equipment over a generous display space. The showroom is easily accessible and offers parking. Our knowledgeable sales advisors provide personalised advice on the right solution for your hospitality concept.\" \/>\n<meta property=\"og:url\" content=\"https:\/\/showrooms.ggmgastro.com\/se\/germany-munich\/\" \/>\n<meta property=\"og:site_name\" content=\"GGM Gastro Showrooms\" \/>\n<meta property=\"article:modified_time\" content=\"2026-02-09T07:13:54+00:00\" \/>\n<meta property=\"og:image\" content=\"https:\/\/showrooms.ggmgastro.com\/wp-content\/uploads\/Deutschland_Muenchen.webp\" \/>\n\t<meta property=\"og:image:width\" content=\"900\" \/>\n\t<meta property=\"og:image:height\" content=\"900\" \/>\n\t<meta property=\"og:image:type\" content=\"image\/webp\" \/>\n<meta name=\"twitter:card\" content=\"summary_large_image\" \/>\n<meta name=\"twitter:label1\" content=\"Ber\u00e4knad l\u00e4stid\" \/>\n\t<meta name=\"twitter:data1\" content=\"1 minut\" \/>\n<script type=\"application\/ld+json\" class=\"yoast-schema-graph\">{\"@context\":\"https:\/\/schema.org\",\"@graph\":[{\"@type\":\"WebPage\",\"@id\":\"https:\/\/showrooms.ggmgastro.com\/germany-munich\/\",\"url\":\"https:\/\/showrooms.ggmgastro.com\/germany-munich\/\",\"name\":\"GGM Gastro Munich - GGM Gastro Showrooms\",\"isPartOf\":{\"@id\":\"https:\/\/showrooms.ggmgastro.com\/#website\"},\"primaryImageOfPage\":{\"@id\":\"https:\/\/showrooms.ggmgastro.com\/germany-munich\/#primaryimage\"},\"image\":{\"@id\":\"https:\/\/showrooms.ggmgastro.com\/germany-munich\/#primaryimage\"},\"thumbnailUrl\":\"https:\/\/showrooms.ggmgastro.com\/wp-content\/uploads\/Deutschland_Muenchen.webp\",\"datePublished\":\"2025-03-04T16:35:53+00:00\",\"dateModified\":\"2026-02-09T07:13:54+00:00\",\"breadcrumb\":{\"@id\":\"https:\/\/showrooms.ggmgastro.com\/germany-munich\/#breadcrumb\"},\"inLanguage\":\"sv-SE\",\"potentialAction\":[{\"@type\":\"ReadAction\",\"target\":[\"https:\/\/showrooms.ggmgastro.com\/germany-munich\/\"]}]},{\"@type\":\"ImageObject\",\"inLanguage\":\"sv-SE\",\"@id\":\"https:\/\/showrooms.ggmgastro.com\/germany-munich\/#primaryimage\",\"url\":\"https:\/\/showrooms.ggmgastro.com\/wp-content\/uploads\/Deutschland_Muenchen.webp\",\"contentUrl\":\"https:\/\/showrooms.ggmgastro.com\/wp-content\/uploads\/Deutschland_Muenchen.webp\",\"width\":900,\"height\":900},{\"@type\":\"BreadcrumbList\",\"@id\":\"https:\/\/showrooms.ggmgastro.com\/germany-munich\/#breadcrumb\",\"itemListElement\":[{\"@type\":\"ListItem\",\"position\":1,\"name\":\"Startseite\",\"item\":\"https:\/\/showrooms.ggmgastro.com\/\"},{\"@type\":\"ListItem\",\"position\":2,\"name\":\"GGM Gastro Munich\"}]},{\"@type\":\"WebSite\",\"@id\":\"https:\/\/showrooms.ggmgastro.com\/#website\",\"url\":\"https:\/\/showrooms.ggmgastro.com\/\",\"name\":\"GGM Gastro Showrooms\",\"description\":\"\",\"publisher\":{\"@id\":\"https:\/\/showrooms.ggmgastro.com\/#organization\"},\"potentialAction\":[{\"@type\":\"SearchAction\",\"target\":{\"@type\":\"EntryPoint\",\"urlTemplate\":\"https:\/\/showrooms.ggmgastro.com\/?s={search_term_string}\"},\"query-input\":{\"@type\":\"PropertyValueSpecification\",\"valueRequired\":true,\"valueName\":\"search_term_string\"}}],\"inLanguage\":\"sv-SE\"},{\"@type\":\"Organization\",\"@id\":\"https:\/\/showrooms.ggmgastro.com\/#organization\",\"name\":\"GGM Gastro International GmbH\",\"url\":\"https:\/\/showrooms.ggmgastro.com\/\",\"logo\":{\"@type\":\"ImageObject\",\"inLanguage\":\"sv-SE\",\"@id\":\"https:\/\/showrooms.ggmgastro.com\/#\/schema\/logo\/image\/\",\"url\":\"https:\/\/showrooms.ggmgastro.com\/wp-content\/uploads\/ggmgastro-logo-dark-seo.jpg\",\"contentUrl\":\"https:\/\/showrooms.ggmgastro.com\/wp-content\/uploads\/ggmgastro-logo-dark-seo.jpg\",\"width\":696,\"height\":696,\"caption\":\"GGM Gastro International GmbH\"},\"image\":{\"@id\":\"https:\/\/showrooms.ggmgastro.com\/#\/schema\/logo\/image\/\"}}]}<\/script>\n<!-- \/ Yoast SEO plugin. -->","yoast_head_json":{"title":"GGM Gastro Munich - GGM Gastro Showrooms","robots":{"index":"index","follow":"follow","max-snippet":"max-snippet:-1","max-image-preview":"max-image-preview:large","max-video-preview":"max-video-preview:-1"},"canonical":"https:\/\/showrooms.ggmgastro.com\/se\/germany-munich\/","og_locale":"sv_SE","og_type":"article","og_title":"GGM Gastro Munich - GGM Gastro Showrooms","og_description":"GGM Gastro&#8217;s showroom in Munich-F\u00fcrstenfeldbruck showcases over 500 high-quality items of catering &amp; food service equipment over a generous display space. The showroom is easily accessible and offers parking. Our knowledgeable sales advisors provide personalised advice on the right solution for your hospitality concept.","og_url":"https:\/\/showrooms.ggmgastro.com\/se\/germany-munich\/","og_site_name":"GGM Gastro Showrooms","article_modified_time":"2026-02-09T07:13:54+00:00","og_image":[{"width":900,"height":900,"url":"https:\/\/showrooms.ggmgastro.com\/wp-content\/uploads\/Deutschland_Muenchen.webp","type":"image\/webp"}],"twitter_card":"summary_large_image","twitter_misc":{"Ber\u00e4knad l\u00e4stid":"1 minut"},"schema":{"@context":"https:\/\/schema.org","@graph":[{"@type":"WebPage","@id":"https:\/\/showrooms.ggmgastro.com\/germany-munich\/","url":"https:\/\/showrooms.ggmgastro.com\/germany-munich\/","name":"GGM Gastro Munich - GGM Gastro Showrooms","isPartOf":{"@id":"https:\/\/showrooms.ggmgastro.com\/#website"},"primaryImageOfPage":{"@id":"https:\/\/showrooms.ggmgastro.com\/germany-munich\/#primaryimage"},"image":{"@id":"https:\/\/showrooms.ggmgastro.com\/germany-munich\/#primaryimage"},"thumbnailUrl":"https:\/\/showrooms.ggmgastro.com\/wp-content\/uploads\/Deutschland_Muenchen.webp","datePublished":"2025-03-04T16:35:53+00:00","dateModified":"2026-02-09T07:13:54+00:00","breadcrumb":{"@id":"https:\/\/showrooms.ggmgastro.com\/germany-munich\/#breadcrumb"},"inLanguage":"sv-SE","potentialAction":[{"@type":"ReadAction","target":["https:\/\/showrooms.ggmgastro.com\/germany-munich\/"]}]},{"@type":"ImageObject","inLanguage":"sv-SE","@id":"https:\/\/showrooms.ggmgastro.com\/germany-munich\/#primaryimage","url":"https:\/\/showrooms.ggmgastro.com\/wp-content\/uploads\/Deutschland_Muenchen.webp","contentUrl":"https:\/\/showrooms.ggmgastro.com\/wp-content\/uploads\/Deutschland_Muenchen.webp","width":900,"height":900},{"@type":"BreadcrumbList","@id":"https:\/\/showrooms.ggmgastro.com\/germany-munich\/#breadcrumb","itemListElement":[{"@type":"ListItem","position":1,"name":"Startseite","item":"https:\/\/showrooms.ggmgastro.com\/"},{"@type":"ListItem","position":2,"name":"GGM Gastro Munich"}]},{"@type":"WebSite","@id":"https:\/\/showrooms.ggmgastro.com\/#website","url":"https:\/\/showrooms.ggmgastro.com\/","name":"GGM Gastro Showrooms","description":"","publisher":{"@id":"https:\/\/showrooms.ggmgastro.com\/#organization"},"potentialAction":[{"@type":"SearchAction","target":{"@type":"EntryPoint","urlTemplate":"https:\/\/showrooms.ggmgastro.com\/?s={search_term_string}"},"query-input":{"@type":"PropertyValueSpecification","valueRequired":true,"valueName":"search_term_string"}}],"inLanguage":"sv-SE"},{"@type":"Organization","@id":"https:\/\/showrooms.ggmgastro.com\/#organization","name":"GGM Gastro International GmbH","url":"https:\/\/showrooms.ggmgastro.com\/","logo":{"@type":"ImageObject","inLanguage":"sv-SE","@id":"https:\/\/showrooms.ggmgastro.com\/#\/schema\/logo\/image\/","url":"https:\/\/showrooms.ggmgastro.com\/wp-content\/uploads\/ggmgastro-logo-dark-seo.jpg","contentUrl":"https:\/\/showrooms.ggmgastro.com\/wp-content\/uploads\/ggmgastro-logo-dark-seo.jpg","width":696,"height":696,"caption":"GGM Gastro International GmbH"},"image":{"@id":"https:\/\/showrooms.ggmgastro.com\/#\/schema\/logo\/image\/"}}]}},"_links":{"self":[{"href":"https:\/\/showrooms.ggmgastro.com\/se\/wp-json\/wp\/v2\/pages\/9284","targetHints":{"allow":["GET"]}}],"collection":[{"href":"https:\/\/showrooms.ggmgastro.com\/se\/wp-json\/wp\/v2\/pages"}],"about":[{"href":"https:\/\/showrooms.ggmgastro.com\/se\/wp-json\/wp\/v2\/types\/page"}],"author":[{"embeddable":true,"href":"https:\/\/showrooms.ggmgastro.com\/se\/wp-json\/wp\/v2\/users\/1"}],"replies":[{"embeddable":true,"href":"https:\/\/showrooms.ggmgastro.com\/se\/wp-json\/wp\/v2\/comments?post=9284"}],"version-history":[{"count":53,"href":"https:\/\/showrooms.ggmgastro.com\/se\/wp-json\/wp\/v2\/pages\/9284\/revisions"}],"predecessor-version":[{"id":67607,"href":"https:\/\/showrooms.ggmgastro.com\/se\/wp-json\/wp\/v2\/pages\/9284\/revisions\/67607"}],"wp:featuredmedia":[{"embeddable":true,"href":"https:\/\/showrooms.ggmgastro.com\/se\/wp-json\/wp\/v2\/media\/9728"}],"wp:attachment":[{"href":"https:\/\/showrooms.ggmgastro.com\/se\/wp-json\/wp\/v2\/media?parent=9284"}],"wp:term":[{"taxonomy":"showroom_land","embeddable":true,"href":"https:\/\/showrooms.ggmgastro.com\/se\/wp-json\/wp\/v2\/showroom_land?post=9284"},{"taxonomy":"seitentyp","embeddable":true,"href":"https:\/\/showrooms.ggmgastro.com\/se\/wp-json\/wp\/v2\/seitentyp?post=9284"}],"curies":[{"name":"wp","href":"https:\/\/api.w.org\/{rel}","templated":true}]}}