{"id":9395,"date":"2025-03-09T14:46:26","date_gmt":"2025-03-09T14:46:26","guid":{"rendered":"https:\/\/showrooms.ggmgastro.com\/?page_id=9395"},"modified":"2026-02-09T09:15:44","modified_gmt":"2026-02-09T07:15:44","slug":"germany-frankfurt","status":"publish","type":"page","link":"https:\/\/showrooms.ggmgastro.com\/se\/germany-frankfurt\/","title":{"rendered":"GGM Gastro Frankfurt"},"content":{"rendered":"<p>V\u00e4lkommen till GGM Gastros showroom i Frankfurt! Vi erbjuder ett m\u00e5ngsidigt sortiment av h\u00f6gkvalitativa gastronomimaskiner \u2013 fr\u00e5n pizzaugnar och kylsystem till kebabgrillar. Platsen \u00e4r l\u00e4ttillg\u00e4nglig och v\u00e5ra experter hj\u00e4lper dig g\u00e4rna att hitta den optimala utrustningen f\u00f6r ditt stork\u00f6k.<\/p>","protected":false},"excerpt":{"rendered":"<p>V\u00e4lkommen till GGM Gastros showroom i Frankfurt! Vi erbjuder ett m\u00e5ngsidigt sortiment av h\u00f6gkvalitativa gastronomimaskiner \u2013 fr\u00e5n pizzaugnar och kylsystem till kebabgrillar. Platsen \u00e4r l\u00e4ttillg\u00e4nglig och v\u00e5ra experter hj\u00e4lper dig g\u00e4rna att hitta den optimala utrustningen f\u00f6r ditt stork\u00f6k.<\/p>","protected":false},"author":1,"featured_media":9727,"parent":0,"menu_order":4,"comment_status":"closed","ping_status":"closed","template":"","meta":{"_acf_changed":false,"iawp_total_views":50030,"footnotes":""},"showroom_land":[43],"seitentyp":[87],"class_list":["post-9395","page","type-page","status-publish","has-post-thumbnail","hentry","showroom_land-deutschland","seitentyp-showroom"],"acf":[],"yoast_head":"<!-- This site is optimized with the Yoast SEO plugin v26.9 - https:\/\/yoast.com\/product\/yoast-seo-wordpress\/ -->\n<title>GGM Gastro Frankfurt - GGM Gastro Showrooms<\/title>\n<meta name=\"robots\" content=\"index, follow, max-snippet:-1, max-image-preview:large, max-video-preview:-1\" \/>\n<link rel=\"canonical\" href=\"https:\/\/showrooms.ggmgastro.com\/se\/germany-frankfurt\/\" \/>\n<meta property=\"og:locale\" content=\"sv_SE\" \/>\n<meta property=\"og:type\" content=\"article\" \/>\n<meta property=\"og:title\" content=\"GGM Gastro Frankfurt - GGM Gastro Showrooms\" \/>\n<meta property=\"og:description\" content=\"Welcome to the GGM Gastro showroom in Frankfurt. Conveniently located and easily accessible, it showcases a diverse range of high-quality catering &amp; food service equipment, from pizza ovens and refrigeration units to kebab grills. Our sales advisors on the shop floor provide personalised advice on the best setup for your professional kitchen.\" \/>\n<meta property=\"og:url\" content=\"https:\/\/showrooms.ggmgastro.com\/se\/germany-frankfurt\/\" \/>\n<meta property=\"og:site_name\" content=\"GGM Gastro Showrooms\" \/>\n<meta property=\"article:modified_time\" content=\"2026-02-09T07:15:44+00:00\" \/>\n<meta property=\"og:image\" content=\"https:\/\/showrooms.ggmgastro.com\/wp-content\/uploads\/Deutschland_Frankfurt.webp\" \/>\n\t<meta property=\"og:image:width\" content=\"900\" \/>\n\t<meta property=\"og:image:height\" content=\"900\" \/>\n\t<meta property=\"og:image:type\" content=\"image\/webp\" \/>\n<meta name=\"twitter:card\" content=\"summary_large_image\" \/>\n<meta name=\"twitter:label1\" content=\"Ber\u00e4knad l\u00e4stid\" \/>\n\t<meta name=\"twitter:data1\" content=\"1 minut\" \/>\n<script type=\"application\/ld+json\" class=\"yoast-schema-graph\">{\"@context\":\"https:\/\/schema.org\",\"@graph\":[{\"@type\":\"WebPage\",\"@id\":\"https:\/\/showrooms.ggmgastro.com\/germany-frankfurt\/\",\"url\":\"https:\/\/showrooms.ggmgastro.com\/germany-frankfurt\/\",\"name\":\"GGM Gastro Frankfurt - GGM Gastro Showrooms\",\"isPartOf\":{\"@id\":\"https:\/\/showrooms.ggmgastro.com\/#website\"},\"primaryImageOfPage\":{\"@id\":\"https:\/\/showrooms.ggmgastro.com\/germany-frankfurt\/#primaryimage\"},\"image\":{\"@id\":\"https:\/\/showrooms.ggmgastro.com\/germany-frankfurt\/#primaryimage\"},\"thumbnailUrl\":\"https:\/\/showrooms.ggmgastro.com\/wp-content\/uploads\/Deutschland_Frankfurt.webp\",\"datePublished\":\"2025-03-09T14:46:26+00:00\",\"dateModified\":\"2026-02-09T07:15:44+00:00\",\"breadcrumb\":{\"@id\":\"https:\/\/showrooms.ggmgastro.com\/germany-frankfurt\/#breadcrumb\"},\"inLanguage\":\"sv-SE\",\"potentialAction\":[{\"@type\":\"ReadAction\",\"target\":[\"https:\/\/showrooms.ggmgastro.com\/germany-frankfurt\/\"]}]},{\"@type\":\"ImageObject\",\"inLanguage\":\"sv-SE\",\"@id\":\"https:\/\/showrooms.ggmgastro.com\/germany-frankfurt\/#primaryimage\",\"url\":\"https:\/\/showrooms.ggmgastro.com\/wp-content\/uploads\/Deutschland_Frankfurt.webp\",\"contentUrl\":\"https:\/\/showrooms.ggmgastro.com\/wp-content\/uploads\/Deutschland_Frankfurt.webp\",\"width\":900,\"height\":900},{\"@type\":\"BreadcrumbList\",\"@id\":\"https:\/\/showrooms.ggmgastro.com\/germany-frankfurt\/#breadcrumb\",\"itemListElement\":[{\"@type\":\"ListItem\",\"position\":1,\"name\":\"Startseite\",\"item\":\"https:\/\/showrooms.ggmgastro.com\/\"},{\"@type\":\"ListItem\",\"position\":2,\"name\":\"GGM Gastro Frankfurt\"}]},{\"@type\":\"WebSite\",\"@id\":\"https:\/\/showrooms.ggmgastro.com\/#website\",\"url\":\"https:\/\/showrooms.ggmgastro.com\/\",\"name\":\"GGM Gastro Showrooms\",\"description\":\"\",\"publisher\":{\"@id\":\"https:\/\/showrooms.ggmgastro.com\/#organization\"},\"potentialAction\":[{\"@type\":\"SearchAction\",\"target\":{\"@type\":\"EntryPoint\",\"urlTemplate\":\"https:\/\/showrooms.ggmgastro.com\/?s={search_term_string}\"},\"query-input\":{\"@type\":\"PropertyValueSpecification\",\"valueRequired\":true,\"valueName\":\"search_term_string\"}}],\"inLanguage\":\"sv-SE\"},{\"@type\":\"Organization\",\"@id\":\"https:\/\/showrooms.ggmgastro.com\/#organization\",\"name\":\"GGM Gastro International GmbH\",\"url\":\"https:\/\/showrooms.ggmgastro.com\/\",\"logo\":{\"@type\":\"ImageObject\",\"inLanguage\":\"sv-SE\",\"@id\":\"https:\/\/showrooms.ggmgastro.com\/#\/schema\/logo\/image\/\",\"url\":\"https:\/\/showrooms.ggmgastro.com\/wp-content\/uploads\/ggmgastro-logo-dark-seo.jpg\",\"contentUrl\":\"https:\/\/showrooms.ggmgastro.com\/wp-content\/uploads\/ggmgastro-logo-dark-seo.jpg\",\"width\":696,\"height\":696,\"caption\":\"GGM Gastro International GmbH\"},\"image\":{\"@id\":\"https:\/\/showrooms.ggmgastro.com\/#\/schema\/logo\/image\/\"}}]}<\/script>\n<!-- \/ Yoast SEO plugin. -->","yoast_head_json":{"title":"GGM Gastro Frankfurt - GGM Gastro Showrooms","robots":{"index":"index","follow":"follow","max-snippet":"max-snippet:-1","max-image-preview":"max-image-preview:large","max-video-preview":"max-video-preview:-1"},"canonical":"https:\/\/showrooms.ggmgastro.com\/se\/germany-frankfurt\/","og_locale":"sv_SE","og_type":"article","og_title":"GGM Gastro Frankfurt - GGM Gastro Showrooms","og_description":"Welcome to the GGM Gastro showroom in Frankfurt. Conveniently located and easily accessible, it showcases a diverse range of high-quality catering &amp; food service equipment, from pizza ovens and refrigeration units to kebab grills. Our sales advisors on the shop floor provide personalised advice on the best setup for your professional kitchen.","og_url":"https:\/\/showrooms.ggmgastro.com\/se\/germany-frankfurt\/","og_site_name":"GGM Gastro Showrooms","article_modified_time":"2026-02-09T07:15:44+00:00","og_image":[{"width":900,"height":900,"url":"https:\/\/showrooms.ggmgastro.com\/wp-content\/uploads\/Deutschland_Frankfurt.webp","type":"image\/webp"}],"twitter_card":"summary_large_image","twitter_misc":{"Ber\u00e4knad l\u00e4stid":"1 minut"},"schema":{"@context":"https:\/\/schema.org","@graph":[{"@type":"WebPage","@id":"https:\/\/showrooms.ggmgastro.com\/germany-frankfurt\/","url":"https:\/\/showrooms.ggmgastro.com\/germany-frankfurt\/","name":"GGM Gastro Frankfurt - GGM Gastro Showrooms","isPartOf":{"@id":"https:\/\/showrooms.ggmgastro.com\/#website"},"primaryImageOfPage":{"@id":"https:\/\/showrooms.ggmgastro.com\/germany-frankfurt\/#primaryimage"},"image":{"@id":"https:\/\/showrooms.ggmgastro.com\/germany-frankfurt\/#primaryimage"},"thumbnailUrl":"https:\/\/showrooms.ggmgastro.com\/wp-content\/uploads\/Deutschland_Frankfurt.webp","datePublished":"2025-03-09T14:46:26+00:00","dateModified":"2026-02-09T07:15:44+00:00","breadcrumb":{"@id":"https:\/\/showrooms.ggmgastro.com\/germany-frankfurt\/#breadcrumb"},"inLanguage":"sv-SE","potentialAction":[{"@type":"ReadAction","target":["https:\/\/showrooms.ggmgastro.com\/germany-frankfurt\/"]}]},{"@type":"ImageObject","inLanguage":"sv-SE","@id":"https:\/\/showrooms.ggmgastro.com\/germany-frankfurt\/#primaryimage","url":"https:\/\/showrooms.ggmgastro.com\/wp-content\/uploads\/Deutschland_Frankfurt.webp","contentUrl":"https:\/\/showrooms.ggmgastro.com\/wp-content\/uploads\/Deutschland_Frankfurt.webp","width":900,"height":900},{"@type":"BreadcrumbList","@id":"https:\/\/showrooms.ggmgastro.com\/germany-frankfurt\/#breadcrumb","itemListElement":[{"@type":"ListItem","position":1,"name":"Startseite","item":"https:\/\/showrooms.ggmgastro.com\/"},{"@type":"ListItem","position":2,"name":"GGM Gastro Frankfurt"}]},{"@type":"WebSite","@id":"https:\/\/showrooms.ggmgastro.com\/#website","url":"https:\/\/showrooms.ggmgastro.com\/","name":"GGM Gastro Showrooms","description":"","publisher":{"@id":"https:\/\/showrooms.ggmgastro.com\/#organization"},"potentialAction":[{"@type":"SearchAction","target":{"@type":"EntryPoint","urlTemplate":"https:\/\/showrooms.ggmgastro.com\/?s={search_term_string}"},"query-input":{"@type":"PropertyValueSpecification","valueRequired":true,"valueName":"search_term_string"}}],"inLanguage":"sv-SE"},{"@type":"Organization","@id":"https:\/\/showrooms.ggmgastro.com\/#organization","name":"GGM Gastro International GmbH","url":"https:\/\/showrooms.ggmgastro.com\/","logo":{"@type":"ImageObject","inLanguage":"sv-SE","@id":"https:\/\/showrooms.ggmgastro.com\/#\/schema\/logo\/image\/","url":"https:\/\/showrooms.ggmgastro.com\/wp-content\/uploads\/ggmgastro-logo-dark-seo.jpg","contentUrl":"https:\/\/showrooms.ggmgastro.com\/wp-content\/uploads\/ggmgastro-logo-dark-seo.jpg","width":696,"height":696,"caption":"GGM Gastro International GmbH"},"image":{"@id":"https:\/\/showrooms.ggmgastro.com\/#\/schema\/logo\/image\/"}}]}},"_links":{"self":[{"href":"https:\/\/showrooms.ggmgastro.com\/se\/wp-json\/wp\/v2\/pages\/9395","targetHints":{"allow":["GET"]}}],"collection":[{"href":"https:\/\/showrooms.ggmgastro.com\/se\/wp-json\/wp\/v2\/pages"}],"about":[{"href":"https:\/\/showrooms.ggmgastro.com\/se\/wp-json\/wp\/v2\/types\/page"}],"author":[{"embeddable":true,"href":"https:\/\/showrooms.ggmgastro.com\/se\/wp-json\/wp\/v2\/users\/1"}],"replies":[{"embeddable":true,"href":"https:\/\/showrooms.ggmgastro.com\/se\/wp-json\/wp\/v2\/comments?post=9395"}],"version-history":[{"count":55,"href":"https:\/\/showrooms.ggmgastro.com\/se\/wp-json\/wp\/v2\/pages\/9395\/revisions"}],"predecessor-version":[{"id":67610,"href":"https:\/\/showrooms.ggmgastro.com\/se\/wp-json\/wp\/v2\/pages\/9395\/revisions\/67610"}],"wp:featuredmedia":[{"embeddable":true,"href":"https:\/\/showrooms.ggmgastro.com\/se\/wp-json\/wp\/v2\/media\/9727"}],"wp:attachment":[{"href":"https:\/\/showrooms.ggmgastro.com\/se\/wp-json\/wp\/v2\/media?parent=9395"}],"wp:term":[{"taxonomy":"showroom_land","embeddable":true,"href":"https:\/\/showrooms.ggmgastro.com\/se\/wp-json\/wp\/v2\/showroom_land?post=9395"},{"taxonomy":"seitentyp","embeddable":true,"href":"https:\/\/showrooms.ggmgastro.com\/se\/wp-json\/wp\/v2\/seitentyp?post=9395"}],"curies":[{"name":"wp","href":"https:\/\/api.w.org\/{rel}","templated":true}]}}