{"id":10198,"date":"2025-04-22T06:37:11","date_gmt":"2025-04-22T06:37:11","guid":{"rendered":"https:\/\/showrooms.ggmgastro.com\/?page_id=10198"},"modified":"2026-02-09T09:14:44","modified_gmt":"2026-02-09T07:14:44","slug":"germany-hamburg","status":"publish","type":"page","link":"https:\/\/showrooms.ggmgastro.com\/tr\/germany-hamburg\/","title":{"rendered":"GGM Gastro Hamburg"},"content":{"rendered":"<p>Hamburg\u2019daki showroom\u2019umuza ho\u015f geldiniz. Bu lokasyon, mutfak, b\u00fcfe veya kafeterya gibi profesyonel ihtiya\u00e7lar\u0131n\u0131z i\u00e7in geni\u015f bir gastronomi ekipman\u0131 se\u00e7ene\u011fi sunuyor. Yerinde, en d\u00fc\u015f\u00fck fiyat garantisi ve ki\u015fisel uzman dan\u0131\u015fmanl\u0131k e\u015fli\u011finde 600\u2019den fazla gastronomi \u00fcr\u00fcn\u00fcn\u00fc ke\u015ffedin.<\/p>","protected":false},"excerpt":{"rendered":"<p>Hamburg\u2019daki showroom\u2019umuza ho\u015f geldiniz. Bu lokasyon, mutfak, b\u00fcfe veya kafeterya gibi profesyonel ihtiya\u00e7lar\u0131n\u0131z i\u00e7in geni\u015f bir gastronomi ekipman\u0131 se\u00e7ene\u011fi sunuyor. Yerinde, en d\u00fc\u015f\u00fck fiyat garantisi ve ki\u015fisel uzman dan\u0131\u015fmanl\u0131k e\u015fli\u011finde 600\u2019den fazla gastronomi \u00fcr\u00fcn\u00fcn\u00fc ke\u015ffedin.<\/p>","protected":false},"author":3,"featured_media":10199,"parent":0,"menu_order":3,"comment_status":"closed","ping_status":"closed","template":"","meta":{"_acf_changed":false,"iawp_total_views":50456,"footnotes":""},"showroom_land":[43],"seitentyp":[87],"class_list":["post-10198","page","type-page","status-publish","has-post-thumbnail","hentry","showroom_land-deutschland","seitentyp-showroom"],"acf":[],"yoast_head":"<!-- This site is optimized with the Yoast SEO plugin v26.9 - https:\/\/yoast.com\/product\/yoast-seo-wordpress\/ -->\n<title>GGM Gastro Hamburg - GGM Gastro Showrooms<\/title>\n<meta name=\"robots\" content=\"index, follow, max-snippet:-1, max-image-preview:large, max-video-preview:-1\" \/>\n<link rel=\"canonical\" href=\"https:\/\/showrooms.ggmgastro.com\/tr\/germany-hamburg\/\" \/>\n<meta property=\"og:locale\" content=\"tr_TR\" \/>\n<meta property=\"og:type\" content=\"article\" \/>\n<meta property=\"og:title\" content=\"GGM Gastro Hamburg - GGM Gastro Showrooms\" \/>\n<meta property=\"og:description\" content=\"Welcome to our showroom in Hamburg, where you&#8217;ll find a broad selection of catering &amp; food sevice equipment designed to meet the needs of your kitchen, snack bar or caf\u00e9. Discover over 600 products on the shop floor \u2013 with a lowest price guarantee and personalised expert advice.\" \/>\n<meta property=\"og:url\" content=\"https:\/\/showrooms.ggmgastro.com\/tr\/germany-hamburg\/\" \/>\n<meta property=\"og:site_name\" content=\"GGM Gastro Showrooms\" \/>\n<meta property=\"article:modified_time\" content=\"2026-02-09T07:14:44+00:00\" \/>\n<meta property=\"og:image\" content=\"https:\/\/showrooms.ggmgastro.com\/wp-content\/uploads\/2021-05-04.jpg\" \/>\n\t<meta property=\"og:image:width\" content=\"680\" \/>\n\t<meta property=\"og:image:height\" content=\"458\" \/>\n\t<meta property=\"og:image:type\" content=\"image\/jpeg\" \/>\n<meta name=\"twitter:card\" content=\"summary_large_image\" \/>\n<meta name=\"twitter:label1\" content=\"Tahmini okuma s\u00fcresi\" \/>\n\t<meta name=\"twitter:data1\" content=\"1 dakika\" \/>\n<script type=\"application\/ld+json\" class=\"yoast-schema-graph\">{\"@context\":\"https:\/\/schema.org\",\"@graph\":[{\"@type\":\"WebPage\",\"@id\":\"https:\/\/showrooms.ggmgastro.com\/germany-hamburg\/\",\"url\":\"https:\/\/showrooms.ggmgastro.com\/germany-hamburg\/\",\"name\":\"GGM Gastro Hamburg - GGM Gastro Showrooms\",\"isPartOf\":{\"@id\":\"https:\/\/showrooms.ggmgastro.com\/#website\"},\"primaryImageOfPage\":{\"@id\":\"https:\/\/showrooms.ggmgastro.com\/germany-hamburg\/#primaryimage\"},\"image\":{\"@id\":\"https:\/\/showrooms.ggmgastro.com\/germany-hamburg\/#primaryimage\"},\"thumbnailUrl\":\"https:\/\/showrooms.ggmgastro.com\/wp-content\/uploads\/2021-05-04.jpg\",\"datePublished\":\"2025-04-22T06:37:11+00:00\",\"dateModified\":\"2026-02-09T07:14:44+00:00\",\"breadcrumb\":{\"@id\":\"https:\/\/showrooms.ggmgastro.com\/germany-hamburg\/#breadcrumb\"},\"inLanguage\":\"tr\",\"potentialAction\":[{\"@type\":\"ReadAction\",\"target\":[\"https:\/\/showrooms.ggmgastro.com\/germany-hamburg\/\"]}]},{\"@type\":\"ImageObject\",\"inLanguage\":\"tr\",\"@id\":\"https:\/\/showrooms.ggmgastro.com\/germany-hamburg\/#primaryimage\",\"url\":\"https:\/\/showrooms.ggmgastro.com\/wp-content\/uploads\/2021-05-04.jpg\",\"contentUrl\":\"https:\/\/showrooms.ggmgastro.com\/wp-content\/uploads\/2021-05-04.jpg\",\"width\":680,\"height\":458},{\"@type\":\"BreadcrumbList\",\"@id\":\"https:\/\/showrooms.ggmgastro.com\/germany-hamburg\/#breadcrumb\",\"itemListElement\":[{\"@type\":\"ListItem\",\"position\":1,\"name\":\"Startseite\",\"item\":\"https:\/\/showrooms.ggmgastro.com\/\"},{\"@type\":\"ListItem\",\"position\":2,\"name\":\"GGM Gastro Hamburg\"}]},{\"@type\":\"WebSite\",\"@id\":\"https:\/\/showrooms.ggmgastro.com\/#website\",\"url\":\"https:\/\/showrooms.ggmgastro.com\/\",\"name\":\"GGM Gastro Showrooms\",\"description\":\"\",\"publisher\":{\"@id\":\"https:\/\/showrooms.ggmgastro.com\/#organization\"},\"potentialAction\":[{\"@type\":\"SearchAction\",\"target\":{\"@type\":\"EntryPoint\",\"urlTemplate\":\"https:\/\/showrooms.ggmgastro.com\/?s={search_term_string}\"},\"query-input\":{\"@type\":\"PropertyValueSpecification\",\"valueRequired\":true,\"valueName\":\"search_term_string\"}}],\"inLanguage\":\"tr\"},{\"@type\":\"Organization\",\"@id\":\"https:\/\/showrooms.ggmgastro.com\/#organization\",\"name\":\"GGM Gastro International GmbH\",\"url\":\"https:\/\/showrooms.ggmgastro.com\/\",\"logo\":{\"@type\":\"ImageObject\",\"inLanguage\":\"tr\",\"@id\":\"https:\/\/showrooms.ggmgastro.com\/#\/schema\/logo\/image\/\",\"url\":\"https:\/\/showrooms.ggmgastro.com\/wp-content\/uploads\/ggmgastro-logo-dark-seo.jpg\",\"contentUrl\":\"https:\/\/showrooms.ggmgastro.com\/wp-content\/uploads\/ggmgastro-logo-dark-seo.jpg\",\"width\":696,\"height\":696,\"caption\":\"GGM Gastro International GmbH\"},\"image\":{\"@id\":\"https:\/\/showrooms.ggmgastro.com\/#\/schema\/logo\/image\/\"}}]}<\/script>\n<!-- \/ Yoast SEO plugin. -->","yoast_head_json":{"title":"GGM Gastro Hamburg - GGM Gastro Showrooms","robots":{"index":"index","follow":"follow","max-snippet":"max-snippet:-1","max-image-preview":"max-image-preview:large","max-video-preview":"max-video-preview:-1"},"canonical":"https:\/\/showrooms.ggmgastro.com\/tr\/germany-hamburg\/","og_locale":"tr_TR","og_type":"article","og_title":"GGM Gastro Hamburg - GGM Gastro Showrooms","og_description":"Welcome to our showroom in Hamburg, where you&#8217;ll find a broad selection of catering &amp; food sevice equipment designed to meet the needs of your kitchen, snack bar or caf\u00e9. Discover over 600 products on the shop floor \u2013 with a lowest price guarantee and personalised expert advice.","og_url":"https:\/\/showrooms.ggmgastro.com\/tr\/germany-hamburg\/","og_site_name":"GGM Gastro Showrooms","article_modified_time":"2026-02-09T07:14:44+00:00","og_image":[{"width":680,"height":458,"url":"https:\/\/showrooms.ggmgastro.com\/wp-content\/uploads\/2021-05-04.jpg","type":"image\/jpeg"}],"twitter_card":"summary_large_image","twitter_misc":{"Tahmini okuma s\u00fcresi":"1 dakika"},"schema":{"@context":"https:\/\/schema.org","@graph":[{"@type":"WebPage","@id":"https:\/\/showrooms.ggmgastro.com\/germany-hamburg\/","url":"https:\/\/showrooms.ggmgastro.com\/germany-hamburg\/","name":"GGM Gastro Hamburg - GGM Gastro Showrooms","isPartOf":{"@id":"https:\/\/showrooms.ggmgastro.com\/#website"},"primaryImageOfPage":{"@id":"https:\/\/showrooms.ggmgastro.com\/germany-hamburg\/#primaryimage"},"image":{"@id":"https:\/\/showrooms.ggmgastro.com\/germany-hamburg\/#primaryimage"},"thumbnailUrl":"https:\/\/showrooms.ggmgastro.com\/wp-content\/uploads\/2021-05-04.jpg","datePublished":"2025-04-22T06:37:11+00:00","dateModified":"2026-02-09T07:14:44+00:00","breadcrumb":{"@id":"https:\/\/showrooms.ggmgastro.com\/germany-hamburg\/#breadcrumb"},"inLanguage":"tr","potentialAction":[{"@type":"ReadAction","target":["https:\/\/showrooms.ggmgastro.com\/germany-hamburg\/"]}]},{"@type":"ImageObject","inLanguage":"tr","@id":"https:\/\/showrooms.ggmgastro.com\/germany-hamburg\/#primaryimage","url":"https:\/\/showrooms.ggmgastro.com\/wp-content\/uploads\/2021-05-04.jpg","contentUrl":"https:\/\/showrooms.ggmgastro.com\/wp-content\/uploads\/2021-05-04.jpg","width":680,"height":458},{"@type":"BreadcrumbList","@id":"https:\/\/showrooms.ggmgastro.com\/germany-hamburg\/#breadcrumb","itemListElement":[{"@type":"ListItem","position":1,"name":"Startseite","item":"https:\/\/showrooms.ggmgastro.com\/"},{"@type":"ListItem","position":2,"name":"GGM Gastro Hamburg"}]},{"@type":"WebSite","@id":"https:\/\/showrooms.ggmgastro.com\/#website","url":"https:\/\/showrooms.ggmgastro.com\/","name":"GGM Gastro Showrooms","description":"","publisher":{"@id":"https:\/\/showrooms.ggmgastro.com\/#organization"},"potentialAction":[{"@type":"SearchAction","target":{"@type":"EntryPoint","urlTemplate":"https:\/\/showrooms.ggmgastro.com\/?s={search_term_string}"},"query-input":{"@type":"PropertyValueSpecification","valueRequired":true,"valueName":"search_term_string"}}],"inLanguage":"tr"},{"@type":"Organization","@id":"https:\/\/showrooms.ggmgastro.com\/#organization","name":"GGM Gastro International GmbH","url":"https:\/\/showrooms.ggmgastro.com\/","logo":{"@type":"ImageObject","inLanguage":"tr","@id":"https:\/\/showrooms.ggmgastro.com\/#\/schema\/logo\/image\/","url":"https:\/\/showrooms.ggmgastro.com\/wp-content\/uploads\/ggmgastro-logo-dark-seo.jpg","contentUrl":"https:\/\/showrooms.ggmgastro.com\/wp-content\/uploads\/ggmgastro-logo-dark-seo.jpg","width":696,"height":696,"caption":"GGM Gastro International GmbH"},"image":{"@id":"https:\/\/showrooms.ggmgastro.com\/#\/schema\/logo\/image\/"}}]}},"_links":{"self":[{"href":"https:\/\/showrooms.ggmgastro.com\/tr\/wp-json\/wp\/v2\/pages\/10198","targetHints":{"allow":["GET"]}}],"collection":[{"href":"https:\/\/showrooms.ggmgastro.com\/tr\/wp-json\/wp\/v2\/pages"}],"about":[{"href":"https:\/\/showrooms.ggmgastro.com\/tr\/wp-json\/wp\/v2\/types\/page"}],"author":[{"embeddable":true,"href":"https:\/\/showrooms.ggmgastro.com\/tr\/wp-json\/wp\/v2\/users\/3"}],"replies":[{"embeddable":true,"href":"https:\/\/showrooms.ggmgastro.com\/tr\/wp-json\/wp\/v2\/comments?post=10198"}],"version-history":[{"count":40,"href":"https:\/\/showrooms.ggmgastro.com\/tr\/wp-json\/wp\/v2\/pages\/10198\/revisions"}],"predecessor-version":[{"id":67609,"href":"https:\/\/showrooms.ggmgastro.com\/tr\/wp-json\/wp\/v2\/pages\/10198\/revisions\/67609"}],"wp:featuredmedia":[{"embeddable":true,"href":"https:\/\/showrooms.ggmgastro.com\/tr\/wp-json\/wp\/v2\/media\/10199"}],"wp:attachment":[{"href":"https:\/\/showrooms.ggmgastro.com\/tr\/wp-json\/wp\/v2\/media?parent=10198"}],"wp:term":[{"taxonomy":"showroom_land","embeddable":true,"href":"https:\/\/showrooms.ggmgastro.com\/tr\/wp-json\/wp\/v2\/showroom_land?post=10198"},{"taxonomy":"seitentyp","embeddable":true,"href":"https:\/\/showrooms.ggmgastro.com\/tr\/wp-json\/wp\/v2\/seitentyp?post=10198"}],"curies":[{"name":"wp","href":"https:\/\/api.w.org\/{rel}","templated":true}]}}