{"id":10245,"date":"2025-04-17T09:34:44","date_gmt":"2025-04-17T09:34:44","guid":{"rendered":"https:\/\/showrooms.ggmgastro.com\/?page_id=10245"},"modified":"2026-03-04T15:52:25","modified_gmt":"2026-03-04T13:52:25","slug":"belgium-liege","status":"publish","type":"page","link":"https:\/\/showrooms.ggmgastro.com\/tr\/belgium-liege\/","title":{"rendered":"GGM Gastro Li\u00e8ge | Bel\u00e7ika"},"content":{"rendered":"<p>Bel\u00e7ika\u2019daki iki lokasyondan biri olan GGM Gastro Li\u00e8ge Showroom\u2019una ho\u015f geldiniz. Burada, y\u00fcksek kaliteli gastronomi ekipmanlar\u0131ndan olu\u015fan geni\u015f bir \u00fcr\u00fcn se\u00e7kisi sizi bekliyor. Uzman ekibimiz, i\u015fletmeniz i\u00e7in en uygun ekipmanlar\u0131 bulman\u0131zda size birebir destek olmaktan memnuniyet duyar.<\/p>","protected":false},"excerpt":{"rendered":"<p>Bel\u00e7ika\u2019daki iki lokasyondan biri olan GGM Gastro Li\u00e8ge Showroom\u2019una ho\u015f geldiniz. Burada, y\u00fcksek kaliteli gastronomi ekipmanlar\u0131ndan olu\u015fan geni\u015f bir \u00fcr\u00fcn se\u00e7kisi sizi bekliyor. Uzman ekibimiz, i\u015fletmeniz i\u00e7in en uygun ekipmanlar\u0131 bulman\u0131zda size birebir destek olmaktan memnuniyet duyar.<\/p>","protected":false},"author":3,"featured_media":10252,"parent":0,"menu_order":0,"comment_status":"closed","ping_status":"closed","template":"","meta":{"_acf_changed":false,"iawp_total_views":39260,"footnotes":""},"showroom_land":[57],"seitentyp":[87],"class_list":["post-10245","page","type-page","status-publish","has-post-thumbnail","hentry","showroom_land-belgien","seitentyp-showroom"],"acf":[],"yoast_head":"<!-- This site is optimized with the Yoast SEO plugin v26.9 - https:\/\/yoast.com\/product\/yoast-seo-wordpress\/ -->\n<title>GGM Gastro Li\u00e8ge | Belgium - GGM Gastro Showrooms<\/title>\n<meta name=\"robots\" content=\"index, follow, max-snippet:-1, max-image-preview:large, max-video-preview:-1\" \/>\n<link rel=\"canonical\" href=\"https:\/\/showrooms.ggmgastro.com\/tr\/belgium-liege\/\" \/>\n<meta property=\"og:locale\" content=\"tr_TR\" \/>\n<meta property=\"og:type\" content=\"article\" \/>\n<meta property=\"og:title\" content=\"GGM Gastro Li\u00e8ge | Belgium - GGM Gastro Showrooms\" \/>\n<meta property=\"og:description\" content=\"Welcome to the GGM Gastro showroom in Li\u00e8ge, one of our two Belgian locations. Visit us to browse a wide selection of high-quality catering &amp; food service equipment and get advice from our on-site experts, who\u2019ll be happy to help you find the perfect setup for your business&#8217;s needs.\" \/>\n<meta property=\"og:url\" content=\"https:\/\/showrooms.ggmgastro.com\/tr\/belgium-liege\/\" \/>\n<meta property=\"og:site_name\" content=\"GGM Gastro Showrooms\" \/>\n<meta property=\"article:modified_time\" content=\"2026-03-04T13:52:25+00:00\" \/>\n<meta property=\"og:image\" content=\"https:\/\/showrooms.ggmgastro.com\/wp-content\/uploads\/2023-11-06.png\" \/>\n\t<meta property=\"og:image:width\" content=\"517\" \/>\n\t<meta property=\"og:image:height\" content=\"510\" \/>\n\t<meta property=\"og:image:type\" content=\"image\/png\" \/>\n<meta name=\"twitter:card\" content=\"summary_large_image\" \/>\n<meta name=\"twitter:label1\" content=\"Tahmini okuma s\u00fcresi\" \/>\n\t<meta name=\"twitter:data1\" content=\"1 dakika\" \/>\n<script type=\"application\/ld+json\" class=\"yoast-schema-graph\">{\"@context\":\"https:\/\/schema.org\",\"@graph\":[{\"@type\":\"WebPage\",\"@id\":\"https:\/\/showrooms.ggmgastro.com\/belgium-liege\/\",\"url\":\"https:\/\/showrooms.ggmgastro.com\/belgium-liege\/\",\"name\":\"GGM Gastro Li\u00e8ge | Belgium - GGM Gastro Showrooms\",\"isPartOf\":{\"@id\":\"https:\/\/showrooms.ggmgastro.com\/#website\"},\"primaryImageOfPage\":{\"@id\":\"https:\/\/showrooms.ggmgastro.com\/belgium-liege\/#primaryimage\"},\"image\":{\"@id\":\"https:\/\/showrooms.ggmgastro.com\/belgium-liege\/#primaryimage\"},\"thumbnailUrl\":\"https:\/\/showrooms.ggmgastro.com\/wp-content\/uploads\/2023-11-06.png\",\"datePublished\":\"2025-04-17T09:34:44+00:00\",\"dateModified\":\"2026-03-04T13:52:25+00:00\",\"breadcrumb\":{\"@id\":\"https:\/\/showrooms.ggmgastro.com\/belgium-liege\/#breadcrumb\"},\"inLanguage\":\"tr\",\"potentialAction\":[{\"@type\":\"ReadAction\",\"target\":[\"https:\/\/showrooms.ggmgastro.com\/belgium-liege\/\"]}]},{\"@type\":\"ImageObject\",\"inLanguage\":\"tr\",\"@id\":\"https:\/\/showrooms.ggmgastro.com\/belgium-liege\/#primaryimage\",\"url\":\"https:\/\/showrooms.ggmgastro.com\/wp-content\/uploads\/2023-11-06.png\",\"contentUrl\":\"https:\/\/showrooms.ggmgastro.com\/wp-content\/uploads\/2023-11-06.png\",\"width\":517,\"height\":510},{\"@type\":\"BreadcrumbList\",\"@id\":\"https:\/\/showrooms.ggmgastro.com\/belgium-liege\/#breadcrumb\",\"itemListElement\":[{\"@type\":\"ListItem\",\"position\":1,\"name\":\"Startseite\",\"item\":\"https:\/\/showrooms.ggmgastro.com\/\"},{\"@type\":\"ListItem\",\"position\":2,\"name\":\"GGM Gastro Li\u00e8ge | Belgium\"}]},{\"@type\":\"WebSite\",\"@id\":\"https:\/\/showrooms.ggmgastro.com\/#website\",\"url\":\"https:\/\/showrooms.ggmgastro.com\/\",\"name\":\"GGM Gastro Showrooms\",\"description\":\"\",\"publisher\":{\"@id\":\"https:\/\/showrooms.ggmgastro.com\/#organization\"},\"potentialAction\":[{\"@type\":\"SearchAction\",\"target\":{\"@type\":\"EntryPoint\",\"urlTemplate\":\"https:\/\/showrooms.ggmgastro.com\/?s={search_term_string}\"},\"query-input\":{\"@type\":\"PropertyValueSpecification\",\"valueRequired\":true,\"valueName\":\"search_term_string\"}}],\"inLanguage\":\"tr\"},{\"@type\":\"Organization\",\"@id\":\"https:\/\/showrooms.ggmgastro.com\/#organization\",\"name\":\"GGM Gastro International GmbH\",\"url\":\"https:\/\/showrooms.ggmgastro.com\/\",\"logo\":{\"@type\":\"ImageObject\",\"inLanguage\":\"tr\",\"@id\":\"https:\/\/showrooms.ggmgastro.com\/#\/schema\/logo\/image\/\",\"url\":\"https:\/\/showrooms.ggmgastro.com\/wp-content\/uploads\/ggmgastro-logo-dark-seo.jpg\",\"contentUrl\":\"https:\/\/showrooms.ggmgastro.com\/wp-content\/uploads\/ggmgastro-logo-dark-seo.jpg\",\"width\":696,\"height\":696,\"caption\":\"GGM Gastro International GmbH\"},\"image\":{\"@id\":\"https:\/\/showrooms.ggmgastro.com\/#\/schema\/logo\/image\/\"}}]}<\/script>\n<!-- \/ Yoast SEO plugin. -->","yoast_head_json":{"title":"GGM Gastro Li\u00e8ge | Belgium - GGM Gastro Showrooms","robots":{"index":"index","follow":"follow","max-snippet":"max-snippet:-1","max-image-preview":"max-image-preview:large","max-video-preview":"max-video-preview:-1"},"canonical":"https:\/\/showrooms.ggmgastro.com\/tr\/belgium-liege\/","og_locale":"tr_TR","og_type":"article","og_title":"GGM Gastro Li\u00e8ge | Belgium - GGM Gastro Showrooms","og_description":"Welcome to the GGM Gastro showroom in Li\u00e8ge, one of our two Belgian locations. Visit us to browse a wide selection of high-quality catering &amp; food service equipment and get advice from our on-site experts, who\u2019ll be happy to help you find the perfect setup for your business&#8217;s needs.","og_url":"https:\/\/showrooms.ggmgastro.com\/tr\/belgium-liege\/","og_site_name":"GGM Gastro Showrooms","article_modified_time":"2026-03-04T13:52:25+00:00","og_image":[{"width":517,"height":510,"url":"https:\/\/showrooms.ggmgastro.com\/wp-content\/uploads\/2023-11-06.png","type":"image\/png"}],"twitter_card":"summary_large_image","twitter_misc":{"Tahmini okuma s\u00fcresi":"1 dakika"},"schema":{"@context":"https:\/\/schema.org","@graph":[{"@type":"WebPage","@id":"https:\/\/showrooms.ggmgastro.com\/belgium-liege\/","url":"https:\/\/showrooms.ggmgastro.com\/belgium-liege\/","name":"GGM Gastro Li\u00e8ge | Belgium - GGM Gastro Showrooms","isPartOf":{"@id":"https:\/\/showrooms.ggmgastro.com\/#website"},"primaryImageOfPage":{"@id":"https:\/\/showrooms.ggmgastro.com\/belgium-liege\/#primaryimage"},"image":{"@id":"https:\/\/showrooms.ggmgastro.com\/belgium-liege\/#primaryimage"},"thumbnailUrl":"https:\/\/showrooms.ggmgastro.com\/wp-content\/uploads\/2023-11-06.png","datePublished":"2025-04-17T09:34:44+00:00","dateModified":"2026-03-04T13:52:25+00:00","breadcrumb":{"@id":"https:\/\/showrooms.ggmgastro.com\/belgium-liege\/#breadcrumb"},"inLanguage":"tr","potentialAction":[{"@type":"ReadAction","target":["https:\/\/showrooms.ggmgastro.com\/belgium-liege\/"]}]},{"@type":"ImageObject","inLanguage":"tr","@id":"https:\/\/showrooms.ggmgastro.com\/belgium-liege\/#primaryimage","url":"https:\/\/showrooms.ggmgastro.com\/wp-content\/uploads\/2023-11-06.png","contentUrl":"https:\/\/showrooms.ggmgastro.com\/wp-content\/uploads\/2023-11-06.png","width":517,"height":510},{"@type":"BreadcrumbList","@id":"https:\/\/showrooms.ggmgastro.com\/belgium-liege\/#breadcrumb","itemListElement":[{"@type":"ListItem","position":1,"name":"Startseite","item":"https:\/\/showrooms.ggmgastro.com\/"},{"@type":"ListItem","position":2,"name":"GGM Gastro Li\u00e8ge | Belgium"}]},{"@type":"WebSite","@id":"https:\/\/showrooms.ggmgastro.com\/#website","url":"https:\/\/showrooms.ggmgastro.com\/","name":"GGM Gastro Showrooms","description":"","publisher":{"@id":"https:\/\/showrooms.ggmgastro.com\/#organization"},"potentialAction":[{"@type":"SearchAction","target":{"@type":"EntryPoint","urlTemplate":"https:\/\/showrooms.ggmgastro.com\/?s={search_term_string}"},"query-input":{"@type":"PropertyValueSpecification","valueRequired":true,"valueName":"search_term_string"}}],"inLanguage":"tr"},{"@type":"Organization","@id":"https:\/\/showrooms.ggmgastro.com\/#organization","name":"GGM Gastro International GmbH","url":"https:\/\/showrooms.ggmgastro.com\/","logo":{"@type":"ImageObject","inLanguage":"tr","@id":"https:\/\/showrooms.ggmgastro.com\/#\/schema\/logo\/image\/","url":"https:\/\/showrooms.ggmgastro.com\/wp-content\/uploads\/ggmgastro-logo-dark-seo.jpg","contentUrl":"https:\/\/showrooms.ggmgastro.com\/wp-content\/uploads\/ggmgastro-logo-dark-seo.jpg","width":696,"height":696,"caption":"GGM Gastro International GmbH"},"image":{"@id":"https:\/\/showrooms.ggmgastro.com\/#\/schema\/logo\/image\/"}}]}},"_links":{"self":[{"href":"https:\/\/showrooms.ggmgastro.com\/tr\/wp-json\/wp\/v2\/pages\/10245","targetHints":{"allow":["GET"]}}],"collection":[{"href":"https:\/\/showrooms.ggmgastro.com\/tr\/wp-json\/wp\/v2\/pages"}],"about":[{"href":"https:\/\/showrooms.ggmgastro.com\/tr\/wp-json\/wp\/v2\/types\/page"}],"author":[{"embeddable":true,"href":"https:\/\/showrooms.ggmgastro.com\/tr\/wp-json\/wp\/v2\/users\/3"}],"replies":[{"embeddable":true,"href":"https:\/\/showrooms.ggmgastro.com\/tr\/wp-json\/wp\/v2\/comments?post=10245"}],"version-history":[{"count":32,"href":"https:\/\/showrooms.ggmgastro.com\/tr\/wp-json\/wp\/v2\/pages\/10245\/revisions"}],"predecessor-version":[{"id":68247,"href":"https:\/\/showrooms.ggmgastro.com\/tr\/wp-json\/wp\/v2\/pages\/10245\/revisions\/68247"}],"wp:featuredmedia":[{"embeddable":true,"href":"https:\/\/showrooms.ggmgastro.com\/tr\/wp-json\/wp\/v2\/media\/10252"}],"wp:attachment":[{"href":"https:\/\/showrooms.ggmgastro.com\/tr\/wp-json\/wp\/v2\/media?parent=10245"}],"wp:term":[{"taxonomy":"showroom_land","embeddable":true,"href":"https:\/\/showrooms.ggmgastro.com\/tr\/wp-json\/wp\/v2\/showroom_land?post=10245"},{"taxonomy":"seitentyp","embeddable":true,"href":"https:\/\/showrooms.ggmgastro.com\/tr\/wp-json\/wp\/v2\/seitentyp?post=10245"}],"curies":[{"name":"wp","href":"https:\/\/api.w.org\/{rel}","templated":true}]}}