{"id":10300,"date":"2025-04-22T06:37:22","date_gmt":"2025-04-22T06:37:22","guid":{"rendered":"https:\/\/showrooms.ggmgastro.com\/?page_id=10300"},"modified":"2026-02-09T09:28:44","modified_gmt":"2026-02-09T07:28:44","slug":"poland-krakow","status":"publish","type":"page","link":"https:\/\/showrooms.ggmgastro.com\/tr\/poland-krakow\/","title":{"rendered":"GGM Gastro Krakow | Polonya"},"content":{"rendered":"<p>GGM Gastro Krakow Showroom\u2019u, Polonya\u2019daki \u00f6zel lokasyonunuz olarak, paslanmaz \u00e7elik mobilyalardan f\u0131r\u0131n ekipmanlar\u0131na ve d\u00f6ner \u0131zgaralara kadar geni\u015f bir gastronomi ekipman\u0131 se\u00e7kisi sunmaktad\u0131r. \u0130\u015fletmeniz i\u00e7in y\u00fcksek kaliteli \u00fcr\u00fcnleri, yerinde uzman dan\u0131\u015fmanl\u0131\u011f\u0131m\u0131z e\u015fli\u011finde burada bulabilirsiniz. Krakow\u2019da bizi ziyaret edin ve gastronomiye dair ihtiya\u00e7lar\u0131n\u0131za en uygun \u00e7\u00f6z\u00fcmleri ke\u015ffedin!<\/p>","protected":false},"excerpt":{"rendered":"<p>GGM Gastro Krakow Showroom\u2019u, Polonya\u2019daki \u00f6zel lokasyonunuz olarak, paslanmaz \u00e7elik mobilyalardan f\u0131r\u0131n ekipmanlar\u0131na ve d\u00f6ner \u0131zgaralara kadar geni\u015f bir gastronomi ekipman\u0131 se\u00e7kisi sunmaktad\u0131r. \u0130\u015fletmeniz i\u00e7in y\u00fcksek kaliteli \u00fcr\u00fcnleri, yerinde uzman dan\u0131\u015fmanl\u0131\u011f\u0131m\u0131z e\u015fli\u011finde burada bulabilirsiniz. Krakow\u2019da bizi ziyaret edin ve gastronomiye dair ihtiya\u00e7lar\u0131n\u0131za en uygun \u00e7\u00f6z\u00fcmleri ke\u015ffedin!<\/p>","protected":false},"author":3,"featured_media":10301,"parent":0,"menu_order":0,"comment_status":"closed","ping_status":"closed","template":"","meta":{"_acf_changed":false,"iawp_total_views":101684,"footnotes":""},"showroom_land":[51],"seitentyp":[87],"class_list":["post-10300","page","type-page","status-publish","has-post-thumbnail","hentry","showroom_land-polen","seitentyp-showroom"],"acf":[],"yoast_head":"<!-- This site is optimized with the Yoast SEO plugin v26.9 - https:\/\/yoast.com\/product\/yoast-seo-wordpress\/ -->\n<title>GGM Gastro Krakow | Poland - GGM Gastro Showrooms<\/title>\n<meta name=\"robots\" content=\"index, follow, max-snippet:-1, max-image-preview:large, max-video-preview:-1\" \/>\n<link rel=\"canonical\" href=\"https:\/\/showrooms.ggmgastro.com\/tr\/poland-krakow\/\" \/>\n<meta property=\"og:locale\" content=\"tr_TR\" \/>\n<meta property=\"og:type\" content=\"article\" \/>\n<meta property=\"og:title\" content=\"GGM Gastro Krakow | Poland - GGM Gastro Showrooms\" \/>\n<meta property=\"og:description\" content=\"GGM Gastro is represented in Poland by its Krak\u00f3w showroom, where you\u2019ll find an exciting range of catering &amp; food service equipment from stainless steel furniture to bakery appliances and kebab grills. Visit us in Krak\u00f3w to find the right high-quality products for your business with the support of our expert on-site advisors.\" \/>\n<meta property=\"og:url\" content=\"https:\/\/showrooms.ggmgastro.com\/tr\/poland-krakow\/\" \/>\n<meta property=\"og:site_name\" content=\"GGM Gastro Showrooms\" \/>\n<meta property=\"article:modified_time\" content=\"2026-02-09T07:28:44+00:00\" \/>\n<meta property=\"og:image\" content=\"https:\/\/showrooms.ggmgastro.com\/wp-content\/uploads\/2025-02-24.jpg\" \/>\n\t<meta property=\"og:image:width\" content=\"680\" \/>\n\t<meta property=\"og:image:height\" content=\"417\" \/>\n\t<meta property=\"og:image:type\" content=\"image\/jpeg\" \/>\n<meta name=\"twitter:card\" content=\"summary_large_image\" \/>\n<meta name=\"twitter:label1\" content=\"Tahmini okuma s\u00fcresi\" \/>\n\t<meta name=\"twitter:data1\" content=\"1 dakika\" \/>\n<script type=\"application\/ld+json\" class=\"yoast-schema-graph\">{\"@context\":\"https:\/\/schema.org\",\"@graph\":[{\"@type\":\"WebPage\",\"@id\":\"https:\/\/showrooms.ggmgastro.com\/poland-krakow\/\",\"url\":\"https:\/\/showrooms.ggmgastro.com\/poland-krakow\/\",\"name\":\"GGM Gastro Krakow | Poland - GGM Gastro Showrooms\",\"isPartOf\":{\"@id\":\"https:\/\/showrooms.ggmgastro.com\/#website\"},\"primaryImageOfPage\":{\"@id\":\"https:\/\/showrooms.ggmgastro.com\/poland-krakow\/#primaryimage\"},\"image\":{\"@id\":\"https:\/\/showrooms.ggmgastro.com\/poland-krakow\/#primaryimage\"},\"thumbnailUrl\":\"https:\/\/showrooms.ggmgastro.com\/wp-content\/uploads\/2025-02-24.jpg\",\"datePublished\":\"2025-04-22T06:37:22+00:00\",\"dateModified\":\"2026-02-09T07:28:44+00:00\",\"breadcrumb\":{\"@id\":\"https:\/\/showrooms.ggmgastro.com\/poland-krakow\/#breadcrumb\"},\"inLanguage\":\"tr\",\"potentialAction\":[{\"@type\":\"ReadAction\",\"target\":[\"https:\/\/showrooms.ggmgastro.com\/poland-krakow\/\"]}]},{\"@type\":\"ImageObject\",\"inLanguage\":\"tr\",\"@id\":\"https:\/\/showrooms.ggmgastro.com\/poland-krakow\/#primaryimage\",\"url\":\"https:\/\/showrooms.ggmgastro.com\/wp-content\/uploads\/2025-02-24.jpg\",\"contentUrl\":\"https:\/\/showrooms.ggmgastro.com\/wp-content\/uploads\/2025-02-24.jpg\",\"width\":680,\"height\":417},{\"@type\":\"BreadcrumbList\",\"@id\":\"https:\/\/showrooms.ggmgastro.com\/poland-krakow\/#breadcrumb\",\"itemListElement\":[{\"@type\":\"ListItem\",\"position\":1,\"name\":\"Startseite\",\"item\":\"https:\/\/showrooms.ggmgastro.com\/\"},{\"@type\":\"ListItem\",\"position\":2,\"name\":\"GGM Gastro Krakow | Poland\"}]},{\"@type\":\"WebSite\",\"@id\":\"https:\/\/showrooms.ggmgastro.com\/#website\",\"url\":\"https:\/\/showrooms.ggmgastro.com\/\",\"name\":\"GGM Gastro Showrooms\",\"description\":\"\",\"publisher\":{\"@id\":\"https:\/\/showrooms.ggmgastro.com\/#organization\"},\"potentialAction\":[{\"@type\":\"SearchAction\",\"target\":{\"@type\":\"EntryPoint\",\"urlTemplate\":\"https:\/\/showrooms.ggmgastro.com\/?s={search_term_string}\"},\"query-input\":{\"@type\":\"PropertyValueSpecification\",\"valueRequired\":true,\"valueName\":\"search_term_string\"}}],\"inLanguage\":\"tr\"},{\"@type\":\"Organization\",\"@id\":\"https:\/\/showrooms.ggmgastro.com\/#organization\",\"name\":\"GGM Gastro International GmbH\",\"url\":\"https:\/\/showrooms.ggmgastro.com\/\",\"logo\":{\"@type\":\"ImageObject\",\"inLanguage\":\"tr\",\"@id\":\"https:\/\/showrooms.ggmgastro.com\/#\/schema\/logo\/image\/\",\"url\":\"https:\/\/showrooms.ggmgastro.com\/wp-content\/uploads\/ggmgastro-logo-dark-seo.jpg\",\"contentUrl\":\"https:\/\/showrooms.ggmgastro.com\/wp-content\/uploads\/ggmgastro-logo-dark-seo.jpg\",\"width\":696,\"height\":696,\"caption\":\"GGM Gastro International GmbH\"},\"image\":{\"@id\":\"https:\/\/showrooms.ggmgastro.com\/#\/schema\/logo\/image\/\"}}]}<\/script>\n<!-- \/ Yoast SEO plugin. -->","yoast_head_json":{"title":"GGM Gastro Krakow | Poland - GGM Gastro Showrooms","robots":{"index":"index","follow":"follow","max-snippet":"max-snippet:-1","max-image-preview":"max-image-preview:large","max-video-preview":"max-video-preview:-1"},"canonical":"https:\/\/showrooms.ggmgastro.com\/tr\/poland-krakow\/","og_locale":"tr_TR","og_type":"article","og_title":"GGM Gastro Krakow | Poland - GGM Gastro Showrooms","og_description":"GGM Gastro is represented in Poland by its Krak\u00f3w showroom, where you\u2019ll find an exciting range of catering &amp; food service equipment from stainless steel furniture to bakery appliances and kebab grills. Visit us in Krak\u00f3w to find the right high-quality products for your business with the support of our expert on-site advisors.","og_url":"https:\/\/showrooms.ggmgastro.com\/tr\/poland-krakow\/","og_site_name":"GGM Gastro Showrooms","article_modified_time":"2026-02-09T07:28:44+00:00","og_image":[{"width":680,"height":417,"url":"https:\/\/showrooms.ggmgastro.com\/wp-content\/uploads\/2025-02-24.jpg","type":"image\/jpeg"}],"twitter_card":"summary_large_image","twitter_misc":{"Tahmini okuma s\u00fcresi":"1 dakika"},"schema":{"@context":"https:\/\/schema.org","@graph":[{"@type":"WebPage","@id":"https:\/\/showrooms.ggmgastro.com\/poland-krakow\/","url":"https:\/\/showrooms.ggmgastro.com\/poland-krakow\/","name":"GGM Gastro Krakow | Poland - GGM Gastro Showrooms","isPartOf":{"@id":"https:\/\/showrooms.ggmgastro.com\/#website"},"primaryImageOfPage":{"@id":"https:\/\/showrooms.ggmgastro.com\/poland-krakow\/#primaryimage"},"image":{"@id":"https:\/\/showrooms.ggmgastro.com\/poland-krakow\/#primaryimage"},"thumbnailUrl":"https:\/\/showrooms.ggmgastro.com\/wp-content\/uploads\/2025-02-24.jpg","datePublished":"2025-04-22T06:37:22+00:00","dateModified":"2026-02-09T07:28:44+00:00","breadcrumb":{"@id":"https:\/\/showrooms.ggmgastro.com\/poland-krakow\/#breadcrumb"},"inLanguage":"tr","potentialAction":[{"@type":"ReadAction","target":["https:\/\/showrooms.ggmgastro.com\/poland-krakow\/"]}]},{"@type":"ImageObject","inLanguage":"tr","@id":"https:\/\/showrooms.ggmgastro.com\/poland-krakow\/#primaryimage","url":"https:\/\/showrooms.ggmgastro.com\/wp-content\/uploads\/2025-02-24.jpg","contentUrl":"https:\/\/showrooms.ggmgastro.com\/wp-content\/uploads\/2025-02-24.jpg","width":680,"height":417},{"@type":"BreadcrumbList","@id":"https:\/\/showrooms.ggmgastro.com\/poland-krakow\/#breadcrumb","itemListElement":[{"@type":"ListItem","position":1,"name":"Startseite","item":"https:\/\/showrooms.ggmgastro.com\/"},{"@type":"ListItem","position":2,"name":"GGM Gastro Krakow | Poland"}]},{"@type":"WebSite","@id":"https:\/\/showrooms.ggmgastro.com\/#website","url":"https:\/\/showrooms.ggmgastro.com\/","name":"GGM Gastro Showrooms","description":"","publisher":{"@id":"https:\/\/showrooms.ggmgastro.com\/#organization"},"potentialAction":[{"@type":"SearchAction","target":{"@type":"EntryPoint","urlTemplate":"https:\/\/showrooms.ggmgastro.com\/?s={search_term_string}"},"query-input":{"@type":"PropertyValueSpecification","valueRequired":true,"valueName":"search_term_string"}}],"inLanguage":"tr"},{"@type":"Organization","@id":"https:\/\/showrooms.ggmgastro.com\/#organization","name":"GGM Gastro International GmbH","url":"https:\/\/showrooms.ggmgastro.com\/","logo":{"@type":"ImageObject","inLanguage":"tr","@id":"https:\/\/showrooms.ggmgastro.com\/#\/schema\/logo\/image\/","url":"https:\/\/showrooms.ggmgastro.com\/wp-content\/uploads\/ggmgastro-logo-dark-seo.jpg","contentUrl":"https:\/\/showrooms.ggmgastro.com\/wp-content\/uploads\/ggmgastro-logo-dark-seo.jpg","width":696,"height":696,"caption":"GGM Gastro International GmbH"},"image":{"@id":"https:\/\/showrooms.ggmgastro.com\/#\/schema\/logo\/image\/"}}]}},"_links":{"self":[{"href":"https:\/\/showrooms.ggmgastro.com\/tr\/wp-json\/wp\/v2\/pages\/10300","targetHints":{"allow":["GET"]}}],"collection":[{"href":"https:\/\/showrooms.ggmgastro.com\/tr\/wp-json\/wp\/v2\/pages"}],"about":[{"href":"https:\/\/showrooms.ggmgastro.com\/tr\/wp-json\/wp\/v2\/types\/page"}],"author":[{"embeddable":true,"href":"https:\/\/showrooms.ggmgastro.com\/tr\/wp-json\/wp\/v2\/users\/3"}],"replies":[{"embeddable":true,"href":"https:\/\/showrooms.ggmgastro.com\/tr\/wp-json\/wp\/v2\/comments?post=10300"}],"version-history":[{"count":34,"href":"https:\/\/showrooms.ggmgastro.com\/tr\/wp-json\/wp\/v2\/pages\/10300\/revisions"}],"predecessor-version":[{"id":67625,"href":"https:\/\/showrooms.ggmgastro.com\/tr\/wp-json\/wp\/v2\/pages\/10300\/revisions\/67625"}],"wp:featuredmedia":[{"embeddable":true,"href":"https:\/\/showrooms.ggmgastro.com\/tr\/wp-json\/wp\/v2\/media\/10301"}],"wp:attachment":[{"href":"https:\/\/showrooms.ggmgastro.com\/tr\/wp-json\/wp\/v2\/media?parent=10300"}],"wp:term":[{"taxonomy":"showroom_land","embeddable":true,"href":"https:\/\/showrooms.ggmgastro.com\/tr\/wp-json\/wp\/v2\/showroom_land?post=10300"},{"taxonomy":"seitentyp","embeddable":true,"href":"https:\/\/showrooms.ggmgastro.com\/tr\/wp-json\/wp\/v2\/seitentyp?post=10300"}],"curies":[{"name":"wp","href":"https:\/\/api.w.org\/{rel}","templated":true}]}}