{"id":10330,"date":"2025-04-22T06:37:33","date_gmt":"2025-04-22T06:37:33","guid":{"rendered":"https:\/\/showrooms.ggmgastro.com\/?page_id=10330"},"modified":"2026-02-09T09:24:22","modified_gmt":"2026-02-09T07:24:22","slug":"spain-madrid","status":"publish","type":"page","link":"https:\/\/showrooms.ggmgastro.com\/tr\/spain-madrid\/","title":{"rendered":"GGM Gastro Madrid | \u0130spanya"},"content":{"rendered":"<p>Madrid\u2019deki showroom\u2019umuz, \u0130spanya\u2019daki kaliteli gastronomi ekipmanlar\u0131 i\u00e7in adresinizdir. Bu lokasyonda geni\u015f \u00fcr\u00fcn yelpazesi ve uzman ekibimizden birebir dan\u0131\u015fmanl\u0131k hizmeti sizi bekliyor. \u0130\u015fletmeniz i\u00e7in en ideal \u00e7\u00f6z\u00fcmleri sunmak \u00fczere yan\u0131n\u0131zday\u0131z. Bizi ziyaret edin!<\/p>","protected":false},"excerpt":{"rendered":"<p>Madrid\u2019deki showroom\u2019umuz, \u0130spanya\u2019daki kaliteli gastronomi ekipmanlar\u0131 i\u00e7in adresinizdir. Bu lokasyonda geni\u015f \u00fcr\u00fcn yelpazesi ve uzman ekibimizden birebir dan\u0131\u015fmanl\u0131k hizmeti sizi bekliyor. \u0130\u015fletmeniz i\u00e7in en ideal \u00e7\u00f6z\u00fcmleri sunmak \u00fczere yan\u0131n\u0131zday\u0131z. Bizi ziyaret edin!<\/p>","protected":false},"author":3,"featured_media":10331,"parent":0,"menu_order":0,"comment_status":"closed","ping_status":"closed","template":"","meta":{"_acf_changed":false,"iawp_total_views":41623,"footnotes":""},"showroom_land":[48],"seitentyp":[87],"class_list":["post-10330","page","type-page","status-publish","has-post-thumbnail","hentry","showroom_land-spanien","seitentyp-showroom"],"acf":[],"yoast_head":"<!-- This site is optimized with the Yoast SEO plugin v26.9 - https:\/\/yoast.com\/product\/yoast-seo-wordpress\/ -->\n<title>GGM Gastro Madrid | Spain - GGM Gastro Showrooms<\/title>\n<meta name=\"robots\" content=\"index, follow, max-snippet:-1, max-image-preview:large, max-video-preview:-1\" \/>\n<link rel=\"canonical\" href=\"https:\/\/showrooms.ggmgastro.com\/tr\/spain-madrid\/\" \/>\n<meta property=\"og:locale\" content=\"tr_TR\" \/>\n<meta property=\"og:type\" content=\"article\" \/>\n<meta property=\"og:title\" content=\"GGM Gastro Madrid | Spain - GGM Gastro Showrooms\" \/>\n<meta property=\"og:description\" content=\"One of three Spanish locations, GGM Gastro\u2019s showroom in Madrid is a one-stop-shop for high-quality catering &amp; food service equipment. Browse a wide range of products and speak to our knowledgeable team for personalised advice on the right solution for your hospitality business. We look forward to your visit!\" \/>\n<meta property=\"og:url\" content=\"https:\/\/showrooms.ggmgastro.com\/tr\/spain-madrid\/\" \/>\n<meta property=\"og:site_name\" content=\"GGM Gastro Showrooms\" \/>\n<meta property=\"article:modified_time\" content=\"2026-02-09T07:24:22+00:00\" \/>\n<meta property=\"og:image\" content=\"https:\/\/showrooms.ggmgastro.com\/wp-content\/uploads\/2024_ES_Madrid_3_retouch_1.webp\" \/>\n\t<meta property=\"og:image:width\" content=\"1759\" \/>\n\t<meta property=\"og:image:height\" content=\"1323\" \/>\n\t<meta property=\"og:image:type\" content=\"image\/webp\" \/>\n<meta name=\"twitter:card\" content=\"summary_large_image\" \/>\n<meta name=\"twitter:label1\" content=\"Tahmini okuma s\u00fcresi\" \/>\n\t<meta name=\"twitter:data1\" content=\"1 dakika\" \/>\n<script type=\"application\/ld+json\" class=\"yoast-schema-graph\">{\"@context\":\"https:\/\/schema.org\",\"@graph\":[{\"@type\":\"WebPage\",\"@id\":\"https:\/\/showrooms.ggmgastro.com\/spain-madrid\/\",\"url\":\"https:\/\/showrooms.ggmgastro.com\/spain-madrid\/\",\"name\":\"GGM Gastro Madrid | Spain - GGM Gastro Showrooms\",\"isPartOf\":{\"@id\":\"https:\/\/showrooms.ggmgastro.com\/#website\"},\"primaryImageOfPage\":{\"@id\":\"https:\/\/showrooms.ggmgastro.com\/spain-madrid\/#primaryimage\"},\"image\":{\"@id\":\"https:\/\/showrooms.ggmgastro.com\/spain-madrid\/#primaryimage\"},\"thumbnailUrl\":\"https:\/\/showrooms.ggmgastro.com\/wp-content\/uploads\/2024_ES_Madrid_3_retouch_1.webp\",\"datePublished\":\"2025-04-22T06:37:33+00:00\",\"dateModified\":\"2026-02-09T07:24:22+00:00\",\"breadcrumb\":{\"@id\":\"https:\/\/showrooms.ggmgastro.com\/spain-madrid\/#breadcrumb\"},\"inLanguage\":\"tr\",\"potentialAction\":[{\"@type\":\"ReadAction\",\"target\":[\"https:\/\/showrooms.ggmgastro.com\/spain-madrid\/\"]}]},{\"@type\":\"ImageObject\",\"inLanguage\":\"tr\",\"@id\":\"https:\/\/showrooms.ggmgastro.com\/spain-madrid\/#primaryimage\",\"url\":\"https:\/\/showrooms.ggmgastro.com\/wp-content\/uploads\/2024_ES_Madrid_3_retouch_1.webp\",\"contentUrl\":\"https:\/\/showrooms.ggmgastro.com\/wp-content\/uploads\/2024_ES_Madrid_3_retouch_1.webp\",\"width\":1759,\"height\":1323},{\"@type\":\"BreadcrumbList\",\"@id\":\"https:\/\/showrooms.ggmgastro.com\/spain-madrid\/#breadcrumb\",\"itemListElement\":[{\"@type\":\"ListItem\",\"position\":1,\"name\":\"Startseite\",\"item\":\"https:\/\/showrooms.ggmgastro.com\/\"},{\"@type\":\"ListItem\",\"position\":2,\"name\":\"GGM Gastro Madrid | Spain\"}]},{\"@type\":\"WebSite\",\"@id\":\"https:\/\/showrooms.ggmgastro.com\/#website\",\"url\":\"https:\/\/showrooms.ggmgastro.com\/\",\"name\":\"GGM Gastro Showrooms\",\"description\":\"\",\"publisher\":{\"@id\":\"https:\/\/showrooms.ggmgastro.com\/#organization\"},\"potentialAction\":[{\"@type\":\"SearchAction\",\"target\":{\"@type\":\"EntryPoint\",\"urlTemplate\":\"https:\/\/showrooms.ggmgastro.com\/?s={search_term_string}\"},\"query-input\":{\"@type\":\"PropertyValueSpecification\",\"valueRequired\":true,\"valueName\":\"search_term_string\"}}],\"inLanguage\":\"tr\"},{\"@type\":\"Organization\",\"@id\":\"https:\/\/showrooms.ggmgastro.com\/#organization\",\"name\":\"GGM Gastro International GmbH\",\"url\":\"https:\/\/showrooms.ggmgastro.com\/\",\"logo\":{\"@type\":\"ImageObject\",\"inLanguage\":\"tr\",\"@id\":\"https:\/\/showrooms.ggmgastro.com\/#\/schema\/logo\/image\/\",\"url\":\"https:\/\/showrooms.ggmgastro.com\/wp-content\/uploads\/ggmgastro-logo-dark-seo.jpg\",\"contentUrl\":\"https:\/\/showrooms.ggmgastro.com\/wp-content\/uploads\/ggmgastro-logo-dark-seo.jpg\",\"width\":696,\"height\":696,\"caption\":\"GGM Gastro International GmbH\"},\"image\":{\"@id\":\"https:\/\/showrooms.ggmgastro.com\/#\/schema\/logo\/image\/\"}}]}<\/script>\n<!-- \/ Yoast SEO plugin. -->","yoast_head_json":{"title":"GGM Gastro Madrid | Spain - GGM Gastro Showrooms","robots":{"index":"index","follow":"follow","max-snippet":"max-snippet:-1","max-image-preview":"max-image-preview:large","max-video-preview":"max-video-preview:-1"},"canonical":"https:\/\/showrooms.ggmgastro.com\/tr\/spain-madrid\/","og_locale":"tr_TR","og_type":"article","og_title":"GGM Gastro Madrid | Spain - GGM Gastro Showrooms","og_description":"One of three Spanish locations, GGM Gastro\u2019s showroom in Madrid is a one-stop-shop for high-quality catering &amp; food service equipment. Browse a wide range of products and speak to our knowledgeable team for personalised advice on the right solution for your hospitality business. We look forward to your visit!","og_url":"https:\/\/showrooms.ggmgastro.com\/tr\/spain-madrid\/","og_site_name":"GGM Gastro Showrooms","article_modified_time":"2026-02-09T07:24:22+00:00","og_image":[{"width":1759,"height":1323,"url":"https:\/\/showrooms.ggmgastro.com\/wp-content\/uploads\/2024_ES_Madrid_3_retouch_1.webp","type":"image\/webp"}],"twitter_card":"summary_large_image","twitter_misc":{"Tahmini okuma s\u00fcresi":"1 dakika"},"schema":{"@context":"https:\/\/schema.org","@graph":[{"@type":"WebPage","@id":"https:\/\/showrooms.ggmgastro.com\/spain-madrid\/","url":"https:\/\/showrooms.ggmgastro.com\/spain-madrid\/","name":"GGM Gastro Madrid | Spain - GGM Gastro Showrooms","isPartOf":{"@id":"https:\/\/showrooms.ggmgastro.com\/#website"},"primaryImageOfPage":{"@id":"https:\/\/showrooms.ggmgastro.com\/spain-madrid\/#primaryimage"},"image":{"@id":"https:\/\/showrooms.ggmgastro.com\/spain-madrid\/#primaryimage"},"thumbnailUrl":"https:\/\/showrooms.ggmgastro.com\/wp-content\/uploads\/2024_ES_Madrid_3_retouch_1.webp","datePublished":"2025-04-22T06:37:33+00:00","dateModified":"2026-02-09T07:24:22+00:00","breadcrumb":{"@id":"https:\/\/showrooms.ggmgastro.com\/spain-madrid\/#breadcrumb"},"inLanguage":"tr","potentialAction":[{"@type":"ReadAction","target":["https:\/\/showrooms.ggmgastro.com\/spain-madrid\/"]}]},{"@type":"ImageObject","inLanguage":"tr","@id":"https:\/\/showrooms.ggmgastro.com\/spain-madrid\/#primaryimage","url":"https:\/\/showrooms.ggmgastro.com\/wp-content\/uploads\/2024_ES_Madrid_3_retouch_1.webp","contentUrl":"https:\/\/showrooms.ggmgastro.com\/wp-content\/uploads\/2024_ES_Madrid_3_retouch_1.webp","width":1759,"height":1323},{"@type":"BreadcrumbList","@id":"https:\/\/showrooms.ggmgastro.com\/spain-madrid\/#breadcrumb","itemListElement":[{"@type":"ListItem","position":1,"name":"Startseite","item":"https:\/\/showrooms.ggmgastro.com\/"},{"@type":"ListItem","position":2,"name":"GGM Gastro Madrid | Spain"}]},{"@type":"WebSite","@id":"https:\/\/showrooms.ggmgastro.com\/#website","url":"https:\/\/showrooms.ggmgastro.com\/","name":"GGM Gastro Showrooms","description":"","publisher":{"@id":"https:\/\/showrooms.ggmgastro.com\/#organization"},"potentialAction":[{"@type":"SearchAction","target":{"@type":"EntryPoint","urlTemplate":"https:\/\/showrooms.ggmgastro.com\/?s={search_term_string}"},"query-input":{"@type":"PropertyValueSpecification","valueRequired":true,"valueName":"search_term_string"}}],"inLanguage":"tr"},{"@type":"Organization","@id":"https:\/\/showrooms.ggmgastro.com\/#organization","name":"GGM Gastro International GmbH","url":"https:\/\/showrooms.ggmgastro.com\/","logo":{"@type":"ImageObject","inLanguage":"tr","@id":"https:\/\/showrooms.ggmgastro.com\/#\/schema\/logo\/image\/","url":"https:\/\/showrooms.ggmgastro.com\/wp-content\/uploads\/ggmgastro-logo-dark-seo.jpg","contentUrl":"https:\/\/showrooms.ggmgastro.com\/wp-content\/uploads\/ggmgastro-logo-dark-seo.jpg","width":696,"height":696,"caption":"GGM Gastro International GmbH"},"image":{"@id":"https:\/\/showrooms.ggmgastro.com\/#\/schema\/logo\/image\/"}}]}},"_links":{"self":[{"href":"https:\/\/showrooms.ggmgastro.com\/tr\/wp-json\/wp\/v2\/pages\/10330","targetHints":{"allow":["GET"]}}],"collection":[{"href":"https:\/\/showrooms.ggmgastro.com\/tr\/wp-json\/wp\/v2\/pages"}],"about":[{"href":"https:\/\/showrooms.ggmgastro.com\/tr\/wp-json\/wp\/v2\/types\/page"}],"author":[{"embeddable":true,"href":"https:\/\/showrooms.ggmgastro.com\/tr\/wp-json\/wp\/v2\/users\/3"}],"replies":[{"embeddable":true,"href":"https:\/\/showrooms.ggmgastro.com\/tr\/wp-json\/wp\/v2\/comments?post=10330"}],"version-history":[{"count":25,"href":"https:\/\/showrooms.ggmgastro.com\/tr\/wp-json\/wp\/v2\/pages\/10330\/revisions"}],"predecessor-version":[{"id":67620,"href":"https:\/\/showrooms.ggmgastro.com\/tr\/wp-json\/wp\/v2\/pages\/10330\/revisions\/67620"}],"wp:featuredmedia":[{"embeddable":true,"href":"https:\/\/showrooms.ggmgastro.com\/tr\/wp-json\/wp\/v2\/media\/10331"}],"wp:attachment":[{"href":"https:\/\/showrooms.ggmgastro.com\/tr\/wp-json\/wp\/v2\/media?parent=10330"}],"wp:term":[{"taxonomy":"showroom_land","embeddable":true,"href":"https:\/\/showrooms.ggmgastro.com\/tr\/wp-json\/wp\/v2\/showroom_land?post=10330"},{"taxonomy":"seitentyp","embeddable":true,"href":"https:\/\/showrooms.ggmgastro.com\/tr\/wp-json\/wp\/v2\/seitentyp?post=10330"}],"curies":[{"name":"wp","href":"https:\/\/api.w.org\/{rel}","templated":true}]}}