{"id":10343,"date":"2025-04-22T06:38:00","date_gmt":"2025-04-22T06:38:00","guid":{"rendered":"https:\/\/showrooms.ggmgastro.com\/?page_id=10343"},"modified":"2026-02-09T09:25:05","modified_gmt":"2026-02-09T07:25:05","slug":"spain-malaga","status":"publish","type":"page","link":"https:\/\/showrooms.ggmgastro.com\/tr\/spain-malaga\/","title":{"rendered":"GGM Gastro M\u00e1laga | Spania"},"content":{"rendered":"<p>Malaga\u2019daki showroom\u2019umuzu ziyaret edin!\nBurada y\u00fcksek kaliteli gastronomi ekipmanlar\u0131ndan olu\u015fan geni\u015f bir \u00fcr\u00fcn yelpazesi sizi bekliyor. \u0130spanya\u2019daki bu lokasyon ayr\u0131ca uzman ekibimiz taraf\u0131ndan profesyonel ve ki\u015fiye \u00f6zel dan\u0131\u015fmanl\u0131k hizmeti sunmaktad\u0131r. Gastronomi i\u015fletmeniz i\u00e7in en uygun ekipman\u0131 bulman\u0131zda size destek oluyoruz.<\/p>","protected":false},"excerpt":{"rendered":"<p>Malaga\u2019daki showroom\u2019umuzu ziyaret edin!\nBurada y\u00fcksek kaliteli gastronomi ekipmanlar\u0131ndan olu\u015fan geni\u015f bir \u00fcr\u00fcn yelpazesi sizi bekliyor. \u0130spanya\u2019daki bu lokasyon ayr\u0131ca uzman ekibimiz taraf\u0131ndan profesyonel ve ki\u015fiye \u00f6zel dan\u0131\u015fmanl\u0131k hizmeti sunmaktad\u0131r. Gastronomi i\u015fletmeniz i\u00e7in en uygun ekipman\u0131 bulman\u0131zda size destek oluyoruz.<\/p>","protected":false},"author":3,"featured_media":10344,"parent":0,"menu_order":0,"comment_status":"closed","ping_status":"closed","template":"","meta":{"_acf_changed":false,"iawp_total_views":32919,"footnotes":""},"showroom_land":[48],"seitentyp":[87],"class_list":["post-10343","page","type-page","status-publish","has-post-thumbnail","hentry","showroom_land-spanien","seitentyp-showroom"],"acf":[],"yoast_head":"<!-- This site is optimized with the Yoast SEO plugin v26.9 - https:\/\/yoast.com\/product\/yoast-seo-wordpress\/ -->\n<title>GGM Gastro M\u00e1laga | Spain - GGM Gastro Showrooms<\/title>\n<meta name=\"robots\" content=\"index, follow, max-snippet:-1, max-image-preview:large, max-video-preview:-1\" \/>\n<link rel=\"canonical\" href=\"https:\/\/showrooms.ggmgastro.com\/tr\/spain-malaga\/\" \/>\n<meta property=\"og:locale\" content=\"tr_TR\" \/>\n<meta property=\"og:type\" content=\"article\" \/>\n<meta property=\"og:title\" content=\"GGM Gastro M\u00e1laga | Spain - GGM Gastro Showrooms\" \/>\n<meta property=\"og:description\" content=\"GGM Gastro\u2019s showroom in M\u00e1laga, one of three locations across Spain, showcases a wide selection of high-quality catering &amp; food service appliances. Discover the selection and ask our friendly team for personalised expert advice for your kitchen.\" \/>\n<meta property=\"og:url\" content=\"https:\/\/showrooms.ggmgastro.com\/tr\/spain-malaga\/\" \/>\n<meta property=\"og:site_name\" content=\"GGM Gastro Showrooms\" \/>\n<meta property=\"article:modified_time\" content=\"2026-02-09T07:25:05+00:00\" \/>\n<meta property=\"og:image\" content=\"https:\/\/showrooms.ggmgastro.com\/wp-content\/uploads\/IMG_7198.jpg\" \/>\n\t<meta property=\"og:image:width\" content=\"680\" \/>\n\t<meta property=\"og:image:height\" content=\"510\" \/>\n\t<meta property=\"og:image:type\" content=\"image\/jpeg\" \/>\n<meta name=\"twitter:card\" content=\"summary_large_image\" \/>\n<meta name=\"twitter:label1\" content=\"Tahmini okuma s\u00fcresi\" \/>\n\t<meta name=\"twitter:data1\" content=\"1 dakika\" \/>\n<script type=\"application\/ld+json\" class=\"yoast-schema-graph\">{\"@context\":\"https:\/\/schema.org\",\"@graph\":[{\"@type\":\"WebPage\",\"@id\":\"https:\/\/showrooms.ggmgastro.com\/spain-malaga\/\",\"url\":\"https:\/\/showrooms.ggmgastro.com\/spain-malaga\/\",\"name\":\"GGM Gastro M\u00e1laga | Spain - GGM Gastro Showrooms\",\"isPartOf\":{\"@id\":\"https:\/\/showrooms.ggmgastro.com\/#website\"},\"primaryImageOfPage\":{\"@id\":\"https:\/\/showrooms.ggmgastro.com\/spain-malaga\/#primaryimage\"},\"image\":{\"@id\":\"https:\/\/showrooms.ggmgastro.com\/spain-malaga\/#primaryimage\"},\"thumbnailUrl\":\"https:\/\/showrooms.ggmgastro.com\/wp-content\/uploads\/IMG_7198.jpg\",\"datePublished\":\"2025-04-22T06:38:00+00:00\",\"dateModified\":\"2026-02-09T07:25:05+00:00\",\"breadcrumb\":{\"@id\":\"https:\/\/showrooms.ggmgastro.com\/spain-malaga\/#breadcrumb\"},\"inLanguage\":\"tr\",\"potentialAction\":[{\"@type\":\"ReadAction\",\"target\":[\"https:\/\/showrooms.ggmgastro.com\/spain-malaga\/\"]}]},{\"@type\":\"ImageObject\",\"inLanguage\":\"tr\",\"@id\":\"https:\/\/showrooms.ggmgastro.com\/spain-malaga\/#primaryimage\",\"url\":\"https:\/\/showrooms.ggmgastro.com\/wp-content\/uploads\/IMG_7198.jpg\",\"contentUrl\":\"https:\/\/showrooms.ggmgastro.com\/wp-content\/uploads\/IMG_7198.jpg\",\"width\":680,\"height\":510},{\"@type\":\"BreadcrumbList\",\"@id\":\"https:\/\/showrooms.ggmgastro.com\/spain-malaga\/#breadcrumb\",\"itemListElement\":[{\"@type\":\"ListItem\",\"position\":1,\"name\":\"Startseite\",\"item\":\"https:\/\/showrooms.ggmgastro.com\/\"},{\"@type\":\"ListItem\",\"position\":2,\"name\":\"GGM Gastro M\u00e1laga | Spain\"}]},{\"@type\":\"WebSite\",\"@id\":\"https:\/\/showrooms.ggmgastro.com\/#website\",\"url\":\"https:\/\/showrooms.ggmgastro.com\/\",\"name\":\"GGM Gastro Showrooms\",\"description\":\"\",\"publisher\":{\"@id\":\"https:\/\/showrooms.ggmgastro.com\/#organization\"},\"potentialAction\":[{\"@type\":\"SearchAction\",\"target\":{\"@type\":\"EntryPoint\",\"urlTemplate\":\"https:\/\/showrooms.ggmgastro.com\/?s={search_term_string}\"},\"query-input\":{\"@type\":\"PropertyValueSpecification\",\"valueRequired\":true,\"valueName\":\"search_term_string\"}}],\"inLanguage\":\"tr\"},{\"@type\":\"Organization\",\"@id\":\"https:\/\/showrooms.ggmgastro.com\/#organization\",\"name\":\"GGM Gastro International GmbH\",\"url\":\"https:\/\/showrooms.ggmgastro.com\/\",\"logo\":{\"@type\":\"ImageObject\",\"inLanguage\":\"tr\",\"@id\":\"https:\/\/showrooms.ggmgastro.com\/#\/schema\/logo\/image\/\",\"url\":\"https:\/\/showrooms.ggmgastro.com\/wp-content\/uploads\/ggmgastro-logo-dark-seo.jpg\",\"contentUrl\":\"https:\/\/showrooms.ggmgastro.com\/wp-content\/uploads\/ggmgastro-logo-dark-seo.jpg\",\"width\":696,\"height\":696,\"caption\":\"GGM Gastro International GmbH\"},\"image\":{\"@id\":\"https:\/\/showrooms.ggmgastro.com\/#\/schema\/logo\/image\/\"}}]}<\/script>\n<!-- \/ Yoast SEO plugin. -->","yoast_head_json":{"title":"GGM Gastro M\u00e1laga | Spain - GGM Gastro Showrooms","robots":{"index":"index","follow":"follow","max-snippet":"max-snippet:-1","max-image-preview":"max-image-preview:large","max-video-preview":"max-video-preview:-1"},"canonical":"https:\/\/showrooms.ggmgastro.com\/tr\/spain-malaga\/","og_locale":"tr_TR","og_type":"article","og_title":"GGM Gastro M\u00e1laga | Spain - GGM Gastro Showrooms","og_description":"GGM Gastro\u2019s showroom in M\u00e1laga, one of three locations across Spain, showcases a wide selection of high-quality catering &amp; food service appliances. Discover the selection and ask our friendly team for personalised expert advice for your kitchen.","og_url":"https:\/\/showrooms.ggmgastro.com\/tr\/spain-malaga\/","og_site_name":"GGM Gastro Showrooms","article_modified_time":"2026-02-09T07:25:05+00:00","og_image":[{"width":680,"height":510,"url":"https:\/\/showrooms.ggmgastro.com\/wp-content\/uploads\/IMG_7198.jpg","type":"image\/jpeg"}],"twitter_card":"summary_large_image","twitter_misc":{"Tahmini okuma s\u00fcresi":"1 dakika"},"schema":{"@context":"https:\/\/schema.org","@graph":[{"@type":"WebPage","@id":"https:\/\/showrooms.ggmgastro.com\/spain-malaga\/","url":"https:\/\/showrooms.ggmgastro.com\/spain-malaga\/","name":"GGM Gastro M\u00e1laga | Spain - GGM Gastro Showrooms","isPartOf":{"@id":"https:\/\/showrooms.ggmgastro.com\/#website"},"primaryImageOfPage":{"@id":"https:\/\/showrooms.ggmgastro.com\/spain-malaga\/#primaryimage"},"image":{"@id":"https:\/\/showrooms.ggmgastro.com\/spain-malaga\/#primaryimage"},"thumbnailUrl":"https:\/\/showrooms.ggmgastro.com\/wp-content\/uploads\/IMG_7198.jpg","datePublished":"2025-04-22T06:38:00+00:00","dateModified":"2026-02-09T07:25:05+00:00","breadcrumb":{"@id":"https:\/\/showrooms.ggmgastro.com\/spain-malaga\/#breadcrumb"},"inLanguage":"tr","potentialAction":[{"@type":"ReadAction","target":["https:\/\/showrooms.ggmgastro.com\/spain-malaga\/"]}]},{"@type":"ImageObject","inLanguage":"tr","@id":"https:\/\/showrooms.ggmgastro.com\/spain-malaga\/#primaryimage","url":"https:\/\/showrooms.ggmgastro.com\/wp-content\/uploads\/IMG_7198.jpg","contentUrl":"https:\/\/showrooms.ggmgastro.com\/wp-content\/uploads\/IMG_7198.jpg","width":680,"height":510},{"@type":"BreadcrumbList","@id":"https:\/\/showrooms.ggmgastro.com\/spain-malaga\/#breadcrumb","itemListElement":[{"@type":"ListItem","position":1,"name":"Startseite","item":"https:\/\/showrooms.ggmgastro.com\/"},{"@type":"ListItem","position":2,"name":"GGM Gastro M\u00e1laga | Spain"}]},{"@type":"WebSite","@id":"https:\/\/showrooms.ggmgastro.com\/#website","url":"https:\/\/showrooms.ggmgastro.com\/","name":"GGM Gastro Showrooms","description":"","publisher":{"@id":"https:\/\/showrooms.ggmgastro.com\/#organization"},"potentialAction":[{"@type":"SearchAction","target":{"@type":"EntryPoint","urlTemplate":"https:\/\/showrooms.ggmgastro.com\/?s={search_term_string}"},"query-input":{"@type":"PropertyValueSpecification","valueRequired":true,"valueName":"search_term_string"}}],"inLanguage":"tr"},{"@type":"Organization","@id":"https:\/\/showrooms.ggmgastro.com\/#organization","name":"GGM Gastro International GmbH","url":"https:\/\/showrooms.ggmgastro.com\/","logo":{"@type":"ImageObject","inLanguage":"tr","@id":"https:\/\/showrooms.ggmgastro.com\/#\/schema\/logo\/image\/","url":"https:\/\/showrooms.ggmgastro.com\/wp-content\/uploads\/ggmgastro-logo-dark-seo.jpg","contentUrl":"https:\/\/showrooms.ggmgastro.com\/wp-content\/uploads\/ggmgastro-logo-dark-seo.jpg","width":696,"height":696,"caption":"GGM Gastro International GmbH"},"image":{"@id":"https:\/\/showrooms.ggmgastro.com\/#\/schema\/logo\/image\/"}}]}},"_links":{"self":[{"href":"https:\/\/showrooms.ggmgastro.com\/tr\/wp-json\/wp\/v2\/pages\/10343","targetHints":{"allow":["GET"]}}],"collection":[{"href":"https:\/\/showrooms.ggmgastro.com\/tr\/wp-json\/wp\/v2\/pages"}],"about":[{"href":"https:\/\/showrooms.ggmgastro.com\/tr\/wp-json\/wp\/v2\/types\/page"}],"author":[{"embeddable":true,"href":"https:\/\/showrooms.ggmgastro.com\/tr\/wp-json\/wp\/v2\/users\/3"}],"replies":[{"embeddable":true,"href":"https:\/\/showrooms.ggmgastro.com\/tr\/wp-json\/wp\/v2\/comments?post=10343"}],"version-history":[{"count":26,"href":"https:\/\/showrooms.ggmgastro.com\/tr\/wp-json\/wp\/v2\/pages\/10343\/revisions"}],"predecessor-version":[{"id":67621,"href":"https:\/\/showrooms.ggmgastro.com\/tr\/wp-json\/wp\/v2\/pages\/10343\/revisions\/67621"}],"wp:featuredmedia":[{"embeddable":true,"href":"https:\/\/showrooms.ggmgastro.com\/tr\/wp-json\/wp\/v2\/media\/10344"}],"wp:attachment":[{"href":"https:\/\/showrooms.ggmgastro.com\/tr\/wp-json\/wp\/v2\/media?parent=10343"}],"wp:term":[{"taxonomy":"showroom_land","embeddable":true,"href":"https:\/\/showrooms.ggmgastro.com\/tr\/wp-json\/wp\/v2\/showroom_land?post=10343"},{"taxonomy":"seitentyp","embeddable":true,"href":"https:\/\/showrooms.ggmgastro.com\/tr\/wp-json\/wp\/v2\/seitentyp?post=10343"}],"curies":[{"name":"wp","href":"https:\/\/api.w.org\/{rel}","templated":true}]}}