{"id":10358,"date":"2025-04-22T06:37:01","date_gmt":"2025-04-22T06:37:01","guid":{"rendered":"https:\/\/showrooms.ggmgastro.com\/?page_id=10358"},"modified":"2026-05-06T11:28:14","modified_gmt":"2026-05-06T09:28:14","slug":"romania-bucharest","status":"publish","type":"page","link":"https:\/\/showrooms.ggmgastro.com\/tr\/romania-bucharest\/","title":{"rendered":"GGM Gastro B\u00fckre\u015f | Romanya"},"content":{"rendered":"<p>GGM Gastro B\u00fckre\u015f Showroom\u2019u, y\u00fcksek kaliteli gastronomi ekipmanlar\u0131ndan olu\u015fan geni\u015f bir \u00fcr\u00fcn yelpazesi sunmaktad\u0131r. Romanya\u2019daki bu lokasyonda, uzman ekibimiz size dan\u0131\u015fmanl\u0131k deste\u011fi vermekten memnuniyet duyar.\nB\u00fckre\u015f\u2019te bizi ziyaret edin ve gastronomi i\u015fletmeniz i\u00e7in en iyi \u00e7\u00f6z\u00fcmleri ke\u015ffedin!<\/p>","protected":false},"excerpt":{"rendered":"<p>GGM Gastro B\u00fckre\u015f Showroom\u2019u, y\u00fcksek kaliteli gastronomi ekipmanlar\u0131ndan olu\u015fan geni\u015f bir \u00fcr\u00fcn yelpazesi sunmaktad\u0131r. Romanya\u2019daki bu lokasyonda, uzman ekibimiz size dan\u0131\u015fmanl\u0131k deste\u011fi vermekten memnuniyet duyar.\nB\u00fckre\u015f\u2019te bizi ziyaret edin ve gastronomi i\u015fletmeniz i\u00e7in en iyi \u00e7\u00f6z\u00fcmleri ke\u015ffedin!<\/p>","protected":false},"author":3,"featured_media":10370,"parent":0,"menu_order":0,"comment_status":"closed","ping_status":"closed","template":"","meta":{"_acf_changed":false,"iawp_total_views":21831,"footnotes":""},"showroom_land":[53],"seitentyp":[87],"class_list":["post-10358","page","type-page","status-publish","has-post-thumbnail","hentry","showroom_land-rumaenien","seitentyp-showroom"],"acf":[],"yoast_head":"<!-- This site is optimized with the Yoast SEO plugin v27.5 - https:\/\/yoast.com\/product\/yoast-seo-wordpress\/ -->\n<title>GGM Gastro Bucharest | Romania - GGM Gastro Showrooms<\/title>\n<meta name=\"robots\" content=\"index, follow, max-snippet:-1, max-image-preview:large, max-video-preview:-1\" \/>\n<link rel=\"canonical\" href=\"https:\/\/showrooms.ggmgastro.com\/tr\/romania-bucharest\/\" \/>\n<meta property=\"og:locale\" content=\"tr_TR\" \/>\n<meta property=\"og:type\" content=\"article\" \/>\n<meta property=\"og:title\" content=\"GGM Gastro Bucharest | Romania - GGM Gastro Showrooms\" \/>\n<meta property=\"og:description\" content=\"The GGM Gastro showroom in Bucharest offers a varied display of high-quality catering &amp; food service equipment and a friendly team of experts serving up personalised advice. Visit us in the Romanian capital to level up your hospitality business!\" \/>\n<meta property=\"og:url\" content=\"https:\/\/showrooms.ggmgastro.com\/tr\/romania-bucharest\/\" \/>\n<meta property=\"og:site_name\" content=\"GGM Gastro Showrooms\" \/>\n<meta property=\"article:modified_time\" content=\"2026-05-06T09:28:14+00:00\" \/>\n<meta property=\"og:image\" content=\"https:\/\/showrooms.ggmgastro.com\/wp-content\/uploads\/Standort_RO_Bukarest.webp\" \/>\n\t<meta property=\"og:image:width\" content=\"1200\" \/>\n\t<meta property=\"og:image:height\" content=\"900\" \/>\n\t<meta property=\"og:image:type\" content=\"image\/webp\" \/>\n<meta name=\"twitter:card\" content=\"summary_large_image\" \/>\n<meta name=\"twitter:label1\" content=\"Tahmini okuma s\u00fcresi\" \/>\n\t<meta name=\"twitter:data1\" content=\"1 dakika\" \/>\n<script type=\"application\/ld+json\" class=\"yoast-schema-graph\">{\"@context\":\"https:\\\/\\\/schema.org\",\"@graph\":[{\"@type\":\"WebPage\",\"@id\":\"https:\\\/\\\/showrooms.ggmgastro.com\\\/romania-bucharest\\\/\",\"url\":\"https:\\\/\\\/showrooms.ggmgastro.com\\\/romania-bucharest\\\/\",\"name\":\"GGM Gastro Bucharest | Romania - GGM Gastro Showrooms\",\"isPartOf\":{\"@id\":\"https:\\\/\\\/showrooms.ggmgastro.com\\\/#website\"},\"primaryImageOfPage\":{\"@id\":\"https:\\\/\\\/showrooms.ggmgastro.com\\\/romania-bucharest\\\/#primaryimage\"},\"image\":{\"@id\":\"https:\\\/\\\/showrooms.ggmgastro.com\\\/romania-bucharest\\\/#primaryimage\"},\"thumbnailUrl\":\"https:\\\/\\\/showrooms.ggmgastro.com\\\/wp-content\\\/uploads\\\/Standort_RO_Bukarest.webp\",\"datePublished\":\"2025-04-22T06:37:01+00:00\",\"dateModified\":\"2026-05-06T09:28:14+00:00\",\"breadcrumb\":{\"@id\":\"https:\\\/\\\/showrooms.ggmgastro.com\\\/romania-bucharest\\\/#breadcrumb\"},\"inLanguage\":\"tr\",\"potentialAction\":[{\"@type\":\"ReadAction\",\"target\":[\"https:\\\/\\\/showrooms.ggmgastro.com\\\/romania-bucharest\\\/\"]}]},{\"@type\":\"ImageObject\",\"inLanguage\":\"tr\",\"@id\":\"https:\\\/\\\/showrooms.ggmgastro.com\\\/romania-bucharest\\\/#primaryimage\",\"url\":\"https:\\\/\\\/showrooms.ggmgastro.com\\\/wp-content\\\/uploads\\\/Standort_RO_Bukarest.webp\",\"contentUrl\":\"https:\\\/\\\/showrooms.ggmgastro.com\\\/wp-content\\\/uploads\\\/Standort_RO_Bukarest.webp\",\"width\":1200,\"height\":900},{\"@type\":\"BreadcrumbList\",\"@id\":\"https:\\\/\\\/showrooms.ggmgastro.com\\\/romania-bucharest\\\/#breadcrumb\",\"itemListElement\":[{\"@type\":\"ListItem\",\"position\":1,\"name\":\"Startseite\",\"item\":\"https:\\\/\\\/showrooms.ggmgastro.com\\\/\"},{\"@type\":\"ListItem\",\"position\":2,\"name\":\"GGM Gastro Bucharest | Romania\"}]},{\"@type\":\"WebSite\",\"@id\":\"https:\\\/\\\/showrooms.ggmgastro.com\\\/#website\",\"url\":\"https:\\\/\\\/showrooms.ggmgastro.com\\\/\",\"name\":\"GGM Gastro Showrooms\",\"description\":\"\",\"publisher\":{\"@id\":\"https:\\\/\\\/showrooms.ggmgastro.com\\\/#organization\"},\"potentialAction\":[{\"@type\":\"SearchAction\",\"target\":{\"@type\":\"EntryPoint\",\"urlTemplate\":\"https:\\\/\\\/showrooms.ggmgastro.com\\\/?s={search_term_string}\"},\"query-input\":{\"@type\":\"PropertyValueSpecification\",\"valueRequired\":true,\"valueName\":\"search_term_string\"}}],\"inLanguage\":\"tr\"},{\"@type\":\"Organization\",\"@id\":\"https:\\\/\\\/showrooms.ggmgastro.com\\\/#organization\",\"name\":\"GGM Gastro International GmbH\",\"url\":\"https:\\\/\\\/showrooms.ggmgastro.com\\\/\",\"logo\":{\"@type\":\"ImageObject\",\"inLanguage\":\"tr\",\"@id\":\"https:\\\/\\\/showrooms.ggmgastro.com\\\/#\\\/schema\\\/logo\\\/image\\\/\",\"url\":\"https:\\\/\\\/showrooms.ggmgastro.com\\\/wp-content\\\/uploads\\\/ggmgastro-logo-dark-seo.jpg\",\"contentUrl\":\"https:\\\/\\\/showrooms.ggmgastro.com\\\/wp-content\\\/uploads\\\/ggmgastro-logo-dark-seo.jpg\",\"width\":696,\"height\":696,\"caption\":\"GGM Gastro International GmbH\"},\"image\":{\"@id\":\"https:\\\/\\\/showrooms.ggmgastro.com\\\/#\\\/schema\\\/logo\\\/image\\\/\"}}]}<\/script>\n<!-- \/ Yoast SEO plugin. -->","yoast_head_json":{"title":"GGM Gastro Bucharest | Romania - GGM Gastro Showrooms","robots":{"index":"index","follow":"follow","max-snippet":"max-snippet:-1","max-image-preview":"max-image-preview:large","max-video-preview":"max-video-preview:-1"},"canonical":"https:\/\/showrooms.ggmgastro.com\/tr\/romania-bucharest\/","og_locale":"tr_TR","og_type":"article","og_title":"GGM Gastro Bucharest | Romania - GGM Gastro Showrooms","og_description":"The GGM Gastro showroom in Bucharest offers a varied display of high-quality catering &amp; food service equipment and a friendly team of experts serving up personalised advice. Visit us in the Romanian capital to level up your hospitality business!","og_url":"https:\/\/showrooms.ggmgastro.com\/tr\/romania-bucharest\/","og_site_name":"GGM Gastro Showrooms","article_modified_time":"2026-05-06T09:28:14+00:00","og_image":[{"width":1200,"height":900,"url":"https:\/\/showrooms.ggmgastro.com\/wp-content\/uploads\/Standort_RO_Bukarest.webp","type":"image\/webp"}],"twitter_card":"summary_large_image","twitter_misc":{"Tahmini okuma s\u00fcresi":"1 dakika"},"schema":{"@context":"https:\/\/schema.org","@graph":[{"@type":"WebPage","@id":"https:\/\/showrooms.ggmgastro.com\/romania-bucharest\/","url":"https:\/\/showrooms.ggmgastro.com\/romania-bucharest\/","name":"GGM Gastro Bucharest | Romania - GGM Gastro Showrooms","isPartOf":{"@id":"https:\/\/showrooms.ggmgastro.com\/#website"},"primaryImageOfPage":{"@id":"https:\/\/showrooms.ggmgastro.com\/romania-bucharest\/#primaryimage"},"image":{"@id":"https:\/\/showrooms.ggmgastro.com\/romania-bucharest\/#primaryimage"},"thumbnailUrl":"https:\/\/showrooms.ggmgastro.com\/wp-content\/uploads\/Standort_RO_Bukarest.webp","datePublished":"2025-04-22T06:37:01+00:00","dateModified":"2026-05-06T09:28:14+00:00","breadcrumb":{"@id":"https:\/\/showrooms.ggmgastro.com\/romania-bucharest\/#breadcrumb"},"inLanguage":"tr","potentialAction":[{"@type":"ReadAction","target":["https:\/\/showrooms.ggmgastro.com\/romania-bucharest\/"]}]},{"@type":"ImageObject","inLanguage":"tr","@id":"https:\/\/showrooms.ggmgastro.com\/romania-bucharest\/#primaryimage","url":"https:\/\/showrooms.ggmgastro.com\/wp-content\/uploads\/Standort_RO_Bukarest.webp","contentUrl":"https:\/\/showrooms.ggmgastro.com\/wp-content\/uploads\/Standort_RO_Bukarest.webp","width":1200,"height":900},{"@type":"BreadcrumbList","@id":"https:\/\/showrooms.ggmgastro.com\/romania-bucharest\/#breadcrumb","itemListElement":[{"@type":"ListItem","position":1,"name":"Startseite","item":"https:\/\/showrooms.ggmgastro.com\/"},{"@type":"ListItem","position":2,"name":"GGM Gastro Bucharest | Romania"}]},{"@type":"WebSite","@id":"https:\/\/showrooms.ggmgastro.com\/#website","url":"https:\/\/showrooms.ggmgastro.com\/","name":"GGM Gastro Showrooms","description":"","publisher":{"@id":"https:\/\/showrooms.ggmgastro.com\/#organization"},"potentialAction":[{"@type":"SearchAction","target":{"@type":"EntryPoint","urlTemplate":"https:\/\/showrooms.ggmgastro.com\/?s={search_term_string}"},"query-input":{"@type":"PropertyValueSpecification","valueRequired":true,"valueName":"search_term_string"}}],"inLanguage":"tr"},{"@type":"Organization","@id":"https:\/\/showrooms.ggmgastro.com\/#organization","name":"GGM Gastro International GmbH","url":"https:\/\/showrooms.ggmgastro.com\/","logo":{"@type":"ImageObject","inLanguage":"tr","@id":"https:\/\/showrooms.ggmgastro.com\/#\/schema\/logo\/image\/","url":"https:\/\/showrooms.ggmgastro.com\/wp-content\/uploads\/ggmgastro-logo-dark-seo.jpg","contentUrl":"https:\/\/showrooms.ggmgastro.com\/wp-content\/uploads\/ggmgastro-logo-dark-seo.jpg","width":696,"height":696,"caption":"GGM Gastro International GmbH"},"image":{"@id":"https:\/\/showrooms.ggmgastro.com\/#\/schema\/logo\/image\/"}}]}},"_links":{"self":[{"href":"https:\/\/showrooms.ggmgastro.com\/tr\/wp-json\/wp\/v2\/pages\/10358","targetHints":{"allow":["GET"]}}],"collection":[{"href":"https:\/\/showrooms.ggmgastro.com\/tr\/wp-json\/wp\/v2\/pages"}],"about":[{"href":"https:\/\/showrooms.ggmgastro.com\/tr\/wp-json\/wp\/v2\/types\/page"}],"author":[{"embeddable":true,"href":"https:\/\/showrooms.ggmgastro.com\/tr\/wp-json\/wp\/v2\/users\/3"}],"replies":[{"embeddable":true,"href":"https:\/\/showrooms.ggmgastro.com\/tr\/wp-json\/wp\/v2\/comments?post=10358"}],"version-history":[{"count":32,"href":"https:\/\/showrooms.ggmgastro.com\/tr\/wp-json\/wp\/v2\/pages\/10358\/revisions"}],"predecessor-version":[{"id":69981,"href":"https:\/\/showrooms.ggmgastro.com\/tr\/wp-json\/wp\/v2\/pages\/10358\/revisions\/69981"}],"wp:featuredmedia":[{"embeddable":true,"href":"https:\/\/showrooms.ggmgastro.com\/tr\/wp-json\/wp\/v2\/media\/10370"}],"wp:attachment":[{"href":"https:\/\/showrooms.ggmgastro.com\/tr\/wp-json\/wp\/v2\/media?parent=10358"}],"wp:term":[{"taxonomy":"showroom_land","embeddable":true,"href":"https:\/\/showrooms.ggmgastro.com\/tr\/wp-json\/wp\/v2\/showroom_land?post=10358"},{"taxonomy":"seitentyp","embeddable":true,"href":"https:\/\/showrooms.ggmgastro.com\/tr\/wp-json\/wp\/v2\/seitentyp?post=10358"}],"curies":[{"name":"wp","href":"https:\/\/api.w.org\/{rel}","templated":true}]}}