{"id":68391,"date":"2026-03-19T13:20:01","date_gmt":"2026-03-19T11:20:01","guid":{"rendered":"https:\/\/showrooms.ggmgastro.com\/?page_id=68391"},"modified":"2026-03-19T13:20:01","modified_gmt":"2026-03-19T11:20:01","slug":"hostech_2026","status":"publish","type":"page","link":"https:\/\/showrooms.ggmgastro.com\/tr\/hostech_2026\/","title":{"rendered":"GGM Gastro HOSTECH by TUSID\u2019da"},"content":{"rendered":"<section class=\"l-section wpb_row height_large\"><div class=\"l-section-h i-cf\"><div class=\"g-cols vc_row via_grid cols_1 laptops-cols_inherit tablets-cols_inherit mobiles-cols_1 valign_top type_default stacking_default\"><div class=\"wpb_column vc_column_container\"><div class=\"vc_column-inner\"><div class=\"wpb_text_column\"><div class=\"wpb_wrapper\"><p> <strong>10\u201314 Kas\u0131m 2026 tarihleri aras\u0131nda GGM Gastro, \u0130stanbul\u2019da d\u00fczenlenen HOSTECH by TUSID fuar\u0131nda yer alacakt\u0131r. Bu fuar, otelcilik ve gastronomi ekipmanlar\u0131 sekt\u00f6r\u00fcn\u00fcn \u00f6nde gelen uluslararas\u0131 etkinliklerinden biridir.<\/strong><\/p>\n<p>Modern gastronominin ihtiya\u00e7lar\u0131n\u0131 kar\u015f\u0131lamak \u00fczere tasarlanm\u0131\u015f profesyonel mutfak \u00e7\u00f6z\u00fcmlerini ke\u015ffedin. Avrupa\u2019n\u0131n \u00f6nde gelen gastronomi ekipmanlar\u0131 tedarik\u00e7isi olarak GGM Gastro, y\u00fcksek performansl\u0131 tekil cihazlardan restoranlar, oteller, zincir restoranlar, catering \u015firketleri ve g\u0131da perakendesi i\u00e7in komple mutfak konseptlerine kadar geni\u015f bir \u00fcr\u00fcn portf\u00f6y\u00fc sunmaktad\u0131r.<\/p>\n<p>Stand\u0131m\u0131z\u0131 ziyaret ederek yenilik\u00e7i teknolojileri, verimli mutfak sistemlerini ve g\u00fcnl\u00fck profesyonel kullan\u0131m i\u00e7in geli\u015ftirilmi\u015f g\u00fcvenilir ekipmanlar\u0131 ke\u015ffedebilirsiniz. Ekibimiz, pratik \u00e7\u00f6z\u00fcmleri tan\u0131tmak ve \u00fcr\u00fcnlerimizin i\u015fletmenizi nas\u0131l destekleyebilece\u011fini g\u00f6r\u00fc\u015fmek \u00fczere fuarda haz\u0131r bulunacakt\u0131r.<\/p>\n<p>Sizi \u0130stanbul\u2019da a\u011f\u0131rlamaktan mutluluk duyar\u0131z.<\/p>\n<p><strong>Salon 12A, Stand 23A<\/strong><\/p>\n<\/div><\/div><\/div><\/div><\/div><\/div><\/section>","protected":false},"excerpt":{"rendered":"From 10 to 14 November 2026, GGM Gastro will exhibit at HOSTECH by TUSID in Istanbul, one of the leading trade fairs for the hospitality and catering equipment industry. Discover professional kitchen solutions designed to meet the demands of modern gastronomy. As Europe\u2019s leading supplier of catering equipment, GGM Gastro offers a comprehensive portfolio ranging...","protected":false},"author":7,"featured_media":67883,"parent":0,"menu_order":0,"comment_status":"closed","ping_status":"closed","template":"","meta":{"_acf_changed":false,"iawp_total_views":394,"footnotes":""},"showroom_land":[],"seitentyp":[91],"class_list":["post-68391","page","type-page","status-publish","has-post-thumbnail","hentry","seitentyp-messe"],"acf":[],"yoast_head":"<!-- This site is optimized with the Yoast SEO plugin v26.9 - https:\/\/yoast.com\/product\/yoast-seo-wordpress\/ -->\n<title>GGM Gastro at Hostech - GGM Gastro Showrooms<\/title>\n<meta name=\"description\" content=\"Visit GGM Gastro at the Hostech in Istanbul and discover professional catering and retail solutions, powerful equipment and expert advice. Hall 12A, Booth: 23A.\" \/>\n<meta name=\"robots\" content=\"index, follow, max-snippet:-1, max-image-preview:large, max-video-preview:-1\" \/>\n<link rel=\"canonical\" href=\"https:\/\/showrooms.ggmgastro.com\/tr\/hostech_2026\/\" \/>\n<meta property=\"og:locale\" content=\"tr_TR\" \/>\n<meta property=\"og:type\" content=\"article\" \/>\n<meta property=\"og:title\" content=\"GGM Gastro at Hostech - GGM Gastro Showrooms\" \/>\n<meta property=\"og:description\" content=\"Visit GGM Gastro at the Hostech in Istanbul and discover professional catering and retail solutions, powerful equipment and expert advice. Hall 12A, Booth: 23A.\" \/>\n<meta property=\"og:url\" content=\"https:\/\/showrooms.ggmgastro.com\/tr\/hostech_2026\/\" \/>\n<meta property=\"og:site_name\" content=\"GGM Gastro Showrooms\" \/>\n<meta property=\"og:image\" content=\"https:\/\/showrooms.ggmgastro.com\/wp-content\/uploads\/hostech.jpg\" \/>\n\t<meta property=\"og:image:width\" content=\"1200\" \/>\n\t<meta property=\"og:image:height\" content=\"1200\" \/>\n\t<meta property=\"og:image:type\" content=\"image\/jpeg\" \/>\n<meta name=\"twitter:card\" content=\"summary_large_image\" \/>\n<meta name=\"twitter:label1\" content=\"Tahmini okuma s\u00fcresi\" \/>\n\t<meta name=\"twitter:data1\" content=\"1 dakika\" \/>\n<script type=\"application\/ld+json\" class=\"yoast-schema-graph\">{\"@context\":\"https:\/\/schema.org\",\"@graph\":[{\"@type\":\"WebPage\",\"@id\":\"https:\/\/showrooms.ggmgastro.com\/hostech_2026\/\",\"url\":\"https:\/\/showrooms.ggmgastro.com\/hostech_2026\/\",\"name\":\"GGM Gastro at Hostech - GGM Gastro Showrooms\",\"isPartOf\":{\"@id\":\"https:\/\/showrooms.ggmgastro.com\/#website\"},\"primaryImageOfPage\":{\"@id\":\"https:\/\/showrooms.ggmgastro.com\/hostech_2026\/#primaryimage\"},\"image\":{\"@id\":\"https:\/\/showrooms.ggmgastro.com\/hostech_2026\/#primaryimage\"},\"thumbnailUrl\":\"https:\/\/showrooms.ggmgastro.com\/wp-content\/uploads\/hostech.jpg\",\"datePublished\":\"2026-03-19T11:20:01+00:00\",\"description\":\"Visit GGM Gastro at the Hostech in Istanbul and discover professional catering and retail solutions, powerful equipment and expert advice. Hall 12A, Booth: 23A.\",\"breadcrumb\":{\"@id\":\"https:\/\/showrooms.ggmgastro.com\/hostech_2026\/#breadcrumb\"},\"inLanguage\":\"tr\",\"potentialAction\":[{\"@type\":\"ReadAction\",\"target\":[\"https:\/\/showrooms.ggmgastro.com\/hostech_2026\/\"]}]},{\"@type\":\"ImageObject\",\"inLanguage\":\"tr\",\"@id\":\"https:\/\/showrooms.ggmgastro.com\/hostech_2026\/#primaryimage\",\"url\":\"https:\/\/showrooms.ggmgastro.com\/wp-content\/uploads\/hostech.jpg\",\"contentUrl\":\"https:\/\/showrooms.ggmgastro.com\/wp-content\/uploads\/hostech.jpg\",\"width\":1200,\"height\":1200},{\"@type\":\"BreadcrumbList\",\"@id\":\"https:\/\/showrooms.ggmgastro.com\/hostech_2026\/#breadcrumb\",\"itemListElement\":[{\"@type\":\"ListItem\",\"position\":1,\"name\":\"Startseite\",\"item\":\"https:\/\/showrooms.ggmgastro.com\/\"},{\"@type\":\"ListItem\",\"position\":2,\"name\":\"GGM Gastro at Hostech\"}]},{\"@type\":\"WebSite\",\"@id\":\"https:\/\/showrooms.ggmgastro.com\/#website\",\"url\":\"https:\/\/showrooms.ggmgastro.com\/\",\"name\":\"GGM Gastro Showrooms\",\"description\":\"\",\"publisher\":{\"@id\":\"https:\/\/showrooms.ggmgastro.com\/#organization\"},\"potentialAction\":[{\"@type\":\"SearchAction\",\"target\":{\"@type\":\"EntryPoint\",\"urlTemplate\":\"https:\/\/showrooms.ggmgastro.com\/?s={search_term_string}\"},\"query-input\":{\"@type\":\"PropertyValueSpecification\",\"valueRequired\":true,\"valueName\":\"search_term_string\"}}],\"inLanguage\":\"tr\"},{\"@type\":\"Organization\",\"@id\":\"https:\/\/showrooms.ggmgastro.com\/#organization\",\"name\":\"GGM Gastro International GmbH\",\"url\":\"https:\/\/showrooms.ggmgastro.com\/\",\"logo\":{\"@type\":\"ImageObject\",\"inLanguage\":\"tr\",\"@id\":\"https:\/\/showrooms.ggmgastro.com\/#\/schema\/logo\/image\/\",\"url\":\"https:\/\/showrooms.ggmgastro.com\/wp-content\/uploads\/ggmgastro-logo-dark-seo.jpg\",\"contentUrl\":\"https:\/\/showrooms.ggmgastro.com\/wp-content\/uploads\/ggmgastro-logo-dark-seo.jpg\",\"width\":696,\"height\":696,\"caption\":\"GGM Gastro International GmbH\"},\"image\":{\"@id\":\"https:\/\/showrooms.ggmgastro.com\/#\/schema\/logo\/image\/\"}}]}<\/script>\n<!-- \/ Yoast SEO plugin. -->","yoast_head_json":{"title":"GGM Gastro at Hostech - GGM Gastro Showrooms","description":"Visit GGM Gastro at the Hostech in Istanbul and discover professional catering and retail solutions, powerful equipment and expert advice. Hall 12A, Booth: 23A.","robots":{"index":"index","follow":"follow","max-snippet":"max-snippet:-1","max-image-preview":"max-image-preview:large","max-video-preview":"max-video-preview:-1"},"canonical":"https:\/\/showrooms.ggmgastro.com\/tr\/hostech_2026\/","og_locale":"tr_TR","og_type":"article","og_title":"GGM Gastro at Hostech - GGM Gastro Showrooms","og_description":"Visit GGM Gastro at the Hostech in Istanbul and discover professional catering and retail solutions, powerful equipment and expert advice. Hall 12A, Booth: 23A.","og_url":"https:\/\/showrooms.ggmgastro.com\/tr\/hostech_2026\/","og_site_name":"GGM Gastro Showrooms","og_image":[{"width":1200,"height":1200,"url":"https:\/\/showrooms.ggmgastro.com\/wp-content\/uploads\/hostech.jpg","type":"image\/jpeg"}],"twitter_card":"summary_large_image","twitter_misc":{"Tahmini okuma s\u00fcresi":"1 dakika"},"schema":{"@context":"https:\/\/schema.org","@graph":[{"@type":"WebPage","@id":"https:\/\/showrooms.ggmgastro.com\/hostech_2026\/","url":"https:\/\/showrooms.ggmgastro.com\/hostech_2026\/","name":"GGM Gastro at Hostech - GGM Gastro Showrooms","isPartOf":{"@id":"https:\/\/showrooms.ggmgastro.com\/#website"},"primaryImageOfPage":{"@id":"https:\/\/showrooms.ggmgastro.com\/hostech_2026\/#primaryimage"},"image":{"@id":"https:\/\/showrooms.ggmgastro.com\/hostech_2026\/#primaryimage"},"thumbnailUrl":"https:\/\/showrooms.ggmgastro.com\/wp-content\/uploads\/hostech.jpg","datePublished":"2026-03-19T11:20:01+00:00","description":"Visit GGM Gastro at the Hostech in Istanbul and discover professional catering and retail solutions, powerful equipment and expert advice. Hall 12A, Booth: 23A.","breadcrumb":{"@id":"https:\/\/showrooms.ggmgastro.com\/hostech_2026\/#breadcrumb"},"inLanguage":"tr","potentialAction":[{"@type":"ReadAction","target":["https:\/\/showrooms.ggmgastro.com\/hostech_2026\/"]}]},{"@type":"ImageObject","inLanguage":"tr","@id":"https:\/\/showrooms.ggmgastro.com\/hostech_2026\/#primaryimage","url":"https:\/\/showrooms.ggmgastro.com\/wp-content\/uploads\/hostech.jpg","contentUrl":"https:\/\/showrooms.ggmgastro.com\/wp-content\/uploads\/hostech.jpg","width":1200,"height":1200},{"@type":"BreadcrumbList","@id":"https:\/\/showrooms.ggmgastro.com\/hostech_2026\/#breadcrumb","itemListElement":[{"@type":"ListItem","position":1,"name":"Startseite","item":"https:\/\/showrooms.ggmgastro.com\/"},{"@type":"ListItem","position":2,"name":"GGM Gastro at Hostech"}]},{"@type":"WebSite","@id":"https:\/\/showrooms.ggmgastro.com\/#website","url":"https:\/\/showrooms.ggmgastro.com\/","name":"GGM Gastro Showrooms","description":"","publisher":{"@id":"https:\/\/showrooms.ggmgastro.com\/#organization"},"potentialAction":[{"@type":"SearchAction","target":{"@type":"EntryPoint","urlTemplate":"https:\/\/showrooms.ggmgastro.com\/?s={search_term_string}"},"query-input":{"@type":"PropertyValueSpecification","valueRequired":true,"valueName":"search_term_string"}}],"inLanguage":"tr"},{"@type":"Organization","@id":"https:\/\/showrooms.ggmgastro.com\/#organization","name":"GGM Gastro International GmbH","url":"https:\/\/showrooms.ggmgastro.com\/","logo":{"@type":"ImageObject","inLanguage":"tr","@id":"https:\/\/showrooms.ggmgastro.com\/#\/schema\/logo\/image\/","url":"https:\/\/showrooms.ggmgastro.com\/wp-content\/uploads\/ggmgastro-logo-dark-seo.jpg","contentUrl":"https:\/\/showrooms.ggmgastro.com\/wp-content\/uploads\/ggmgastro-logo-dark-seo.jpg","width":696,"height":696,"caption":"GGM Gastro International GmbH"},"image":{"@id":"https:\/\/showrooms.ggmgastro.com\/#\/schema\/logo\/image\/"}}]}},"_links":{"self":[{"href":"https:\/\/showrooms.ggmgastro.com\/tr\/wp-json\/wp\/v2\/pages\/68391","targetHints":{"allow":["GET"]}}],"collection":[{"href":"https:\/\/showrooms.ggmgastro.com\/tr\/wp-json\/wp\/v2\/pages"}],"about":[{"href":"https:\/\/showrooms.ggmgastro.com\/tr\/wp-json\/wp\/v2\/types\/page"}],"author":[{"embeddable":true,"href":"https:\/\/showrooms.ggmgastro.com\/tr\/wp-json\/wp\/v2\/users\/7"}],"replies":[{"embeddable":true,"href":"https:\/\/showrooms.ggmgastro.com\/tr\/wp-json\/wp\/v2\/comments?post=68391"}],"version-history":[{"count":4,"href":"https:\/\/showrooms.ggmgastro.com\/tr\/wp-json\/wp\/v2\/pages\/68391\/revisions"}],"predecessor-version":[{"id":68564,"href":"https:\/\/showrooms.ggmgastro.com\/tr\/wp-json\/wp\/v2\/pages\/68391\/revisions\/68564"}],"wp:featuredmedia":[{"embeddable":true,"href":"https:\/\/showrooms.ggmgastro.com\/tr\/wp-json\/wp\/v2\/media\/67883"}],"wp:attachment":[{"href":"https:\/\/showrooms.ggmgastro.com\/tr\/wp-json\/wp\/v2\/media?parent=68391"}],"wp:term":[{"taxonomy":"showroom_land","embeddable":true,"href":"https:\/\/showrooms.ggmgastro.com\/tr\/wp-json\/wp\/v2\/showroom_land?post=68391"},{"taxonomy":"seitentyp","embeddable":true,"href":"https:\/\/showrooms.ggmgastro.com\/tr\/wp-json\/wp\/v2\/seitentyp?post=68391"}],"curies":[{"name":"wp","href":"https:\/\/api.w.org\/{rel}","templated":true}]}}